{"id":30559,"date":"2024-07-01T20:31:38","date_gmt":"2024-07-01T20:31:38","guid":{"rendered":"https:\/\/boostgrowb.com\/software\/lws\/"},"modified":"2026-04-26T14:03:48","modified_gmt":"2026-04-26T14:03:48","slug":"lws","status":"publish","type":"product","link":"https:\/\/boostgrowb.com\/es\/software\/lws\/","title":{"rendered":"Lws"},"content":{"rendered":"\t\t<div data-elementor-type=\"product-post\" data-elementor-id=\"30559\" class=\"elementor elementor-30559 elementor-3856\" data-elementor-post-type=\"product\">\n\t\t\t\t<div class=\"elementor-element elementor-element-83c3db2 e-flex e-con-boxed wpr-particle-no wpr-jarallax-no wpr-parallax-no wpr-sticky-section-no e-con e-parent\" data-id=\"83c3db2\" data-element_type=\"container\" data-e-type=\"container\">\n\t\t\t\t\t<div class=\"e-con-inner\">\n\t\t\t\t<div class=\"elementor-element elementor-element-ba7261d elementor-widget elementor-widget-heading\" data-id=\"ba7261d\" data-element_type=\"widget\" data-e-type=\"widget\" data-widget_type=\"heading.default\">\n\t\t\t\t<div class=\"elementor-widget-container\">\n\t\t\t\t\t<h2 class=\"elementor-heading-title elementor-size-default\">\u00bfQu\u00e9 es LWS?<\/h2>\t\t\t\t<\/div>\n\t\t\t\t<\/div>\n\t\t\t\t<div class=\"elementor-element elementor-element-fa3993a elementor-widget elementor-widget-text-editor\" data-id=\"fa3993a\" data-element_type=\"widget\" data-e-type=\"widget\" data-widget_type=\"text-editor.default\">\n\t\t\t\t<div class=\"elementor-widget-container\">\n\t\t\t\t\t\t\t\t\t<p class=\"\" data-start=\"0\" data-end=\"533\"><strong data-start=\"0\" data-end=\"93\">LWS es una empresa francesa de alojamiento web conocida por su flexibilidad y relaci\u00f3n calidad-precio<\/strong>, que ofrece alojamiento compartido, VPS, servidores dedicados y soluciones en la nube a medida. Desde el simple lanzamiento de un sitio web de escaparate hasta la gesti\u00f3n de aplicaciones complejas, LWS puede ayudarte con paquetes modulares que incluyen dominios, certificados SSL Let&#8217;s Encrypt, correos electr\u00f3nicos profesionales y herramientas de dise\u00f1o web. Cada paquete est\u00e1 dise\u00f1ado para ajustarse a tu presupuesto, al tiempo que garantiza una infraestructura estable y de alto rendimiento.  <\/p><p class=\"\" data-start=\"535\" data-end=\"1119\"><strong data-start=\"535\" data-end=\"657\">Rendimiento optimizado y cumplimiento del RGPD: una combinaci\u00f3n ganadora para tu SEO y la confianza de tus visitantes.<\/strong>  Gracias a servidores equipados con discos SSD, entornos PHP (7.x &amp; 8.x) configurados para cach\u00e9 OPcache y una CDN opcional, tus p\u00e1ginas se cargan en un instante, mejorando la experiencia del usuario y tu posicionamiento SEO. LWS tambi\u00e9n tiene el honor de cumplir la normativa europea (RGPD), con centros de datos situados en Francia y medidas de seguridad avanzadas (cortafuegos, copias de seguridad diarias, protecci\u00f3n anti-DDoS). <\/p><p class=\"\" data-start=\"1121\" data-end=\"1685\"><strong data-start=\"1121\" data-end=\"1198\">Asistencia 24 horas al d\u00eda, 7 d\u00edas a la semana, ayuda en franc\u00e9s y compromiso con la ecorresponsabilidad:<\/strong> LWS destaca por su capacidad de respuesta y su proximidad, con un servicio de atenci\u00f3n al cliente franc\u00f3fono disponible las 24 horas del d\u00eda, tutoriales detallados y una interfaz de gesti\u00f3n intuitiva para controlar tus centros con s\u00f3lo unos clics. LWS tambi\u00e9n se compromete con un enfoque sostenible, optimizando su consumo de energ\u00eda y compensando sus emisiones de carbono. Con LWS, eliges un socio fiable, transparente y resueltamente centrado en el crecimiento de tu negocio en l\u00ednea.  <\/p>\t\t\t\t\t\t\t\t<\/div>\n\t\t\t\t<\/div>\n\t\t\t\t<div class=\"elementor-element elementor-element-b5cab4e elementor-widget elementor-widget-heading\" data-id=\"b5cab4e\" data-element_type=\"widget\" data-e-type=\"widget\" data-widget_type=\"heading.default\">\n\t\t\t\t<div class=\"elementor-widget-container\">\n\t\t\t\t\t<h2 class=\"elementor-heading-title elementor-size-default\">\u00bfCu\u00e1les son las principales ventajas del SLV?<\/h2>\t\t\t\t<\/div>\n\t\t\t\t<\/div>\n\t\t\t\t<div class=\"elementor-element elementor-element-e524ab8 elementor-widget elementor-widget-text-editor\" data-id=\"e524ab8\" data-element_type=\"widget\" data-e-type=\"widget\" data-widget_type=\"text-editor.default\">\n\t\t\t\t<div class=\"elementor-widget-container\">\n\t\t\t\t\t\t\t\t\t<p>LWS cuenta con una <strong>amplia gama de funciones personalizadas<\/strong> dise\u00f1adas para simplificar la gesti\u00f3n y maximizar el rendimiento de tus sitios web.<\/p><p data-pm-slice=\"0 0 []\"><b>Interfaz intuitiva:<\/b> LWS proporciona un panel de control sencillo y f\u00e1cil de usar para gestionar f\u00e1cilmente tus dominios, archivos, bases de datos y correos electr\u00f3nicos, incluso si est\u00e1s empezando.<\/p><p data-pm-slice=\"0 0 []\"><b>Certificados SSL incluidos: <\/b>Todos los planes incluyen un certificado SSL gratuito, que garantiza <strong>la encriptaci\u00f3n segura de los datos<\/strong> entre tu sitio y tus visitantes.<\/p><p data-pm-slice=\"1 1 []\"><b>Constructor <\/b> <strong>de<\/strong> <b>sitios integrado: <\/b>Para los principiantes, LWS ofrece un <strong>constructor de sitios intuitivo<\/strong> con plantillas personalizables para crear r\u00e1pidamente un sitio profesional.<\/p><p data-pm-slice=\"0 0 []\"><b>Compatibilidad con WordPress:<\/b> Con la instalaci\u00f3n con un solo clic, LWS simplifica la gesti\u00f3n de los sitios de WordPress al tiempo que optimiza su rendimiento.<\/p><p data-pm-slice=\"0 0 []\"><b>Herramientas avanzadas para desarrolladores :<\/b> <span style=\"text-align: var(--text-align); color: var( --e-global-color-text ); background-color: var( --e-global-color-ca921c0 ); letter-spacing: 0px;\">Los usuarios avanzados se benefician de opciones como el acceso SSH, la gesti\u00f3n Git y la compatibilidad con lenguajes modernos como PHP, Python y Node.js.<\/span><\/p>\t\t\t\t\t\t\t\t<\/div>\n\t\t\t\t<\/div>\n\t\t\t\t<div class=\"elementor-element elementor-element-02cc3a2 elementor-widget elementor-widget-heading\" data-id=\"02cc3a2\" data-element_type=\"widget\" data-e-type=\"widget\" data-widget_type=\"heading.default\">\n\t\t\t\t<div class=\"elementor-widget-container\">\n\t\t\t\t\t<h2 class=\"elementor-heading-title elementor-size-default\">\u00bfCu\u00e1les son las ventajas del alojamiento LWS?<\/h2>\t\t\t\t<\/div>\n\t\t\t\t<\/div>\n\t\t\t\t<div class=\"elementor-element elementor-element-8ada660 elementor-widget elementor-widget-text-editor\" data-id=\"8ada660\" data-element_type=\"widget\" data-e-type=\"widget\" data-widget_type=\"text-editor.default\">\n\t\t\t\t<div class=\"elementor-widget-container\">\n\t\t\t\t\t\t\t\t\t<p data-pm-slice=\"0 0 []\"><b>Tarifas competitivas:<\/b> LWS destaca por sus <strong>ofertas asequibles<\/strong>, ideales para quienes tienen un presupuesto ajustado, manteniendo al mismo tiempo una calidad de servicio impecable.<\/p><p data-pm-slice=\"0 0 []\"><b>Garant\u00eda de rendimiento:<\/b> Con una infraestructura basada en <strong>discos SSD r\u00e1pidos<\/strong>, LWS asegura tiempos de carga r\u00e1pidos, un criterio esencial para mejorar tu referenciaci\u00f3n natural (SEO) y la experiencia del usuario.<\/p><p data-pm-slice=\"0 0 []\"><b>Flexibilidad y escalabilidad:<\/b> Tanto si empiezas con un sitio peque\u00f1o como si gestionas un proyecto de mucho tr\u00e1fico, LWS ofrece soluciones escalables para satisfacer tus crecientes necesidades.<\/p><p data-pm-slice=\"0 0 []\"><b>Capacidad de respuesta al cliente:<\/b> El equipo de LWS est\u00e1 disponible por chat, tel\u00e9fono o correo electr\u00f3nico para ayudarte con todos tus requisitos t\u00e9cnicos.<\/p>\t\t\t\t\t\t\t\t<\/div>\n\t\t\t\t<\/div>\n\t\t\t\t<div class=\"elementor-element elementor-element-eb31d25 elementor-widget elementor-widget-heading\" data-id=\"eb31d25\" data-element_type=\"widget\" data-e-type=\"widget\" data-widget_type=\"heading.default\">\n\t\t\t\t<div class=\"elementor-widget-container\">\n\t\t\t\t\t<h2 class=\"elementor-heading-title elementor-size-default\">\u00bfQu\u00e9 tipos de sitio puedo alojar con LWS?<\/h2>\t\t\t\t<\/div>\n\t\t\t\t<\/div>\n\t\t\t\t<div class=\"elementor-element elementor-element-089fc80 elementor-widget elementor-widget-text-editor\" data-id=\"089fc80\" data-element_type=\"widget\" data-e-type=\"widget\" data-widget_type=\"text-editor.default\">\n\t\t\t\t<div class=\"elementor-widget-container\">\n\t\t\t\t\t\t\t\t\t<p>LWS te permite alojar <strong data-start=\"27\" data-end=\"56\">todo tipo de proyectos web<\/strong>: desde <strong data-start=\"63\" data-end=\"94\">escaparates y sitios web corporativos<\/strong> con WordPress, Joomla o Drupal, hasta <strong data-start=\"133\" data-end=\"155\">tiendas online<\/strong> PrestaShop, WooCommerce o Magento en servidores dedicados o nubes escalables, sin olvidar <strong data-start=\"250\" data-end=\"282\">blogs y portales de<\/strong> contenido que se benefician de una infraestructura SSD ultrarr\u00e1pida y cach\u00e9 OPcache, as\u00ed como <strong data-start=\"366\" data-end=\"411\">aplicaciones web y entornos DevOps<\/strong> (PHP, Node.js, Python) con acceso SSH, Git y Cron jobs. Por \u00faltimo, puedes desplegar <strong data-start=\"501\" data-end=\"537\">foros, comunidades e intranets<\/strong> (phpBB, Discourse) gracias a la flexibilidad de nuestros servidores VPS y bare-metal, todos con certificados SSL gratuitos, copias de seguridad autom\u00e1ticas y rendimiento SEO optimizado. <\/p>\t\t\t\t\t\t\t\t<\/div>\n\t\t\t\t<\/div>\n\t\t\t\t\t<\/div>\n\t\t\t\t<\/div>\n\t\t\t\t<\/div>\n\t\t","protected":false},"excerpt":{"rendered":"<p>LWS ofrece planes de alojamiento compartido asequibles, perfectos para sitios web peque\u00f1os, blogs personales y sitios de peque\u00f1as empresas. Estos planes incluyen funciones como la instalaci\u00f3n con un solo clic de CMS como WordPress, Joomla y PrestaShop, y certificados SSL gratuitos. <\/p>\n<ul>\n<li class=\"title\">Alojamiento r\u00e1pido y optimizado<\/li>\n<li>Optimizado para tu CMS favorito<\/li>\n<li>Tarifas competitivas<\/li>\n<li>Atenci\u00f3n al cliente experta 24\/7<\/li>\n<\/ul>\n","protected":false},"featured_media":30566,"comment_status":"open","ping_status":"closed","template":"","meta":{"_acf_changed":false,"_glsr_average":0,"_glsr_ranking":0,"_glsr_reviews":0},"product_brand":[],"product_cat":[3072],"product_tag":[],"class_list":{"0":"post-30559","1":"product","2":"type-product","3":"status-publish","4":"has-post-thumbnail","6":"product_cat-alojamiento-web","8":"first","9":"instock","10":"shipping-taxable","11":"product-type-external"},"acf":[],"_links":{"self":[{"href":"https:\/\/boostgrowb.com\/es\/wp-json\/wp\/v2\/product\/30559","targetHints":{"allow":["GET"]}}],"collection":[{"href":"https:\/\/boostgrowb.com\/es\/wp-json\/wp\/v2\/product"}],"about":[{"href":"https:\/\/boostgrowb.com\/es\/wp-json\/wp\/v2\/types\/product"}],"replies":[{"embeddable":true,"href":"https:\/\/boostgrowb.com\/es\/wp-json\/wp\/v2\/comments?post=30559"}],"version-history":[{"count":0,"href":"https:\/\/boostgrowb.com\/es\/wp-json\/wp\/v2\/product\/30559\/revisions"}],"wp:featuredmedia":[{"embeddable":true,"href":"https:\/\/boostgrowb.com\/es\/wp-json\/wp\/v2\/media\/30566"}],"wp:attachment":[{"href":"https:\/\/boostgrowb.com\/es\/wp-json\/wp\/v2\/media?parent=30559"}],"wp:term":[{"taxonomy":"product_brand","embeddable":true,"href":"https:\/\/boostgrowb.com\/es\/wp-json\/wp\/v2\/product_brand?post=30559"},{"taxonomy":"product_cat","embeddable":true,"href":"https:\/\/boostgrowb.com\/es\/wp-json\/wp\/v2\/product_cat?post=30559"},{"taxonomy":"product_tag","embeddable":true,"href":"https:\/\/boostgrowb.com\/es\/wp-json\/wp\/v2\/product_tag?post=30559"}],"curies":[{"name":"wp","href":"https:\/\/api.w.org\/{rel}","templated":true}]}}