{"id":30560,"date":"2024-07-06T09:15:12","date_gmt":"2024-07-06T09:15:12","guid":{"rendered":"https:\/\/boostgrowb.com\/software\/matematicas-de-rango\/"},"modified":"2025-07-07T16:16:41","modified_gmt":"2025-07-07T16:16:41","slug":"matematicas-de-rango","status":"publish","type":"product","link":"https:\/\/boostgrowb.com\/es\/software\/matematicas-de-rango\/","title":{"rendered":"Matem\u00e1ticas de rango"},"content":{"rendered":"\t\t<div data-elementor-type=\"product-post\" data-elementor-id=\"30560\" class=\"elementor elementor-30560 elementor-3974\" data-elementor-post-type=\"product\">\n\t\t\t\t<div class=\"elementor-element elementor-element-73f8b8b e-flex e-con-boxed wpr-particle-no wpr-jarallax-no wpr-parallax-no wpr-sticky-section-no e-con e-parent\" data-id=\"73f8b8b\" data-element_type=\"container\" data-e-type=\"container\">\n\t\t\t\t\t<div class=\"e-con-inner\">\n\t\t\t\t<div class=\"elementor-element elementor-element-ce4fb5a elementor-widget elementor-widget-heading\" data-id=\"ce4fb5a\" data-element_type=\"widget\" data-e-type=\"widget\" data-widget_type=\"heading.default\">\n\t\t\t\t<div class=\"elementor-widget-container\">\n\t\t\t\t\t<h2 class=\"elementor-heading-title elementor-size-default\">\n\u00bfQu\u00e9 son las matem\u00e1ticas de rango?<\/h2>\t\t\t\t<\/div>\n\t\t\t\t<\/div>\n\t\t\t\t<div class=\"elementor-element elementor-element-00fdaf4 elementor-widget elementor-widget-text-editor\" data-id=\"00fdaf4\" data-element_type=\"widget\" data-e-type=\"widget\" data-widget_type=\"text-editor.default\">\n\t\t\t\t<div class=\"elementor-widget-container\">\n\t\t\t\t\t\t\t\t\t<p class=\"\" data-start=\"0\" data-end=\"546\">Rank Math es un plugin SEO todo en uno para WordPress dise\u00f1ado para simplificar la optimizaci\u00f3n de sitios web y mejorar la visibilidad en los motores de b\u00fasqueda. F\u00e1cil de usar, permite a los propietarios de sitios web mejorar su posicionamiento con el m\u00ednimo esfuerzo, al tiempo que ofrece funciones avanzadas para satisfacer las necesidades de los profesionales del SEO. Si quieres optimizar tu sitio r\u00e1pidamente, Rank Math es la herramienta ideal para automatizar muchas tareas complejas y darte una ventaja competitiva.  <\/p><p class=\"\" data-start=\"548\" data-end=\"990\">Este plugin destaca por su capacidad para automatizar tareas SEO complejas, al tiempo que ofrece un control granular sobre cada aspecto de la optimizaci\u00f3n. Tanto si quieres refinar tus palabras clave, configurar tus t\u00edtulos y descripciones, o gestionar datos estructurados, Rank Math te ofrece una interfaz intuitiva y potentes herramientas. Esto te permite maximizar el impacto de tus contenidos, simplificando al mismo tiempo los procesos t\u00e9cnicos.  <\/p><p class=\"\" data-start=\"992\" data-end=\"1572\">Con Rank Math, tambi\u00e9n puedes aprovechar funciones como la integraci\u00f3n con Google Search Console, la auditor\u00eda SEO integrada, el an\u00e1lisis del rendimiento de las palabras clave y mucho m\u00e1s. Este plugin se adapta perfectamente tanto a principiantes como a expertos, con una curva de aprendizaje r\u00e1pida y una amplia gama de opciones para personalizar tu estrategia SEO. Con Rank Math, todos los aspectos de tu SEO son m\u00e1s accesibles, lo que te permite centrar tus esfuerzos donde m\u00e1s importan: mejorar tu visibilidad y tr\u00e1fico org\u00e1nico.  <\/p>\t\t\t\t\t\t\t\t<\/div>\n\t\t\t\t<\/div>\n\t\t\t\t<div class=\"elementor-element elementor-element-94f0643 elementor-widget elementor-widget-heading\" data-id=\"94f0643\" data-element_type=\"widget\" data-e-type=\"widget\" data-widget_type=\"heading.default\">\n\t\t\t\t<div class=\"elementor-widget-container\">\n\t\t\t\t\t<h2 class=\"elementor-heading-title elementor-size-default\">Clasificar los principales activos de Math  <\/h2>\t\t\t\t<\/div>\n\t\t\t\t<\/div>\n\t\t\t\t<div class=\"elementor-element elementor-element-c7f066a elementor-widget elementor-widget-text-editor\" data-id=\"c7f066a\" data-element_type=\"widget\" data-e-type=\"widget\" data-widget_type=\"text-editor.default\">\n\t\t\t\t<div class=\"elementor-widget-container\">\n\t\t\t\t\t\t\t\t\t<p data-pm-slice=\"0 0 []\"><b>Configuraci\u00f3n f\u00e1cil y guiada: <\/b>Rank Math ofrece un <b>asistente de configuraci\u00f3n intuitivo<\/b> que te gu\u00eda paso a paso para optimizar tu sitio nada m\u00e1s instalarlo. Incluso sin ning\u00fan conocimiento t\u00e9cnico, puedes configurar tu SEO b\u00e1sico en s\u00f3lo unos minutos. <\/p><p data-pm-slice=\"0 0 []\"><b>Gesti\u00f3n de palabras clave:<\/b> Rank Math te permite <strong>seleccionar varias palabras clave para cada p\u00e1gina<\/strong> o art\u00edculo. Puedes analizar su relevancia, controlar su posici\u00f3n en las SERPs y optimizar tu contenido para maximizar su visibilidad. <\/p><p data-pm-slice=\"0 0 []\"><b>Analiza el SEO<\/b> en tiempo real: Con su herramienta de an\u00e1lisis integrada, Rank Math <strong>escanea tu contenido<\/strong> y proporciona una puntuaci\u00f3n SEO en tiempo real. Recibir\u00e1s recomendaciones precisas para mejorar tu contenido y estructura. <\/p><p data-pm-slice=\"0 0 []\"><b>Seguimiento integrado de Google Analytics:<\/b> A diferencia de otros plugins, Rank Math te permite <strong>realizar un seguimiento de tus datos de Google Analytics directamente desde el panel de control de WordPress.<\/strong> Obtendr\u00e1s una visi\u00f3n general de tu rendimiento sin salir de tu sitio.<\/p><p data-pm-slice=\"0 0 []\">Optimizaci\u00f3n <b>de im\u00e1genes:<\/b> Rank Math ofrece una optimizaci\u00f3n autom\u00e1tica de las etiquetas ALT y TITLE de tus im\u00e1genes, una funci\u00f3n clave para potenciar el SEO de tu sitio.<\/p>\t\t\t\t\t\t\t\t<\/div>\n\t\t\t\t<\/div>\n\t\t\t\t\t<\/div>\n\t\t\t\t<\/div>\n\t\t\t\t<\/div>\n\t\t","protected":false},"excerpt":{"rendered":"<p>Rank Math SEO es un potente plugin para WordPress que simplifica la optimizaci\u00f3n para los motores de b\u00fasqueda, facilitando a cualquiera la tarea de mejorar la visibilidad de sus contenidos.<\/p>\n<ul>\n<li>An\u00e1lisis SEO detallado<\/li>\n<li>Gesti\u00f3n de metaetiquetas<\/li>\n<li>Compatibilidad con WooCommerce<\/li>\n<li>Interfaz intuitiva<\/li>\n<\/ul>\n","protected":false},"featured_media":30561,"comment_status":"open","ping_status":"closed","template":"","meta":{"_acf_changed":false,"_glsr_average":0,"_glsr_ranking":0,"_glsr_reviews":0},"product_brand":[],"product_cat":[4296],"product_tag":[],"class_list":{"0":"post-30560","1":"product","2":"type-product","3":"status-publish","4":"has-post-thumbnail","6":"product_cat-automatizacion-del-marketing","8":"first","9":"instock","10":"shipping-taxable","11":"product-type-external"},"acf":[],"_links":{"self":[{"href":"https:\/\/boostgrowb.com\/es\/wp-json\/wp\/v2\/product\/30560","targetHints":{"allow":["GET"]}}],"collection":[{"href":"https:\/\/boostgrowb.com\/es\/wp-json\/wp\/v2\/product"}],"about":[{"href":"https:\/\/boostgrowb.com\/es\/wp-json\/wp\/v2\/types\/product"}],"replies":[{"embeddable":true,"href":"https:\/\/boostgrowb.com\/es\/wp-json\/wp\/v2\/comments?post=30560"}],"version-history":[{"count":0,"href":"https:\/\/boostgrowb.com\/es\/wp-json\/wp\/v2\/product\/30560\/revisions"}],"wp:featuredmedia":[{"embeddable":true,"href":"https:\/\/boostgrowb.com\/es\/wp-json\/wp\/v2\/media\/30561"}],"wp:attachment":[{"href":"https:\/\/boostgrowb.com\/es\/wp-json\/wp\/v2\/media?parent=30560"}],"wp:term":[{"taxonomy":"product_brand","embeddable":true,"href":"https:\/\/boostgrowb.com\/es\/wp-json\/wp\/v2\/product_brand?post=30560"},{"taxonomy":"product_cat","embeddable":true,"href":"https:\/\/boostgrowb.com\/es\/wp-json\/wp\/v2\/product_cat?post=30560"},{"taxonomy":"product_tag","embeddable":true,"href":"https:\/\/boostgrowb.com\/es\/wp-json\/wp\/v2\/product_tag?post=30560"}],"curies":[{"name":"wp","href":"https:\/\/api.w.org\/{rel}","templated":true}]}}