{"id":30568,"date":"2024-07-01T20:16:51","date_gmt":"2024-07-01T20:16:51","guid":{"rendered":"https:\/\/boostgrowb.com\/software\/alojamiento-a2\/"},"modified":"2026-03-27T09:55:25","modified_gmt":"2026-03-27T09:55:25","slug":"alojamiento-a2","status":"publish","type":"product","link":"https:\/\/boostgrowb.com\/es\/software\/alojamiento-a2\/","title":{"rendered":"Alojamiento A2"},"content":{"rendered":"\t\t<div data-elementor-type=\"product-post\" data-elementor-id=\"30568\" class=\"elementor elementor-30568 elementor-3845\" data-elementor-post-type=\"product\">\n\t\t\t\t<div class=\"elementor-element elementor-element-794eb2d e-flex e-con-boxed wpr-particle-no wpr-jarallax-no wpr-parallax-no wpr-sticky-section-no e-con e-parent\" data-id=\"794eb2d\" data-element_type=\"container\" data-e-type=\"container\">\n\t\t\t\t\t<div class=\"e-con-inner\">\n\t\t\t\t<div class=\"elementor-element elementor-element-bcfe29d elementor-widget elementor-widget-heading\" data-id=\"bcfe29d\" data-element_type=\"widget\" data-e-type=\"widget\" data-widget_type=\"heading.default\">\n\t\t\t\t<div class=\"elementor-widget-container\">\n\t\t\t\t\t<h2 class=\"elementor-heading-title elementor-size-default\">\u00bfQu\u00e9 es A2 Hosting?<\/h2>\t\t\t\t<\/div>\n\t\t\t\t<\/div>\n\t\t\t\t<div class=\"elementor-element elementor-element-a0edaa5 elementor-widget elementor-widget-text-editor\" data-id=\"a0edaa5\" data-element_type=\"widget\" data-e-type=\"widget\" data-widget_type=\"text-editor.default\">\n\t\t\t\t<div class=\"elementor-widget-container\">\n\t\t\t\t\t\t\t\t\t<p class=\"\" data-start=\"0\" data-end=\"501\"><strong data-start=\"0\" data-end=\"80\">A2 Hosting es reconocido como l\u00edder en alojamiento web de alto rendimiento<\/strong>, gracias a sus <strong data-start=\"94\" data-end=\"118\">servidores Turbo Boost<\/strong> equipados con discos <strong data-start=\"145\" data-end=\"157\">SSD NVMe<\/strong> y una pila de software <strong data-start=\"181\" data-end=\"197\" data-is-only-node=\"\">A2 Optimized<\/strong>. Esta configuraci\u00f3n de \u00faltima generaci\u00f3n garantiza <strong data-start=\"242\" data-end=\"285\">tiempos de carga inferiores a 300 ms<\/strong>, una ventaja decisiva para tu <strong data-start=\"315\" data-end=\"322\">SEO<\/strong> y para retener a tus visitantes. Al elegir A2 Hosting, est\u00e1s optando por una plataforma dise\u00f1ada para maximizar la velocidad y la eficacia de cada p\u00e1gina, sea cual sea el tr\u00e1fico.  <\/p><p class=\"\" data-start=\"503\" data-end=\"1007\"><strong data-start=\"503\" data-end=\"584\">La seguridad y la flexibilidad son tan importantes como el rendimiento.<\/strong> Los sitios est\u00e1n protegidos 24\/7 por <strong data-start=\"629\" data-end=\"641\">HackScan<\/strong>, un cortafuegos de dos niveles y copias de seguridad autom\u00e1ticas, mientras que se incluyen certificados <strong data-start=\"729\" data-end=\"750\">SSL Let&#8217;s Encrypt<\/strong> para cifrar tus datos. Para los desarrolladores, A2 Hosting ofrece <strong data-start=\"832\" data-end=\"849\" data-is-only-node=\"\">SSH, FTP\/SFTP<\/strong>, <strong data-start=\"851\" data-end=\"858\">Git<\/strong>, <strong data-start=\"860\" data-end=\"870\">WP-CLI<\/strong>, entornos de ensayo con un solo clic y una selecci\u00f3n de versiones de <strong data-start=\"941\" data-end=\"948\">PHP<\/strong>, proporcionando un control granular sobre tu pila t\u00e9cnica. <\/p><p class=\"\" data-start=\"1009\" data-end=\"1525\"><strong data-start=\"1009\" data-end=\"1064\">Adecuado para desarrolladores, empresarios y blogueros<\/strong>, A2 Hosting despliega sus servicios desde m\u00faltiples <strong data-start=\"1115\" data-end=\"1139\">centros de datos globales<\/strong> para ofrecer una latencia m\u00ednima en cualquier parte del mundo. Su <strong data-start=\"1200\" data-end=\"1227\">soporte experto 24 horas al d\u00eda, 7 d\u00edas a la semana, 365 d\u00edas al a\u00f1o<\/strong> (en franc\u00e9s e ingl\u00e9s) garantiza una asistencia proactiva, mientras que su <strong data-start=\"1306\" data-end=\"1341\" data-is-only-node=\"\">compromiso de \u00abDevoluci\u00f3n del dinero en cualquier momento\u00bb<\/strong> asegura una tranquilidad inigualable. Para un alojamiento web en el que velocidad, seguridad y disponibilidad son una misma cosa, A2 Hosting es la soluci\u00f3n de referencia.  <\/p>\t\t\t\t\t\t\t\t<\/div>\n\t\t\t\t<\/div>\n\t\t\t\t\t<\/div>\n\t\t\t\t<\/div>\n\t\t<div class=\"elementor-element elementor-element-1a6348d e-flex e-con-boxed wpr-particle-no wpr-jarallax-no wpr-parallax-no wpr-sticky-section-no e-con e-parent\" data-id=\"1a6348d\" data-element_type=\"container\" data-e-type=\"container\">\n\t\t\t\t\t<div class=\"e-con-inner\">\n\t\t\t\t<div class=\"elementor-element elementor-element-0a019ad elementor-widget elementor-widget-heading\" data-id=\"0a019ad\" data-element_type=\"widget\" data-e-type=\"widget\" data-widget_type=\"heading.default\">\n\t\t\t\t<div class=\"elementor-widget-container\">\n\t\t\t\t\t<h2 class=\"elementor-heading-title elementor-size-default\">Caracter\u00edsticas principales de A2 Hosting<\/h2>\t\t\t\t<\/div>\n\t\t\t\t<\/div>\n\t\t\t\t<div class=\"elementor-element elementor-element-dc35763 elementor-widget elementor-widget-text-editor\" data-id=\"dc35763\" data-element_type=\"widget\" data-e-type=\"widget\" data-widget_type=\"text-editor.default\">\n\t\t\t\t<div class=\"elementor-widget-container\">\n\t\t\t\t\t\t\t\t\t<p><strong>Disfruta de una velocidad de carga ultrarr\u00e1pida:<\/strong> Con los <strong>servidores Turbo Boost<\/strong> de<strong>A2 Hosting<\/strong>, tu sitio web carga <strong>hasta 20 veces m\u00e1s r\u00e1pido<\/strong> que en los servidores est\u00e1ndar. Esta velocidad mejora directamente la<strong>experiencia del usuario<\/strong> y contribuye a mejorar <strong>la clasificaci\u00f3n SEO<\/strong>. Tanto si tienes un sitio de comercio electr\u00f3nico como un blog o un sitio de escaparate, tus visitantes disfrutar\u00e1n de <strong>una navegaci\u00f3n fluida<\/strong>.  <\/p><p>Protege <strong>tu sitio con toda tranquilidad:<\/strong> <strong>A2 Hosting<\/strong> se compromete a proteger tu sitio con <strong>certificados SSL gratuitos<\/strong>, protecci\u00f3n contra <strong>ataques DDoS<\/strong> y <strong>copias de seguridad autom\u00e1ticas<\/strong>. As\u00ed podr\u00e1s gestionar tu sitio con total tranquilidad, sabiendo que tus datos est\u00e1n seguros. <\/p><p><b>Simplifica la gesti\u00f3n de tu sitio: <\/b>Si utilizas <strong>WordPress<\/strong>, <strong>A2 Hosting<\/strong> ofrece alojamiento WordPress gestionado con <strong>actualizaciones autom\u00e1ticas<\/strong>, <strong>seguridad mejorada<\/strong> y <strong>velocidad \u00f3ptima<\/strong>. No tienes que preocuparte de los aspectos t\u00e9cnicos, todo est\u00e1 cuidado para garantizar el <strong>mejor rendimiento<\/strong>. <\/p>\t\t\t\t\t\t\t\t<\/div>\n\t\t\t\t<\/div>\n\t\t\t\t\t<\/div>\n\t\t\t\t<\/div>\n\t\t\t\t<\/div>\n\t\t","protected":false},"excerpt":{"rendered":"<p>A2 Hosting es un proveedor de alojamiento web de servicio completo que ofrece un rendimiento excepcional, una seguridad robusta y un servicio de atenci\u00f3n al cliente de calidad. Tanto si eres bloguero, propietario de una peque\u00f1a empresa o desarrollador, A2 Hosting tiene la soluci\u00f3n adecuada para cada necesidad. <\/p>\n<ul>\n<li>Certificado SSL gratuito<\/li>\n<li>Copias de seguridad autom\u00e1ticas<\/li>\n<li>Rendimiento superior<\/li>\n<li>Atenci\u00f3n al cliente excepcional<\/li>\n<\/ul>\n<p>&nbsp;<\/p>\n","protected":false},"featured_media":30569,"comment_status":"open","ping_status":"closed","template":"","meta":{"_acf_changed":false,"_glsr_average":0,"_glsr_ranking":0,"_glsr_reviews":0},"product_brand":[],"product_cat":[3072],"product_tag":[],"class_list":{"0":"post-30568","1":"product","2":"type-product","3":"status-publish","4":"has-post-thumbnail","6":"product_cat-alojamiento-web","8":"first","9":"instock","10":"shipping-taxable","11":"product-type-external"},"acf":[],"_links":{"self":[{"href":"https:\/\/boostgrowb.com\/es\/wp-json\/wp\/v2\/product\/30568","targetHints":{"allow":["GET"]}}],"collection":[{"href":"https:\/\/boostgrowb.com\/es\/wp-json\/wp\/v2\/product"}],"about":[{"href":"https:\/\/boostgrowb.com\/es\/wp-json\/wp\/v2\/types\/product"}],"replies":[{"embeddable":true,"href":"https:\/\/boostgrowb.com\/es\/wp-json\/wp\/v2\/comments?post=30568"}],"version-history":[{"count":0,"href":"https:\/\/boostgrowb.com\/es\/wp-json\/wp\/v2\/product\/30568\/revisions"}],"wp:featuredmedia":[{"embeddable":true,"href":"https:\/\/boostgrowb.com\/es\/wp-json\/wp\/v2\/media\/30569"}],"wp:attachment":[{"href":"https:\/\/boostgrowb.com\/es\/wp-json\/wp\/v2\/media?parent=30568"}],"wp:term":[{"taxonomy":"product_brand","embeddable":true,"href":"https:\/\/boostgrowb.com\/es\/wp-json\/wp\/v2\/product_brand?post=30568"},{"taxonomy":"product_cat","embeddable":true,"href":"https:\/\/boostgrowb.com\/es\/wp-json\/wp\/v2\/product_cat?post=30568"},{"taxonomy":"product_tag","embeddable":true,"href":"https:\/\/boostgrowb.com\/es\/wp-json\/wp\/v2\/product_tag?post=30568"}],"curies":[{"name":"wp","href":"https:\/\/api.w.org\/{rel}","templated":true}]}}