{"id":30572,"date":"2024-07-01T20:10:55","date_gmt":"2024-07-01T20:10:55","guid":{"rendered":"https:\/\/boostgrowb.com\/software\/bluehost\/"},"modified":"2026-02-13T14:02:53","modified_gmt":"2026-02-13T14:02:53","slug":"bluehost","status":"publish","type":"product","link":"https:\/\/boostgrowb.com\/es\/software\/bluehost\/","title":{"rendered":"Bluehost"},"content":{"rendered":"\t\t<div data-elementor-type=\"product-post\" data-elementor-id=\"30572\" class=\"elementor elementor-30572 elementor-3841\" data-elementor-post-type=\"product\">\n\t\t\t\t<div class=\"elementor-element elementor-element-bedad40 e-flex e-con-boxed wpr-particle-no wpr-jarallax-no wpr-parallax-no wpr-sticky-section-no e-con e-parent\" data-id=\"bedad40\" data-element_type=\"container\" data-e-type=\"container\">\n\t\t\t\t\t<div class=\"e-con-inner\">\n\t\t\t\t<div class=\"elementor-element elementor-element-f90048c elementor-widget elementor-widget-heading\" data-id=\"f90048c\" data-element_type=\"widget\" data-e-type=\"widget\" data-widget_type=\"heading.default\">\n\t\t\t\t<div class=\"elementor-widget-container\">\n\t\t\t\t\t<h2 class=\"elementor-heading-title elementor-size-default\">\u00bfQu\u00e9 es Bluehost?<\/h2>\t\t\t\t<\/div>\n\t\t\t\t<\/div>\n\t\t\t\t\t<\/div>\n\t\t\t\t<\/div>\n\t\t<div class=\"elementor-element elementor-element-1c4e3a0 e-flex e-con-boxed wpr-particle-no wpr-jarallax-no wpr-parallax-no wpr-sticky-section-no e-con e-parent\" data-id=\"1c4e3a0\" data-element_type=\"container\" data-e-type=\"container\">\n\t\t\t\t\t<div class=\"e-con-inner\">\n\t\t\t\t<div class=\"elementor-element elementor-element-86b78ec elementor-widget elementor-widget-text-editor\" data-id=\"86b78ec\" data-element_type=\"widget\" data-e-type=\"widget\" data-widget_type=\"text-editor.default\">\n\t\t\t\t<div class=\"elementor-widget-container\">\n\t\t\t\t\t\t\t\t\t<p class=\"\" data-start=\"0\" data-end=\"566\"><strong data-start=\"0\" data-end=\"304\">Bluehost<\/strong><span data-start=\"0\" data-end=\"304\"> es un alojamiento web l\u00edder, recomendado oficialmente por WordPress.org, que ofrece una amplia gama de paquetes -alojamiento compartido, WordPress gestionado, VPS, servidores dedicados y nube- para ayudar a empresas, blogueros y desarrolladores en cada fase de su proyecto en l\u00ednea.<\/span> Con la instalaci\u00f3n de CMS con un solo clic (WordPress, Joomla, Drupal), la gesti\u00f3n simplificada de dominios y un intuitivo panel de control cPanel, la plataforma elimina las barreras t\u00e9cnicas para que puedas lanzar tu sitio en cuesti\u00f3n de minutos.<\/p><p class=\"\" data-start=\"568\" data-end=\"1046\"><span data-start=\"568\" data-end=\"700\"><b>Dise\u00f1ado para potenciar tu referenciaci\u00f3n natural<\/b> y maximizar la experiencia del usuario, Bluehost incorpora tecnolog\u00edas avanzadas<\/span>: discos SSD de alto rendimiento, almacenamiento en cach\u00e9 del servidor, CDN gratuito y certificados SSL Let&#8217;s Encrypt incluidos. Con una garant\u00eda de tiempo de actividad del 99,99% y compatibilidad con las \u00faltimas versiones de PHP, tu sitio se beneficia de tiempos de carga ultrarr\u00e1pidos, un criterio clave para reducir las tasas de rebote y escalar posiciones en los resultados de b\u00fasqueda. <\/p><p class=\"\" data-start=\"1048\" data-end=\"1611\"><span data-start=\"1048\" data-end=\"1288\">Para tu tranquilidad y crecimiento continuado, Bluehost ofrece asistencia experta 24 horas al d\u00eda, 7 d\u00edas a la semana, migraci\u00f3n gratuita desde tu host anterior y una biblioteca de gu\u00edas y tutoriales orientados al SEO.<\/span>  Tanto si quieres crear un blog, desarrollar una tienda online o desplegar una aplicaci\u00f3n compleja, Bluehost te proporciona las herramientas de marketing (marketing por correo electr\u00f3nico, cr\u00e9ditos publicitarios) y la fiabilidad que necesitas para convertir a tus visitantes en clientes fieles y convertir tu presencia digital en una palanca de \u00e9xito.<\/p>\t\t\t\t\t\t\t\t<\/div>\n\t\t\t\t<\/div>\n\t\t\t\t<div class=\"elementor-element elementor-element-4b578c7 elementor-widget elementor-widget-heading\" data-id=\"4b578c7\" data-element_type=\"widget\" data-e-type=\"widget\" data-widget_type=\"heading.default\">\n\t\t\t\t<div class=\"elementor-widget-container\">\n\t\t\t\t\t<h2 class=\"elementor-heading-title elementor-size-default\">\u00bfLas principales caracter\u00edsticas de Bluehost?<\/h2>\t\t\t\t<\/div>\n\t\t\t\t<\/div>\n\t\t\t\t<div class=\"elementor-element elementor-element-d958f15 elementor-widget elementor-widget-text-editor\" data-id=\"d958f15\" data-element_type=\"widget\" data-e-type=\"widget\" data-widget_type=\"text-editor.default\">\n\t\t\t\t<div class=\"elementor-widget-container\">\n\t\t\t\t\t\t\t\t\t<p>Bluehost ofrece una <strong>amplia gama de funciones<\/strong> para simplificar la gesti\u00f3n de tu sitio y garantizar un rendimiento \u00f3ptimo:<\/p><p data-pm-slice=\"0 0 []\"><b>Alojamiento optimizado para WordPress:<\/b> Recomendado por WordPress, Bluehost ofrece <strong>instalaci\u00f3n con un solo clic<\/strong>, actualizaciones autom\u00e1ticas y seguridad mejorada para los usuarios de este CMS.<\/p><p data-pm-slice=\"0 0 []\"><b>Interfaz de usuario intuitiva: <\/b>La interfaz de gesti\u00f3n de Bluehost est\u00e1 dise\u00f1ada para ser sencilla y eficaz, para que incluso los principiantes puedan gestionar f\u00e1cilmente sus sitios, dominios y bases de datos.<\/p><p data-pm-slice=\"1 1 []\"><b>Certificados SSL incluidos: <\/b>Todos los planes incluyen un certificado SSL gratuito, que garantiza <strong>la encriptaci\u00f3n segura de<\/strong> los datos entre tus visitantes y tu sitio.<\/p><p data-pm-slice=\"0 0 []\"><b>El rendimiento se acumula gracias a la CDN:<\/b> Gracias a la integraci\u00f3n de Cloudflare, Bluehost acelera los tiempos de carga entregando tu contenido desde servidores cercanos a tus visitantes.<\/p>\t\t\t\t\t\t\t\t<\/div>\n\t\t\t\t<\/div>\n\t\t\t\t\t<\/div>\n\t\t\t\t<\/div>\n\t\t<div class=\"elementor-element elementor-element-4591af0 e-flex e-con-boxed wpr-particle-no wpr-jarallax-no wpr-parallax-no wpr-sticky-section-no e-con e-parent\" data-id=\"4591af0\" data-element_type=\"container\" data-e-type=\"container\">\n\t\t\t\t\t<div class=\"e-con-inner\">\n\t\t\t\t<div class=\"elementor-element elementor-element-10c162b elementor-widget elementor-widget-heading\" data-id=\"10c162b\" data-element_type=\"widget\" data-e-type=\"widget\" data-widget_type=\"heading.default\">\n\t\t\t\t<div class=\"elementor-widget-container\">\n\t\t\t\t\t<h2 class=\"elementor-heading-title elementor-size-default\">Las ventajas del alojamiento VPS de Bluehost  <\/h2>\t\t\t\t<\/div>\n\t\t\t\t<\/div>\n\t\t\t\t<div class=\"elementor-element elementor-element-1fa5760 elementor-widget elementor-widget-text-editor\" data-id=\"1fa5760\" data-element_type=\"widget\" data-e-type=\"widget\" data-widget_type=\"text-editor.default\">\n\t\t\t\t<div class=\"elementor-widget-container\">\n\t\t\t\t\t\t\t\t\t<p>El alojamiento VPS (Servidor Privado Virtual) de Bluehost est\u00e1 dise\u00f1ado para ofrecer <strong>potencia, control y flexibilidad<\/strong>. \u00c9stas son sus principales ventajas: <\/p><p data-pm-slice=\"0 0 []\"><strong>El rendimiento est\u00e1 a la altura:<\/strong> Con servidores SSD, el alojamiento VPS de Bluehost ofrece <strong>tiempos de carga ultrarr\u00e1pidos<\/strong>, incluso para sitios con mucho tr\u00e1fico.<\/p><p data-pm-slice=\"0 0 []\"><b>Recursos dedicados:<\/b> Los VPS garantizan que tus recursos no se comparten con otros usuarios, asegurando <strong>estabilidad y fiabilidad<\/strong>.<\/p><p data-pm-slice=\"0 0 []\"><b>Control total:<\/b> Tienes acceso root total para <strong>personalizar tu servidor<\/strong> seg\u00fan tus necesidades, una gran ventaja para desarrolladores y grandes empresas.<\/p><p data-pm-slice=\"0 0 []\"><b>Seguridad avanzada:<\/b> Los VPS se benefician de <strong>protecci\u00f3n anti-DDoS<\/strong> y cortafuegos reforzados, que garantizan la m\u00e1xima seguridad para tus datos.<\/p>\t\t\t\t\t\t\t\t<\/div>\n\t\t\t\t<\/div>\n\t\t\t\t\t<\/div>\n\t\t\t\t<\/div>\n\t\t\t\t<\/div>\n\t\t","protected":false},"excerpt":{"rendered":"<p>Bluehost es un proveedor de alojamiento web de servicio completo que ofrece un rendimiento excepcional, una seguridad s\u00f3lida y un servicio de atenci\u00f3n al cliente de calidad. Tanto si eres bloguero, propietario de una peque\u00f1a empresa o desarrollador, te garantizamos una experiencia de alojamiento \u00f3ptima y fiable. <\/p>\n<ul>\n<li>Optimizaci\u00f3n para WordPress<\/li>\n<li>Atenci\u00f3n al cliente excepcional<\/li>\n<li>Seguridad mejorada<\/li>\n<li>Rendimiento y fiabilidad<\/li>\n<\/ul>\n","protected":false},"featured_media":30574,"comment_status":"open","ping_status":"closed","template":"","meta":{"_acf_changed":false,"_glsr_average":0,"_glsr_ranking":0,"_glsr_reviews":0},"product_brand":[],"product_cat":[3072],"product_tag":[],"class_list":{"0":"post-30572","1":"product","2":"type-product","3":"status-publish","4":"has-post-thumbnail","6":"product_cat-alojamiento-web","8":"first","9":"instock","10":"shipping-taxable","11":"product-type-external"},"acf":[],"_links":{"self":[{"href":"https:\/\/boostgrowb.com\/es\/wp-json\/wp\/v2\/product\/30572","targetHints":{"allow":["GET"]}}],"collection":[{"href":"https:\/\/boostgrowb.com\/es\/wp-json\/wp\/v2\/product"}],"about":[{"href":"https:\/\/boostgrowb.com\/es\/wp-json\/wp\/v2\/types\/product"}],"replies":[{"embeddable":true,"href":"https:\/\/boostgrowb.com\/es\/wp-json\/wp\/v2\/comments?post=30572"}],"version-history":[{"count":0,"href":"https:\/\/boostgrowb.com\/es\/wp-json\/wp\/v2\/product\/30572\/revisions"}],"wp:featuredmedia":[{"embeddable":true,"href":"https:\/\/boostgrowb.com\/es\/wp-json\/wp\/v2\/media\/30574"}],"wp:attachment":[{"href":"https:\/\/boostgrowb.com\/es\/wp-json\/wp\/v2\/media?parent=30572"}],"wp:term":[{"taxonomy":"product_brand","embeddable":true,"href":"https:\/\/boostgrowb.com\/es\/wp-json\/wp\/v2\/product_brand?post=30572"},{"taxonomy":"product_cat","embeddable":true,"href":"https:\/\/boostgrowb.com\/es\/wp-json\/wp\/v2\/product_cat?post=30572"},{"taxonomy":"product_tag","embeddable":true,"href":"https:\/\/boostgrowb.com\/es\/wp-json\/wp\/v2\/product_tag?post=30572"}],"curies":[{"name":"wp","href":"https:\/\/api.w.org\/{rel}","templated":true}]}}