{"id":30576,"date":"2024-07-01T12:43:41","date_gmt":"2024-07-01T12:43:41","guid":{"rendered":"https:\/\/boostgrowb.com\/software\/flujo-web\/"},"modified":"2025-07-07T16:13:13","modified_gmt":"2025-07-07T16:13:13","slug":"flujo-web","status":"publish","type":"product","link":"https:\/\/boostgrowb.com\/es\/software\/flujo-web\/","title":{"rendered":"Flujo web"},"content":{"rendered":"\t\t<div data-elementor-type=\"product-post\" data-elementor-id=\"30576\" class=\"elementor elementor-30576 elementor-3786\" data-elementor-post-type=\"product\">\n\t\t\t\t<div class=\"elementor-element elementor-element-6a68fd2 e-flex e-con-boxed wpr-particle-no wpr-jarallax-no wpr-parallax-no wpr-sticky-section-no e-con e-parent\" data-id=\"6a68fd2\" data-element_type=\"container\" data-e-type=\"container\">\n\t\t\t\t\t<div class=\"e-con-inner\">\n\t\t\t\t<div class=\"elementor-element elementor-element-4abfd4b elementor-widget elementor-widget-heading\" data-id=\"4abfd4b\" data-element_type=\"widget\" data-e-type=\"widget\" data-widget_type=\"heading.default\">\n\t\t\t\t<div class=\"elementor-widget-container\">\n\t\t\t\t\t<h2 class=\"elementor-heading-title elementor-size-default\">\u00bfQu\u00e9 es Webflow?<\/h2>\t\t\t\t<\/div>\n\t\t\t\t<\/div>\n\t\t\t\t\t<\/div>\n\t\t\t\t<\/div>\n\t\t<div class=\"elementor-element elementor-element-4c960cf e-flex e-con-boxed wpr-particle-no wpr-jarallax-no wpr-parallax-no wpr-sticky-section-no e-con e-parent\" data-id=\"4c960cf\" data-element_type=\"container\" data-e-type=\"container\">\n\t\t\t\t\t<div class=\"e-con-inner\">\n\t\t\t\t<div class=\"elementor-element elementor-element-eb0e937 elementor-widget elementor-widget-text-editor\" data-id=\"eb0e937\" data-element_type=\"widget\" data-e-type=\"widget\" data-widget_type=\"text-editor.default\">\n\t\t\t\t<div class=\"elementor-widget-container\">\n\t\t\t\t\t\t\t\t\t<p class=\"\" data-start=\"158\" data-end=\"683\"><strong data-start=\"158\" data-end=\"351\">Webflow es una plataforma de creaci\u00f3n de sitios web que revoluciona el desarrollo online combinando la libertad creativa del dise\u00f1o con la potencia.<\/strong>  Dise\u00f1ado para dise\u00f1adores, desarrolladores, agencias y emprendedores digitales, Webflow te permite crear sitios web con capacidad de respuesta y alto rendimiento, totalmente personalizables gracias a una interfaz visual intuitiva. Te beneficiar\u00e1s de una flexibilidad de dise\u00f1o total, a la vez que generas un c\u00f3digo limpio y listo para SEO. <\/p><p class=\"\" data-start=\"685\" data-end=\"1186\"><strong data-start=\"685\" data-end=\"893\">Webflow es una plataforma todo en uno, que integra un potente CMS, alojamiento r\u00e1pido y funcionalidades de animaci\u00f3n e interacci\u00f3n.<\/strong>  No es necesario utilizar varias herramientas ni depender de un desarrollador para cada ajuste: Webflow ofrece a los dise\u00f1adores la posibilidad de dise\u00f1ar, desarrollar y publicar de forma totalmente independiente, manteniendo un control total sobre la experiencia del usuario y la estructura t\u00e9cnica del sitio.<\/p><p class=\"\" data-start=\"1188\" data-end=\"1608\"><strong data-start=\"1188\" data-end=\"1359\">Ideal para aut\u00f3nomos, empresas de nueva creaci\u00f3n, agencias o equipos de marketing exigentes, Webflow te permite lanzar r\u00e1pidamente sitios web est\u00e9ticamente agradables, escalables y optimizados para SEO.<\/strong>  Con una arquitectura dise\u00f1ada para el rendimiento, un alojamiento seguro y herramientas de gesti\u00f3n de contenidos fluidas, Webflow te ayuda a construir una presencia online profesional que se carga r\u00e1pidamente y est\u00e1 optimizada para Google.<\/p>\t\t\t\t\t\t\t\t<\/div>\n\t\t\t\t<\/div>\n\t\t\t\t<div class=\"elementor-element elementor-element-d0356d7 elementor-widget elementor-widget-heading\" data-id=\"d0356d7\" data-element_type=\"widget\" data-e-type=\"widget\" data-widget_type=\"heading.default\">\n\t\t\t\t<div class=\"elementor-widget-container\">\n\t\t\t\t\t<h2 class=\"elementor-heading-title elementor-size-default\">Las principales ventajas de Webflow<\/h2>\t\t\t\t<\/div>\n\t\t\t\t<\/div>\n\t\t\t\t<div class=\"elementor-element elementor-element-8875bad elementor-widget elementor-widget-text-editor\" data-id=\"8875bad\" data-element_type=\"widget\" data-e-type=\"widget\" data-widget_type=\"text-editor.default\">\n\t\t\t\t<div class=\"elementor-widget-container\">\n\t\t\t\t\t\t\t\t\t<ul><li><p><strong>Dise\u00f1o visual y personalizaci\u00f3n ilimitados<\/strong>: Con Webflow, puedes dise\u00f1ar cada elemento de tu sitio utilizando una interfaz de dise\u00f1o visual, sin escribir c\u00f3digo. Esto te permite <strong>crear dise\u00f1os totalmente personalizados<\/strong>, \u00fanicos y adaptados a tu marca. <\/p><\/li><li><p><strong>CMS integrado para una gesti\u00f3n de contenidos fluida<\/strong>: Webflow incluye un s\u00f3lido <strong>sistema de gesti\u00f3n de contenidos (CMS)<\/strong> que facilita la gesti\u00f3n de blogs, p\u00e1ginas de productos, carteras y mucho m\u00e1s. Su CMS es flexible, lo que lo convierte en una potente soluci\u00f3n para sitios que requieren actualizaciones frecuentes. <\/p><\/li><li><p><strong>Optimizaci\u00f3n SEO avanzada<\/strong>: Webflow est\u00e1 dise\u00f1ado para la optimizaci\u00f3n en buscadores. Te permite <strong>personalizar las etiquetas SEO, las descripciones, las URL y mucho m\u00e1s<\/strong>, para garantizar un buen posicionamiento en los motores de b\u00fasqueda. Cada p\u00e1gina puede optimizarse individualmente para maximizar su visibilidad.  <\/p><\/li><li><p><strong>Animaciones e interacciones<\/strong>: Gracias a las herramientas de creaci\u00f3n de animaciones e interacciones de Webflow, puedes a\u00f1adir elementos animados e interactivos que enriquezcan la experiencia del usuario. Esto <strong>cautiva a los visitantes<\/strong> y hace que el sitio sea m\u00e1s atractivo sin necesidad de c\u00f3digo complejo. <\/p><\/li><li><p><strong>Potentes integraciones y escalabilidad<\/strong>: Webflow ofrece integraciones con muchas herramientas como Zapier, Google Analytics, Mailchimp y Airtable, lo que permite a las empresas <strong>conectar f\u00e1cilmente sus soluciones<\/strong> preferidas y centralizar sus operaciones. Puedes ampliar la funcionalidad de tu sitio Webflow para satisfacer las necesidades exactas de tu empresa. <\/p><\/li><\/ul>\t\t\t\t\t\t\t\t<\/div>\n\t\t\t\t<\/div>\n\t\t\t\t<div class=\"elementor-element elementor-element-5bab269 elementor-widget elementor-widget-heading\" data-id=\"5bab269\" data-element_type=\"widget\" data-e-type=\"widget\" data-widget_type=\"heading.default\">\n\t\t\t\t<div class=\"elementor-widget-container\">\n\t\t\t\t\t<h2 class=\"elementor-heading-title elementor-size-default\">\u00bfCu\u00e1les son las ventajas de utilizar Webflow?<\/h2>\t\t\t\t<\/div>\n\t\t\t\t<\/div>\n\t\t\t\t<div class=\"elementor-element elementor-element-bd13b3a elementor-widget elementor-widget-text-editor\" data-id=\"bd13b3a\" data-element_type=\"widget\" data-e-type=\"widget\" data-widget_type=\"text-editor.default\">\n\t\t\t\t<div class=\"elementor-widget-container\">\n\t\t\t\t\t\t\t\t\t<ul><li><p><strong>Independencia y control total sobre el dise\u00f1o<\/strong>: Con Webflow, los dise\u00f1adores pueden <strong>crear sitios sin las limitaciones t\u00e9cnicas<\/strong> impuestas por las plantillas predefinidas de otras plataformas. Tienes control total sobre cada p\u00edxel de tu dise\u00f1o. <\/p><\/li><li><p><strong>Reducci\u00f3n de costes y lanzamiento m\u00e1s r\u00e1pido<\/strong>: Al eliminar la necesidad de programaci\u00f3n compleja, Webflow permite <strong>lanzar sitios m\u00e1s r\u00e1pidamente<\/strong> y reducir los costes de desarrollo. Puedes crear sitios profesionales sin necesidad de un desarrollador. <\/p><\/li><li><p><strong>Optimizaci\u00f3n SEO integrada<\/strong>: Webflow est\u00e1 dise\u00f1ado para facilitar el SEO, de modo que puedas crear sitios optimizados para los motores de b\u00fasqueda sin esfuerzo adicional. La integraci\u00f3n de etiquetas, URL y otros elementos SEO es intuitiva. <\/p><\/li><li><p><strong>Flexibilidad y adaptabilidad<\/strong>: Webflow es ideal para empresas que quieren un sitio escalable que pueda adaptarse a su crecimiento. Puedes a\u00f1adir p\u00e1ginas, integrar animaciones e incluso incluir funcionalidades de comercio electr\u00f3nico seg\u00fan tus necesidades. <\/p><\/li><li><p><strong>Apoyo activo de la comunidad y recursos<\/strong>: Webflow tiene una comunidad activa y muchos recursos, como tutoriales y plantillas, para ayudar a los usuarios a sacar el m\u00e1ximo partido de la plataforma.<\/p><\/li><\/ul>\t\t\t\t\t\t\t\t<\/div>\n\t\t\t\t<\/div>\n\t\t\t\t<div class=\"elementor-element elementor-element-70ae47a elementor-widget elementor-widget-heading\" data-id=\"70ae47a\" data-element_type=\"widget\" data-e-type=\"widget\" data-widget_type=\"heading.default\">\n\t\t\t\t<div class=\"elementor-widget-container\">\n\t\t\t\t\t<h2 class=\"elementor-heading-title elementor-size-default\">\u00bfQui\u00e9nes son los usuarios de Webflow?<\/h2>\t\t\t\t<\/div>\n\t\t\t\t<\/div>\n\t\t\t\t<div class=\"elementor-element elementor-element-444866f elementor-widget elementor-widget-text-editor\" data-id=\"444866f\" data-element_type=\"widget\" data-e-type=\"widget\" data-widget_type=\"text-editor.default\">\n\t\t\t\t<div class=\"elementor-widget-container\">\n\t\t\t\t\t\t\t\t\t<div class=\"flex max-w-full flex-col flex-grow\"><div class=\"min-h-8 text-message flex w-full flex-col items-end gap-2 whitespace-normal break-words [.text-message+&amp;]:mt-5\" dir=\"auto\" data-message-author-role=\"assistant\" data-message-id=\"9373b588-971a-49f5-97a0-458cce285df5\" data-message-model-slug=\"gpt-4o\"><div class=\"flex w-full flex-col gap-1 empty:hidden first:pt-[3px]\"><div class=\"markdown prose w-full break-words dark:prose-invert light\"><p class=\"\" data-start=\"37\" data-end=\"354\"><strong data-start=\"37\" data-end=\"174\">Webflow est\u00e1 dise\u00f1ado para cualquiera que desee crear un sitio web profesional sin renunciar al dise\u00f1o, el rendimiento y la flexibilidad.<\/strong> Est\u00e1 dirigido a <strong data-start=\"203\" data-end=\"217\">aut\u00f3nomos<\/strong>, <strong data-start=\"223\" data-end=\"238\">agencias web<\/strong>, <strong data-start=\"244\" data-end=\"259\" data-is-only-node=\"\">empresas<\/strong> y <strong data-start=\"267\" data-end=\"279\">start-ups<\/strong>, as\u00ed como a <strong data-start=\"287\" data-end=\"306\">grandes marcas<\/strong> que buscan optimizar su presencia en Internet.<\/p><ul data-start=\"356\" data-end=\"1361\"><li class=\"\" data-start=\"356\" data-end=\"641\"><p class=\"\" data-start=\"358\" data-end=\"641\"><strong data-start=\"358\" data-end=\"394\">Dise\u00f1adores y creadores de contenidos<\/strong>: Webflow les da total libertad creativa con un <strong data-start=\"456\" data-end=\"481\">editor visual avanzado<\/strong>, sin las limitaciones del c\u00f3digo. Pueden dise\u00f1ar sitios <strong data-start=\"548\" data-end=\"562\">con p\u00edxeles perfectos<\/strong>, integrar animaciones complejas y gestionar f\u00e1cilmente contenidos din\u00e1micos. <\/p><\/li><li class=\"\" data-start=\"642\" data-end=\"870\"><p class=\"\" data-start=\"644\" data-end=\"870\"><strong data-start=\"644\" data-end=\"670\">Empresas y Startups<\/strong>: Con <strong data-start=\"684\" data-end=\"708\">alojamiento seguro<\/strong>, <strong data-start=\"714\" data-end=\"741\">optimizaci\u00f3n SEO nativa<\/strong> y un <strong data-start=\"748\" data-end=\"764\" data-is-only-node=\"\">potente CMS<\/strong>, Webflow permite a las empresas crear sitios r\u00e1pidos y escalables sin depender de un desarrollador.<\/p><\/li><li class=\"\" data-start=\"871\" data-end=\"1110\"><p class=\"\" data-start=\"873\" data-end=\"1110\"><strong data-start=\"873\" data-end=\"897\">Agencias y aut\u00f3nomos<\/strong>: Webflow simplifica la gesti\u00f3n de proyectos ofreciendo un <strong data-start=\"958\" data-end=\"977\">flujo de trabajo fluido<\/strong>, <strong data-start=\"982\" data-end=\"1004\">un alojamiento fiable<\/strong> y herramientas de <strong data-start=\"1022\" data-end=\"1047\" data-is-only-node=\"\">colaboraci\u00f3n avanzadas<\/strong>, perfectas para ofrecer sitios de alto rendimiento a sus clientes.<\/p><\/li><li class=\"\" data-start=\"1111\" data-end=\"1361\"><p class=\"\" data-start=\"1113\" data-end=\"1361\"><strong data-start=\"1113\" data-end=\"1142\">Desarrolladores y profesionales del marketing<\/strong>: Webflow permite a los desarrolladores integrar <strong data-start=\"1194\" data-end=\"1215\">c\u00f3digo personalizado<\/strong> a la vez que automatiza la gesti\u00f3n de contenidos, mientras que los profesionales del marketing se benefician de un <strong data-start=\"1303\" data-end=\"1319\">CMS optimizado<\/strong> para SEO y conversi\u00f3n.<\/p><\/li><\/ul><\/div><\/div><\/div><\/div>\t\t\t\t\t\t\t\t<\/div>\n\t\t\t\t<\/div>\n\t\t\t\t\t<\/div>\n\t\t\t\t<\/div>\n\t\t\t\t<\/div>\n\t\t","protected":false},"excerpt":{"rendered":"<p>Webflow es una plataforma de dise\u00f1o web todo en uno que permite a los usuarios dise\u00f1ar, crear y lanzar sitios web totalmente personalizables sin necesidad de codificar.<\/p>\n<ul>\n<li>Colaboraci\u00f3n y flujo de trabajo<\/li>\n<li>Crea p\u00e1ginas ricas en contenido<\/li>\n<li>Dise\u00f1o receptivo<\/li>\n<li>creaci\u00f3n de tiendas online<\/li>\n<\/ul>\n","protected":false},"featured_media":30579,"comment_status":"open","ping_status":"closed","template":"","meta":{"_acf_changed":false,"_glsr_average":0,"_glsr_ranking":0,"_glsr_reviews":0},"product_brand":[],"product_cat":[5122,4213,4215,5121],"product_tag":[],"class_list":{"0":"post-30576","1":"product","2":"type-product","3":"status-publish","4":"has-post-thumbnail","6":"product_cat-automatizacion-agentes-de-ia","7":"product_cat-creacion-de-paginas-web","8":"product_cat-paginas-web-y-diseno","9":"product_cat-software-sin-codigo","11":"first","12":"instock","13":"shipping-taxable","14":"product-type-external"},"acf":[],"_links":{"self":[{"href":"https:\/\/boostgrowb.com\/es\/wp-json\/wp\/v2\/product\/30576","targetHints":{"allow":["GET"]}}],"collection":[{"href":"https:\/\/boostgrowb.com\/es\/wp-json\/wp\/v2\/product"}],"about":[{"href":"https:\/\/boostgrowb.com\/es\/wp-json\/wp\/v2\/types\/product"}],"replies":[{"embeddable":true,"href":"https:\/\/boostgrowb.com\/es\/wp-json\/wp\/v2\/comments?post=30576"}],"version-history":[{"count":0,"href":"https:\/\/boostgrowb.com\/es\/wp-json\/wp\/v2\/product\/30576\/revisions"}],"wp:featuredmedia":[{"embeddable":true,"href":"https:\/\/boostgrowb.com\/es\/wp-json\/wp\/v2\/media\/30579"}],"wp:attachment":[{"href":"https:\/\/boostgrowb.com\/es\/wp-json\/wp\/v2\/media?parent=30576"}],"wp:term":[{"taxonomy":"product_brand","embeddable":true,"href":"https:\/\/boostgrowb.com\/es\/wp-json\/wp\/v2\/product_brand?post=30576"},{"taxonomy":"product_cat","embeddable":true,"href":"https:\/\/boostgrowb.com\/es\/wp-json\/wp\/v2\/product_cat?post=30576"},{"taxonomy":"product_tag","embeddable":true,"href":"https:\/\/boostgrowb.com\/es\/wp-json\/wp\/v2\/product_tag?post=30576"}],"curies":[{"name":"wp","href":"https:\/\/api.w.org\/{rel}","templated":true}]}}