{"id":30592,"date":"2024-09-11T18:46:31","date_gmt":"2024-09-11T18:46:31","guid":{"rendered":"https:\/\/boostgrowb.com\/software\/navegacion-seo\/"},"modified":"2026-03-27T09:54:52","modified_gmt":"2026-03-27T09:54:52","slug":"navegacion-seo","status":"publish","type":"product","link":"https:\/\/boostgrowb.com\/es\/software\/navegacion-seo\/","title":{"rendered":"Navegaci\u00f3n SEO"},"content":{"rendered":"\t\t<div data-elementor-type=\"product-post\" data-elementor-id=\"30592\" class=\"elementor elementor-30592 elementor-7630\" data-elementor-post-type=\"product\">\n\t\t\t\t<div class=\"elementor-element elementor-element-80328aa e-flex e-con-boxed wpr-particle-no wpr-jarallax-no wpr-parallax-no wpr-sticky-section-no e-con e-parent\" data-id=\"80328aa\" data-element_type=\"container\" data-e-type=\"container\">\n\t\t\t\t\t<div class=\"e-con-inner\">\n\t\t\t\t<div class=\"elementor-element elementor-element-c607a32 elementor-widget elementor-widget-heading\" data-id=\"c607a32\" data-element_type=\"widget\" data-e-type=\"widget\" data-widget_type=\"heading.default\">\n\t\t\t\t<div class=\"elementor-widget-container\">\n\t\t\t\t\t<h2 class=\"elementor-heading-title elementor-size-default\">\u00bfQu\u00e9 es el SEO para surfistas?<\/h2>\t\t\t\t<\/div>\n\t\t\t\t<\/div>\n\t\t\t\t\t<\/div>\n\t\t\t\t<\/div>\n\t\t<div class=\"elementor-element elementor-element-8719022 e-flex e-con-boxed wpr-particle-no wpr-jarallax-no wpr-parallax-no wpr-sticky-section-no e-con e-parent\" data-id=\"8719022\" data-element_type=\"container\" data-e-type=\"container\">\n\t\t\t\t\t<div class=\"e-con-inner\">\n\t\t\t\t<div class=\"elementor-element elementor-element-9626c8d elementor-widget elementor-widget-text-editor\" data-id=\"9626c8d\" data-element_type=\"widget\" data-e-type=\"widget\" data-widget_type=\"text-editor.default\">\n\t\t\t\t<div class=\"elementor-widget-container\">\n\t\t\t\t\t\t\t\t\t<p class=\"\" data-start=\"190\" data-end=\"862\"><strong data-start=\"190\" data-end=\"258\">Surfer SEO es una potente herramienta SEO estrat\u00e9gica<\/strong> dise\u00f1ada para ayudar a los creadores de contenidos, expertos en SEO y equipos de marketing a <strong data-start=\"346\" data-end=\"375\">optimizar sus p\u00e1ginas web<\/strong> con una precisi\u00f3n milim\u00e9trica. A diferencia de las herramientas tradicionales, Surfer SEO se basa en el an\u00e1lisis de datos en tiempo real y en recomendaciones impulsadas por inteligencia artificial para alinear perfectamente tu contenido con lo que espera Google. Al comparar cada elemento de tu p\u00e1gina con los competidores mejor posicionados, te gu\u00eda para mejorar la estructura, las palabras clave, la longitud e incluso las etiquetas de tu contenido, aumentando as\u00ed tus posibilidades de clasificaci\u00f3n.  <\/p><p class=\"\" data-start=\"864\" data-end=\"1475\"><strong data-start=\"864\" data-end=\"979\">Gracias a sus funciones avanzadas de an\u00e1lisis competitivo, optimizaci\u00f3n sem\u00e1ntica y auditor\u00eda de contenidos<\/strong>, Surfer SEO se est\u00e1 convirtiendo en un aliado esencial para todos los profesionales digitales. Los consultores SEO pueden ajustar cada p\u00e1gina del cliente hasta el p\u00edxel SEO, mientras que los redactores web se benefician de sugerencias en tiempo real para producir contenidos de alto rendimiento desde el primer borrador. Las agencias de marketing y los editores de sitios web encontrar\u00e1n en ella una herramienta robusta para gestionar m\u00faltiples proyectos, ahorrar tiempo y conseguir resultados concretos en t\u00e9rminos de visibilidad y tr\u00e1fico org\u00e1nico.  <\/p><p class=\"\" data-start=\"1477\" data-end=\"1951\"><strong data-start=\"1477\" data-end=\"1566\">Vers\u00e1til y accesible, Surfer SEO es adecuado tanto para expertos como para principiantes<\/strong>, con una interfaz intuitiva, tutoriales integrados y herramientas como el Editor de contenidos y el Navegador de palabras clave para mejorar tus contenidos sin salir del navegador. Tanto si eres una peque\u00f1a empresa, un bloguero, una start-up o una gran agencia, Surfer SEO te ayuda a convertir tus contenidos en palancas de crecimiento SEO, partiendo de lo que ya funciona&#8230; y haci\u00e9ndolo a\u00fan mejor. <\/p>\t\t\t\t\t\t\t\t<\/div>\n\t\t\t\t<\/div>\n\t\t\t\t<div class=\"elementor-element elementor-element-db157ae elementor-widget elementor-widget-heading\" data-id=\"db157ae\" data-element_type=\"widget\" data-e-type=\"widget\" data-widget_type=\"heading.default\">\n\t\t\t\t<div class=\"elementor-widget-container\">\n\t\t\t\t\t<h2 class=\"elementor-heading-title elementor-size-default\">\u00c9stas son las 5 principales ventajas de Surfer SEO  <\/h2>\t\t\t\t<\/div>\n\t\t\t\t<\/div>\n\t\t\t\t<div class=\"elementor-element elementor-element-eb4ed1a elementor-widget elementor-widget-text-editor\" data-id=\"eb4ed1a\" data-element_type=\"widget\" data-e-type=\"widget\" data-widget_type=\"text-editor.default\">\n\t\t\t\t<div class=\"elementor-widget-container\">\n\t\t\t\t\t\t\t\t\t<ul data-spread=\"false\" data-pm-slice=\"3 3 []\"><li><p><strong>An\u00e1lisis en profundidad de las SERP<\/strong>: <span style=\"background-color: transparent; text-align: var(--text-align); color: var( --e-global-color-text ); letter-spacing: 0px;\">Surfer SEO realiza un <\/span><strong style=\"background-color: transparent; text-align: var(--text-align); color: var( --e-global-color-text ); letter-spacing: 0px;\" data-start=\"227\" data-end=\"305\">an\u00e1lisis comparativo en profundidad de las 50 primeras p\u00e1ginas de resultados (SERP).<\/strong><span style=\"background-color: transparent; text-align: var(--text-align); color: var( --e-global-color-text ); letter-spacing: 0px;\">  para una palabra clave determinada. Extrae m\u00e9tricas clave como   <\/span><strong style=\"background-color: transparent; text-align: var(--text-align); color: var( --e-global-color-text ); letter-spacing: 0px;\" data-start=\"373\" data-end=\"395\">densidad sem\u00e1ntica<\/strong><span style=\"background-color: transparent; text-align: var(--text-align); color: var( --e-global-color-text ); letter-spacing: 0px;\">el <\/span><strong style=\"background-color: transparent; text-align: var(--text-align); color: var( --e-global-color-text ); letter-spacing: 0px;\" data-start=\"400\" data-end=\"424\">n\u00famero medio de palabras<\/strong><span style=\"background-color: transparent; text-align: var(--text-align); color: var( --e-global-color-text ); letter-spacing: 0px;\">la <\/span><strong style=\"background-color: transparent; text-align: var(--text-align); color: var( --e-global-color-text ); letter-spacing: 0px;\" data-start=\"429\" data-end=\"445\">estructura Hn<\/strong><span style=\"background-color: transparent; text-align: var(--text-align); color: var( --e-global-color-text ); letter-spacing: 0px;\">estructura <\/span><strong style=\"background-color: transparent; text-align: var(--text-align); color: var( --e-global-color-text ); letter-spacing: 0px;\" data-start=\"450\" data-end=\"475\">presencia de backlinks<\/strong><span style=\"background-color: transparent; text-align: var(--text-align); color: var( --e-global-color-text ); letter-spacing: 0px;\"> y los <\/span><strong style=\"background-color: transparent; text-align: var(--text-align); color: var( --e-global-color-text ); letter-spacing: 0px;\" data-start=\"483\" data-end=\"512\">tipos de contenido utilizados<\/strong><span style=\"background-color: transparent; text-align: var(--text-align); color: var( --e-global-color-text ); letter-spacing: 0px;\">Esto te permitir\u00e1 alinear tu estrategia con los mejores est\u00e1ndares de rendimiento actuales.<\/span><\/p><\/li><li><p><b><span style=\"background-color: transparent; text-align: var(--text-align); color: var( --e-global-color-text ); letter-spacing: 0px;\">Editor de contenido din\u00e1mico <\/span>: <\/b><span style=\"background-color: transparent; text-align: var(--text-align); color: var( --e-global-color-text ); letter-spacing: 0px;\">El editor de contenidos de Surfer SEO act\u00faa como <\/span><strong style=\"background-color: transparent; text-align: var(--text-align); color: var( --e-global-color-text ); letter-spacing: 0px;\" data-start=\"702\" data-end=\"744\">asistente de optimizaci\u00f3n en tiempo real<\/strong><span style=\"background-color: transparent; text-align: var(--text-align); color: var( --e-global-color-text ); letter-spacing: 0px;\">proporcionando recomendaciones espec\u00edficas durante el proceso de redacci\u00f3n. Ajusta el   <\/span><strong style=\"background-color: transparent; text-align: var(--text-align); color: var( --e-global-color-text ); letter-spacing: 0px;\" data-start=\"825\" data-end=\"850\">volumen del texto ideal<\/strong><span style=\"background-color: transparent; text-align: var(--text-align); color: var( --e-global-color-text ); letter-spacing: 0px;\">el <\/span><strong style=\"background-color: transparent; text-align: var(--text-align); color: var( --e-global-color-text ); letter-spacing: 0px;\" data-start=\"855\" data-end=\"891\">n\u00famero de visitas por palabra clave<\/strong><span style=\"background-color: transparent; text-align: var(--text-align); color: var( --e-global-color-text ); letter-spacing: 0px;\">el <\/span><strong style=\"background-color: transparent; text-align: var(--text-align); color: var( --e-global-color-text ); letter-spacing: 0px;\" data-start=\"897\" data-end=\"918\">etiquetas a incluir<\/strong><span style=\"background-color: transparent; text-align: var(--text-align); color: var( --e-global-color-text ); letter-spacing: 0px;\">etiquetas <\/span><strong style=\"background-color: transparent; text-align: var(--text-align); color: var( --e-global-color-text ); letter-spacing: 0px;\" data-start=\"924\" data-end=\"960\">preguntas de b\u00fasqueda que hay que abordar<\/strong><span style=\"background-color: transparent; text-align: var(--text-align); color: var( --e-global-color-text ); letter-spacing: 0px;\">y te ayuda a crear contenidos perfectamente <\/span><strong style=\"background-color: transparent; text-align: var(--text-align); color: var( --e-global-color-text ); letter-spacing: 0px;\" data-start=\"1007\" data-end=\"1038\">calibrado para el SEO en la p\u00e1gina<\/strong><span style=\"background-color: transparent; text-align: var(--text-align); color: var( --e-global-color-text ); letter-spacing: 0px;\">.<\/span><\/p><\/li><li><p><b><span style=\"background-color: transparent; text-align: var(--text-align); color: var( --e-global-color-text ); letter-spacing: 0px;\">Auditor\u00eda de contenidos orientada a la rentabilidad<\/span>:<\/b> <span style=\"background-color: transparent; text-align: var(--text-align); color: var( --e-global-color-text ); letter-spacing: 0px;\">La herramienta de auditor\u00eda te permite analizar tus p\u00e1ginas existentes y detectar cualquier <\/span><strong style=\"background-color: transparent; text-align: var(--text-align); color: var( --e-global-color-text ); letter-spacing: 0px;\" data-start=\"1158\" data-end=\"1187\">lagunas en el rendimiento SEO<\/strong><span style=\"background-color: transparent; text-align: var(--text-align); color: var( --e-global-color-text ); letter-spacing: 0px;\">  palabras clave insuficientes, sobreoptimizaci\u00f3n, problemas de estructura o velocidad, enlaces internos o backlinks d\u00e9biles. Cada recomendaci\u00f3n se prioriza en funci\u00f3n de su impacto potencial sobre el   <\/span><strong style=\"background-color: transparent; text-align: var(--text-align); color: var( --e-global-color-text ); letter-spacing: 0px;\" data-start=\"1391\" data-end=\"1402\">clasificaci\u00f3n<\/strong><span style=\"background-color: transparent; text-align: var(--text-align); color: var( --e-global-color-text ); letter-spacing: 0px;\">.<\/span><\/p><\/li><li><p><span style=\"background-color: transparent; text-align: var(--text-align); color: var( --e-global-color-text ); letter-spacing: 0px;\">Planificaci\u00f3n sem\u00e1ntica e investigaci\u00f3n de palabras clave<\/span>: <span style=\"background-color: transparent; text-align: var(--text-align); color: var( --e-global-color-text ); letter-spacing: 0px;\">Gracias a su <\/span><strong style=\"background-color: transparent; text-align: var(--text-align); color: var( --e-global-color-text ); letter-spacing: 0px;\" data-start=\"1483\" data-end=\"1508\">Herramienta de Investigaci\u00f3n de Palabras Clave<\/strong><span style=\"background-color: transparent; text-align: var(--text-align); color: var( --e-global-color-text ); letter-spacing: 0px;\">, Surfer SEO identifica <\/span><strong style=\"background-color: transparent; text-align: var(--text-align); color: var( --e-global-color-text ); letter-spacing: 0px;\" data-start=\"1535\" data-end=\"1562\">las intenciones de b\u00fasqueda<\/strong><span style=\"background-color: transparent; text-align: var(--text-align); color: var( --e-global-color-text ); letter-spacing: 0px;\">, los <\/span><strong style=\"background-color: transparent; text-align: var(--text-align); color: var( --e-global-color-text ); letter-spacing: 0px;\" data-start=\"1568\" data-end=\"1601\">grupos de palabras clave asociados<\/strong><span style=\"background-color: transparent; text-align: var(--text-align); color: var( --e-global-color-text ); letter-spacing: 0px;\">, su <\/span><strong style=\"background-color: transparent; text-align: var(--text-align); color: var( --e-global-color-text ); letter-spacing: 0px;\" data-start=\"1608\" data-end=\"1618\">volumen<\/strong><span style=\"background-color: transparent; text-align: var(--text-align); color: var( --e-global-color-text ); letter-spacing: 0px;\"> y <\/span><strong style=\"background-color: transparent; text-align: var(--text-align); color: var( --e-global-color-text ); letter-spacing: 0px;\" data-start=\"1628\" data-end=\"1642\">dificultad<\/strong>.<span style=\"background-color: transparent; text-align: var(--text-align); color: var( --e-global-color-text ); letter-spacing: 0px;\">. Ideal para construir una  <\/span><strong style=\"background-color: transparent; text-align: var(--text-align); color: var( --e-global-color-text ); letter-spacing: 0px;\" data-start=\"1670\" data-end=\"1704\">arquitectura de contenidos espec\u00edfica<\/strong><span style=\"background-color: transparent; text-align: var(--text-align); color: var( --e-global-color-text ); letter-spacing: 0px;\">con silos tem\u00e1ticos adaptados a las expectativas de tu p\u00fablico y de los motores de b\u00fasqueda.<\/span><\/p><\/li><li><p><strong style=\"background-color: transparent; text-align: var(--text-align); color: var( --e-global-color-text ); letter-spacing: 0px;\" data-start=\"1846\" data-end=\"1874\">Analizador de densidad de palabras clave<\/strong>: <span style=\"background-color: transparent; text-align: var(--text-align); color: var( --e-global-color-text ); letter-spacing: 0px;\">Con su <\/span><strong style=\"background-color: transparent; text-align: var(--text-align); color: var( --e-global-color-text ); letter-spacing: 0px;\" data-start=\"1846\" data-end=\"1874\">Analizador de densidad de palabras clave<\/strong><span style=\"background-color: transparent; text-align: var(--text-align); color: var( --e-global-color-text ); letter-spacing: 0px;\">Surfer SEO garantiza un equilibrio \u00f3ptimo en el uso de palabras clave, evitando la sobreoptimizaci\u00f3n y manteniendo al mismo tiempo una fuerte relevancia sem\u00e1ntica. Un activo esencial para crear contenidos   <\/span><strong style=\"background-color: transparent; text-align: var(--text-align); color: var( --e-global-color-text ); letter-spacing: 0px;\" data-start=\"2075\" data-end=\"2091\">SEO-amigable<\/strong><span style=\"background-color: transparent; text-align: var(--text-align); color: var( --e-global-color-text ); letter-spacing: 0px;\">y natural.<\/span><\/p><\/li><\/ul>\t\t\t\t\t\t\t\t<\/div>\n\t\t\t\t<\/div>\n\t\t\t\t\t<\/div>\n\t\t\t\t<\/div>\n\t\t\t\t<\/div>\n\t\t","protected":false},"excerpt":{"rendered":"<p>Surfer SEO no genera contenido directamente, sino que analiza y optimiza el contenido existente para mejorar su clasificaci\u00f3n SEO. A menudo se utiliza junto con herramientas de creaci\u00f3n de IA como Jasper. <\/p>\n<ul>\n<li>Auditor\u00eda de p\u00e1ginas para la optimizaci\u00f3n SEO<\/li>\n<li>An\u00e1lisis competitivo SEO<\/li>\n<li>An\u00e1lisis del rendimiento SEO<\/li>\n<li>Optimizar los backlinks<\/li>\n<\/ul>\n","protected":false},"featured_media":30594,"comment_status":"open","ping_status":"closed","template":"","meta":{"_acf_changed":false,"_glsr_average":0,"_glsr_ranking":0,"_glsr_reviews":0},"product_brand":[],"product_cat":[4296,4994,4538,4248],"product_tag":[],"class_list":{"0":"post-30592","1":"product","2":"type-product","3":"status-publish","4":"has-post-thumbnail","6":"product_cat-automatizacion-del-marketing","7":"product_cat-generador-de-entradas-de-blog-de-ai","8":"product_cat-seo-es","9":"product_cat-software-de-ia","11":"first","12":"instock","13":"shipping-taxable","14":"product-type-external"},"acf":[],"_links":{"self":[{"href":"https:\/\/boostgrowb.com\/es\/wp-json\/wp\/v2\/product\/30592","targetHints":{"allow":["GET"]}}],"collection":[{"href":"https:\/\/boostgrowb.com\/es\/wp-json\/wp\/v2\/product"}],"about":[{"href":"https:\/\/boostgrowb.com\/es\/wp-json\/wp\/v2\/types\/product"}],"replies":[{"embeddable":true,"href":"https:\/\/boostgrowb.com\/es\/wp-json\/wp\/v2\/comments?post=30592"}],"version-history":[{"count":0,"href":"https:\/\/boostgrowb.com\/es\/wp-json\/wp\/v2\/product\/30592\/revisions"}],"wp:featuredmedia":[{"embeddable":true,"href":"https:\/\/boostgrowb.com\/es\/wp-json\/wp\/v2\/media\/30594"}],"wp:attachment":[{"href":"https:\/\/boostgrowb.com\/es\/wp-json\/wp\/v2\/media?parent=30592"}],"wp:term":[{"taxonomy":"product_brand","embeddable":true,"href":"https:\/\/boostgrowb.com\/es\/wp-json\/wp\/v2\/product_brand?post=30592"},{"taxonomy":"product_cat","embeddable":true,"href":"https:\/\/boostgrowb.com\/es\/wp-json\/wp\/v2\/product_cat?post=30592"},{"taxonomy":"product_tag","embeddable":true,"href":"https:\/\/boostgrowb.com\/es\/wp-json\/wp\/v2\/product_tag?post=30592"}],"curies":[{"name":"wp","href":"https:\/\/api.w.org\/{rel}","templated":true}]}}