{"id":30593,"date":"2024-09-30T13:46:08","date_gmt":"2024-09-30T13:46:08","guid":{"rendered":"https:\/\/boostgrowb.com\/software\/zendesk\/"},"modified":"2026-04-13T07:51:42","modified_gmt":"2026-04-13T07:51:42","slug":"zendesk","status":"publish","type":"product","link":"https:\/\/boostgrowb.com\/es\/software\/zendesk\/","title":{"rendered":"Zendesk"},"content":{"rendered":"\t\t<div data-elementor-type=\"product-post\" data-elementor-id=\"30593\" class=\"elementor elementor-30593 elementor-9596\" data-elementor-post-type=\"product\">\n\t\t\t\t<div class=\"elementor-element elementor-element-992ab2c e-flex e-con-boxed wpr-particle-no wpr-jarallax-no wpr-parallax-no wpr-sticky-section-no e-con e-parent\" data-id=\"992ab2c\" data-element_type=\"container\" data-e-type=\"container\">\n\t\t\t\t\t<div class=\"e-con-inner\">\n\t\t\t\t<div class=\"elementor-element elementor-element-8206c40 elementor-widget elementor-widget-heading\" data-id=\"8206c40\" data-element_type=\"widget\" data-e-type=\"widget\" data-widget_type=\"heading.default\">\n\t\t\t\t<div class=\"elementor-widget-container\">\n\t\t\t\t\t<h2 class=\"elementor-heading-title elementor-size-default\">\u00bfQu\u00e9 es Zendesk?<\/h2>\t\t\t\t<\/div>\n\t\t\t\t<\/div>\n\t\t\t\t<div class=\"elementor-element elementor-element-d9e9d2a elementor-widget elementor-widget-text-editor\" data-id=\"d9e9d2a\" data-element_type=\"widget\" data-e-type=\"widget\" data-widget_type=\"text-editor.default\">\n\t\t\t\t<div class=\"elementor-widget-container\">\n\t\t\t\t\t\t\t\t\t<p class=\"\" data-start=\"120\" data-end=\"753\"><strong data-start=\"120\" data-end=\"290\">Zendesk es una plataforma completa y potente dise\u00f1ada para optimizar cada interacci\u00f3n con tus clientes.<\/strong>  Al combinar la gesti\u00f3n inteligente de tickets, la mensajer\u00eda multicanal (correo electr\u00f3nico, chat, tel\u00e9fono, redes sociales) y la automatizaci\u00f3n avanzada, Zendesk centraliza todas tus comunicaciones en una \u00fanica interfaz intuitiva. Ideal para mejorar la satisfacci\u00f3n del cliente, agilizar la gesti\u00f3n de solicitudes e impulsar tu productividad, Zendesk es el aliado esencial para ofrecer un excelente servicio de atenci\u00f3n al cliente, sea cual sea el tama\u00f1o de tu negocio. <\/p><p class=\"\" data-start=\"755\" data-end=\"1337\"><strong data-start=\"755\" data-end=\"896\">La verdadera fuerza de Zendesk reside en su automatizaci\u00f3n inteligente y su capacidad para simplificar la gesti\u00f3n de las relaciones con los clientes.<\/strong>  Al automatizar las respuestas a las solicitudes frecuentes y priorizar de forma inteligente los tickets m\u00e1s cr\u00edticos, Zendesk permite a tus equipos centrarse en las interacciones estrat\u00e9gicas. Adem\u00e1s, su potente ecosistema abierto se integra a la perfecci\u00f3n con herramientas como Salesforce, Shopify, Slack y HubSpot, creando un entorno de colaboraci\u00f3n que mejora la eficiencia interna y acelera los procesos de soporte. <\/p><p class=\"\" data-start=\"1339\" data-end=\"1806\"><strong data-start=\"1339\" data-end=\"1510\">Tanto si eres una ambiciosa start-up, una PYME din\u00e1mica o una gran empresa que busca soporte omnicanal escalable, Zendesk se adapta a tus necesidades espec\u00edficas.<\/strong>  Con sus funciones avanzadas de informes, an\u00e1lisis en tiempo real y opciones avanzadas de personalizaci\u00f3n, Zendesk convierte cada intercambio en una oportunidad para fidelizar y convertir clientes, al tiempo que te ofrece una visi\u00f3n clara de c\u00f3mo gestionar el rendimiento de tus clientes a gran escala.<\/p>\t\t\t\t\t\t\t\t<\/div>\n\t\t\t\t<\/div>\n\t\t\t\t<div class=\"elementor-element elementor-element-2cae4be elementor-widget elementor-widget-heading\" data-id=\"2cae4be\" data-element_type=\"widget\" data-e-type=\"widget\" data-widget_type=\"heading.default\">\n\t\t\t\t<div class=\"elementor-widget-container\">\n\t\t\t\t\t<h2 class=\"elementor-heading-title elementor-size-default\">Las principales ventajas de Zendesk<\/h2>\t\t\t\t<\/div>\n\t\t\t\t<\/div>\n\t\t\t\t<div class=\"elementor-element elementor-element-d0633bb elementor-widget elementor-widget-text-editor\" data-id=\"d0633bb\" data-element_type=\"widget\" data-e-type=\"widget\" data-widget_type=\"text-editor.default\">\n\t\t\t\t<div class=\"elementor-widget-container\">\n\t\t\t\t\t\t\t\t\t<ol><li><p><strong><span>Multicanal completo<\/span><\/strong><span> : <\/span><strong><span>Zendesk<\/span><\/strong><span>  centraliza todas las interacciones con los clientes, ya sea por correo electr\u00f3nico, tel\u00e9fono, chat en directo, redes sociales o mensajer\u00eda instant\u00e1nea. Puedes responder a tus clientes desde una \u00fanica plataforma, simplificando la gesti\u00f3n del servicio de atenci\u00f3n al cliente. <\/span><\/p><\/li><li><p><strong><span>Interfaz intuitiva<\/span><\/strong><span> Zendesk es famoso por su <\/span><strong><span>facilidad de uso<\/span><\/strong><span>  . Su clara interfaz permite a los equipos familiarizarse r\u00e1pidamente con la herramienta, sin necesidad de una compleja formaci\u00f3n t\u00e9cnica.<\/span><\/p><\/li><li><p><strong><span>Automatizar tareas repetitivas<\/span><\/strong><span> : <\/span><strong><span>Zendesk<\/span><\/strong><span> ofrece <\/span><strong><span>funciones de automatizaci\u00f3n<\/span><\/strong><span> para gestionar tareas repetitivas como las respuestas autom\u00e1ticas a los tickets o la gesti\u00f3n de prioridades, lo que ayuda a los equipos a centrarse en asuntos m\u00e1s complejos.<\/span><\/p><\/li><li><p><strong><span>An\u00e1lisis e informes avanzados<\/span><\/strong><span> Gracias a <\/span><strong><span>informes personalizados<\/span><\/strong><span> informes, Zendesk te permite <\/span><strong><span>supervisar el rendimiento<\/span><\/strong><span> de tus equipos, medir la satisfacci\u00f3n de los clientes e identificar \u00e1reas de mejora para optimizar el servicio.<\/span><\/p><\/li><li><p><strong><span>Potentes integraciones<\/span><\/strong><span> Zendesk se integra f\u00e1cilmente con muchas aplicaciones de terceros como <\/span><strong><span>Slack, Salesforce, Shopify<\/span><\/strong><span> y muchas otras, lo que te permite <\/span><strong><span>conectar tus herramientas<\/span><\/strong><span> y mejorar la fluidez de tus procesos.<\/span><\/p><\/li><\/ol>\t\t\t\t\t\t\t\t<\/div>\n\t\t\t\t<\/div>\n\t\t\t\t<div class=\"elementor-element elementor-element-6811329 elementor-widget elementor-widget-heading\" data-id=\"6811329\" data-element_type=\"widget\" data-e-type=\"widget\" data-widget_type=\"heading.default\">\n\t\t\t\t<div class=\"elementor-widget-container\">\n\t\t\t\t\t<h2 class=\"elementor-heading-title elementor-size-default\">Ventajas de usar Zendesk<\/h2>\t\t\t\t<\/div>\n\t\t\t\t<\/div>\n\t\t\t\t<div class=\"elementor-element elementor-element-cf19d0d elementor-widget elementor-widget-text-editor\" data-id=\"cf19d0d\" data-element_type=\"widget\" data-e-type=\"widget\" data-widget_type=\"text-editor.default\">\n\t\t\t\t<div class=\"elementor-widget-container\">\n\t\t\t\t\t\t\t\t\t<ul><li><p><strong><span>Mejora de la eficacia del servicio de atenci\u00f3n al cliente<\/span><\/strong><span> Al centralizar todas las interacciones con los clientes, <\/span><strong><span>Zendesk<\/span><\/strong><span> permite a tus equipos <\/span><strong><span>gestionar las solicitudes con mayor eficacia<\/span><\/strong><span> solicitudes, acelerar la resoluci\u00f3n de problemas y mejorar la experiencia general del usuario.<\/span><\/p><\/li><li><p><strong><span>Servicio personalizado<\/span><\/strong><span> Con <\/span><strong><span>Zendesk<\/span><\/strong><span> puedes <\/span><strong><span>personalizar cada interacci\u00f3n<\/span><\/strong><span>  con f\u00e1cil acceso al historial del cliente. Esto permite a los agentes responder de forma m\u00e1s pertinente, proporcionando una experiencia de cliente m\u00e1s agradable y humana. <\/span><\/p><\/li><li><p><strong><span>Automatizaci\u00f3n de procesos<\/span><\/strong><span> La automatizaci\u00f3n de tickets, respuestas enlatadas y flujos de trabajo ayuda a <\/span><strong><span>reducir la carga de trabajo<\/span><\/strong><span> al tiempo que se garantiza que cada cliente recibe una respuesta r\u00e1pida y adecuada.<\/span><\/p><\/li><li><p><strong><span>Supervisi\u00f3n del rendimiento en tiempo real<\/span><\/strong><span> Con las herramientas de an\u00e1lisis integradas, puedes <\/span><strong><span>medir el rendimiento de tus equipos en tiempo real<\/span><\/strong><span> identificar problemas recurrentes y ajustar tus procesos de seguimiento.<\/span><\/p><\/li><li><p><strong><span>Atenci\u00f3n al cliente 24\/7<\/span><\/strong><span> : <\/span><strong><span>Zendesk<\/span><\/strong><span> tambi\u00e9n ofrece <\/span><strong><span>un servicio de atenci\u00f3n al cliente fiable<\/span><\/strong><span> disponible 24\/7 para ayudar a los negocios a resolver problemas t\u00e9cnicos o a optimizar el uso de la plataforma.<\/span><\/p><\/li><\/ul>\t\t\t\t\t\t\t\t<\/div>\n\t\t\t\t<\/div>\n\t\t\t\t\t<\/div>\n\t\t\t\t<\/div>\n\t\t<div class=\"elementor-element elementor-element-845c53f e-flex e-con-boxed wpr-particle-no wpr-jarallax-no wpr-parallax-no wpr-sticky-section-no e-con e-parent\" data-id=\"845c53f\" data-element_type=\"container\" data-e-type=\"container\">\n\t\t\t\t\t<div class=\"e-con-inner\">\n\t\t\t\t<div class=\"elementor-element elementor-element-334e775 elementor-widget elementor-widget-heading\" data-id=\"334e775\" data-element_type=\"widget\" data-e-type=\"widget\" data-widget_type=\"heading.default\">\n\t\t\t\t<div class=\"elementor-widget-container\">\n\t\t\t\t\t<h2 class=\"elementor-heading-title elementor-size-default\">Conclusi\u00f3n<\/h2>\t\t\t\t<\/div>\n\t\t\t\t<\/div>\n\t\t\t\t\t<\/div>\n\t\t\t\t<\/div>\n\t\t<div class=\"elementor-element elementor-element-7bdea81 e-flex e-con-boxed wpr-particle-no wpr-jarallax-no wpr-parallax-no wpr-sticky-section-no e-con e-parent\" data-id=\"7bdea81\" data-element_type=\"container\" data-e-type=\"container\">\n\t\t\t\t\t<div class=\"e-con-inner\">\n\t\t\t\t<div class=\"elementor-element elementor-element-1ffc527 elementor-widget elementor-widget-text-editor\" data-id=\"1ffc527\" data-element_type=\"widget\" data-e-type=\"widget\" data-widget_type=\"text-editor.default\">\n\t\t\t\t<div class=\"elementor-widget-container\">\n\t\t\t\t\t\t\t\t\t<p><strong>Zendesk<\/strong> es una soluci\u00f3n completa y potente que ayuda a los negocios a ofrecer una <strong>atenci\u00f3n al cliente<\/strong> de primera clase. Con herramientas como la <strong>gesti\u00f3n de tickets<\/strong>, la <strong>mensajer\u00eda multicanal<\/strong> y la<strong>automatizaci\u00f3n de respuestas<\/strong>, <strong>Zendesk<\/strong> te permite centralizar las interacciones con tus clientes y gestionarlas con eficacia. Si quieres <strong>mejorar la satisfacci\u00f3n del cliente<\/strong>, aumentar <strong>la productividad<\/strong> y ofrecer una experiencia fluida, <strong>Zendesk<\/strong> es la herramienta perfecta para satisfacer tus necesidades.  <\/p>\t\t\t\t\t\t\t\t<\/div>\n\t\t\t\t<\/div>\n\t\t\t\t\t<\/div>\n\t\t\t\t<\/div>\n\t\t\t\t<\/div>\n\t\t","protected":false},"excerpt":{"rendered":"<p><strong>Zendesk<\/strong> es una plataforma de gesti\u00f3n de relaciones con los clientes que centraliza las interacciones a trav\u00e9s de distintos canales (chat, correo electr\u00f3nico, redes sociales). Ayuda a las empresas a ofrecer una atenci\u00f3n al cliente eficaz y personalizada. <\/p>\n<ul>\n<li>Automatizaci\u00f3n de entradas<\/li>\n<li>Informes anal\u00edticos<\/li>\n<li>Personalizaci\u00f3n avanzada<\/li>\n<li>M\u00faltiples integraciones<\/li>\n<\/ul>\n","protected":false},"featured_media":30595,"comment_status":"open","ping_status":"closed","template":"","meta":{"_acf_changed":false,"_glsr_average":0,"_glsr_ranking":0,"_glsr_reviews":0},"product_brand":[],"product_cat":[4228,5121],"product_tag":[],"class_list":{"0":"post-30593","1":"product","2":"type-product","3":"status-publish","4":"has-post-thumbnail","6":"product_cat-gestion-de-proyectos","7":"product_cat-software-sin-codigo","9":"first","10":"instock","11":"shipping-taxable","12":"product-type-external"},"acf":[],"_links":{"self":[{"href":"https:\/\/boostgrowb.com\/es\/wp-json\/wp\/v2\/product\/30593","targetHints":{"allow":["GET"]}}],"collection":[{"href":"https:\/\/boostgrowb.com\/es\/wp-json\/wp\/v2\/product"}],"about":[{"href":"https:\/\/boostgrowb.com\/es\/wp-json\/wp\/v2\/types\/product"}],"replies":[{"embeddable":true,"href":"https:\/\/boostgrowb.com\/es\/wp-json\/wp\/v2\/comments?post=30593"}],"version-history":[{"count":0,"href":"https:\/\/boostgrowb.com\/es\/wp-json\/wp\/v2\/product\/30593\/revisions"}],"wp:featuredmedia":[{"embeddable":true,"href":"https:\/\/boostgrowb.com\/es\/wp-json\/wp\/v2\/media\/30595"}],"wp:attachment":[{"href":"https:\/\/boostgrowb.com\/es\/wp-json\/wp\/v2\/media?parent=30593"}],"wp:term":[{"taxonomy":"product_brand","embeddable":true,"href":"https:\/\/boostgrowb.com\/es\/wp-json\/wp\/v2\/product_brand?post=30593"},{"taxonomy":"product_cat","embeddable":true,"href":"https:\/\/boostgrowb.com\/es\/wp-json\/wp\/v2\/product_cat?post=30593"},{"taxonomy":"product_tag","embeddable":true,"href":"https:\/\/boostgrowb.com\/es\/wp-json\/wp\/v2\/product_tag?post=30593"}],"curies":[{"name":"wp","href":"https:\/\/api.w.org\/{rel}","templated":true}]}}