{"id":30600,"date":"2024-09-30T13:33:59","date_gmt":"2024-09-30T13:33:59","guid":{"rendered":"https:\/\/boostgrowb.com\/software\/remoto\/"},"modified":"2026-02-16T14:02:49","modified_gmt":"2026-02-16T14:02:49","slug":"remoto","status":"publish","type":"product","link":"https:\/\/boostgrowb.com\/es\/software\/remoto\/","title":{"rendered":"Remoto"},"content":{"rendered":"\t\t<div data-elementor-type=\"product-post\" data-elementor-id=\"30600\" class=\"elementor elementor-30600 elementor-9590\" data-elementor-post-type=\"product\">\n\t\t\t\t<div class=\"elementor-element elementor-element-de157aa e-flex e-con-boxed wpr-particle-no wpr-jarallax-no wpr-parallax-no wpr-sticky-section-no e-con e-parent\" data-id=\"de157aa\" data-element_type=\"container\" data-e-type=\"container\">\n\t\t\t\t\t<div class=\"e-con-inner\">\n\t\t\t\t<div class=\"elementor-element elementor-element-211df03 elementor-widget elementor-widget-heading\" data-id=\"211df03\" data-element_type=\"widget\" data-e-type=\"widget\" data-widget_type=\"heading.default\">\n\t\t\t\t<div class=\"elementor-widget-container\">\n\t\t\t\t\t<h2 class=\"elementor-heading-title elementor-size-default\">\u00bfQu\u00e9 es a distancia?<\/h2>\t\t\t\t<\/div>\n\t\t\t\t<\/div>\n\t\t\t\t<div class=\"elementor-element elementor-element-ec0b116 elementor-widget elementor-widget-text-editor\" data-id=\"ec0b116\" data-element_type=\"widget\" data-e-type=\"widget\" data-widget_type=\"text-editor.default\">\n\t\t\t\t<div class=\"elementor-widget-container\">\n\t\t\t\t\t\t\t\t\t<p class=\"\" data-start=\"219\" data-end=\"753\"><strong data-start=\"219\" data-end=\"294\">Remote es una plataforma de gesti\u00f3n de recursos humanos todo en uno<\/strong> especialmente dise\u00f1ada para empresas que contratan y gestionan el talento a distancia o internacionalmente. Permite contratar empleados en m\u00e1s de 60 pa\u00edses sin necesidad de crear una entidad local, al tiempo que garantiza el cumplimiento legal y administrativo. Desde redactar contratos hasta garantizar el cumplimiento de la legislaci\u00f3n laboral local, Remote simplifica la expansi\u00f3n global de los equipos eliminando las barreras legales y log\u00edsticas.  <\/p>\n<p class=\"\" data-start=\"755\" data-end=\"1241\">La plataforma lo centraliza todo: n\u00f3minas internacionales, gesti\u00f3n de beneficios, impuestos, vacaciones, declaraciones locales, etc. Remote te permite gestionar tu plantilla global como si tuvieras un equipo de RRHH en cada pa\u00eds. Tus empleados se benefician de una experiencia fluida y segura, alineada con las normas locales, lo que aumenta su compromiso y satisfacci\u00f3n. Para las empresas, esto significa ahorro de tiempo, reducci\u00f3n de costes y total tranquilidad.  <\/p>\n<p class=\"\" data-start=\"1243\" data-end=\"1642\">Tanto si eres una start-up en crecimiento como una empresa consolidada que quiere expandirse internacionalmente, Remote es tu aliado estrat\u00e9gico para contratar sin fronteras. Gracias a su interfaz intuitiva, sus potentes funciones y su asistencia localizada, puedes crear un equipo global sin complicaciones. Con Remote, la contrataci\u00f3n internacional se vuelve accesible, sencilla y perfectamente controlada.  <\/p>\t\t\t\t\t\t\t\t<\/div>\n\t\t\t\t<\/div>\n\t\t\t\t<div class=\"elementor-element elementor-element-edf4d0e elementor-widget elementor-widget-heading\" data-id=\"edf4d0e\" data-element_type=\"widget\" data-e-type=\"widget\" data-widget_type=\"heading.default\">\n\t\t\t\t<div class=\"elementor-widget-container\">\n\t\t\t\t\t<h2 class=\"elementor-heading-title elementor-size-default\">Las 5 principales ventajas del Telemando<\/h2>\t\t\t\t<\/div>\n\t\t\t\t<\/div>\n\t\t\t\t<div class=\"elementor-element elementor-element-59175bb elementor-widget elementor-widget-text-editor\" data-id=\"59175bb\" data-element_type=\"widget\" data-e-type=\"widget\" data-widget_type=\"text-editor.default\">\n\t\t\t\t<div class=\"elementor-widget-container\">\n\t\t\t\t\t\t\t\t\t<ul><li><strong>Interfaz intuitiva y escalable<\/strong>: Tanto si eres una start-up de r\u00e1pido crecimiento como una gran empresa, <strong>Remote<\/strong> ofrece una interfaz intuitiva que se adapta a tus necesidades, con funciones escalables que crecen contigo.<\/li><\/ul><div> <\/div><ul><li><strong style=\"text-align: var(--text-align); color: var( --e-global-color-text ); background-color: var( --e-global-color-ca921c0 ); letter-spacing: 0px;\">Gesti\u00f3n integrada de datos de RRHH<\/strong>: con <strong>Remote<\/strong>, puedes <strong>centralizar la gesti\u00f3n de los salarios<\/strong> de tus empleados, est\u00e9n en EE.UU., Europa, Asia o cualquier otro lugar. Se acabaron las preocupaciones por las divisas extranjeras o los problemas fiscales locales. <\/li><\/ul><div> <\/div><ul><li><strong>Mejora de la<\/strong> experiencia de trabajo a distancia: Muchos usuarios destacan c\u00f3mo Remote ha contribuido a mejorar la experiencia general de trabajo a distancia, facilitando la gesti\u00f3n de equipos internacionales y garantizando el cumplimiento de la normativa local.<\/li><\/ul><div> <\/div><ul><li data-pm-slice=\"1 1 []\"><strong>Gesti\u00f3n de gastos simplificada:<\/strong> Remote simplifica la gesti\u00f3n de gastos centralizando todas tus transacciones en una \u00fanica plataforma. Gracias a la automatizaci\u00f3n inteligente, cada compra se categoriza y rastrea r\u00e1pidamente, lo que te permite controlar tus finanzas sin esfuerzo. Reducir\u00e1s los errores humanos, ahorrar\u00e1s tiempo y mejorar\u00e1s la transparencia financiera de tu empresa. Disfruta de un control total sobre tus gastos para una gesti\u00f3n financiera m\u00e1s \u00e1gil y eficaz.   <\/li><\/ul><div> <\/div><ul><li data-pm-slice=\"0 0 []\"><b>Beneficios competitivos y localizados: <\/b>Atrae y retiene a los mejores talentos con paquetes de beneficios adaptados a cada pa\u00eds: seguro m\u00e9dico, permisos retribuidos, pensiones, permisos parentales, etc. Remote te permite alinear tus ofertas de RRHH con las normas locales para seguir siendo competitivo.<\/li><\/ul>\t\t\t\t\t\t\t\t<\/div>\n\t\t\t\t<\/div>\n\t\t\t\t<div class=\"elementor-element elementor-element-fe6ab54 elementor-widget elementor-widget-heading\" data-id=\"fe6ab54\" data-element_type=\"widget\" data-e-type=\"widget\" data-widget_type=\"heading.default\">\n\t\t\t\t<div class=\"elementor-widget-container\">\n\t\t\t\t\t<h2 class=\"elementor-heading-title elementor-size-default\">\u00bfA qui\u00e9n va dirigido Remote?  <\/h2>\t\t\t\t<\/div>\n\t\t\t\t<\/div>\n\t\t\t\t<div class=\"elementor-element elementor-element-a6fd797 elementor-widget elementor-widget-text-editor\" data-id=\"a6fd797\" data-element_type=\"widget\" data-e-type=\"widget\" data-widget_type=\"text-editor.default\">\n\t\t\t\t<div class=\"elementor-widget-container\">\n\t\t\t\t\t\t\t\t\t<p><strong>Remote<\/strong> est\u00e1 dise\u00f1ado para <strong>empresas de nueva creaci\u00f3n<\/strong>, <strong>PYMES<\/strong> y grandes empresas que quieren <strong>contratar talento a nivel internacional<\/strong> sin preocuparse de complejidades administrativas. Si quieres contratar en varios pa\u00edses o simplemente optimizar la gesti\u00f3n de tu <strong>plantilla remota<\/strong>, <strong>Remote<\/strong> es la herramienta ideal para garantizar el cumplimiento y mejorar la gesti\u00f3n de RRHH. <\/p>\t\t\t\t\t\t\t\t<\/div>\n\t\t\t\t<\/div>\n\t\t\t\t\t<\/div>\n\t\t\t\t<\/div>\n\t\t<div class=\"elementor-element elementor-element-0fd38bb e-flex e-con-boxed wpr-particle-no wpr-jarallax-no wpr-parallax-no wpr-sticky-section-no e-con e-parent\" data-id=\"0fd38bb\" data-element_type=\"container\" data-e-type=\"container\">\n\t\t\t\t\t<div class=\"e-con-inner\">\n\t\t\t\t<div class=\"elementor-element elementor-element-0711ccb elementor-widget elementor-widget-heading\" data-id=\"0711ccb\" data-element_type=\"widget\" data-e-type=\"widget\" data-widget_type=\"heading.default\">\n\t\t\t\t<div class=\"elementor-widget-container\">\n\t\t\t\t\t<h2 class=\"elementor-heading-title elementor-size-default\">Conclusi\u00f3n<\/h2>\t\t\t\t<\/div>\n\t\t\t\t<\/div>\n\t\t\t\t\t<\/div>\n\t\t\t\t<\/div>\n\t\t<div class=\"elementor-element elementor-element-04f7cf7 e-flex e-con-boxed wpr-particle-no wpr-jarallax-no wpr-parallax-no wpr-sticky-section-no e-con e-parent\" data-id=\"04f7cf7\" data-element_type=\"container\" data-e-type=\"container\">\n\t\t\t\t\t<div class=\"e-con-inner\">\n\t\t\t\t<div class=\"elementor-element elementor-element-9a67ff3 elementor-widget elementor-widget-text-editor\" data-id=\"9a67ff3\" data-element_type=\"widget\" data-e-type=\"widget\" data-widget_type=\"text-editor.default\">\n\t\t\t\t<div class=\"elementor-widget-container\">\n\t\t\t\t\t\t\t\t\t<p><strong>Remote<\/strong> es m\u00e1s que una herramienta de RRHH, es un <strong>socio estrat\u00e9gico<\/strong> que ayuda a las empresas a <strong>optimizar la gesti\u00f3n de sus empleados internacionales<\/strong>. Con su capacidad para <strong>centralizar las n\u00f3minas<\/strong>, <strong>gestionar el cumplimiento legal<\/strong> y <strong>ofrecer ventajas competitivas<\/strong>, Remote te permite <strong>centrarte en tu crecimiento<\/strong>, sin tener que preocuparte por las limitaciones administrativas. Si quieres <strong>crear un equipo global<\/strong> con facilidad, Remote es la herramienta que necesitas para navegar por las complejidades del trabajo internacional.  <\/p>\t\t\t\t\t\t\t\t<\/div>\n\t\t\t\t<\/div>\n\t\t\t\t\t<\/div>\n\t\t\t\t<\/div>\n\t\t\t\t<\/div>\n\t\t","protected":false},"excerpt":{"rendered":"<p><strong>Remote<\/strong> es una plataforma de RRHH que facilita la contrataci\u00f3n y gesti\u00f3n de equipos remotos a nivel internacional. Ofrece servicios de n\u00f3minas, prestaciones y cumplimiento legal. <strong>Remote<\/strong> permite a las empresas gestionar el talento global de forma sencilla y eficaz. <\/p>\n<ul>\n<li>Gesti\u00f3n remota de empleados<\/li>\n<li>Automatizaci\u00f3n de n\u00f3minas<\/li>\n<li>Cumplimiento internacional<\/li>\n<li>Integraci\u00f3n simplificada<\/li>\n<\/ul>\n","protected":false},"featured_media":30602,"comment_status":"open","ping_status":"closed","template":"","meta":{"_acf_changed":false,"_glsr_average":0,"_glsr_ranking":0,"_glsr_reviews":0},"product_brand":[],"product_cat":[5190],"product_tag":[],"class_list":{"0":"post-30600","1":"product","2":"type-product","3":"status-publish","4":"has-post-thumbnail","6":"product_cat-software-de-rrhh","8":"first","9":"instock","10":"shipping-taxable","11":"product-type-external"},"acf":[],"_links":{"self":[{"href":"https:\/\/boostgrowb.com\/es\/wp-json\/wp\/v2\/product\/30600","targetHints":{"allow":["GET"]}}],"collection":[{"href":"https:\/\/boostgrowb.com\/es\/wp-json\/wp\/v2\/product"}],"about":[{"href":"https:\/\/boostgrowb.com\/es\/wp-json\/wp\/v2\/types\/product"}],"replies":[{"embeddable":true,"href":"https:\/\/boostgrowb.com\/es\/wp-json\/wp\/v2\/comments?post=30600"}],"version-history":[{"count":0,"href":"https:\/\/boostgrowb.com\/es\/wp-json\/wp\/v2\/product\/30600\/revisions"}],"wp:featuredmedia":[{"embeddable":true,"href":"https:\/\/boostgrowb.com\/es\/wp-json\/wp\/v2\/media\/30602"}],"wp:attachment":[{"href":"https:\/\/boostgrowb.com\/es\/wp-json\/wp\/v2\/media?parent=30600"}],"wp:term":[{"taxonomy":"product_brand","embeddable":true,"href":"https:\/\/boostgrowb.com\/es\/wp-json\/wp\/v2\/product_brand?post=30600"},{"taxonomy":"product_cat","embeddable":true,"href":"https:\/\/boostgrowb.com\/es\/wp-json\/wp\/v2\/product_cat?post=30600"},{"taxonomy":"product_tag","embeddable":true,"href":"https:\/\/boostgrowb.com\/es\/wp-json\/wp\/v2\/product_tag?post=30600"}],"curies":[{"name":"wp","href":"https:\/\/api.w.org\/{rel}","templated":true}]}}