{"id":30601,"date":"2024-08-25T21:19:56","date_gmt":"2024-08-25T21:19:56","guid":{"rendered":"https:\/\/boostgrowb.com\/software\/axonauta\/"},"modified":"2026-02-21T14:02:47","modified_gmt":"2026-02-21T14:02:47","slug":"axonauta","status":"publish","type":"product","link":"https:\/\/boostgrowb.com\/es\/software\/axonauta\/","title":{"rendered":"Axonauta"},"content":{"rendered":"\t\t<div data-elementor-type=\"product-post\" data-elementor-id=\"30601\" class=\"elementor elementor-30601 elementor-7052\" data-elementor-post-type=\"product\">\n\t\t\t\t<div class=\"elementor-element elementor-element-27b8b76 e-flex e-con-boxed wpr-particle-no wpr-jarallax-no wpr-parallax-no wpr-sticky-section-no e-con e-parent\" data-id=\"27b8b76\" data-element_type=\"container\" data-e-type=\"container\">\n\t\t\t\t\t<div class=\"e-con-inner\">\n\t\t\t\t<div class=\"elementor-element elementor-element-8765066 elementor-widget elementor-widget-heading\" data-id=\"8765066\" data-element_type=\"widget\" data-e-type=\"widget\" data-widget_type=\"heading.default\">\n\t\t\t\t<div class=\"elementor-widget-container\">\n\t\t\t\t\t<h2 class=\"elementor-heading-title elementor-size-default\">\u00bfQu\u00e9 es Axonauta?<\/h2>\t\t\t\t<\/div>\n\t\t\t\t<\/div>\n\t\t\t\t\t<\/div>\n\t\t\t\t<\/div>\n\t\t<div class=\"elementor-element elementor-element-98f52a8 e-flex e-con-boxed wpr-particle-no wpr-jarallax-no wpr-parallax-no wpr-sticky-section-no e-con e-parent\" data-id=\"98f52a8\" data-element_type=\"container\" data-e-type=\"container\">\n\t\t\t\t\t<div class=\"e-con-inner\">\n\t\t\t\t<div class=\"elementor-element elementor-element-23608f4 elementor-widget elementor-widget-text-editor\" data-id=\"23608f4\" data-element_type=\"widget\" data-e-type=\"widget\" data-widget_type=\"text-editor.default\">\n\t\t\t\t<div class=\"elementor-widget-container\">\n\t\t\t\t\t\t\t\t\t<p class=\"\" data-start=\"0\" data-end=\"618\"><strong data-start=\"0\" data-end=\"11\">Axonaut<\/strong> es un paquete de software de gesti\u00f3n empresarial todo en uno, dise\u00f1ado espec\u00edficamente para satisfacer las necesidades de <strong data-start=\"115\" data-end=\"122\">las VSE<\/strong>, las <strong data-start=\"124\" data-end=\"131\" data-is-only-node=\"\">PYME<\/strong>, los <strong data-start=\"133\" data-end=\"149\">aut\u00f3nomos<\/strong> y <strong data-start=\"153\" data-end=\"166\">las empresas de nueva creaci\u00f3n<\/strong>. Esta plataforma centraliza todos los procesos de gesti\u00f3n diaria, desde la <strong data-start=\"245\" data-end=\"260\">facturaci\u00f3n<\/strong> y la <strong data-start=\"266\" data-end=\"282\">contabilidad<\/strong> hasta la <strong data-start=\"302\" data-end=\"325\">gesti\u00f3n de ventas<\/strong> y el <strong data-start=\"332\" data-end=\"353\">seguimiento de los clientes<\/strong>. Con su interfaz intuitiva y su panel de control centralizado, <strong data-start=\"421\" data-end=\"432\">Axonaut<\/strong> simplifica la gesti\u00f3n administrativa de tu empresa, ahorr\u00e1ndote un tiempo precioso para que puedas concentrarte plenamente en <strong data-start=\"580\" data-end=\"615\">el desarrollo de tu negocio<\/strong>.  <\/p><p class=\"\" data-start=\"620\" data-end=\"1209\">Una de las principales ventajas de Axonaut es su <strong data-start=\"676\" data-end=\"708\">funcionalidad automatizada<\/strong>, que optimiza las tareas repetitivas y garantiza una gesti\u00f3n fluida. Tanto si est\u00e1s generando presupuestos, enviando facturas, realizando un seguimiento de los gastos o gestionando recordatorios de clientes, Axonaut te ayuda a automatizar estas tareas administrativas, reduciendo el riesgo de errores y mejorando tu <strong data-start=\"1015\" data-end=\"1031\">productividad<\/strong>. Con herramientas de <strong data-start=\"1052\" data-end=\"1075\">informes detallados<\/strong> y <strong data-start=\"1083\" data-end=\"1109\">an\u00e1lisis en tiempo real<\/strong>, tendr\u00e1s en todo momento una visi\u00f3n completa y precisa de la salud financiera de tu empresa.  <\/p><p class=\"\" data-start=\"1211\" data-end=\"1867\">Este software se adapta perfectamente tanto a <strong data-start=\"1249\" data-end=\"1279\">contratistas independientes<\/strong> como a <strong data-start=\"1293\" data-end=\"1328\">peque\u00f1as y medianas empresas<\/strong>, ya que ofrece total flexibilidad en la gesti\u00f3n de tareas y personalizaci\u00f3n para adaptarse a tus necesidades. Al elegir <strong data-start=\"1448\" data-end=\"1459\">Axonaut<\/strong>, te beneficias de una asistencia completa, desde la gesti\u00f3n de tus clientes hasta el an\u00e1lisis de tu rendimiento, lo que te permite tomar decisiones informadas y hacer crecer tu negocio de <strong data-start=\"1673\" data-end=\"1701\">forma organizada y estrat\u00e9gica<\/strong>. Con Axonaut, puedes gestionar tu empresa de forma sencilla, r\u00e1pida y, sobre todo, m\u00e1s eficaz, reduciendo al m\u00ednimo las tareas administrativas que te frenan.  <\/p>\t\t\t\t\t\t\t\t<\/div>\n\t\t\t\t<\/div>\n\t\t\t\t<div class=\"elementor-element elementor-element-1cbae0b elementor-widget elementor-widget-heading\" data-id=\"1cbae0b\" data-element_type=\"widget\" data-e-type=\"widget\" data-widget_type=\"heading.default\">\n\t\t\t\t<div class=\"elementor-widget-container\">\n\t\t\t\t\t<h2 class=\"elementor-heading-title elementor-size-default\">Los 5 activos clave de Axonaut<\/h2>\t\t\t\t<\/div>\n\t\t\t\t<\/div>\n\t\t\t\t<div class=\"elementor-element elementor-element-7167c2b elementor-widget elementor-widget-text-editor\" data-id=\"7167c2b\" data-element_type=\"widget\" data-e-type=\"widget\" data-widget_type=\"text-editor.default\">\n\t\t\t\t<div class=\"elementor-widget-container\">\n\t\t\t\t\t\t\t\t\t<ul><li><p><b>Gesti\u00f3n todo en uno :<\/b> <span style=\"background-color: transparent; text-align: var(--text-align); color: var( --e-global-color-text ); letter-spacing: 0px;\">Axonaut centraliza todos los procesos de gesti\u00f3n empresarial: <\/span><strong style=\"background-color: transparent; text-align: var(--text-align); color: var( --e-global-color-text ); letter-spacing: 0px;\" data-start=\"159\" data-end=\"174\" data-is-only-node=\"\">facturaci\u00f3n<\/strong><span style=\"background-color: transparent; text-align: var(--text-align); color: var( --e-global-color-text ); letter-spacing: 0px;\">, <\/span><strong style=\"background-color: transparent; text-align: var(--text-align); color: var( --e-global-color-text ); letter-spacing: 0px;\" data-start=\"176\" data-end=\"192\">contabilidad<\/strong><span style=\"background-color: transparent; text-align: var(--text-align); color: var( --e-global-color-text ); letter-spacing: 0px;\">, <\/span><strong style=\"background-color: transparent; text-align: var(--text-align); color: var( --e-global-color-text ); letter-spacing: 0px;\" data-start=\"194\" data-end=\"217\">gesti\u00f3n comercial<\/strong><span style=\"background-color: transparent; text-align: var(--text-align); color: var( --e-global-color-text ); letter-spacing: 0px;\"> y <\/span><strong style=\"background-color: transparent; text-align: var(--text-align); color: var( --e-global-color-text ); letter-spacing: 0px;\" data-start=\"221\" data-end=\"242\">atenci\u00f3n al cliente<\/strong><span style=\"background-color: transparent; text-align: var(--text-align); color: var( --e-global-color-text ); letter-spacing: 0px;\">. Este enfoque integrado permite centralizar toda la informaci\u00f3n esencial en una \u00fanica plataforma, lo que facilita la gesti\u00f3n diaria de la empresa.<\/span><\/p><\/li><li><p><b>Automatizaci\u00f3n de tareas administrativas:<\/b> <span style=\"background-color: transparent; text-align: var(--text-align); color: var( --e-global-color-text ); letter-spacing: 0px;\">Gracias a sus funciones de automatizaci\u00f3n, Axonaut ahorra tiempo automatizando tareas repetitivas como la creaci\u00f3n de <\/span><strong style=\"background-color: transparent; text-align: var(--text-align); color: var( --e-global-color-text ); letter-spacing: 0px;\" data-start=\"611\" data-end=\"620\" data-is-only-node=\"\">presupuestos<\/strong><span style=\"background-color: transparent; text-align: var(--text-align); color: var( --e-global-color-text ); letter-spacing: 0px;\">env\u00edo de <\/span><strong style=\"background-color: transparent; text-align: var(--text-align); color: var( --e-global-color-text ); letter-spacing: 0px;\" data-start=\"633\" data-end=\"645\">facturas<\/strong><span style=\"background-color: transparent; text-align: var(--text-align); color: var( --e-global-color-text ); letter-spacing: 0px;\">env\u00edo de facturas <\/span><strong style=\"background-color: transparent; text-align: var(--text-align); color: var( --e-global-color-text ); letter-spacing: 0px;\" data-start=\"650\" data-end=\"673\">seguimiento de pagos<\/strong><span style=\"background-color: transparent; text-align: var(--text-align); color: var( --e-global-color-text ); letter-spacing: 0px;\"> y <\/span><strong style=\"background-color: transparent; text-align: var(--text-align); color: var( --e-global-color-text ); letter-spacing: 0px;\" data-start=\"681\" data-end=\"701\">recordatorios a clientes<\/strong><span style=\"background-color: transparent; text-align: var(--text-align); color: var( --e-global-color-text ); letter-spacing: 0px;\">. Esto reduce el riesgo de error humano y te permite concentrarte en tareas de mayor valor a\u00f1adido.<\/span><\/p><\/li><li data-start=\"818\" data-end=\"1154\"><strong><span style=\"background-color: transparent; text-align: var(--text-align); color: var( --e-global-color-text ); letter-spacing: 0px;\">Interfaz intuitiva y f\u00e1cil de usar: <\/span><\/strong>Axonaut ofrece una <strong data-start=\"889\" data-end=\"924\" data-is-only-node=\"\">interfaz sencilla y ergon\u00f3mica<\/strong> que no requiere conocimientos t\u00e9cnicos especiales. Su dise\u00f1o aerodin\u00e1mico y su panel de control centralizado facilitan el manejo del programa, incluso a quienes no est\u00e1n familiarizados con herramientas de gesti\u00f3n complejas. <\/li><\/ul><div> <\/div><ul><li data-start=\"1159\" data-end=\"1548\"><b>Adaptabilidad para VSE, PYMES y aut\u00f3nomos:<\/b> Axonaut est\u00e1 dise\u00f1ado para adaptarse a todos los tama\u00f1os de empresa, desde <strong data-start=\"1682\" data-end=\"1698\" data-is-only-node=\"\">aut\u00f3nomos<\/strong> a <strong data-start=\"1703\" data-end=\"1710\">PYMES<\/strong>. Es flexible y modular, y ofrece funciones personalizables para satisfacer las necesidades espec\u00edficas de cada tipo de empresa, desde <strong data-start=\"1872\" data-end=\"1884\">empresas de nueva creaci\u00f3n<\/strong> en r\u00e1pido crecimiento hasta peque\u00f1as organizaciones con requisitos m\u00e1s sencillos. <\/li><\/ul><div> <\/div><ul><li><b>Informes y an\u00e1lisis: <\/b>Axonaut proporciona <strong data-start=\"1223\" data-end=\"1245\" data-is-only-node=\"\">informes detallados<\/strong> y <strong data-start=\"1253\" data-end=\"1277\">an\u00e1lisis financieros<\/strong> en tiempo real, que permiten a los usuarios seguir de cerca la <strong data-start=\"1342\" data-end=\"1362\">salud financiera de<\/strong> su empresa. Las herramientas de <strong data-start=\"1397\" data-end=\"1426\">visualizaci\u00f3n de datos<\/strong> ayudan a identificar oportunidades de mejora y a tomar decisiones informadas basadas en datos precisos. <\/li><\/ul>\t\t\t\t\t\t\t\t<\/div>\n\t\t\t\t<\/div>\n\t\t\t\t<div class=\"elementor-element elementor-element-51ff8c0 elementor-widget elementor-widget-heading\" data-id=\"51ff8c0\" data-element_type=\"widget\" data-e-type=\"widget\" data-widget_type=\"heading.default\">\n\t\t\t\t<div class=\"elementor-widget-container\">\n\t\t\t\t\t<h2 class=\"elementor-heading-title elementor-size-default\">Conclusi\u00f3n<\/h2>\t\t\t\t<\/div>\n\t\t\t\t<\/div>\n\t\t\t\t<div class=\"elementor-element elementor-element-449544d elementor-widget elementor-widget-text-editor\" data-id=\"449544d\" data-element_type=\"widget\" data-e-type=\"widget\" data-widget_type=\"text-editor.default\">\n\t\t\t\t<div class=\"elementor-widget-container\">\n\t\t\t\t\t\t\t\t\t<p data-pm-slice=\"1 1 []\"><strong data-start=\"15\" data-end=\"26\">Axonaut<\/strong> es el CRM ideal para <strong data-start=\"75\" data-end=\"82\">VSEs<\/strong>, <strong data-start=\"84\" data-end=\"91\">PYMES<\/strong>, <strong data-start=\"93\" data-end=\"109\">aut\u00f3nomos<\/strong> y <strong data-start=\"113\" data-end=\"126\">empresas de nueva creaci\u00f3n<\/strong> que quieren <strong data-start=\"142\" data-end=\"186\">simplificar la gesti\u00f3n de su negocio<\/strong> al tiempo que aumentan su eficacia. Con su <strong data-start=\"226\" data-end=\"248\">gesti\u00f3n todo en uno<\/strong>, sus <strong data-start=\"254\" data-end=\"290\">funciones de automatizaci\u00f3n<\/strong> y su <strong data-start=\"297\" data-end=\"323\">facilidad de uso<\/strong>, Axonaut te permite centrarte en lo importante: hacer crecer tu negocio. Con <strong data-start=\"430\" data-end=\"456\">informes en tiempo real<\/strong> y una <strong data-start=\"464\" data-end=\"480\">adaptabilidad<\/strong> sin fisuras, Axonaut te ayuda en cada etapa de tu crecimiento, ofreci\u00e9ndote <strong data-start=\"574\" data-end=\"599\">la m\u00e1xima productividad<\/strong> y una gesti\u00f3n simplificada.  <\/p>\t\t\t\t\t\t\t\t<\/div>\n\t\t\t\t<\/div>\n\t\t\t\t\t<\/div>\n\t\t\t\t<\/div>\n\t\t\t\t<\/div>\n\t\t","protected":false},"excerpt":{"rendered":"<p>Axonaut es un paquete de software de gesti\u00f3n \u00abtodo en uno\u00bb dise\u00f1ado para peque\u00f1as y medianas empresas (PYMES) y aut\u00f3nomos. Ofrece una serie de funciones para simplificar la gesti\u00f3n diaria, como la facturaci\u00f3n, la gesti\u00f3n de las relaciones con los clientes (CRM), el control de la tesorer\u00eda, etc. <\/p>\n<ul>\n<li>Automatizaci\u00f3n de tareas<\/li>\n<li>Interfaz intuitiva y f\u00e1cil de usar<\/li>\n<li>Apoyo e integraci\u00f3n<\/li>\n<li>Una soluci\u00f3n todo en uno<\/li>\n<\/ul>\n","protected":false},"featured_media":30607,"comment_status":"open","ping_status":"closed","template":"","meta":{"_acf_changed":false,"_glsr_average":0,"_glsr_ranking":0,"_glsr_reviews":0},"product_brand":[],"product_cat":[4228,4409],"product_tag":[],"class_list":{"0":"post-30601","1":"product","2":"type-product","3":"status-publish","4":"has-post-thumbnail","6":"product_cat-gestion-de-proyectos","7":"product_cat-software-de-contabilidad","9":"first","10":"instock","11":"shipping-taxable","12":"product-type-external"},"acf":[],"_links":{"self":[{"href":"https:\/\/boostgrowb.com\/es\/wp-json\/wp\/v2\/product\/30601","targetHints":{"allow":["GET"]}}],"collection":[{"href":"https:\/\/boostgrowb.com\/es\/wp-json\/wp\/v2\/product"}],"about":[{"href":"https:\/\/boostgrowb.com\/es\/wp-json\/wp\/v2\/types\/product"}],"replies":[{"embeddable":true,"href":"https:\/\/boostgrowb.com\/es\/wp-json\/wp\/v2\/comments?post=30601"}],"version-history":[{"count":0,"href":"https:\/\/boostgrowb.com\/es\/wp-json\/wp\/v2\/product\/30601\/revisions"}],"wp:featuredmedia":[{"embeddable":true,"href":"https:\/\/boostgrowb.com\/es\/wp-json\/wp\/v2\/media\/30607"}],"wp:attachment":[{"href":"https:\/\/boostgrowb.com\/es\/wp-json\/wp\/v2\/media?parent=30601"}],"wp:term":[{"taxonomy":"product_brand","embeddable":true,"href":"https:\/\/boostgrowb.com\/es\/wp-json\/wp\/v2\/product_brand?post=30601"},{"taxonomy":"product_cat","embeddable":true,"href":"https:\/\/boostgrowb.com\/es\/wp-json\/wp\/v2\/product_cat?post=30601"},{"taxonomy":"product_tag","embeddable":true,"href":"https:\/\/boostgrowb.com\/es\/wp-json\/wp\/v2\/product_tag?post=30601"}],"curies":[{"name":"wp","href":"https:\/\/api.w.org\/{rel}","templated":true}]}}