{"id":30612,"date":"2024-09-30T13:01:51","date_gmt":"2024-09-30T13:01:51","guid":{"rendered":"https:\/\/boostgrowb.com\/software\/freshworks\/"},"modified":"2025-07-07T16:15:22","modified_gmt":"2025-07-07T16:15:22","slug":"freshworks","status":"publish","type":"product","link":"https:\/\/boostgrowb.com\/es\/software\/freshworks\/","title":{"rendered":"freshworks"},"content":{"rendered":"\t\t<div data-elementor-type=\"product-post\" data-elementor-id=\"30612\" class=\"elementor elementor-30612 elementor-9571\" data-elementor-post-type=\"product\">\n\t\t\t\t<div class=\"elementor-element elementor-element-426c59c e-flex e-con-boxed wpr-particle-no wpr-jarallax-no wpr-parallax-no wpr-sticky-section-no e-con e-parent\" data-id=\"426c59c\" data-element_type=\"container\" data-e-type=\"container\">\n\t\t\t\t\t<div class=\"e-con-inner\">\n\t\t\t\t<div class=\"elementor-element elementor-element-f3f2e91 elementor-widget elementor-widget-heading\" data-id=\"f3f2e91\" data-element_type=\"widget\" data-e-type=\"widget\" data-widget_type=\"heading.default\">\n\t\t\t\t<div class=\"elementor-widget-container\">\n\t\t\t\t\t<h2 class=\"elementor-heading-title elementor-size-default\">\u00bfQu\u00e9 es freshworks?<\/h2>\t\t\t\t<\/div>\n\t\t\t\t<\/div>\n\t\t\t\t\t<\/div>\n\t\t\t\t<\/div>\n\t\t<div class=\"elementor-element elementor-element-1d76f19 e-flex e-con-boxed wpr-particle-no wpr-jarallax-no wpr-parallax-no wpr-sticky-section-no e-con e-parent\" data-id=\"1d76f19\" data-element_type=\"container\" data-e-type=\"container\">\n\t\t\t\t\t<div class=\"e-con-inner\">\n\t\t\t\t<div class=\"elementor-element elementor-element-a534d9f elementor-widget elementor-widget-text-editor\" data-id=\"a534d9f\" data-element_type=\"widget\" data-e-type=\"widget\" data-widget_type=\"text-editor.default\">\n\t\t\t\t<div class=\"elementor-widget-container\">\n\t\t\t\t\t\t\t\t\t<p class=\"\" data-start=\"153\" data-end=\"768\"><strong data-start=\"153\" data-end=\"236\">Freshworks es una suite de software de gesti\u00f3n empresarial todo en uno<\/strong> dise\u00f1ada para mejorar la eficacia operativa, reforzar las relaciones con los clientes e impulsar el rendimiento de las ventas. Con potentes herramientas como <strong data-start=\"396\" data-end=\"409\">Freshdesk<\/strong> para la atenci\u00f3n al cliente, <strong data-start=\"434\" data-end=\"448\">Freshsales<\/strong> para la gesti\u00f3n de ventas y <strong data-start=\"487\" data-end=\"503\">Freshservice<\/strong> para la gesti\u00f3n de servicios inform\u00e1ticos, la plataforma centraliza las funciones empresariales clave. Est\u00e1 dirigida tanto a PYMES como a grandes empresas que buscan un entorno de trabajo m\u00e1s fluido y conectado, centrado en la satisfacci\u00f3n del cliente.  <\/p><p class=\"\" data-start=\"770\" data-end=\"1280\">Gracias a su <strong data-start=\"816\" data-end=\"839\">interfaz intuitiva<\/strong> y a <strong data-start=\"847\" data-end=\"896\">sus funciones de automatizaci\u00f3n inteligente<\/strong> que simplifican la colaboraci\u00f3n entre equipos. Ahorrar\u00e1s tiempo en tareas repetitivas, mejorar\u00e1s los tiempos de respuesta y ofrecer\u00e1s una experiencia superior al cliente. Los distintos m\u00f3dulos se integran perfectamente entre s\u00ed, lo que permite una gesti\u00f3n unificada del ciclo de vida del cliente, desde el primer contacto hasta la posventa, incluido el soporte t\u00e9cnico.  <\/p><p class=\"\" data-start=\"1282\" data-end=\"1812\">Al elegir Freshworks, est\u00e1s adoptando una soluci\u00f3n escalable y modular dise\u00f1ada para respaldar tu crecimiento. Tanto si buscas <strong data-start=\"1418\" data-end=\"1451\">automatizar tu prospecci\u00f3n<\/strong>, <strong data-start=\"1453\" data-end=\"1498\">gestionar eficazmente tus tickets de asistencia<\/strong> u <strong data-start=\"1503\" data-end=\"1551\">optimizar el rendimiento de tus equipos inform\u00e1ticos<\/strong>, Freshworks es un <strong data-start=\"1582\" data-end=\"1618\">aut\u00e9ntico potenciador de la productividad<\/strong>. Su flexibilidad, rica funcionalidad y orientaci\u00f3n al cliente lo convierten en un aliado inestimable para todas las empresas que buscan <strong data-start=\"1759\" data-end=\"1787\">digitalizar su gesti\u00f3n<\/strong> sin complejidades innecesarias.  <\/p>\t\t\t\t\t\t\t\t<\/div>\n\t\t\t\t<\/div>\n\t\t\t\t<div class=\"elementor-element elementor-element-306b403 elementor-widget elementor-widget-heading\" data-id=\"306b403\" data-element_type=\"widget\" data-e-type=\"widget\" data-widget_type=\"heading.default\">\n\t\t\t\t<div class=\"elementor-widget-container\">\n\t\t\t\t\t<h2 class=\"elementor-heading-title elementor-size-default\">Las principales obras frescas  <\/h2>\t\t\t\t<\/div>\n\t\t\t\t<\/div>\n\t\t\t\t<div class=\"elementor-element elementor-element-7913a01 elementor-widget elementor-widget-text-editor\" data-id=\"7913a01\" data-element_type=\"widget\" data-e-type=\"widget\" data-widget_type=\"text-editor.default\">\n\t\t\t\t<div class=\"elementor-widget-container\">\n\t\t\t\t\t\t\t\t\t<p><strong style=\"text-align: var(--text-align); color: var( --e-global-color-text ); background-color: var( --e-global-color-ca921c0 ); letter-spacing: 0px;\">Una interfaz f\u00e1cil de usar:<\/strong><span style=\"text-align: var(--text-align); color: var( --e-global-color-text ); background-color: var( --e-global-color-ca921c0 ); letter-spacing: 0px;\"> Freshworks ofrece una experiencia de usuario intuitiva, que permite una r\u00e1pida adopci\u00f3n por parte de tus equipos, incluso sin una formaci\u00f3n t\u00e9cnica en profundidad.<\/span><\/p><p><strong>Una soluci\u00f3n todo en uno:<\/strong> <span style=\"text-align: var(--text-align); color: var( --e-global-color-text ); background-color: var( --e-global-color-ca921c0 ); letter-spacing: 0px;\">Freshworks centraliza todas tus herramientas empresariales -CRM, atenci\u00f3n al cliente, marketing, TI- en una \u00fanica plataforma intuitiva. Se acab\u00f3 el ir y venir entre distintas soluciones: todo est\u00e1 conectado para una gesti\u00f3n simplificada y coherente. <\/span><\/p><p><strong>Automatizaci\u00f3n avanzada:<\/strong> Automatiza tus tareas repetitivas, como el seguimiento de clientes potenciales o la resoluci\u00f3n de tickets, para aumentar la eficacia y reducir los errores humanos.<\/p><p><strong>Una soluci\u00f3n para cada empresa<\/strong>: tanto si eres una peque\u00f1a empresa como una multinacional, Freshworks tiene planes que se adaptan a tus necesidades y presupuesto.<\/p><p data-pm-slice=\"1 1 []\"><b>Integraciones:<\/b> Freshworks se integra perfectamente con tus herramientas actuales (Slack, Zapier, Gmail, Microsoft 365, etc.), lo que facilita su adopci\u00f3n sin alterar tus flujos de trabajo.<\/p>\t\t\t\t\t\t\t\t<\/div>\n\t\t\t\t<\/div>\n\t\t\t\t\t<\/div>\n\t\t\t\t<\/div>\n\t\t\t\t<\/div>\n\t\t","protected":false},"excerpt":{"rendered":"<div class=\"flex max-w-full flex-col flex-grow\">\n<div class=\"min-h-8 text-message flex w-full flex-col items-end gap-2 whitespace-normal break-words [.text-message+&amp;]:mt-5\" dir=\"auto\" data-message-author-role=\"assistant\" data-message-id=\"0c41db57-24b4-4304-a5ea-6d475103f3db\">\n<div class=\"flex w-full flex-col gap-1 empty:hidden first:pt-[3px]\">\n<div class=\"markdown prose w-full break-words dark:prose-invert light\">\n<p><strong>Freshworks<\/strong> es un conjunto de herramientas que optimiza la gesti\u00f3n de las relaciones con los clientes y las operaciones empresariales internas. Incluye soluciones de atenci\u00f3n al cliente, CRM y gesti\u00f3n de servicios inform\u00e1ticos, con una interfaz intuitiva y funciones de automatizaci\u00f3n. <\/p>\n<ul>\n<li>Plataforma todo en uno<\/li>\n<li>Automatizaci\u00f3n del marketing<\/li>\n<li>Interfaz intuitiva<\/li>\n<li>M\u00faltiples integraciones<\/li>\n<\/ul>\n<\/div>\n<\/div>\n<\/div>\n<\/div>\n","protected":false},"featured_media":30615,"comment_status":"open","ping_status":"closed","template":"","meta":{"_acf_changed":false,"_glsr_average":0,"_glsr_ranking":0,"_glsr_reviews":0},"product_brand":[],"product_cat":[4228],"product_tag":[],"class_list":{"0":"post-30612","1":"product","2":"type-product","3":"status-publish","4":"has-post-thumbnail","6":"product_cat-gestion-de-proyectos","8":"first","9":"instock","10":"shipping-taxable","11":"product-type-external"},"acf":[],"_links":{"self":[{"href":"https:\/\/boostgrowb.com\/es\/wp-json\/wp\/v2\/product\/30612","targetHints":{"allow":["GET"]}}],"collection":[{"href":"https:\/\/boostgrowb.com\/es\/wp-json\/wp\/v2\/product"}],"about":[{"href":"https:\/\/boostgrowb.com\/es\/wp-json\/wp\/v2\/types\/product"}],"replies":[{"embeddable":true,"href":"https:\/\/boostgrowb.com\/es\/wp-json\/wp\/v2\/comments?post=30612"}],"version-history":[{"count":0,"href":"https:\/\/boostgrowb.com\/es\/wp-json\/wp\/v2\/product\/30612\/revisions"}],"wp:featuredmedia":[{"embeddable":true,"href":"https:\/\/boostgrowb.com\/es\/wp-json\/wp\/v2\/media\/30615"}],"wp:attachment":[{"href":"https:\/\/boostgrowb.com\/es\/wp-json\/wp\/v2\/media?parent=30612"}],"wp:term":[{"taxonomy":"product_brand","embeddable":true,"href":"https:\/\/boostgrowb.com\/es\/wp-json\/wp\/v2\/product_brand?post=30612"},{"taxonomy":"product_cat","embeddable":true,"href":"https:\/\/boostgrowb.com\/es\/wp-json\/wp\/v2\/product_cat?post=30612"},{"taxonomy":"product_tag","embeddable":true,"href":"https:\/\/boostgrowb.com\/es\/wp-json\/wp\/v2\/product_tag?post=30612"}],"curies":[{"name":"wp","href":"https:\/\/api.w.org\/{rel}","templated":true}]}}