{"id":30621,"date":"2024-09-30T12:53:18","date_gmt":"2024-09-30T12:53:18","guid":{"rendered":"https:\/\/boostgrowb.com\/software\/cerrar\/"},"modified":"2025-07-07T16:15:23","modified_gmt":"2025-07-07T16:15:23","slug":"cerrar","status":"publish","type":"product","link":"https:\/\/boostgrowb.com\/es\/software\/cerrar\/","title":{"rendered":"Cerrar"},"content":{"rendered":"\t\t<div data-elementor-type=\"product-post\" data-elementor-id=\"30621\" class=\"elementor elementor-30621 elementor-9567\" data-elementor-post-type=\"product\">\n\t\t\t\t<div class=\"elementor-element elementor-element-6cd7d26 e-flex e-con-boxed wpr-particle-no wpr-jarallax-no wpr-parallax-no wpr-sticky-section-no e-con e-parent\" data-id=\"6cd7d26\" data-element_type=\"container\" data-e-type=\"container\">\n\t\t\t\t\t<div class=\"e-con-inner\">\n\t\t\t\t<div class=\"elementor-element elementor-element-0e49073 elementor-widget elementor-widget-heading\" data-id=\"0e49073\" data-element_type=\"widget\" data-e-type=\"widget\" data-widget_type=\"heading.default\">\n\t\t\t\t<div class=\"elementor-widget-container\">\n\t\t\t\t\t<h1 class=\"elementor-heading-title elementor-size-default\">\u00bfQu\u00e9 es Cerrar?<\/h1>\t\t\t\t<\/div>\n\t\t\t\t<\/div>\n\t\t\t\t<div class=\"elementor-element elementor-element-2135ffb elementor-widget elementor-widget-text-editor\" data-id=\"2135ffb\" data-element_type=\"widget\" data-e-type=\"widget\" data-widget_type=\"text-editor.default\">\n\t\t\t\t<div class=\"elementor-widget-container\">\n\t\t\t\t\t\t\t\t\t<p class=\"\" data-start=\"0\" data-end=\"545\"><strong data-start=\"0\" data-end=\"9\">Close<\/strong> es un <strong data-start=\"17\" data-end=\"33\">software CRM<\/strong> dise\u00f1ado para equipos de ventas que buscan <strong data-start=\"81\" data-end=\"118\" data-is-only-node=\"\">optimizar su proceso de ventas<\/strong> y aumentar su tasa de conversi\u00f3n. Con su <strong data-start=\"169\" data-end=\"192\">interfaz intuitiva<\/strong> y sus funciones avanzadas, Close <strong data-start=\"242\" data-end=\"289\">centraliza todas las interacciones con los clientes<\/strong> (llamadas, correos electr\u00f3nicos, mensajes de texto) en un solo lugar, lo que facilita el seguimiento y la gesti\u00f3n de los clientes potenciales. A diferencia de los CRM tradicionales, est\u00e1 dise\u00f1ado para <strong data-start=\"442\" data-end=\"476\">acelerar la toma de decisiones<\/strong> y reducir el tiempo dedicado a tareas administrativas innecesarias.  <\/p><p class=\"\" data-start=\"547\" data-end=\"1133\">Uno de <strong data-start=\"556\" data-end=\"582\">los mayores activos de Close<\/strong> es su <strong data-start=\"599\" data-end=\"630\">automatizaci\u00f3n inteligente<\/strong>, que optimiza el flujo de trabajo del personal de ventas. Con <strong data-start=\"683\" data-end=\"787\">secuencias automatizadas de correo electr\u00f3nico, recordatorios inteligentes y seguimiento en tiempo real de las interacciones<\/strong>, cada miembro del equipo puede <strong data-start=\"820\" data-end=\"846\">aumentar la productividad<\/strong> y asegurarse de que no se escape ninguna oportunidad. Adem\u00e1s,<strong data-start=\"930\" data-end=\"970\">la integraci\u00f3n nativa de llamadas y SMS<\/strong> permite contactar directamente con los clientes potenciales sin necesidad de herramientas de terceros, lo que simplifica la gesti\u00f3n de las comunicaciones y acelera el ciclo de ventas.  <\/p><p class=\"\" data-start=\"1135\" data-end=\"1635\">Al elegir <strong data-start=\"1150\" data-end=\"1159\">Close<\/strong>, las empresas se benefician de un <strong data-start=\"1194\" data-end=\"1221\">CRM orientado al rendimiento<\/strong>, dise\u00f1ado para equipos que quieren <strong data-start=\"1258\" data-end=\"1329\">pasar menos tiempo gestionando datos y m\u00e1s tiempo vendiendo<\/strong>. Con <strong data-start=\"1340\" data-end=\"1442\">estad\u00edsticas avanzadas, un canal de ventas personalizable y funciones de colaboraci\u00f3n<\/strong>, Close es una herramienta esencial para las <strong data-start=\"1498\" data-end=\"1538\">empresas de nueva creaci\u00f3n, las PYMES y las grandes empresas<\/strong> que buscan <strong data-start=\"1551\" data-end=\"1588\">impulsar el crecimiento de sus ventas<\/strong> y <strong data-start=\"1594\" data-end=\"1631\">maximizar su volumen de negocio<\/strong>. <\/p>\t\t\t\t\t\t\t\t<\/div>\n\t\t\t\t<\/div>\n\t\t\t\t<div class=\"elementor-element elementor-element-d45b5bc elementor-widget elementor-widget-heading\" data-id=\"d45b5bc\" data-element_type=\"widget\" data-e-type=\"widget\" data-widget_type=\"heading.default\">\n\t\t\t\t<div class=\"elementor-widget-container\">\n\t\t\t\t\t<h2 class=\"elementor-heading-title elementor-size-default\">Aqu\u00ed tienes 5 caracter\u00edsticas clave de Close<\/h2>\t\t\t\t<\/div>\n\t\t\t\t<\/div>\n\t\t\t\t<div class=\"elementor-element elementor-element-cd9685e elementor-widget elementor-widget-text-editor\" data-id=\"cd9685e\" data-element_type=\"widget\" data-e-type=\"widget\" data-widget_type=\"text-editor.default\">\n\t\t\t\t<div class=\"elementor-widget-container\">\n\t\t\t\t\t\t\t\t\t<ul><li data-start=\"71\" data-end=\"466\"><strong data-start=\"73\" data-end=\"123\">Integraci\u00f3n perfecta con tus herramientas favoritas: <\/strong>Close se conecta f\u00e1cilmente con soluciones como <strong data-start=\"180\" data-end=\"213\">Zapier, Slack, HubSpot, Gmail<\/strong> y muchas otras, para una experiencia de trabajo fluida y eficiente. Gracias a su <strong data-start=\"295\" data-end=\"325\">compatibilidad API<\/strong>, puedes adaptar tu CRM a las necesidades espec\u00edficas de tu equipo de ventas y automatizar a\u00fan m\u00e1s tareas. <\/li><\/ul><div> <\/div><ul><li data-start=\"468\" data-end=\"880\"><strong data-start=\"470\" data-end=\"529\">Automatizaci\u00f3n inteligente para maximizar la eficiencia: <\/strong>\u00a1Di adi\u00f3s a las tareas que te quitan tiempo! Close te permite <strong data-start=\"591\" data-end=\"693\">crear secuencias automatizadas de correos electr\u00f3nicos, recordatorios inteligentes y flujos de trabajo personalizados<\/strong> para optimizar tu prospecci\u00f3n y seguimiento de clientes. El resultado: tu personal de ventas dedica menos tiempo a tareas administrativas y m\u00e1s a <strong data-start=\"839\" data-end=\"877\">convertir clientes potenciales en clientes<\/strong>.  <\/li><\/ul><div> <\/div><ul><li data-start=\"882\" data-end=\"1269\"><strong data-start=\"1274\" data-end=\"1321\">Un canal de ventas intuitivo y de alto rendimiento: <\/strong>La interfaz de Close est\u00e1 dise\u00f1ada para que <strong data-start=\"1365\" data-end=\"1401\">su aprendizaje sea r\u00e1pido y eficaz<\/strong>, permitiendo a los equipos <strong data-start=\"1429\" data-end=\"1464\">ver, organizar y seguir a<\/strong> cada cliente potencial de un vistazo. Gracias a esta <strong data-start=\"1513\" data-end=\"1543\">navegaci\u00f3n ultraintuitiva<\/strong>, incluso los nuevos empleados pueden adoptarla r\u00e1pidamente y <strong data-start=\"1604\" data-end=\"1661\">concentrarse en lo que importa: cerrar ventas<\/strong>. <\/li><\/ul><div> <\/div><ul><li data-start=\"882\" data-end=\"1269\"><strong data-start=\"885\" data-end=\"941\">Potentes an\u00e1lisis para impulsar tu estrategia: <\/strong>Con sus avanzadas herramientas de informes, Close te ofrece <strong data-start=\"999\" data-end=\"1045\">una visibilidad total de tu rendimiento<\/strong>: tasa de conversi\u00f3n, eficacia de las campa\u00f1as de prospecci\u00f3n, productividad del personal de ventas, etc. Estos <strong data-start=\"1143\" data-end=\"1181\">datos pueden utilizarse en tiempo real<\/strong> para ajustar tu estrategia y optimizar cada oportunidad de venta.<\/li><\/ul><div> <\/div><ul><li data-start=\"1666\" data-end=\"2015\"><strong data-start=\"1669\" data-end=\"1716\">Seguimiento de clientes centralizado y en tiempo real: <\/strong>A diferencia del CRM tradicional, Close integra <strong data-start=\"1767\" data-end=\"1827\">llamadas, correos electr\u00f3nicos y mensajes de texto directamente en la plataforma<\/strong>, eliminando la necesidad de ir y venir entre distintas herramientas. Cada interacci\u00f3n queda registrada y es f\u00e1cilmente accesible, lo que garantiza <strong data-start=\"1960\" data-end=\"2012\">un seguimiento fluido y una relaci\u00f3n optimizada con el cliente<\/strong>. <\/li><\/ul>\t\t\t\t\t\t\t\t<\/div>\n\t\t\t\t<\/div>\n\t\t\t\t<div class=\"elementor-element elementor-element-4d7f589 elementor-widget elementor-widget-heading\" data-id=\"4d7f589\" data-element_type=\"widget\" data-e-type=\"widget\" data-widget_type=\"heading.default\">\n\t\t\t\t<div class=\"elementor-widget-container\">\n\t\t\t\t\t<h2 class=\"elementor-heading-title elementor-size-default\">\u00bfQui\u00e9n utiliza Cerrar?<\/h2>\t\t\t\t<\/div>\n\t\t\t\t<\/div>\n\t\t\t\t<div class=\"elementor-element elementor-element-78fb970 elementor-widget elementor-widget-text-editor\" data-id=\"78fb970\" data-element_type=\"widget\" data-e-type=\"widget\" data-widget_type=\"text-editor.default\">\n\t\t\t\t<div class=\"elementor-widget-container\">\n\t\t\t\t\t\t\t\t\t<p class=\"\" data-start=\"31\" data-end=\"288\">Close es un <strong data-start=\"44\" data-end=\"72\">CRM potente e intuitivo<\/strong> dise\u00f1ado para <strong data-start=\"89\" data-end=\"125\">equipos de ventas ambiciosos<\/strong> que quieren <strong data-start=\"138\" data-end=\"172\">vender m\u00e1s, m\u00e1s r\u00e1pido<\/strong>. Su interfaz fluida y sus funciones avanzadas lo convierten en una herramienta popular para muchos tipos de usuarios: <\/p><p class=\"\" data-start=\"290\" data-end=\"508\">\ud83d\udd39 <strong data-start=\"293\" data-end=\"317\">Start-ups y Scale-ups<\/strong>: Las empresas j\u00f3venes y de r\u00e1pido crecimiento utilizan Close para <strong data-start=\"385\" data-end=\"423\">estructurar su proceso de ventas<\/strong>, automatizar el seguimiento y <strong data-start=\"453\" data-end=\"505\">acelerar la conversi\u00f3n de clientes potenciales en clientes<\/strong>.<\/p><p class=\"\" data-start=\"510\" data-end=\"738\">\ud83d\udd39 <strong data-start=\"513\" data-end=\"526\">PYMES y VSE<\/strong>: Las peque\u00f1as y medianas empresas est\u00e1n adoptando Close para <strong data-start=\"585\" data-end=\"604\">ahorrar tiempo<\/strong>, optimizar su canal de ventas y maximizar la eficacia de sus equipos de ventas, sin tener que molestarse con un CRM demasiado complejo.<\/p><p class=\"\" data-start=\"740\" data-end=\"987\">\ud83d\udd39 <strong data-start=\"743\" data-end=\"780\">Empresas de SaaS y Tecnolog\u00eda<\/strong>: Close es especialmente apreciado por las empresas de SaaS que necesitan un seguimiento <strong data-start=\"877\" data-end=\"911\">preciso, automatizado y eficaz<\/strong> de los clientes para gestionar su ciclo de ventas e impulsar sus <strong data-start=\"959\" data-end=\"984\">ingresos recurrentes<\/strong>.<\/p><p class=\"\" data-start=\"989\" data-end=\"1222\">\ud83d\udd39 <strong data-start=\"992\" data-end=\"1029\">Aut\u00f3nomos y Consultores de Ventas<\/strong>: Los aut\u00f3nomos que gestionan su propia prospecci\u00f3n y relaci\u00f3n con los clientes encuentran en Close un <strong data-start=\"1124\" data-end=\"1142\">poderoso aliado<\/strong> para centralizar sus interacciones y <strong data-start=\"1182\" data-end=\"1219\">aumentar su tasa de conversi\u00f3n<\/strong>.<\/p><p class=\"\" data-start=\"1224\" data-end=\"1535\">\ud83d\udd39 <strong data-start=\"1227\" data-end=\"1261\">Agencias y equipos de ventas B2B<\/strong>: Close est\u00e1 dise\u00f1ado para equipos que gestionan ciclos de ventas largos y complejos. Gracias a su <strong data-start=\"1360\" data-end=\"1422\">seguimiento en tiempo real de las interacciones (llamadas, correos electr\u00f3nicos, SMS)<\/strong> y a sus <strong data-start=\"1430\" data-end=\"1457\">herramientas de automatizaci\u00f3n<\/strong>, puede<strong data-start=\"1471\" data-end=\"1506\">acelerar las decisiones de compra<\/strong> y mejorar el cierre. <\/p>\t\t\t\t\t\t\t\t<\/div>\n\t\t\t\t<\/div>\n\t\t\t\t<div class=\"elementor-element elementor-element-bc6a266 elementor-widget elementor-widget-heading\" data-id=\"bc6a266\" data-element_type=\"widget\" data-e-type=\"widget\" data-widget_type=\"heading.default\">\n\t\t\t\t<div class=\"elementor-widget-container\">\n\t\t\t\t\t<h2 class=\"elementor-heading-title elementor-size-default\">Conclusi\u00f3n<\/h2>\t\t\t\t<\/div>\n\t\t\t\t<\/div>\n\t\t\t\t<div class=\"elementor-element elementor-element-01ab688 elementor-widget elementor-widget-text-editor\" data-id=\"01ab688\" data-element_type=\"widget\" data-e-type=\"widget\" data-widget_type=\"text-editor.default\">\n\t\t\t\t<div class=\"elementor-widget-container\">\n\t\t\t\t\t\t\t\t\t<p data-pm-slice=\"1 1 []\">Close es una soluci\u00f3n completa para todas las empresas que deseen mejorar sus procesos de ventas manteniendo una interfaz sencilla y eficaz. Con sus m\u00faltiples funciones de automatizaci\u00f3n, su capacidad para integrar m\u00faltiples canales de comunicaci\u00f3n y su compatibilidad con diversas herramientas de terceros, Close es el CRM preferido por las empresas de nueva creaci\u00f3n, las PYMES y los equipos de ventas que buscan aumentar su productividad y cerrar m\u00e1s ventas. Close permite centralizar los esfuerzos de venta y crear una experiencia fluida y productiva para todo el equipo.  <\/p>\t\t\t\t\t\t\t\t<\/div>\n\t\t\t\t<\/div>\n\t\t\t\t\t<\/div>\n\t\t\t\t<\/div>\n\t\t\t\t<\/div>\n\t\t","protected":false},"excerpt":{"rendered":"<p><strong>Close<\/strong> es un CRM dise\u00f1ado para ayudar a los equipos de ventas a maximizar sus ventas. Ofrece funciones de gesti\u00f3n de clientes potenciales, gesti\u00f3n de contactos y automatizaci\u00f3n de ventas. <\/p>\n<ul>\n<li>Automatizaci\u00f3n de ventas<\/li>\n<li>F\u00e1cil de usar<\/li>\n<li>Una poderosa herramienta para los clientes potenciales<\/li>\n<li>Integraci\u00f3n con una amplia gama de herramientas<\/li>\n<\/ul>\n","protected":false},"featured_media":30625,"comment_status":"open","ping_status":"closed","template":"","meta":{"_acf_changed":false,"_glsr_average":0,"_glsr_ranking":0,"_glsr_reviews":0},"product_brand":[],"product_cat":[4228],"product_tag":[],"class_list":{"0":"post-30621","1":"product","2":"type-product","3":"status-publish","4":"has-post-thumbnail","6":"product_cat-gestion-de-proyectos","8":"first","9":"instock","10":"shipping-taxable","11":"product-type-external"},"acf":[],"_links":{"self":[{"href":"https:\/\/boostgrowb.com\/es\/wp-json\/wp\/v2\/product\/30621","targetHints":{"allow":["GET"]}}],"collection":[{"href":"https:\/\/boostgrowb.com\/es\/wp-json\/wp\/v2\/product"}],"about":[{"href":"https:\/\/boostgrowb.com\/es\/wp-json\/wp\/v2\/types\/product"}],"replies":[{"embeddable":true,"href":"https:\/\/boostgrowb.com\/es\/wp-json\/wp\/v2\/comments?post=30621"}],"version-history":[{"count":0,"href":"https:\/\/boostgrowb.com\/es\/wp-json\/wp\/v2\/product\/30621\/revisions"}],"wp:featuredmedia":[{"embeddable":true,"href":"https:\/\/boostgrowb.com\/es\/wp-json\/wp\/v2\/media\/30625"}],"wp:attachment":[{"href":"https:\/\/boostgrowb.com\/es\/wp-json\/wp\/v2\/media?parent=30621"}],"wp:term":[{"taxonomy":"product_brand","embeddable":true,"href":"https:\/\/boostgrowb.com\/es\/wp-json\/wp\/v2\/product_brand?post=30621"},{"taxonomy":"product_cat","embeddable":true,"href":"https:\/\/boostgrowb.com\/es\/wp-json\/wp\/v2\/product_cat?post=30621"},{"taxonomy":"product_tag","embeddable":true,"href":"https:\/\/boostgrowb.com\/es\/wp-json\/wp\/v2\/product_tag?post=30621"}],"curies":[{"name":"wp","href":"https:\/\/api.w.org\/{rel}","templated":true}]}}