{"id":30623,"date":"2024-08-20T13:10:35","date_gmt":"2024-08-20T13:10:35","guid":{"rendered":"https:\/\/boostgrowb.com\/software\/utunnel\/"},"modified":"2026-02-13T14:02:51","modified_gmt":"2026-02-13T14:02:51","slug":"utunnel","status":"publish","type":"product","link":"https:\/\/boostgrowb.com\/es\/software\/utunnel\/","title":{"rendered":"Utunnel"},"content":{"rendered":"\t\t<div data-elementor-type=\"product-post\" data-elementor-id=\"30623\" class=\"elementor elementor-30623 elementor-6583\" data-elementor-post-type=\"product\">\n\t\t\t\t<div class=\"elementor-element elementor-element-1a06745 e-flex e-con-boxed wpr-particle-no wpr-jarallax-no wpr-parallax-no wpr-sticky-section-no e-con e-parent\" data-id=\"1a06745\" data-element_type=\"container\" data-e-type=\"container\">\n\t\t\t\t\t<div class=\"e-con-inner\">\n\t\t\t\t<div class=\"elementor-element elementor-element-bbe84eb elementor-widget elementor-widget-heading\" data-id=\"bbe84eb\" data-element_type=\"widget\" data-e-type=\"widget\" data-widget_type=\"heading.default\">\n\t\t\t\t<div class=\"elementor-widget-container\">\n\t\t\t\t\t<h1 class=\"elementor-heading-title elementor-size-default\">\u00bfQu\u00e9 es UTunnel?<\/h1>\t\t\t\t<\/div>\n\t\t\t\t<\/div>\n\t\t\t\t\t<\/div>\n\t\t\t\t<\/div>\n\t\t<div class=\"elementor-element elementor-element-e4e1dd3 e-flex e-con-boxed wpr-particle-no wpr-jarallax-no wpr-parallax-no wpr-sticky-section-no e-con e-parent\" data-id=\"e4e1dd3\" data-element_type=\"container\" data-e-type=\"container\">\n\t\t\t\t\t<div class=\"e-con-inner\">\n\t\t\t\t<div class=\"elementor-element elementor-element-705746d elementor-widget elementor-widget-text-editor\" data-id=\"705746d\" data-element_type=\"widget\" data-e-type=\"widget\" data-widget_type=\"text-editor.default\">\n\t\t\t\t<div class=\"elementor-widget-container\">\n\t\t\t\t\t\t\t\t\t<p><strong>Utunnel<\/strong> es una soluci\u00f3n <strong>VPN<\/strong> que simplifica la gesti\u00f3n de conexiones seguras para empresas y usuarios particulares. Con su interfaz intuitiva y sus potentes funciones, <strong>Utunnel<\/strong> te permite crear servidores VPN personalizados en unos pocos clics, garantizando la m\u00e1xima protecci\u00f3n de los datos sensibles. Tanto si eres una <strong>PYME<\/strong> como un <strong>aut\u00f3nomo<\/strong>, <strong>Utunnel<\/strong> te ayuda a proteger tus conexiones online sin las complejidades t\u00e9cnicas habituales de las VPN.  <\/p><p><strong>Utunnel<\/strong> destaca por su <strong>interfaz f\u00e1cil de usar<\/strong> y su capacidad para permitir a los usuarios crear y gestionar <strong>servidores VPN privados<\/strong> sin necesidad de conocimientos t\u00e9cnicos avanzados. La herramienta tambi\u00e9n ofrece funciones avanzadas como <strong>multiusuario<\/strong>, <strong>gesti\u00f3n de accesos<\/strong> e <strong>integraci\u00f3n con plataformas en la nube<\/strong> como <strong>AWS<\/strong> y <strong>DigitalOcean<\/strong>. Esto convierte a <strong>Utunnel<\/strong> en una opci\u00f3n ideal para las empresas que buscan mejorar la seguridad de su red al tiempo que simplifican la gesti\u00f3n de las conexiones remotas.  <\/p>\t\t\t\t\t\t\t\t<\/div>\n\t\t\t\t<\/div>\n\t\t\t\t<div class=\"elementor-element elementor-element-df23a5f elementor-widget elementor-widget-heading\" data-id=\"df23a5f\" data-element_type=\"widget\" data-e-type=\"widget\" data-widget_type=\"heading.default\">\n\t\t\t\t<div class=\"elementor-widget-container\">\n\t\t\t\t\t<h2 class=\"elementor-heading-title elementor-size-default\">\u00bfCu\u00e1les son los principales activos de UTunnel?<\/h2>\t\t\t\t<\/div>\n\t\t\t\t<\/div>\n\t\t\t\t<div class=\"elementor-element elementor-element-71c30e0 elementor-widget elementor-widget-text-editor\" data-id=\"71c30e0\" data-element_type=\"widget\" data-e-type=\"widget\" data-widget_type=\"text-editor.default\">\n\t\t\t\t<div class=\"elementor-widget-container\">\n\t\t\t\t\t\t\t\t\t<ol start=\"1\" data-spread=\"true\" data-pm-slice=\"3 3 []\"><li><p><strong>Instalaci\u00f3n en la nube<\/strong> <strong>e in situ: flexibilidad<\/strong> total Utunnel te da la opci\u00f3n de elegir entre una <strong>instalaci\u00f3n en la nube<\/strong> o una soluci\u00f3n <strong>in situ<\/strong>. Esto significa que puedes optar por una soluci\u00f3n alojada en servidores en la nube de confianza, o instalar la VPN directamente en tus propios servidores, ofreciendo la m\u00e1xima flexibilidad seg\u00fan tus necesidades espec\u00edficas. <\/p><\/li><li><p><strong>Interfaz de usuario intuitiva: instalaci\u00f3n simplificada<\/strong> Uno de los puntos fuertes de Utunnel es su <strong>interfaz intuitiva<\/strong>. La configuraci\u00f3n no requiere conocimientos t\u00e9cnicos, y la plataforma gu\u00eda a los usuarios en cada paso del camino, permitiendo incluso a los novatos crear <strong>redes privadas seguras<\/strong> en s\u00f3lo unos minutos. <\/p><\/li><li><p><strong>Acceso remoto seguro: perfecto para el teletrabajo<\/strong> Con Utunnel, los usuarios pueden conectarse <strong>de forma segura a su red corporativa<\/strong> desde cualquier parte del mundo. Esta funci\u00f3n es especialmente \u00fatil para trabajadores remotos y equipos distribuidos que necesitan un acceso fiable y seguro a los recursos internos. <\/p><\/li><li><p><strong>Integraci\u00f3n con proveedores de la nube: conectividad simplificada<\/strong> Utunnel es compatible con los principales <strong>proveedores de la nube<\/strong>, como AWS, DigitalOcean y Azure. Esta integraci\u00f3n facilita la <strong>creaci\u00f3n de servidores VPN<\/strong> utilizando la infraestructura de la nube p\u00fablica, ofreciendo una soluci\u00f3n rentable y escalable para gestionar tus conexiones. <\/p><\/li><li><p><strong>Gesti\u00f3n de usuarios y control de acceso: seguridad personalizada<\/strong> Utunnel proporciona <strong>una gesti\u00f3n centralizada de usuarios<\/strong> con opciones de control de acceso. Los administradores pueden a\u00f1adir o eliminar usuarios f\u00e1cilmente, definir permisos y controlar el acceso a los recursos seg\u00fan las necesidades espec\u00edficas de cada miembro del equipo, garantizando <strong>una seguridad \u00f3ptima<\/strong>. <\/p><\/li><\/ol>\t\t\t\t\t\t\t\t<\/div>\n\t\t\t\t<\/div>\n\t\t\t\t<div class=\"elementor-element elementor-element-a1096e8 elementor-widget elementor-widget-heading\" data-id=\"a1096e8\" data-element_type=\"widget\" data-e-type=\"widget\" data-widget_type=\"heading.default\">\n\t\t\t\t<div class=\"elementor-widget-container\">\n\t\t\t\t\t<h3 class=\"elementor-heading-title elementor-size-default\">\u00bfCu\u00e1les son las ventajas de utilizar UTunnel?<\/h3>\t\t\t\t<\/div>\n\t\t\t\t<\/div>\n\t\t\t\t<div class=\"elementor-element elementor-element-f4e3242 elementor-widget elementor-widget-text-editor\" data-id=\"f4e3242\" data-element_type=\"widget\" data-e-type=\"widget\" data-widget_type=\"text-editor.default\">\n\t\t\t\t<div class=\"elementor-widget-container\">\n\t\t\t\t\t\t\t\t\t<ul data-spread=\"false\" data-pm-slice=\"3 3 []\"><li><p><strong>Instalaci\u00f3n r\u00e1pida y sencilla<\/strong>: Utunnel destaca por su capacidad para desplegarse en s\u00f3lo unos minutos. Tanto si eliges una soluci\u00f3n en la nube como en las instalaciones, la <strong>sencillez de la instalaci\u00f3n<\/strong> te ahorrar\u00e1 un tiempo precioso. <\/p><\/li><li><p><strong>Protecci\u00f3n total de datos<\/strong>: Con <strong>la encriptaci\u00f3n de extremo a extremo<\/strong>, Utunnel garantiza la seguridad de todos tus datos. Esto significa que tu informaci\u00f3n est\u00e1 protegida, incluso en redes p\u00fablicas o no seguras. <\/p><\/li><li><p><strong>Flexible y escalable<\/strong>: Utunnel se adapta a tus necesidades. Las peque\u00f1as empresas pueden empezar con una configuraci\u00f3n b\u00e1sica y actualizarse a una <strong>soluci\u00f3n m\u00e1s robusta<\/strong> a medida que crezcan sus necesidades, sin tener que cambiar de proveedor. <\/p><\/li><li><p><strong>Accesibilidad multiplataforma<\/strong>: Utunnel es compatible con <strong>todas las plataformas<\/strong>: Windows, macOS, iOS, Android y Linux. Esto significa que puedes <strong>proteger todos tus dispositivos<\/strong> y garantizar una seguridad constante, sea cual sea el dispositivo que est\u00e9s utilizando. <\/p><\/li><li><p><strong>Atenci\u00f3n al cliente de calidad<\/strong>: Utunnel ofrece <strong>una atenci\u00f3n al cliente receptiva<\/strong> para responder a todas tus preguntas y ayudarte a configurar tus redes VPN. El soporte est\u00e1 disponible para garantizar que tu experiencia sea lo m\u00e1s fluida posible. <\/p><\/li><\/ul>\t\t\t\t\t\t\t\t<\/div>\n\t\t\t\t<\/div>\n\t\t\t\t<div class=\"elementor-element elementor-element-367176c elementor-widget elementor-widget-heading\" data-id=\"367176c\" data-element_type=\"widget\" data-e-type=\"widget\" data-widget_type=\"heading.default\">\n\t\t\t\t<div class=\"elementor-widget-container\">\n\t\t\t\t\t<h3 class=\"elementor-heading-title elementor-size-default\">\u00bfQui\u00e9nes son los usuarios de UTunnel?<\/h3>\t\t\t\t<\/div>\n\t\t\t\t<\/div>\n\t\t\t\t<div class=\"elementor-element elementor-element-e145afa elementor-widget elementor-widget-text-editor\" data-id=\"e145afa\" data-element_type=\"widget\" data-e-type=\"widget\" data-widget_type=\"text-editor.default\">\n\t\t\t\t<div class=\"elementor-widget-container\">\n\t\t\t\t\t\t\t\t\t<ul data-spread=\"false\" data-pm-slice=\"3 3 []\"><li><p><strong>Peque\u00f1as y medianas empresas (PYMES<\/strong> ): Para las PYMES, Utunnel es una soluci\u00f3n ideal para asegurar las comunicaciones internas y proteger los datos sensibles. Su facilidad de despliegue y flexibilidad permiten a las empresas centrarse en su actividad principal sin preocuparse por la complejidad de la seguridad de la red. <\/p><\/li><li><p><strong>Trabajadores a distancia<\/strong>: Con el crecimiento del <strong>teletrabajo<\/strong>, Utunnel es un activo valioso para los profesionales que necesitan un acceso seguro a los recursos de su empresa desde casa o cuando est\u00e1n de viaje.<\/p><\/li><li><p><strong>Equipos distribuidos<\/strong>: Los equipos repartidos por varias sedes o que necesitan trabajar en colaboraci\u00f3n a distancia se benefician enormemente de las funciones de <strong>acceso seguro a los datos<\/strong> y control de acceso de Utunnel.<\/p><\/li><li><p><strong>Particulares preocupados por la seguridad<\/strong>: Para los usuarios particulares que quieren <strong>proteger su intimidad<\/strong> y evitar las ciberamenazas, Utunnel es una soluci\u00f3n sencilla y eficaz que les permite proteger su conexi\u00f3n a Internet y navegar con total tranquilidad.<\/p><\/li><\/ul>\t\t\t\t\t\t\t\t<\/div>\n\t\t\t\t<\/div>\n\t\t\t\t\t<\/div>\n\t\t\t\t<\/div>\n\t\t<div class=\"elementor-element elementor-element-b4b7fbd e-flex e-con-boxed wpr-particle-no wpr-jarallax-no wpr-parallax-no wpr-sticky-section-no e-con e-parent\" data-id=\"b4b7fbd\" data-element_type=\"container\" data-e-type=\"container\">\n\t\t\t\t\t<div class=\"e-con-inner\">\n\t\t\t\t<div class=\"elementor-element elementor-element-7ffeb1d elementor-widget elementor-widget-heading\" data-id=\"7ffeb1d\" data-element_type=\"widget\" data-e-type=\"widget\" data-widget_type=\"heading.default\">\n\t\t\t\t<div class=\"elementor-widget-container\">\n\t\t\t\t\t<h2 class=\"elementor-heading-title elementor-size-default\">Conclusi\u00f3n<\/h2>\t\t\t\t<\/div>\n\t\t\t\t<\/div>\n\t\t\t\t\t<\/div>\n\t\t\t\t<\/div>\n\t\t<div class=\"elementor-element elementor-element-adb1839 e-flex e-con-boxed wpr-particle-no wpr-jarallax-no wpr-parallax-no wpr-sticky-section-no e-con e-parent\" data-id=\"adb1839\" data-element_type=\"container\" data-e-type=\"container\">\n\t\t\t\t\t<div class=\"e-con-inner\">\n\t\t\t\t<div class=\"elementor-element elementor-element-f6f4cf6 elementor-widget elementor-widget-text-editor\" data-id=\"f6f4cf6\" data-element_type=\"widget\" data-e-type=\"widget\" data-widget_type=\"text-editor.default\">\n\t\t\t\t<div class=\"elementor-widget-container\">\n\t\t\t\t\t\t\t\t\t<p data-pm-slice=\"1 1 []\">Con <strong>Utunnel<\/strong>, asegurar tu conexi\u00f3n a Internet nunca ha sido tan f\u00e1cil. Tanto si eres un particular como una empresa, Utunnel te ofrece una <strong>potente soluci\u00f3n VPN<\/strong>, capaz de proteger tus datos, asegurar tu acceso y facilitarte el trabajo a distancia. Con una <strong>interfaz f\u00e1cil de usar<\/strong> y opciones de despliegue flexibles, Utunnel es mucho m\u00e1s que una VPN: es una <strong>herramienta esencial<\/strong> para garantizar tu seguridad digital cotidiana.  <\/p>\t\t\t\t\t\t\t\t<\/div>\n\t\t\t\t<\/div>\n\t\t\t\t\t<\/div>\n\t\t\t\t<\/div>\n\t\t\t\t<\/div>\n\t\t","protected":false},"excerpt":{"rendered":"<p>UTunnel VPN es una soluci\u00f3n VPN sencilla pero potente, adecuada tanto para peque\u00f1as empresas como para particulares. Es f\u00e1cil de configurar y gestionar, al tiempo que ofrece una seguridad robusta y la m\u00e1xima flexibilidad para satisfacer las diversas necesidades de sus usuarios. <\/p>\n<ul>\n<li>Integraci\u00f3n en la nube<\/li>\n<li>Facilidad de uso<\/li>\n<li>Seguridad avanzada<\/li>\n<li>Escalabilidad<\/li>\n<\/ul>\n","protected":false},"featured_media":30628,"comment_status":"open","ping_status":"closed","template":"","meta":{"_acf_changed":false,"_glsr_average":0,"_glsr_ranking":0,"_glsr_reviews":0},"product_brand":[],"product_cat":[4183],"product_tag":[],"class_list":{"0":"post-30623","1":"product","2":"type-product","3":"status-publish","4":"has-post-thumbnail","6":"product_cat-vpn-es","8":"first","9":"instock","10":"shipping-taxable","11":"product-type-external"},"acf":[],"_links":{"self":[{"href":"https:\/\/boostgrowb.com\/es\/wp-json\/wp\/v2\/product\/30623","targetHints":{"allow":["GET"]}}],"collection":[{"href":"https:\/\/boostgrowb.com\/es\/wp-json\/wp\/v2\/product"}],"about":[{"href":"https:\/\/boostgrowb.com\/es\/wp-json\/wp\/v2\/types\/product"}],"replies":[{"embeddable":true,"href":"https:\/\/boostgrowb.com\/es\/wp-json\/wp\/v2\/comments?post=30623"}],"version-history":[{"count":0,"href":"https:\/\/boostgrowb.com\/es\/wp-json\/wp\/v2\/product\/30623\/revisions"}],"wp:featuredmedia":[{"embeddable":true,"href":"https:\/\/boostgrowb.com\/es\/wp-json\/wp\/v2\/media\/30628"}],"wp:attachment":[{"href":"https:\/\/boostgrowb.com\/es\/wp-json\/wp\/v2\/media?parent=30623"}],"wp:term":[{"taxonomy":"product_brand","embeddable":true,"href":"https:\/\/boostgrowb.com\/es\/wp-json\/wp\/v2\/product_brand?post=30623"},{"taxonomy":"product_cat","embeddable":true,"href":"https:\/\/boostgrowb.com\/es\/wp-json\/wp\/v2\/product_cat?post=30623"},{"taxonomy":"product_tag","embeddable":true,"href":"https:\/\/boostgrowb.com\/es\/wp-json\/wp\/v2\/product_tag?post=30623"}],"curies":[{"name":"wp","href":"https:\/\/api.w.org\/{rel}","templated":true}]}}