{"id":30627,"date":"2024-09-16T16:49:06","date_gmt":"2024-09-16T16:49:06","guid":{"rendered":"https:\/\/boostgrowb.com\/software\/seopital\/"},"modified":"2026-01-23T14:02:48","modified_gmt":"2026-01-23T14:02:48","slug":"seopital","status":"publish","type":"product","link":"https:\/\/boostgrowb.com\/es\/software\/seopital\/","title":{"rendered":"Seopital"},"content":{"rendered":"\t\t<div data-elementor-type=\"product-post\" data-elementor-id=\"30627\" class=\"elementor elementor-30627 elementor-7788\" data-elementor-post-type=\"product\">\n\t\t\t\t<div class=\"elementor-element elementor-element-f9bb238 e-flex e-con-boxed wpr-particle-no wpr-jarallax-no wpr-parallax-no wpr-sticky-section-no e-con e-parent\" data-id=\"f9bb238\" data-element_type=\"container\" data-e-type=\"container\">\n\t\t\t\t\t<div class=\"e-con-inner\">\n\t\t\t\t<div class=\"elementor-element elementor-element-c747d3c elementor-widget elementor-widget-heading\" data-id=\"c747d3c\" data-element_type=\"widget\" data-e-type=\"widget\" data-widget_type=\"heading.default\">\n\t\t\t\t<div class=\"elementor-widget-container\">\n\t\t\t\t\t<h2 class=\"elementor-heading-title elementor-size-default\">\u00bfQu\u00e9 es Seopital?<\/h2>\t\t\t\t<\/div>\n\t\t\t\t<\/div>\n\t\t\t\t<div class=\"elementor-element elementor-element-ef27bcc elementor-widget elementor-widget-text-editor\" data-id=\"ef27bcc\" data-element_type=\"widget\" data-e-type=\"widget\" data-widget_type=\"text-editor.default\">\n\t\t\t\t<div class=\"elementor-widget-container\">\n\t\t\t\t\t\t\t\t\t<p class=\"\" data-start=\"0\" data-end=\"504\">SEOpital es un innovador paquete de software dise\u00f1ado para revolucionar la optimizaci\u00f3n natural de los motores de b\u00fasqueda mediante la inteligencia artificial. Genera textos optimizados para SEO en unos pocos clics, bas\u00e1ndose en un an\u00e1lisis sem\u00e1ntico avanzado. Tanto si eres redactor web, como si trabajas en una agencia digital o eres un empresario que desea mejorar la visibilidad de su sitio web, SEOpital es una herramienta potente e intuitiva para producir contenidos de calidad que se ajusten a los requisitos de los motores de b\u00fasqueda.  <\/p><p class=\"\" data-start=\"506\" data-end=\"1014\">Gracias a su algoritmo de alto rendimiento, SEOpital transforma una simple palabra clave en un art\u00edculo estructurado y optimizado. La plataforma analiza las tendencias del mercado, las intenciones de b\u00fasqueda y las mejores pr\u00e1cticas de SEO para elaborar contenidos relevantes y atractivos. M\u00e1s que un simple generador de textos, es un aut\u00e9ntico asistente editorial que te gu\u00eda en la creaci\u00f3n de contenidos de alto valor a\u00f1adido, capaces de mejorar tu posicionamiento en Google y atraer tr\u00e1fico cualificado.  <\/p><p class=\"\" data-start=\"1016\" data-end=\"1506\">Si quieres impulsar tu blog, mejorar tus fichas de producto o revitalizar tu estrategia de contenidos, SEOpital es el aliado ideal para ahorrarte tiempo y maximizar tu impacto en Internet. Al combinar automatizaci\u00f3n y optimizaci\u00f3n sem\u00e1ntica, esta herramienta te permite crear contenidos de alto rendimiento que cumplen las \u00faltimas recomendaciones SEO. <\/p>\t\t\t\t\t\t\t\t<\/div>\n\t\t\t\t<\/div>\n\t\t\t\t<div class=\"elementor-element elementor-element-c8919f0 elementor-widget elementor-widget-heading\" data-id=\"c8919f0\" data-element_type=\"widget\" data-e-type=\"widget\" data-widget_type=\"heading.default\">\n\t\t\t\t<div class=\"elementor-widget-container\">\n\t\t\t\t\t<h2 class=\"elementor-heading-title elementor-size-default\">Las principales caracter\u00edsticas de Seopital<\/h2>\t\t\t\t<\/div>\n\t\t\t\t<\/div>\n\t\t\t\t<div class=\"elementor-element elementor-element-a3af0a3 elementor-widget elementor-widget-text-editor\" data-id=\"a3af0a3\" data-element_type=\"widget\" data-e-type=\"widget\" data-widget_type=\"text-editor.default\">\n\t\t\t\t<div class=\"elementor-widget-container\">\n\t\t\t\t\t\t\t\t\t<ul><li> <strong style=\"background-color: transparent; text-align: var(--text-align); color: var( --e-global-color-text ); letter-spacing: 0px;\" data-start=\"3\" data-end=\"46\" data-is-only-node=\"\">Generaci\u00f3n de planes optimizados para SEO<\/strong><span style=\"background-color: transparent; text-align: var(--text-align); color: var( --e-global-color-text ); letter-spacing: 0px;\">  Analizando los 10 primeros resultados de Google para tu palabra clave, la plataforma crea un plan de art\u00edculo detallado y optimizado para SEO. Este plan est\u00e1 estructurado pero es totalmente editable, con la opci\u00f3n de a\u00f1adir instrucciones espec\u00edficas para cada secci\u00f3n para guiar al asistente a trav\u00e9s del proceso de redacci\u00f3n. <\/span><\/li><\/ul><div> <\/div><ul><li data-start=\"356\" data-end=\"627\"><p data-start=\"359\" data-end=\"627\"><strong data-start=\"359\" data-end=\"399\" data-is-only-node=\"\">Optimizaci\u00f3n sem\u00e1ntica del contenido<\/strong>: Gracias a la integraci\u00f3n de la herramienta de optimizaci\u00f3n sem\u00e1ntica <em data-start=\"461\" data-end=\"475\">YourTextGuru<\/em>, Seopital.co identifica e inserta palabras clave relevantes en tu contenido para maximizar tus posibilidades de obtener un mejor posicionamiento en Google.<\/p><\/li><li data-start=\"356\" data-end=\"627\"><p data-start=\"359\" data-end=\"627\"><strong data-start=\"632\" data-end=\"670\" data-is-only-node=\"\">Personaliza el tono de tu escritura<\/strong>: El asistente de escritura te permite personalizar el tono de tu contenido para adaptarlo a tus necesidades. Elige un estilo espec\u00edfico (formal, amistoso, etc.) o alimenta a la IA con tus propios textos para que se adapte a tu estilo de escritura. <\/p><\/li><li data-start=\"916\" data-end=\"1187\"><p data-start=\"919\" data-end=\"1187\"><strong data-start=\"919\" data-end=\"957\" data-is-only-node=\"\">Enlaces internos automatizados<\/strong>: Seopital.co facilita la mejora de tu referenciaci\u00f3n natural mediante la creaci\u00f3n autom\u00e1tica de enlaces internos relevantes entre tus p\u00e1ginas. Los anclajes de estos enlaces son totalmente personalizables para satisfacer tus necesidades de SEO. <\/p><\/li><li data-start=\"1189\" data-end=\"1418\"><strong data-start=\"1192\" data-end=\"1235\" data-is-only-node=\"\">Adici\u00f3n autom\u00e1tica de preguntas<\/strong> frecuentes optimizadas para SEO: La plataforma recupera las preguntas m\u00e1s frecuentes de los usuarios sobre el tema de tu contenido y las inserta en forma de preguntas frecuentes optimizadas para SEO.<\/li><\/ul><div> <\/div><ul><li><strong>Sincronizaci\u00f3n con WordPress:<\/strong> Una de las caracter\u00edsticas m\u00e1s populares de SEOpital es su compatibilidad con WordPress. Gracias a esta integraci\u00f3n, puedes escribir, optimizar y publicar tus art\u00edculos directamente en tu sitio web en unos pocos clics, sin tener que hacer malabarismos con varias herramientas. <\/li><\/ul>\t\t\t\t\t\t\t\t<\/div>\n\t\t\t\t<\/div>\n\t\t\t\t<div class=\"elementor-element elementor-element-a23c18f elementor-widget elementor-widget-heading\" data-id=\"a23c18f\" data-element_type=\"widget\" data-e-type=\"widget\" data-widget_type=\"heading.default\">\n\t\t\t\t<div class=\"elementor-widget-container\">\n\t\t\t\t\t<h2 class=\"elementor-heading-title elementor-size-default\">\u00bfCu\u00e1les son las ventajas de utilizar Seopital?<\/h2>\t\t\t\t<\/div>\n\t\t\t\t<\/div>\n\t\t\t\t<div class=\"elementor-element elementor-element-c39c109 elementor-widget elementor-widget-text-editor\" data-id=\"c39c109\" data-element_type=\"widget\" data-e-type=\"widget\" data-widget_type=\"text-editor.default\">\n\t\t\t\t<div class=\"elementor-widget-container\">\n\t\t\t\t\t\t\t\t\t<ul><li><p><strong>Interfaz intuitiva<\/strong>: <strong>Seopital<\/strong> cuenta con una interfaz f\u00e1cil de usar, incluso para los principiantes en SEO. Cada funci\u00f3n es clara y est\u00e1 bien organizada, por lo que la navegaci\u00f3n es sencilla y agradable. <\/p><\/li><li><p><strong>Ahorra tiempo y esfuerzo<\/strong>: Con sus funciones automatizadas, <strong>Seopital<\/strong> <strong>ahorra tiempo<\/strong> al eliminar las tareas manuales repetitivas, como las auditor\u00edas manuales o la supervisi\u00f3n del rendimiento.<\/p><\/li><li><p><strong>An\u00e1lisis completos y personalizados<\/strong>: Seopital te ofrece <strong>an\u00e1lisis SEO completos<\/strong> con resultados adaptados a tu sector, palabras clave y objetivos. Esto te permite centrar tus esfuerzos en las \u00e1reas que realmente marcar\u00e1n la diferencia en tu sitio web. <\/p><\/li><li><p><strong>Soluci\u00f3n asequible para todas las empresas<\/strong>: Tanto si eres una peque\u00f1a empresa, una start-up o una gran corporaci\u00f3n, Seopital ofrece una soluci\u00f3n asequible para cualquiera que desee mejorar su SEO sin incurrir en grandes costes.<\/p><\/li><\/ul>\t\t\t\t\t\t\t\t<\/div>\n\t\t\t\t<\/div>\n\t\t\t\t<div class=\"elementor-element elementor-element-2a7f24e elementor-widget elementor-widget-heading\" data-id=\"2a7f24e\" data-element_type=\"widget\" data-e-type=\"widget\" data-widget_type=\"heading.default\">\n\t\t\t\t<div class=\"elementor-widget-container\">\n\t\t\t\t\t<h2 class=\"elementor-heading-title elementor-size-default\">Conclusi\u00f3n<\/h2>\t\t\t\t<\/div>\n\t\t\t\t<\/div>\n\t\t\t\t<div class=\"elementor-element elementor-element-6f37851 elementor-widget elementor-widget-text-editor\" data-id=\"6f37851\" data-element_type=\"widget\" data-e-type=\"widget\" data-widget_type=\"text-editor.default\">\n\t\t\t\t<div class=\"elementor-widget-container\">\n\t\t\t\t\t\t\t\t\t<p><strong>Seopital<\/strong> es la soluci\u00f3n perfecta para las empresas que quieren optimizar su posicionamiento natural sin tener que manejar herramientas complejas. Su <strong>interfaz intuitiva<\/strong>, sus <strong>informes detallados<\/strong> y sus <strong>recomendaciones personalizadas<\/strong> la convierten en una excelente opci\u00f3n para quienes desean <strong>impulsar su posicionamiento SEO<\/strong> de forma sencilla y eficaz. <\/p><p>Sin embargo, si eres un experto en SEO que busca herramientas avanzadas o integraciones complejas, puedes encontrar ciertas limitaciones. Pero para las PYMES, los emprendedores y las agencias, Seopital representa una <strong>soluci\u00f3n asequible y de alto rendimiento<\/strong> para conquistar los buscadores. <\/p>\t\t\t\t\t\t\t\t<\/div>\n\t\t\t\t<\/div>\n\t\t\t\t\t<\/div>\n\t\t\t\t<\/div>\n\t\t\t\t<\/div>\n\t\t","protected":false},"excerpt":{"rendered":"<div class=\"flex max-w-full flex-col flex-grow\">\n<div class=\"min-h-[20px] text-message flex w-full flex-col items-end gap-2 whitespace-normal break-words [.text-message+&amp;]:mt-5\" dir=\"auto\" data-message-author-role=\"assistant\" data-message-id=\"ed335615-edb4-4671-a955-89bcc7211ad3\">\n<div class=\"flex w-full flex-col gap-1 empty:hidden first:pt-[3px]\">\n<div class=\"markdown prose w-full break-words dark:prose-invert light\">\n<p>SEOpital es un potente <strong>asistente de redacci\u00f3n basado en inteligencia artificial<\/strong>, dise\u00f1ado para ayudarte a crear contenidos de alta calidad en s\u00f3lo unos segundos. Gracias a sus funciones avanzadas, puedes optimizar y personalizar tus textos para obtener el m\u00e1ximo impacto, al tiempo que ahorras un tiempo precioso. <\/p>\n<ul>\n<li>Estrategia basada en datos<\/li>\n<li>An\u00e1lisis en profundidad<\/li>\n<li>Interfaz intuitiva<\/li>\n<li>Estrategia SEO integral<\/li>\n<\/ul>\n<\/div>\n<\/div>\n<\/div>\n<\/div>\n","protected":false},"featured_media":30629,"comment_status":"open","ping_status":"closed","template":"","meta":{"_acf_changed":false,"_glsr_average":0,"_glsr_ranking":0,"_glsr_reviews":0},"product_brand":[],"product_cat":[5262,4994,5261,4342],"product_tag":[],"class_list":{"0":"post-30627","1":"product","2":"type-product","3":"status-publish","4":"has-post-thumbnail","6":"product_cat-en-el-punto-de-mira","7":"product_cat-generador-de-entradas-de-blog-de-ai","8":"product_cat-generador-de-texto-ai-para-seo","9":"product_cat-marketing-es","11":"first","12":"instock","13":"shipping-taxable","14":"product-type-external"},"acf":[],"_links":{"self":[{"href":"https:\/\/boostgrowb.com\/es\/wp-json\/wp\/v2\/product\/30627","targetHints":{"allow":["GET"]}}],"collection":[{"href":"https:\/\/boostgrowb.com\/es\/wp-json\/wp\/v2\/product"}],"about":[{"href":"https:\/\/boostgrowb.com\/es\/wp-json\/wp\/v2\/types\/product"}],"replies":[{"embeddable":true,"href":"https:\/\/boostgrowb.com\/es\/wp-json\/wp\/v2\/comments?post=30627"}],"version-history":[{"count":0,"href":"https:\/\/boostgrowb.com\/es\/wp-json\/wp\/v2\/product\/30627\/revisions"}],"wp:featuredmedia":[{"embeddable":true,"href":"https:\/\/boostgrowb.com\/es\/wp-json\/wp\/v2\/media\/30629"}],"wp:attachment":[{"href":"https:\/\/boostgrowb.com\/es\/wp-json\/wp\/v2\/media?parent=30627"}],"wp:term":[{"taxonomy":"product_brand","embeddable":true,"href":"https:\/\/boostgrowb.com\/es\/wp-json\/wp\/v2\/product_brand?post=30627"},{"taxonomy":"product_cat","embeddable":true,"href":"https:\/\/boostgrowb.com\/es\/wp-json\/wp\/v2\/product_cat?post=30627"},{"taxonomy":"product_tag","embeddable":true,"href":"https:\/\/boostgrowb.com\/es\/wp-json\/wp\/v2\/product_tag?post=30627"}],"curies":[{"name":"wp","href":"https:\/\/api.w.org\/{rel}","templated":true}]}}