{"id":30637,"date":"2024-11-11T00:21:05","date_gmt":"2024-11-11T00:21:05","guid":{"rendered":"https:\/\/boostgrowb.com\/software\/haz\/"},"modified":"2026-04-13T07:51:42","modified_gmt":"2026-04-13T07:51:42","slug":"haz","status":"publish","type":"product","link":"https:\/\/boostgrowb.com\/es\/software\/haz\/","title":{"rendered":"Haz"},"content":{"rendered":"\t\t<div data-elementor-type=\"product-post\" data-elementor-id=\"30637\" class=\"elementor elementor-30637 elementor-12997\" data-elementor-post-type=\"product\">\n\t\t\t\t<div class=\"elementor-element elementor-element-4c25ea1 e-flex e-con-boxed wpr-particle-no wpr-jarallax-no wpr-parallax-no wpr-sticky-section-no e-con e-parent\" data-id=\"4c25ea1\" data-element_type=\"container\" data-e-type=\"container\">\n\t\t\t\t\t<div class=\"e-con-inner\">\n\t\t\t\t<div class=\"elementor-element elementor-element-2badb3a elementor-widget elementor-widget-heading\" data-id=\"2badb3a\" data-element_type=\"widget\" data-e-type=\"widget\" data-widget_type=\"heading.default\">\n\t\t\t\t<div class=\"elementor-widget-container\">\n\t\t\t\t\t<h2 class=\"elementor-heading-title elementor-size-default\">\u00bfQu\u00e9 es Marca?<\/h2>\t\t\t\t<\/div>\n\t\t\t\t<\/div>\n\t\t\t\t<div class=\"elementor-element elementor-element-10085ed elementor-widget elementor-widget-text-editor\" data-id=\"10085ed\" data-element_type=\"widget\" data-e-type=\"widget\" data-widget_type=\"text-editor.default\">\n\t\t\t\t<div class=\"elementor-widget-container\">\n\t\t\t\t\t\t\t\t\t<p class=\"\" data-start=\"77\" data-end=\"557\"><strong data-start=\"77\" data-end=\"233\">Make es la soluci\u00f3n definitiva para automatizar tus flujos de trabajo, conectar tus aplicaciones y eliminar tareas que consumen mucho tiempo sin una sola l\u00ednea de c\u00f3digo.<\/strong> Gracias a una <strong data-start=\"246\" data-end=\"278\">interfaz visual intuitiva<\/strong>, puedes crear escenarios inteligentes que trabajen por ti en segundo plano. Se acab\u00f3 el trabajo repetitivo: Make sincroniza tus herramientas, realiza acciones complejas y optimiza tus procesos en tiempo real, <strong data-start=\"503\" data-end=\"554\">ahorr\u00e1ndote tiempo y aumentando tu eficacia<\/strong>. <\/p><p class=\"\" data-start=\"559\" data-end=\"1030\"><strong data-start=\"559\" data-end=\"679\">M\u00e1s potente y flexible que las soluciones tradicionales, Make no se limita a realizar tareas b\u00e1sicas.<\/strong> Incorpora <strong data-start=\"695\" data-end=\"717\">funciones avanzadas<\/strong> como <strong data-start=\"727\" data-end=\"753\">l\u00f3gica condicional<\/strong>, <strong data-start=\"759\" data-end=\"781\" data-is-only-node=\"\">filtros din\u00e1micos<\/strong> y <strong data-start=\"789\" data-end=\"826\">procesamiento automatizado de datos<\/strong>, d\u00e1ndote un control total sobre tu automatizaci\u00f3n. Conecta cientos de aplicaciones, personaliza cada acci\u00f3n y adapta Make a tus necesidades espec\u00edficas, sin limitaciones t\u00e9cnicas. <\/p><p class=\"\" data-start=\"1032\" data-end=\"1409\">Tanto si eres una <strong data-start=\"1051\" data-end=\"1085\">empresa de r\u00e1pido crecimiento<\/strong>, una <strong data-start=\"1091\" data-end=\"1112\">start-up innovadora<\/strong> o un <strong data-start=\"1119\" data-end=\"1169\">aut\u00f3nomo que busca optimizar su negocio<\/strong>, Make es tu <strong data-start=\"1190\" data-end=\"1214\">aliado<\/strong> esencial para <strong data-start=\"1220\" data-end=\"1314\">trabajar de forma m\u00e1s inteligente, reducir tu carga de trabajo y aumentar tu productividad<\/strong>.<\/p>\t\t\t\t\t\t\t\t<\/div>\n\t\t\t\t<\/div>\n\t\t\t\t<div class=\"elementor-element elementor-element-9517d9c elementor-widget elementor-widget-heading\" data-id=\"9517d9c\" data-element_type=\"widget\" data-e-type=\"widget\" data-widget_type=\"heading.default\">\n\t\t\t\t<div class=\"elementor-widget-container\">\n\t\t\t\t\t<h2 class=\"elementor-heading-title elementor-size-default\">\u00bfCu\u00e1les son las 5 caracter\u00edsticas principales de Make?<\/h2>\t\t\t\t<\/div>\n\t\t\t\t<\/div>\n\t\t\t\t<div class=\"elementor-element elementor-element-a619a81 elementor-widget elementor-widget-text-editor\" data-id=\"a619a81\" data-element_type=\"widget\" data-e-type=\"widget\" data-widget_type=\"text-editor.default\">\n\t\t\t\t<div class=\"elementor-widget-container\">\n\t\t\t\t\t\t\t\t\t<ol start=\"1\" data-spread=\"false\" data-pm-slice=\"3 3 []\"><li><p><b>Automatizaci\u00f3n avanzada del flujo de trabajo :<\/b> <span style=\"background-color: transparent; text-align: var(--text-align); color: var( --e-global-color-text ); letter-spacing: 0px;\">Crea <\/span><strong style=\"background-color: transparent; text-align: var(--text-align); color: var( --e-global-color-text ); letter-spacing: 0px;\" data-start=\"181\" data-end=\"207\">flujos de trabajo inteligentes<\/strong><span style=\"background-color: transparent; text-align: var(--text-align); color: var( --e-global-color-text ); letter-spacing: 0px;\"> sin codificar y automatiza tus tareas en un abrir y cerrar de ojos. <\/span><strong style=\"background-color: transparent; text-align: var(--text-align); color: var( --e-global-color-text ); letter-spacing: 0px;\" data-start=\"263\" data-end=\"284\">Ahorra horas de trabajo<\/strong><span style=\"background-color: transparent; text-align: var(--text-align); color: var( --e-global-color-text ); letter-spacing: 0px;\"> cada semana, al tiempo que optimizas tus procesos.<\/span><\/p><\/li><li><p><b>Conecta +1.000 aplicaciones en 1 clic:<\/b> <span style=\"background-color: transparent; text-align: var(--text-align); color: var( --e-global-color-text ); letter-spacing: 0px;\">Integra tus herramientas favoritas (CRM, comercio electr\u00f3nico, marketing, finanzas&#8230;) y <\/span><strong style=\"background-color: transparent; text-align: var(--text-align); color: var( --e-global-color-text ); letter-spacing: 0px;\" data-start=\"475\" data-end=\"509\">centraliza todos tus datos<\/strong><span style=\"background-color: transparent; text-align: var(--text-align); color: var( --e-global-color-text ); letter-spacing: 0px;\"> en un solo lugar para un flujo de trabajo fluido y sin errores.<\/span><\/p><\/li><li><p><strong>Planificaci\u00f3n y ejecuci\u00f3n programadas<\/strong>: <span style=\"background-color: transparent; text-align: var(--text-align); color: var( --e-global-color-text ); letter-spacing: 0px;\">Programa tus escenarios para que se ejecuten en momentos concretos, lo que te proporciona una gran flexibilidad en la gesti\u00f3n de tus flujos de trabajo.<\/span><\/p><\/li><li><p><b>Tratamiento y transformaci\u00f3n de datos<\/b>: <span style=\"background-color: transparent; text-align: var(--text-align); color: var( --e-global-color-text ); letter-spacing: 0px;\">Make puede <\/span><strong style=\"background-color: transparent; text-align: var(--text-align); color: var( --e-global-color-text ); letter-spacing: 0px;\" data-start=\"970\" data-end=\"1009\">manipular, reformatear y estructurar<\/strong><b>datos<\/b>.<span style=\"background-color: transparent; text-align: var(--text-align); color: var( --e-global-color-text ); letter-spacing: 0px;\">  datos antes de transmitirlos a otra aplicaci\u00f3n. Admite c\u00e1lculos, conversiones de formato y gesti\u00f3n avanzada de la informaci\u00f3n para garantizar flujos de trabajo optimizados. <\/span><\/p><\/li><li><b>L\u00f3gica condicional y filtros din\u00e1micos<\/b>: Define <strong style=\"background-color: transparent; text-align: var(--text-align); color: var( --e-global-color-text ); letter-spacing: 0px;\" data-start=\"574\" data-end=\"598\">reglas inteligentes<\/strong><span style=\"background-color: transparent; text-align: var(--text-align); color: var( --e-global-color-text ); letter-spacing: 0px;\"> para ejecutar tus automatizaciones <\/span><strong style=\"background-color: transparent; text-align: var(--text-align); color: var( --e-global-color-text ); letter-spacing: 0px;\" data-start=\"633\" data-end=\"678\">en el momento y con los par\u00e1metros adecuados<\/strong><span style=\"background-color: transparent; text-align: var(--text-align); color: var( --e-global-color-text ); letter-spacing: 0px;\">, garantizando un flujo de trabajo preciso y optimizado.<\/span><\/li><\/ol>\t\t\t\t\t\t\t\t<\/div>\n\t\t\t\t<\/div>\n\t\t\t\t<div class=\"elementor-element elementor-element-3c90373 elementor-widget elementor-widget-heading\" data-id=\"3c90373\" data-element_type=\"widget\" data-e-type=\"widget\" data-widget_type=\"heading.default\">\n\t\t\t\t<div class=\"elementor-widget-container\">\n\t\t\t\t\t<h2 class=\"elementor-heading-title elementor-size-default\">\u00bfCu\u00e1les son las ventajas de utilizar Make?<\/h2>\t\t\t\t<\/div>\n\t\t\t\t<\/div>\n\t\t\t\t<div class=\"elementor-element elementor-element-00d1f0a elementor-widget elementor-widget-text-editor\" data-id=\"00d1f0a\" data-element_type=\"widget\" data-e-type=\"widget\" data-widget_type=\"text-editor.default\">\n\t\t\t\t<div class=\"elementor-widget-container\">\n\t\t\t\t\t\t\t\t\t<ul data-spread=\"false\" data-pm-slice=\"3 3 []\"><li><p><strong>Mayor productividad<\/strong>: Al automatizar las tareas repetitivas, Make permite a los usuarios ahorrar tiempo y concentrarse en actividades estrat\u00e9gicas de alto valor a\u00f1adido.<\/p><\/li><li><p><strong>F\u00e1cil de usar<\/strong>: gracias a su interfaz intuitiva, crear escenarios es un juego de ni\u00f1os, incluso para quienes no tienen conocimientos t\u00e9cnicos.<\/p><\/li><li><p><strong>Flexibilidad y personalizaci\u00f3n<\/strong>: Cada escenario es totalmente personalizable, lo que permite a los usuarios crear flujos de trabajo adaptados a sus necesidades concretas.<\/p><\/li><li><p><strong>Reducci\u00f3n de costes<\/strong>: Al automatizar los procesos manuales, las empresas pueden ahorrar tiempo y recursos, aumentando su eficacia operativa.<\/p><\/li><li><p><strong>Escalabilidad<\/strong>: Ya sea para una automatizaci\u00f3n sencilla o para escenarios complejos que impliquen varias etapas y aplicaciones, Make se adapta f\u00e1cilmente a las necesidades cambiantes de la empresa.<\/p><\/li><\/ul>\t\t\t\t\t\t\t\t<\/div>\n\t\t\t\t<\/div>\n\t\t\t\t<div class=\"elementor-element elementor-element-6ac13f7 elementor-widget elementor-widget-heading\" data-id=\"6ac13f7\" data-element_type=\"widget\" data-e-type=\"widget\" data-widget_type=\"heading.default\">\n\t\t\t\t<div class=\"elementor-widget-container\">\n\t\t\t\t\t<h2 class=\"elementor-heading-title elementor-size-default\">\u00bfA qu\u00e9 tipo de usuario se dirige Make?<\/h2>\t\t\t\t<\/div>\n\t\t\t\t<\/div>\n\t\t\t\t<div class=\"elementor-element elementor-element-37afa3e elementor-widget elementor-widget-text-editor\" data-id=\"37afa3e\" data-element_type=\"widget\" data-e-type=\"widget\" data-widget_type=\"text-editor.default\">\n\t\t\t\t<div class=\"elementor-widget-container\">\n\t\t\t\t\t\t\t\t\t<ul>\n<li><strong>Peque\u00f1as y medianas empresas (PYME<\/strong> ): Las que buscan mejorar su eficacia sin invertir en soluciones costosas.<\/li><\/ul><div><br><\/div><ul>\n<li>\n<p><strong>Empresarios y start-ups<\/strong>: Profesionales que quieren automatizar tareas recurrentes y simplificar la gesti\u00f3n de su negocio.<\/p>\n<\/li>\n<li>\n<p><strong>Profesionales del marketing<\/strong>: los que quieren automatizar campa\u00f1as de marketing, gestionar correos electr\u00f3nicos segmentados y optimizar sus estrategias de contenidos.<\/p>\n<\/li>\n<li>\n<p><strong>Desarrolladores<\/strong>: Aunque Make es ideal para usuarios no t\u00e9cnicos, los desarrolladores pueden utilizarlo para crear escenarios avanzados y optimizar sus proyectos.<\/p>\n<\/li>\n<li>\n<p><strong>Agencias<\/strong>: Agencias que gestionan varios clientes y necesitan ofrecer soluciones personalizadas ahorrando tiempo.<\/p>\n<\/li>\n<\/ul>\t\t\t\t\t\t\t\t<\/div>\n\t\t\t\t<\/div>\n\t\t\t\t<div class=\"elementor-element elementor-element-dc77476 elementor-widget elementor-widget-heading\" data-id=\"dc77476\" data-element_type=\"widget\" data-e-type=\"widget\" data-widget_type=\"heading.default\">\n\t\t\t\t<div class=\"elementor-widget-container\">\n\t\t\t\t\t<h2 class=\"elementor-heading-title elementor-size-default\">Conclusi\u00f3n<\/h2>\t\t\t\t<\/div>\n\t\t\t\t<\/div>\n\t\t\t\t<div class=\"elementor-element elementor-element-4bdcc29 elementor-widget elementor-widget-text-editor\" data-id=\"4bdcc29\" data-element_type=\"widget\" data-e-type=\"widget\" data-widget_type=\"text-editor.default\">\n\t\t\t\t<div class=\"elementor-widget-container\">\n\t\t\t\t\t\t\t\t\t<p data-pm-slice=\"1 1 []\"><strong>Make<\/strong> es una herramienta de automatizaci\u00f3n esencial para cualquiera que desee mejorar la productividad y optimizar sus procesos. Su interfaz intuitiva, sus diversas integraciones y sus opciones de personalizaci\u00f3n la convierten en la mejor opci\u00f3n para peque\u00f1as empresas, empresas de nueva creaci\u00f3n, profesionales del marketing y desarrolladores. Con Make, la automatizaci\u00f3n no s\u00f3lo es posible, sino que est\u00e1 al alcance de todos, permitiendo transformar tareas complejas en procesos simplificados y eficientes.  <\/p>\t\t\t\t\t\t\t\t<\/div>\n\t\t\t\t<\/div>\n\t\t\t\t\t<\/div>\n\t\t\t\t<\/div>\n\t\t\t\t<\/div>\n\t\t","protected":false},"excerpt":{"rendered":"<p><strong>Make<\/strong> es una plataforma de automatizaci\u00f3n que conecta varias aplicaciones para crear flujos de trabajo sin codificar. Permite a usuarios principiantes y expertos automatizar tareas complejas mediante una interfaz visual intuitiva. <\/p>\n<ul>\n<li>Automatizaci\u00f3n<\/li>\n<li>F\u00e1cil integraci\u00f3n<\/li>\n<li>Productividad<\/li>\n<li>Flexibilidad<\/li>\n<\/ul>\n","protected":false},"featured_media":30638,"comment_status":"open","ping_status":"closed","template":"","meta":{"_acf_changed":false,"_glsr_average":0,"_glsr_ranking":0,"_glsr_reviews":0},"product_brand":[],"product_cat":[5122,4228,5279,5121],"product_tag":[],"class_list":{"0":"post-30637","1":"product","2":"type-product","3":"status-publish","4":"has-post-thumbnail","6":"product_cat-automatizacion-agentes-de-ia","7":"product_cat-gestion-de-proyectos","8":"product_cat-sin-codigo-codigo-bajo","9":"product_cat-software-sin-codigo","11":"first","12":"instock","13":"shipping-taxable","14":"product-type-external"},"acf":[],"_links":{"self":[{"href":"https:\/\/boostgrowb.com\/es\/wp-json\/wp\/v2\/product\/30637","targetHints":{"allow":["GET"]}}],"collection":[{"href":"https:\/\/boostgrowb.com\/es\/wp-json\/wp\/v2\/product"}],"about":[{"href":"https:\/\/boostgrowb.com\/es\/wp-json\/wp\/v2\/types\/product"}],"replies":[{"embeddable":true,"href":"https:\/\/boostgrowb.com\/es\/wp-json\/wp\/v2\/comments?post=30637"}],"version-history":[{"count":0,"href":"https:\/\/boostgrowb.com\/es\/wp-json\/wp\/v2\/product\/30637\/revisions"}],"wp:featuredmedia":[{"embeddable":true,"href":"https:\/\/boostgrowb.com\/es\/wp-json\/wp\/v2\/media\/30638"}],"wp:attachment":[{"href":"https:\/\/boostgrowb.com\/es\/wp-json\/wp\/v2\/media?parent=30637"}],"wp:term":[{"taxonomy":"product_brand","embeddable":true,"href":"https:\/\/boostgrowb.com\/es\/wp-json\/wp\/v2\/product_brand?post=30637"},{"taxonomy":"product_cat","embeddable":true,"href":"https:\/\/boostgrowb.com\/es\/wp-json\/wp\/v2\/product_cat?post=30637"},{"taxonomy":"product_tag","embeddable":true,"href":"https:\/\/boostgrowb.com\/es\/wp-json\/wp\/v2\/product_tag?post=30637"}],"curies":[{"name":"wp","href":"https:\/\/api.w.org\/{rel}","templated":true}]}}