{"id":30642,"date":"2024-09-30T13:58:33","date_gmt":"2024-09-30T13:58:33","guid":{"rendered":"https:\/\/boostgrowb.com\/software\/vertuoza\/"},"modified":"2025-07-07T16:15:11","modified_gmt":"2025-07-07T16:15:11","slug":"vertuoza","status":"publish","type":"product","link":"https:\/\/boostgrowb.com\/es\/software\/vertuoza\/","title":{"rendered":"Vertuoza"},"content":{"rendered":"\t\t<div data-elementor-type=\"product-post\" data-elementor-id=\"30642\" class=\"elementor elementor-30642 elementor-9603\" data-elementor-post-type=\"product\">\n\t\t\t\t<div class=\"elementor-element elementor-element-9411ef9 e-flex e-con-boxed wpr-particle-no wpr-jarallax-no wpr-parallax-no wpr-sticky-section-no e-con e-parent\" data-id=\"9411ef9\" data-element_type=\"container\" data-e-type=\"container\">\n\t\t\t\t\t<div class=\"e-con-inner\">\n\t\t\t\t<div class=\"elementor-element elementor-element-a35e2a8 elementor-widget elementor-widget-heading\" data-id=\"a35e2a8\" data-element_type=\"widget\" data-e-type=\"widget\" data-widget_type=\"heading.default\">\n\t\t\t\t<div class=\"elementor-widget-container\">\n\t\t\t\t\t<h2 class=\"elementor-heading-title elementor-size-default\">\u00bfQu\u00e9 es Vertuoza?<\/h2>\t\t\t\t<\/div>\n\t\t\t\t<\/div>\n\t\t\t\t<div class=\"elementor-element elementor-element-bdadbb8 elementor-widget elementor-widget-text-editor\" data-id=\"bdadbb8\" data-element_type=\"widget\" data-e-type=\"widget\" data-widget_type=\"text-editor.default\">\n\t\t\t\t<div class=\"elementor-widget-container\">\n\t\t\t\t\t\t\t\t\t<p>Vertuoza es un software de gesti\u00f3n de obras especialmente dise\u00f1ado para responder a las necesidades de las empresas del sector de <strong data-start=\"200\" data-end=\"216\" data-is-only-node=\"\">la construcci\u00f3n<\/strong> y las <strong data-start=\"223\" data-end=\"230\">obras p\u00fablicas<\/strong>. Gracias a una interfaz intuitiva y accesible, centraliza toda la informaci\u00f3n relativa a tus proyectos, desde los recursos humanos hasta la gesti\u00f3n de proveedores, lo que permite <strong data-start=\"415\" data-end=\"445\">optimizar los procesos<\/strong> y tomar decisiones con mayor rapidez. Tanto si eres un contratista general, una PYME o una gran empresa de construcci\u00f3n, Vertuoza te permite seguir el progreso de cada proyecto en tiempo real, garantizando un seguimiento preciso y eficaz.  <\/p><p class=\"\" data-start=\"690\" data-end=\"1383\">Uno de los grandes puntos fuertes de Vertuoza es su capacidad para centralizar todos los datos de tu obra en una \u00fanica plataforma. Al integrar herramientas de <strong data-start=\"927\" data-end=\"944\" data-is-only-node=\"\">planificaci\u00f3n<\/strong>, <strong data-start=\"949\" data-end=\"975\">gesti\u00f3n de recursos<\/strong> y <strong data-start=\"982\" data-end=\"1007\">seguimiento del progreso<\/strong>, el software permite <strong data-start=\"1032\" data-end=\"1057\">una coordinaci\u00f3n \u00f3ptima<\/strong> entre los equipos sobre el terreno y los responsables administrativos. Puedes hacer un seguimiento de los costes, los plazos y las tareas pendientes, anticip\u00e1ndote a los posibles obst\u00e1culos. Gracias a esta visi\u00f3n global, puedes aumentar <strong data-start=\"1291\" data-end=\"1307\">la productividad<\/strong>, reducir el riesgo de errores y optimizar la rentabilidad de tus proyectos.   <\/p><article class=\"w-full text-token-text-primary\" dir=\"auto\" data-testid=\"conversation-turn-108\" data-scroll-anchor=\"true\"><div class=\"text-base my-auto mx-auto py-5 px-6\"><div class=\"mx-auto flex flex-1 text-base gap-4 md:gap-5 lg:gap-6 md:max-w-3xl lg:max-w-[40rem] xl:max-w-[48rem] group\/turn-messages focus-visible:outline-none\" tabindex=\"-1\"><div class=\"group\/conversation-turn relative flex w-full min-w-0 flex-col agent-turn @xs\/thread:px-0 @sm\/thread:px-1.5 @md\/thread:px-4\"><div class=\"relative flex-col gap-1 md:gap-3\"><div class=\"flex max-w-full flex-col flex-grow\"><div class=\"min-h-8 text-message relative flex w-full flex-col items-end gap-2 whitespace-normal break-words text-start [.text-message+&amp;]:mt-5\" dir=\"auto\" data-message-author-role=\"assistant\" data-message-id=\"0bd94949-7c05-4361-b2c5-1ce16e010df8\" data-message-model-slug=\"gpt-4o-mini\"><div class=\"flex w-full flex-col gap-1 empty:hidden first:pt-[3px]\"><div class=\"markdown prose w-full break-words dark:prose-invert light\"><p class=\"\" data-start=\"1385\" data-end=\"2044\">Vertuoza es la soluci\u00f3n ideal para quienes buscan <strong data-start=\"1517\" data-end=\"1546\" data-is-only-node=\"\">maximizar la eficacia<\/strong> controlando los costes de los proyectos. Su capacidad para automatizar ciertas tareas administrativas y generar informes detallados en tiempo real te permite ahorrar tiempo y concentrarte en lo m\u00e1s importante: el <strong data-start=\"1777\" data-end=\"1806\">\u00e9xito de tus proyectos<\/strong>. Las funciones avanzadas de Vertuoza y su interfaz f\u00e1cil de usar la convierten en una <strong data-start=\"1889\" data-end=\"1913\">herramienta imprescindible<\/strong> para cualquier empresa de construcci\u00f3n que quiera seguir siendo competitiva, reducir costes y mejorar la gesti\u00f3n de las obras.  <\/p><\/div><\/div><\/div><\/div><\/div><\/div><\/div><\/div><\/article>\t\t\t\t\t\t\t\t<\/div>\n\t\t\t\t<\/div>\n\t\t\t\t<div class=\"elementor-element elementor-element-4734e65 elementor-widget elementor-widget-heading\" data-id=\"4734e65\" data-element_type=\"widget\" data-e-type=\"widget\" data-widget_type=\"heading.default\">\n\t\t\t\t<div class=\"elementor-widget-container\">\n\t\t\t\t\t<h2 class=\"elementor-heading-title elementor-size-default\">Las 5 ventajas principales de Vertuoza<\/h2>\t\t\t\t<\/div>\n\t\t\t\t<\/div>\n\t\t\t\t<div class=\"elementor-element elementor-element-2b014b3 elementor-widget elementor-widget-text-editor\" data-id=\"2b014b3\" data-element_type=\"widget\" data-e-type=\"widget\" data-widget_type=\"text-editor.default\">\n\t\t\t\t<div class=\"elementor-widget-container\">\n\t\t\t\t\t\t\t\t\t<ol><li><p><strong>Gesti\u00f3n de proyectos simplificada<\/strong>: Vertuoza ofrece potentes herramientas para <strong>planificar y controlar<\/strong> todos los aspectos de los proyectos de construcci\u00f3n, desde los plazos y costes hasta la gesti\u00f3n de los equipos en la obra.<\/p><\/li><li><p><strong>Supervisi\u00f3n de sitios en tiempo real<\/strong>: Con <strong>Vertuoza<\/strong>, puedes supervisar el progreso de tus sitios en tiempo real, gracias a una interfaz clara que te ofrece una visi\u00f3n general de todas las tareas y su progreso.<\/p><\/li><li><p><strong>Gesti\u00f3n optimizada de los costes<\/strong>: Vertuoza te ayuda a <strong>controlar los presupuestos<\/strong> y a evitar los beneficios, gracias a funciones de seguimiento de los gastos, los m\u00e1rgenes y la facturaci\u00f3n.<\/p><\/li><li><p><strong>Colaboraci\u00f3n centralizada<\/strong>: la herramienta centraliza toda la informaci\u00f3n, los documentos y las comunicaciones, garantizando <strong>una mejor coordinaci\u00f3n entre los equipos<\/strong> sobre el terreno y los jefes de proyecto.<\/p><\/li><li><strong>Movilidad y accesibilidad<\/strong>: Gracias a una <strong>aplicaci\u00f3n m\u00f3vil<\/strong> f\u00e1cil de usar, Vertuoza permite a los equipos sobre el terreno permanecer conectados y acceder a la informaci\u00f3n del proyecto en cualquier momento, est\u00e9n donde est\u00e9n.<\/li><\/ol>\t\t\t\t\t\t\t\t<\/div>\n\t\t\t\t<\/div>\n\t\t\t\t<div class=\"elementor-element elementor-element-18e3ce3 elementor-widget elementor-widget-heading\" data-id=\"18e3ce3\" data-element_type=\"widget\" data-e-type=\"widget\" data-widget_type=\"heading.default\">\n\t\t\t\t<div class=\"elementor-widget-container\">\n\t\t\t\t\t<h2 class=\"elementor-heading-title elementor-size-default\">\u00bfCu\u00e1les son las ventajas de utilizar Vertuoza?<\/h2>\t\t\t\t<\/div>\n\t\t\t\t<\/div>\n\t\t\t\t<div class=\"elementor-element elementor-element-8d897c6 elementor-widget elementor-widget-text-editor\" data-id=\"8d897c6\" data-element_type=\"widget\" data-e-type=\"widget\" data-widget_type=\"text-editor.default\">\n\t\t\t\t<div class=\"elementor-widget-container\">\n\t\t\t\t\t\t\t\t\t<ul><li><p><strong><span>Especializaci\u00f3n en el sector de la construcci\u00f3n<\/span><\/strong><span> Vertuoza se ha dise\u00f1ado espec\u00edficamente para responder a las necesidades de <\/span><strong><span>las necesidades de los profesionales de la construcci\u00f3n<\/span><\/strong><span> Esto significa que se adapta perfectamente a las necesidades de este sector.<\/span><\/p><\/li><li><p><strong><span>Ahorra tiempo y reduce errores<\/span><\/strong><span> Al centralizar todas las operaciones, Vertuoza te permite <\/span><strong><span>ahorrar tiempo<\/span><\/strong><span> y reduce los errores causados por la gesti\u00f3n manual.<\/span><\/p><\/li><li><p><strong><span>Seguimiento preciso de los proyectos<\/span><\/strong><span> Vertuoza proporciona una visibilidad completa del estado de las obras, lo que permite a los gestores <\/span><strong><span>tomar decisiones informadas<\/span><\/strong><span> con datos en tiempo real.<\/span><\/p><\/li><li><p><strong><span>Mejora de la rentabilidad<\/span><\/strong><span> Mediante un mejor control de los costes y una gesti\u00f3n eficaz de los recursos, Vertuoza ayuda a <\/span><strong><span>mejorar la rentabilidad<\/span><\/strong><span> de los proyectos.<\/span><\/p><\/li><li><p><strong><span>Interfaz intuitiva<\/span><\/strong><span>  Vertuoza es f\u00e1cil de aprender, incluso para usuarios sin conocimientos t\u00e9cnicos. Su interfaz clara y sus funciones intuitivas hacen que la gesti\u00f3n de proyectos sea sencilla y directa. <\/span><\/p><\/li><\/ul>\t\t\t\t\t\t\t\t<\/div>\n\t\t\t\t<\/div>\n\t\t\t\t<div class=\"elementor-element elementor-element-61082de elementor-widget elementor-widget-heading\" data-id=\"61082de\" data-element_type=\"widget\" data-e-type=\"widget\" data-widget_type=\"heading.default\">\n\t\t\t\t<div class=\"elementor-widget-container\">\n\t\t\t\t\t<h2 class=\"elementor-heading-title elementor-size-default\">Conclusi\u00f3n<\/h2>\t\t\t\t<\/div>\n\t\t\t\t<\/div>\n\t\t\t\t<div class=\"elementor-element elementor-element-6f829ce elementor-widget elementor-widget-text-editor\" data-id=\"6f829ce\" data-element_type=\"widget\" data-e-type=\"widget\" data-widget_type=\"text-editor.default\">\n\t\t\t\t<div class=\"elementor-widget-container\">\n\t\t\t\t\t\t\t\t\t<p><strong>Vertuoza<\/strong> es la soluci\u00f3n perfecta para <strong>los profesionales de la construcci\u00f3n<\/strong> que buscan optimizar la gesti\u00f3n de sus proyectos, simplificando la coordinaci\u00f3n entre equipos y maximizando la rentabilidad. Con funciones espec\u00edficamente dise\u00f1adas para el sector de la construcci\u00f3n, Vertuoza centraliza todos los aspectos de la gesti\u00f3n de la obra, proporcionando <strong>una visibilidad total<\/strong>, <strong>una mejor organizaci\u00f3n<\/strong> y <strong>una reducci\u00f3n de los errores<\/strong>. <\/p>\t\t\t\t\t\t\t\t<\/div>\n\t\t\t\t<\/div>\n\t\t\t\t\t<\/div>\n\t\t\t\t<\/div>\n\t\t\t\t<\/div>\n\t\t","protected":false},"excerpt":{"rendered":"<p><strong>Vertuoza<\/strong> es un paquete de software de gesti\u00f3n dise\u00f1ado espec\u00edficamente para empresas del sector de la construcci\u00f3n. Ofrece herramientas para gestionar proyectos, presupuestos, facturas y planificaci\u00f3n de obras, centralizando toda la informaci\u00f3n necesaria para una gesti\u00f3n eficaz. <\/p>\n<ul>\n<li>Interfaz intuitiva<\/li>\n<li>Planificaci\u00f3n del proyecto<\/li>\n<li>Gesti\u00f3n de obras<\/li>\n<li>Seguimiento de los costes<\/li>\n<\/ul>\n","protected":false},"featured_media":30643,"comment_status":"open","ping_status":"closed","template":"","meta":{"_acf_changed":false,"_glsr_average":0,"_glsr_ranking":0,"_glsr_reviews":0},"product_brand":[],"product_cat":[4228],"product_tag":[],"class_list":{"0":"post-30642","1":"product","2":"type-product","3":"status-publish","4":"has-post-thumbnail","6":"product_cat-gestion-de-proyectos","8":"first","9":"instock","10":"shipping-taxable","11":"product-type-external"},"acf":[],"_links":{"self":[{"href":"https:\/\/boostgrowb.com\/es\/wp-json\/wp\/v2\/product\/30642","targetHints":{"allow":["GET"]}}],"collection":[{"href":"https:\/\/boostgrowb.com\/es\/wp-json\/wp\/v2\/product"}],"about":[{"href":"https:\/\/boostgrowb.com\/es\/wp-json\/wp\/v2\/types\/product"}],"replies":[{"embeddable":true,"href":"https:\/\/boostgrowb.com\/es\/wp-json\/wp\/v2\/comments?post=30642"}],"version-history":[{"count":0,"href":"https:\/\/boostgrowb.com\/es\/wp-json\/wp\/v2\/product\/30642\/revisions"}],"wp:featuredmedia":[{"embeddable":true,"href":"https:\/\/boostgrowb.com\/es\/wp-json\/wp\/v2\/media\/30643"}],"wp:attachment":[{"href":"https:\/\/boostgrowb.com\/es\/wp-json\/wp\/v2\/media?parent=30642"}],"wp:term":[{"taxonomy":"product_brand","embeddable":true,"href":"https:\/\/boostgrowb.com\/es\/wp-json\/wp\/v2\/product_brand?post=30642"},{"taxonomy":"product_cat","embeddable":true,"href":"https:\/\/boostgrowb.com\/es\/wp-json\/wp\/v2\/product_cat?post=30642"},{"taxonomy":"product_tag","embeddable":true,"href":"https:\/\/boostgrowb.com\/es\/wp-json\/wp\/v2\/product_tag?post=30642"}],"curies":[{"name":"wp","href":"https:\/\/api.w.org\/{rel}","templated":true}]}}