{"id":30649,"date":"2024-11-26T11:26:11","date_gmt":"2024-11-26T11:26:11","guid":{"rendered":"https:\/\/boostgrowb.com\/software\/burbuja\/"},"modified":"2026-02-15T14:03:37","modified_gmt":"2026-02-15T14:03:37","slug":"burbuja","status":"publish","type":"product","link":"https:\/\/boostgrowb.com\/es\/software\/burbuja\/","title":{"rendered":"Burbuja"},"content":{"rendered":"\t\t<div data-elementor-type=\"product-post\" data-elementor-id=\"30649\" class=\"elementor elementor-30649 elementor-13428\" data-elementor-post-type=\"product\">\n\t\t\t\t<div class=\"elementor-element elementor-element-6e9c298 e-flex e-con-boxed wpr-particle-no wpr-jarallax-no wpr-parallax-no wpr-sticky-section-no e-con e-parent\" data-id=\"6e9c298\" data-element_type=\"container\" data-e-type=\"container\">\n\t\t\t\t\t<div class=\"e-con-inner\">\n\t\t\t\t<div class=\"elementor-element elementor-element-ac8bba2 elementor-widget elementor-widget-heading\" data-id=\"ac8bba2\" data-element_type=\"widget\" data-e-type=\"widget\" data-widget_type=\"heading.default\">\n\t\t\t\t<div class=\"elementor-widget-container\">\n\t\t\t\t\t<h2 class=\"elementor-heading-title elementor-size-default\">\u00bfQu\u00e9 es Bubble.io?<\/h2>\t\t\t\t<\/div>\n\t\t\t\t<\/div>\n\t\t\t\t<div class=\"elementor-element elementor-element-b9e7fc2 elementor-widget elementor-widget-text-editor\" data-id=\"b9e7fc2\" data-element_type=\"widget\" data-e-type=\"widget\" data-widget_type=\"text-editor.default\">\n\t\t\t\t<div class=\"elementor-widget-container\">\n\t\t\t\t\t\t\t\t\t<p class=\"\" data-start=\"60\" data-end=\"568\"><strong data-start=\"60\" data-end=\"119\">Bubble.io es una plataforma de desarrollo sin c\u00f3digo<\/strong> que permite a cualquier persona sin conocimientos de programaci\u00f3n crear potentes aplicaciones web totalmente personalizadas. Con Bubble, puedes crear aplicaciones de <strong data-start=\"312\" data-end=\"333\">gesti\u00f3n de proyectos<\/strong>, <strong data-start=\"339\" data-end=\"355\">mercados<\/strong>, <strong data-start=\"361\" data-end=\"380\" data-is-only-node=\"\">redes sociales<\/strong> o incluso <strong data-start=\"393\" data-end=\"424\">complejos servicios en l\u00ednea<\/strong>, todo ello utilizando una interfaz visual intuitiva. <strong data-start=\"483\" data-end=\"566\">Convierte tus ideas en productos tangibles sin escribir una sola l\u00ednea de c\u00f3digo.<\/strong> <\/p><p class=\"\" data-start=\"570\" data-end=\"1112\">Una de las <strong data-start=\"579\" data-end=\"609\">grandes ventajas de Bubble<\/strong> es su <strong data-start=\"617\" data-end=\"639\">total flexibilidad<\/strong>. Puedes personalizar f\u00e1cilmente la interfaz de usuario, crear <strong data-start=\"713\" data-end=\"744\">bases de datos din\u00e1micas<\/strong>, a\u00f1adir funciones avanzadas e incluso integrar servicios de terceros mediante <strong data-start=\"832\" data-end=\"839\">API<\/strong>. Tanto si eres una <strong data-start=\"860\" data-end=\"882\">ambiciosa empresa emergente<\/strong>, una <strong data-start=\"888\" data-end=\"916\">PYME en crecimiento<\/strong> o un <strong data-start=\"924\" data-end=\"945\">empresario en solitario<\/strong>, Bubble te permite <strong data-start=\"969\" data-end=\"1015\">desarrollar aplicaciones web escalables<\/strong> a bajo coste y en un tiempo r\u00e9cord, sin tener que recurrir a un equipo de desarrolladores.  <\/p><p class=\"\" data-start=\"1114\" data-end=\"1699\">Adem\u00e1s de su <strong data-start=\"1129\" data-end=\"1162\">editor visual ultraintuitivo<\/strong>, Bubble ofrece <strong data-start=\"1181\" data-end=\"1203\">una flexibilidad total<\/strong> con <strong data-start=\"1213\" data-end=\"1237\">herramientas de integraci\u00f3n<\/strong> para <strong data-start=\"1247\" data-end=\"1263\">API externas<\/strong>, capacidad para gestionar <strong data-start=\"1293\" data-end=\"1324\">bases de datos din\u00e1micas<\/strong> y <strong data-start=\"1332\" data-end=\"1352\">optimizaci\u00f3n SEO<\/strong> para garantizar que tus aplicaciones sean visibles en los motores de b\u00fasqueda. Esta plataforma es ideal para <strong data-start=\"1463\" data-end=\"1490\">impulsar la productividad<\/strong> de las empresas, <strong data-start=\"1515\" data-end=\"1556\">reduciendo<\/strong> al mismo <strong data-start=\"1515\" data-end=\"1556\">tiempo los tiempos de desarrollo<\/strong>. <\/p>\t\t\t\t\t\t\t\t<\/div>\n\t\t\t\t<\/div>\n\t\t\t\t<div class=\"elementor-element elementor-element-908b3ac elementor-widget elementor-widget-heading\" data-id=\"908b3ac\" data-element_type=\"widget\" data-e-type=\"widget\" data-widget_type=\"heading.default\">\n\t\t\t\t<div class=\"elementor-widget-container\">\n\t\t\t\t\t<h2 class=\"elementor-heading-title elementor-size-default\">\u00bfCu\u00e1les son las principales caracter\u00edsticas de Bubble.io?<\/h2>\t\t\t\t<\/div>\n\t\t\t\t<\/div>\n\t\t\t\t<div class=\"elementor-element elementor-element-d519bd5 elementor-widget elementor-widget-text-editor\" data-id=\"d519bd5\" data-element_type=\"widget\" data-e-type=\"widget\" data-widget_type=\"text-editor.default\">\n\t\t\t\t<div class=\"elementor-widget-container\">\n\t\t\t\t\t\t\t\t\t<ul><li><strong>Un potente editor visual:<\/strong> El editor de arrastrar y soltar de Bubble.io es a la vez sencillo y sofisticado. <strong>Puedes crear interfaces de usuario intuitivas y modernas sin tocar el c\u00f3digo.<\/strong> Cada elemento es personalizable, lo que te da una flexibilidad de dise\u00f1o total.<\/li><\/ul><div> <\/div><ul><li data-pm-slice=\"0 0 []\"><strong>Gesti\u00f3n avanzada de bases de datos:<\/strong> Bubble.io incorpora una robusta base de datos que te permite <strong>almacenar y organizar tus datos directamente dentro de la plataforma.<\/strong> Tanto si necesitas gestionar usuarios, productos o transacciones, todo se gestiona a la perfecci\u00f3n.<\/li><\/ul><div> <\/div><ul><li data-pm-slice=\"0 0 []\"><strong>Flujos de trabajo automatizados :<\/strong> Los flujos de trabajo son el coraz\u00f3n de Bubble.io. <strong>Te permiten definir interacciones y procesos din\u00e1micos en tu aplicaci\u00f3n.<\/strong> Por ejemplo, puedes configurar un sistema para que env\u00ede un correo electr\u00f3nico cuando un usuario se registre o active un pago con un solo clic.<\/li><\/ul><div> <\/div><ul><li data-pm-slice=\"0 0 []\"><strong>Integraci\u00f3n API de terceros:<\/strong> Conecta tu aplicaci\u00f3n a otros servicios mediante <strong>integraciones API sin fisuras<\/strong>. Esto incluye herramientas como Stripe para pagos, Zapier para automatizaci\u00f3n y bases de datos externas.<\/li><\/ul><div> <\/div><ul><li data-pm-slice=\"0 0 []\"><strong>Alojamiento integrado:<\/strong> Bubble.io no s\u00f3lo crea aplicaciones, tambi\u00e9n incluye <strong>alojamiento seguro y escalable.<\/strong> No necesitas buscar una soluci\u00f3n de alojamiento adicional: tu aplicaci\u00f3n estar\u00e1 directamente en l\u00ednea, lista para usar.<\/li><\/ul>\t\t\t\t\t\t\t\t<\/div>\n\t\t\t\t<\/div>\n\t\t\t\t<div class=\"elementor-element elementor-element-f130344 elementor-widget elementor-widget-heading\" data-id=\"f130344\" data-element_type=\"widget\" data-e-type=\"widget\" data-widget_type=\"heading.default\">\n\t\t\t\t<div class=\"elementor-widget-container\">\n\t\t\t\t\t<h2 class=\"elementor-heading-title elementor-size-default\">\u00bfCu\u00e1les son las ventajas de Bubble.io?<\/h2>\t\t\t\t<\/div>\n\t\t\t\t<\/div>\n\t\t\t\t<div class=\"elementor-element elementor-element-5c55c80 elementor-widget elementor-widget-text-editor\" data-id=\"5c55c80\" data-element_type=\"widget\" data-e-type=\"widget\" data-widget_type=\"text-editor.default\">\n\t\t\t\t<div class=\"elementor-widget-container\">\n\t\t\t\t\t\t\t\t\t<ul><li data-pm-slice=\"0 0 []\"><strong>No se requieren conocimientos t\u00e9cnicos:<\/strong> la mayor ventaja de Bubble.io es su accesibilidad. Incluso si eres completamente novato en programaci\u00f3n, puedes crear aplicaciones profesionales gracias a su intuitiva interfaz. <\/li><\/ul><div> <\/div><ul><li data-pm-slice=\"0 0 []\"><strong>Reducci\u00f3n significativa de costes:<\/strong> Tradicionalmente, desarrollar una aplicaci\u00f3n requiere una inversi\u00f3n significativa en desarrolladores, dise\u00f1adores y alojamiento. <strong>Con Bubble.io, puedes reducir dr\u00e1sticamente tus costes.<\/strong><\/li><\/ul><div><b> <\/b><\/div><ul><li data-pm-slice=\"0 0 []\"><b>Desarrollo r\u00e1pido:<\/b> Bubble.io acelera el tiempo de comercializaci\u00f3n. Puedes pasar de la idea al prototipo en s\u00f3lo unos d\u00edas, <strong>frente a los meses del desarrollo tradicional.<\/strong> <\/li><\/ul><div><b> <\/b><\/div><ul><li data-pm-slice=\"0 0 []\"><strong>Flexibilidad infinita:<\/strong> Tanto si se trata de una aplicaci\u00f3n sencilla como compleja, Bubble.io se adapta a todas tus necesidades gracias a su estructura modular y personalizable.<\/li><\/ul><div> <\/div><ul><li data-pm-slice=\"0 0 []\"><strong>Escalabilidad:<\/strong> \u00bfC\u00f3mo de grande es tu aplicaci\u00f3n? Sin problemas.   <strong>Bubble.io est\u00e1 dise\u00f1ado para gestionar un aumento del tr\u00e1fico y de los usuarios sin necesidad de complejas migraciones.<\/strong><\/li><\/ul>\t\t\t\t\t\t\t\t<\/div>\n\t\t\t\t<\/div>\n\t\t\t\t<div class=\"elementor-element elementor-element-785aae4 elementor-widget elementor-widget-heading\" data-id=\"785aae4\" data-element_type=\"widget\" data-e-type=\"widget\" data-widget_type=\"heading.default\">\n\t\t\t\t<div class=\"elementor-widget-container\">\n\t\t\t\t\t<h2 class=\"elementor-heading-title elementor-size-default\">\u00bfQu\u00e9 tipos de aplicaciones puedo crear con Bubble.io?<\/h2>\t\t\t\t<\/div>\n\t\t\t\t<\/div>\n\t\t\t\t<div class=\"elementor-element elementor-element-48e1894 elementor-widget elementor-widget-text-editor\" data-id=\"48e1894\" data-element_type=\"widget\" data-e-type=\"widget\" data-widget_type=\"text-editor.default\">\n\t\t\t\t<div class=\"elementor-widget-container\">\n\t\t\t\t\t\t\t\t\t<ul><li data-pm-slice=\"0 0 []\"><strong>Plataformas de comercio electr\u00f3nico:<\/strong> crea tu propia tienda online con funciones como gesti\u00f3n de productos, pagos online y seguimiento de pedidos.  <\/li><\/ul><div> <\/div><ul><li data-pm-slice=\"0 0 []\"><strong>Redes sociales:<\/strong> lanza una aplicaci\u00f3n social con perfiles de usuario, feeds de noticias, sistemas de mensajer\u00eda y mucho m\u00e1s.<\/li><\/ul><div> <\/div><ul><li data-pm-slice=\"0 0 []\"><strong>Herramientas SaaS:<\/strong> Desarrolla software SaaS adaptado a tus necesidades o a las de tus clientes, como CRM, herramientas de gesti\u00f3n de proyectos o plataformas de an\u00e1lisis.<\/li><\/ul><div> <\/div><ul><li data-pm-slice=\"0 0 []\"><strong>Solicitudes de reserva:<\/strong> Dise\u00f1a plataformas para reservar servicios, eventos o recursos, con calendarios integrados.<\/li><\/ul><div> <\/div><ul><li data-pm-slice=\"0 0 []\"><strong>Aplicaciones a medida:<\/strong> Ya sean portales para miembros, herramientas corporativas internas o plataformas educativas, <strong>Bubble.io puede satisfacer casi cualquier requisito.<\/strong><\/li><\/ul>\t\t\t\t\t\t\t\t<\/div>\n\t\t\t\t<\/div>\n\t\t\t\t<div class=\"elementor-element elementor-element-cfc233f elementor-widget elementor-widget-heading\" data-id=\"cfc233f\" data-element_type=\"widget\" data-e-type=\"widget\" data-widget_type=\"heading.default\">\n\t\t\t\t<div class=\"elementor-widget-container\">\n\t\t\t\t\t<h2 class=\"elementor-heading-title elementor-size-default\">\u00bfA qui\u00e9n va dirigido Bubble.io?<\/h2>\t\t\t\t<\/div>\n\t\t\t\t<\/div>\n\t\t\t\t<div class=\"elementor-element elementor-element-a4f6ecc elementor-widget elementor-widget-text-editor\" data-id=\"a4f6ecc\" data-element_type=\"widget\" data-e-type=\"widget\" data-widget_type=\"text-editor.default\">\n\t\t\t\t<div class=\"elementor-widget-container\">\n\t\t\t\t\t\t\t\t\t<p><strong><span>Bubble.io<\/span><\/strong><span>  es una revolucionaria plataforma sin c\u00f3digo dirigida a una amplia gama de usuarios, desde empresarios visionarios a desarrolladores experimentados. Ideal para   <\/span><strong><span>startups<\/span><\/strong><span> y <\/span><strong><span>PYME<\/span><\/strong><span>  Te permite crear r\u00e1pidamente MVPs, herramientas internas o plataformas personalizadas sin necesidad de conocimientos t\u00e9cnicos. En  <\/span><strong><span>principiantes<\/span><\/strong><span> se benefician de una interfaz intuitiva de arrastrar y soltar para convertir sus ideas en realidad, mientras que <\/span><strong><span>aut\u00f3nomos<\/span><\/strong><span> y <\/span><strong><span>agencias<\/span><\/strong><span>  util\u00edzala para ofrecer soluciones profesionales en un tiempo r\u00e9cord. En  <\/span><strong><span>desarrolladores experimentados<\/span><\/strong><span> han adquirido la capacidad de acelerar proyectos complejos, y los <\/span><strong><span>estudiantes<\/span><\/strong><span> y <\/span><strong><span>formadores<\/span><\/strong><span>  Bubble.io ofrece una oportunidad educativa \u00fanica para dominar los fundamentos del desarrollo de aplicaciones. Bubble.io encarna una nueva era de accesibilidad e innovaci\u00f3n, convirtiendo cada idea en una impactante realidad digital. <\/span><\/p>\t\t\t\t\t\t\t\t<\/div>\n\t\t\t\t<\/div>\n\t\t\t\t<div class=\"elementor-element elementor-element-5ab7cfb elementor-widget elementor-widget-heading\" data-id=\"5ab7cfb\" data-element_type=\"widget\" data-e-type=\"widget\" data-widget_type=\"heading.default\">\n\t\t\t\t<div class=\"elementor-widget-container\">\n\t\t\t\t\t<h2 class=\"elementor-heading-title elementor-size-default\">Conclusi\u00f3n<\/h2>\t\t\t\t<\/div>\n\t\t\t\t<\/div>\n\t\t\t\t<div class=\"elementor-element elementor-element-33a1fc6 elementor-widget elementor-widget-text-editor\" data-id=\"33a1fc6\" data-element_type=\"widget\" data-e-type=\"widget\" data-widget_type=\"text-editor.default\">\n\t\t\t\t<div class=\"elementor-widget-container\">\n\t\t\t\t\t\t\t\t\t<p class=\"\" data-start=\"76\" data-end=\"667\">Bubble.io abre la puerta a la <strong data-start=\"106\" data-end=\"152\">creaci\u00f3n de aplicaciones web personalizadas<\/strong>, accesibles a cualquiera, sin necesidad de conocimientos de codificaci\u00f3n. Gracias a su <strong data-start=\"221\" data-end=\"236\">flexibilidad<\/strong>, su <strong data-start=\"242\" data-end=\"269\">intuitivo editor visual<\/strong> y sus potentes capacidades de integraci\u00f3n, esta plataforma te permite <strong data-start=\"340\" data-end=\"377\">convertir ideas en productos<\/strong> de forma r\u00e1pida y rentable. Tanto si eres una <strong data-start=\"428\" data-end=\"439\">empresa emergente<\/strong> que quiere lanzarse al mercado como si eres una <strong data-start=\"469\" data-end=\"491\">empresa consolidada<\/strong> que quiere crear una aplicaci\u00f3n espec\u00edfica, <strong data-start=\"539\" data-end=\"613\">Bubble.io te da las herramientas para innovar y evolucionar a tu propio ritmo<\/strong>, al tiempo que simplifica el proceso de desarrollo.  <\/p>\t\t\t\t\t\t\t\t<\/div>\n\t\t\t\t<\/div>\n\t\t\t\t\t<\/div>\n\t\t\t\t<\/div>\n\t\t\t\t<\/div>\n\t\t","protected":false},"excerpt":{"rendered":"<p>Bubble.io es la plataforma sin c\u00f3digo de referencia para dise\u00f1ar, personalizar y lanzar aplicaciones web de alto rendimiento, sin necesidad de conocimientos de programaci\u00f3n, acelerando as\u00ed la innovaci\u00f3n y el crecimiento de tu proyecto.<\/p>\n<ul>\n<li>Automatizaci\u00f3n del flujo de trabajo<\/li>\n<li>Integraci\u00f3n API<\/li>\n<li>Gesti\u00f3n de bases de datos<\/li>\n<li>Dise\u00f1o personalizado<\/li>\n<\/ul>\n","protected":false},"featured_media":30650,"comment_status":"open","ping_status":"closed","template":"","meta":{"_acf_changed":false,"_glsr_average":0,"_glsr_ranking":0,"_glsr_reviews":0},"product_brand":[],"product_cat":[4228,5121],"product_tag":[],"class_list":{"0":"post-30649","1":"product","2":"type-product","3":"status-publish","4":"has-post-thumbnail","6":"product_cat-gestion-de-proyectos","7":"product_cat-software-sin-codigo","9":"first","10":"instock","11":"shipping-taxable","12":"product-type-external"},"acf":[],"_links":{"self":[{"href":"https:\/\/boostgrowb.com\/es\/wp-json\/wp\/v2\/product\/30649","targetHints":{"allow":["GET"]}}],"collection":[{"href":"https:\/\/boostgrowb.com\/es\/wp-json\/wp\/v2\/product"}],"about":[{"href":"https:\/\/boostgrowb.com\/es\/wp-json\/wp\/v2\/types\/product"}],"replies":[{"embeddable":true,"href":"https:\/\/boostgrowb.com\/es\/wp-json\/wp\/v2\/comments?post=30649"}],"version-history":[{"count":0,"href":"https:\/\/boostgrowb.com\/es\/wp-json\/wp\/v2\/product\/30649\/revisions"}],"wp:featuredmedia":[{"embeddable":true,"href":"https:\/\/boostgrowb.com\/es\/wp-json\/wp\/v2\/media\/30650"}],"wp:attachment":[{"href":"https:\/\/boostgrowb.com\/es\/wp-json\/wp\/v2\/media?parent=30649"}],"wp:term":[{"taxonomy":"product_brand","embeddable":true,"href":"https:\/\/boostgrowb.com\/es\/wp-json\/wp\/v2\/product_brand?post=30649"},{"taxonomy":"product_cat","embeddable":true,"href":"https:\/\/boostgrowb.com\/es\/wp-json\/wp\/v2\/product_cat?post=30649"},{"taxonomy":"product_tag","embeddable":true,"href":"https:\/\/boostgrowb.com\/es\/wp-json\/wp\/v2\/product_tag?post=30649"}],"curies":[{"name":"wp","href":"https:\/\/api.w.org\/{rel}","templated":true}]}}