{"id":30655,"date":"2025-02-11T08:50:14","date_gmt":"2025-02-11T08:50:14","guid":{"rendered":"https:\/\/boostgrowb.com\/software\/en-blanco\/"},"modified":"2026-02-15T14:03:32","modified_gmt":"2026-02-15T14:03:32","slug":"en-blanco","status":"publish","type":"product","link":"https:\/\/boostgrowb.com\/es\/software\/en-blanco\/","title":{"rendered":"En blanco"},"content":{"rendered":"\t\t<div data-elementor-type=\"product-post\" data-elementor-id=\"30655\" class=\"elementor elementor-30655 elementor-16352\" data-elementor-post-type=\"product\">\n\t\t\t\t<div class=\"elementor-element elementor-element-4a8b4e5 e-flex e-con-boxed wpr-particle-no wpr-jarallax-no wpr-parallax-no wpr-sticky-section-no e-con e-parent\" data-id=\"4a8b4e5\" data-element_type=\"container\" data-e-type=\"container\">\n\t\t\t\t\t<div class=\"e-con-inner\">\n\t\t\t\t<div class=\"elementor-element elementor-element-249ea54 elementor-widget elementor-widget-heading\" data-id=\"249ea54\" data-element_type=\"widget\" data-e-type=\"widget\" data-widget_type=\"heading.default\">\n\t\t\t\t<div class=\"elementor-widget-container\">\n\t\t\t\t\t<h2 class=\"elementor-heading-title elementor-size-default\">\u00bfQu\u00e9 es Blank Neobank?<\/h2>\t\t\t\t<\/div>\n\t\t\t\t<\/div>\n\t\t\t\t<div class=\"elementor-element elementor-element-18654d1 elementor-widget elementor-widget-text-editor\" data-id=\"18654d1\" data-element_type=\"widget\" data-e-type=\"widget\" data-widget_type=\"text-editor.default\">\n\t\t\t\t<div class=\"elementor-widget-container\">\n\t\t\t\t\t\t\t\t\t<p class=\"\" data-start=\"146\" data-end=\"623\"><strong data-start=\"146\" data-end=\"284\">Blank es un neobanco 100% franc\u00e9s dise\u00f1ado para simplificar la vida de los aut\u00f3nomos, trabajadores por cuenta propia y autoempresarios. Blank <\/strong>  ofrece una cuenta empresarial completa, una interfaz m\u00f3vil intuitiva y herramientas dise\u00f1adas para satisfacer las necesidades espec\u00edficas de los profesionales aut\u00f3nomos. El objetivo: ayudarte a ahorrar tiempo, cumplir la normativa y centrarte en lo que mejor sabes hacer. <\/p><p class=\"\" data-start=\"625\" data-end=\"1057\"><strong data-start=\"625\" data-end=\"855\">Adem\u00e1s de tu cuenta bancaria, Blank centraliza todas tus tareas administrativas: creaci\u00f3n de presupuestos, generaci\u00f3n de facturas, gesti\u00f3n de pagos y cobros, seguimiento de la tesorer\u00eda y c\u00e1lculo autom\u00e1tico de las cotizaciones a la URSSAF.<\/strong>  Tambi\u00e9n te beneficiar\u00e1s de un apoyo administrativo personalizado, con funciones exclusivas como estimaciones de tus gastos en tiempo real y exportaci\u00f3n simplificada para tu contable.<\/p><p class=\"\" data-start=\"1059\" data-end=\"1458\"><strong data-start=\"1059\" data-end=\"1229\">Con ofertas claras, sin cargos ocultos, y una aplicaci\u00f3n m\u00f3vil fluida y de alto rendimiento, Blank se ha establecido como una alternativa moderna a los bancos tradicionales.<\/strong>  Tanto si est\u00e1s empezando como si buscas mejorar tu eficiencia, Blank te ofrece un ecosistema completo y seguro para gestionar tu negocio de aut\u00f3nomo, al tiempo que te libera de las trabas administrativas.<\/p>\t\t\t\t\t\t\t\t<\/div>\n\t\t\t\t<\/div>\n\t\t\t\t<div class=\"elementor-element elementor-element-a2d0dd0 elementor-widget elementor-widget-heading\" data-id=\"a2d0dd0\" data-element_type=\"widget\" data-e-type=\"widget\" data-widget_type=\"heading.default\">\n\t\t\t\t<div class=\"elementor-widget-container\">\n\t\t\t\t\t<h2 class=\"elementor-heading-title elementor-size-default\">Las principales ventajas de Blank<\/h2>\t\t\t\t<\/div>\n\t\t\t\t<\/div>\n\t\t\t\t<div class=\"elementor-element elementor-element-8d992a1 elementor-widget elementor-widget-text-editor\" data-id=\"8d992a1\" data-element_type=\"widget\" data-e-type=\"widget\" data-widget_type=\"text-editor.default\">\n\t\t\t\t<div class=\"elementor-widget-container\">\n\t\t\t\t\t\t\t\t\t<p data-pm-slice=\"1 1 []\"><b>Abrir una cuenta es r\u00e1pido y f\u00e1cil:<\/b> con Blank, puedes abrir una cuenta en s\u00f3lo unos minutos, sin ning\u00fan papeleo innecesario. Todo lo que tienes que hacer es registrarte online para obtener un IBAN y empezar a utilizar tu cuenta de empresa. Esta rapidez es especialmente ventajosa para los principiantes que quieren empezar sin complicaciones administrativas.  <\/p><p data-pm-slice=\"1 1 []\"><b>Una interfaz intuitiva para una gesti\u00f3n simplificada:<\/b> La aplicaci\u00f3n m\u00f3vil de Blank te permite seguir tus transacciones en tiempo real, clasificar tus gastos y crear facturas profesionales con s\u00f3lo unos clics. Tambi\u00e9n puedes generar presupuestos y hacer un seguimiento eficaz de los cobros, algo esencial para los aut\u00f3nomos que empiezan. <\/p><p data-pm-slice=\"1 1 []\"><b>Gesti\u00f3n automatizada de facturas<\/b> y presupuestos<b>:<\/b> Blank te permite crear y enviar facturas y presupuestos directamente desde la aplicaci\u00f3n. Estos documentos pueden personalizarse y cumplir la normativa vigente, facilitando a las empresas la gesti\u00f3n de su negocio. <\/p><p data-pm-slice=\"1 1 []\"><b>Apoyo administrativo: <\/b>Adem\u00e1s de los servicios bancarios, Blank ofrece apoyo administrativo y herramientas de gesti\u00f3n contable: c\u00e1lculo de gastos, seguimiento de las declaraciones URSSAF, recordatorios de pago y previsiones de tesorer\u00eda. Estas funciones son inestimables para los nuevos empresarios que a\u00fan no est\u00e1n familiarizados con la gesti\u00f3n administrativa. <\/p>\t\t\t\t\t\t\t\t<\/div>\n\t\t\t\t<\/div>\n\t\t\t\t<div class=\"elementor-element elementor-element-2fae915 elementor-widget elementor-widget-heading\" data-id=\"2fae915\" data-element_type=\"widget\" data-e-type=\"widget\" data-widget_type=\"heading.default\">\n\t\t\t\t<div class=\"elementor-widget-container\">\n\t\t\t\t\t<h2 class=\"elementor-heading-title elementor-size-default\">\u00bfA qui\u00e9n va dirigido Blank?<\/h2>\t\t\t\t<\/div>\n\t\t\t\t<\/div>\n\t\t\t\t<div class=\"elementor-element elementor-element-fd7644f elementor-widget elementor-widget-text-editor\" data-id=\"fd7644f\" data-element_type=\"widget\" data-e-type=\"widget\" data-widget_type=\"text-editor.default\">\n\t\t\t\t<div class=\"elementor-widget-container\">\n\t\t\t\t\t\t\t\t\t<p class=\"\" data-start=\"0\" data-end=\"463\"><strong data-start=\"0\" data-end=\"110\">Blank se dirige a trabajadores por cuenta propia, autoempresarios, aut\u00f3nomos y profesionales por cuenta propia<\/strong> que buscan una soluci\u00f3n bancaria sencilla, eficaz y perfectamente adaptada a su actividad. Tanto si trabajas como consultor, dise\u00f1ador gr\u00e1fico, desarrollador, coach, artesano o en cualquier otra profesi\u00f3n por cuenta propia, Blank ha sido dise\u00f1ado para satisfacer tus necesidades espec\u00edficas: gesti\u00f3n de cuentas pro, facturaci\u00f3n, seguimiento de tesorer\u00eda y declaraciones URSSAF. <\/p><p class=\"\" data-start=\"465\" data-end=\"721\">Gracias a su intuitiva aplicaci\u00f3n m\u00f3vil, Blank es tan adecuado para <strong data-start=\"537\" data-end=\"570\">los j\u00f3venes empresarios que empiezan<\/strong> como para los aut\u00f3nomos con experiencia que quieren ahorrar tiempo, automatizar sus tr\u00e1mites administrativos y liberarse de las limitaciones contables.<\/p>\t\t\t\t\t\t\t\t<\/div>\n\t\t\t\t<\/div>\n\t\t\t\t\t<\/div>\n\t\t\t\t<\/div>\n\t\t\t\t<\/div>\n\t\t","protected":false},"excerpt":{"rendered":"<p data-pm-slice=\"1 1 []\">Blank es el neobanco ideal para aut\u00f3nomos, autoempresarios y trabajadores por cuenta propia. Gestiona la cuenta de tu empresa, las facturas y la tesorer\u00eda de forma sencilla desde una aplicaci\u00f3n todo en uno, segura e intuitiva. <\/p>\n<ul>\n<li>Tarifas muy competitivas<\/li>\n<li>Dep\u00f3sito de capital en l\u00ednea<\/li>\n<li data-pm-slice=\"1 1 []\">Interfaz intuitiva<\/li>\n<li>1 mes gratis<\/li>\n<\/ul>\n","protected":false},"featured_media":29866,"comment_status":"open","ping_status":"closed","template":"","meta":{"_acf_changed":false,"_glsr_average":0,"_glsr_ranking":0,"_glsr_reviews":0},"product_brand":[],"product_cat":[3159],"product_tag":[],"class_list":{"0":"post-30655","1":"product","2":"type-product","3":"status-publish","4":"has-post-thumbnail","6":"product_cat-banco-pro","8":"first","9":"instock","10":"shipping-taxable","11":"product-type-external"},"acf":[],"_links":{"self":[{"href":"https:\/\/boostgrowb.com\/es\/wp-json\/wp\/v2\/product\/30655","targetHints":{"allow":["GET"]}}],"collection":[{"href":"https:\/\/boostgrowb.com\/es\/wp-json\/wp\/v2\/product"}],"about":[{"href":"https:\/\/boostgrowb.com\/es\/wp-json\/wp\/v2\/types\/product"}],"replies":[{"embeddable":true,"href":"https:\/\/boostgrowb.com\/es\/wp-json\/wp\/v2\/comments?post=30655"}],"version-history":[{"count":0,"href":"https:\/\/boostgrowb.com\/es\/wp-json\/wp\/v2\/product\/30655\/revisions"}],"wp:featuredmedia":[{"embeddable":true,"href":"https:\/\/boostgrowb.com\/es\/wp-json\/wp\/v2\/media\/29866"}],"wp:attachment":[{"href":"https:\/\/boostgrowb.com\/es\/wp-json\/wp\/v2\/media?parent=30655"}],"wp:term":[{"taxonomy":"product_brand","embeddable":true,"href":"https:\/\/boostgrowb.com\/es\/wp-json\/wp\/v2\/product_brand?post=30655"},{"taxonomy":"product_cat","embeddable":true,"href":"https:\/\/boostgrowb.com\/es\/wp-json\/wp\/v2\/product_cat?post=30655"},{"taxonomy":"product_tag","embeddable":true,"href":"https:\/\/boostgrowb.com\/es\/wp-json\/wp\/v2\/product_tag?post=30655"}],"curies":[{"name":"wp","href":"https:\/\/api.w.org\/{rel}","templated":true}]}}