{"id":30658,"date":"2025-02-06T22:44:22","date_gmt":"2025-02-06T22:44:22","guid":{"rendered":"https:\/\/boostgrowb.com\/software\/revolut\/"},"modified":"2026-02-14T14:02:56","modified_gmt":"2026-02-14T14:02:56","slug":"revolut","status":"publish","type":"product","link":"https:\/\/boostgrowb.com\/es\/software\/revolut\/","title":{"rendered":"Revolut"},"content":{"rendered":"\t\t<div data-elementor-type=\"product-post\" data-elementor-id=\"30658\" class=\"elementor elementor-30658 elementor-16222\" data-elementor-post-type=\"product\">\n\t\t\t\t<div class=\"elementor-element elementor-element-31841a9 e-flex e-con-boxed wpr-particle-no wpr-jarallax-no wpr-parallax-no wpr-sticky-section-no e-con e-parent\" data-id=\"31841a9\" data-element_type=\"container\" data-e-type=\"container\">\n\t\t\t\t\t<div class=\"e-con-inner\">\n\t\t\t\t<div class=\"elementor-element elementor-element-fede52e elementor-widget elementor-widget-heading\" data-id=\"fede52e\" data-element_type=\"widget\" data-e-type=\"widget\" data-widget_type=\"heading.default\">\n\t\t\t\t<div class=\"elementor-widget-container\">\n\t\t\t\t\t<h2 class=\"elementor-heading-title elementor-size-default\">\u00bfQu\u00e9 es Revolut Business?<\/h2>\t\t\t\t<\/div>\n\t\t\t\t<\/div>\n\t\t\t\t<div class=\"elementor-element elementor-element-2463415 elementor-widget elementor-widget-text-editor\" data-id=\"2463415\" data-element_type=\"widget\" data-e-type=\"widget\" data-widget_type=\"text-editor.default\">\n\t\t\t\t<div class=\"elementor-widget-container\">\n\t\t\t\t\t\t\t\t\t<div class=\"flex max-w-full flex-col flex-grow\"><div class=\"min-h-8 text-message flex w-full flex-col items-end gap-2 whitespace-normal break-words text-start [.text-message+&amp;]:mt-5\" dir=\"auto\" data-message-author-role=\"assistant\" data-message-id=\"59f70de5-96ac-4940-8adb-56b0bbf98145\" data-message-model-slug=\"gpt-4o\"><div class=\"flex w-full flex-col gap-1 empty:hidden first:pt-[3px]\"><div class=\"markdown prose w-full break-words dark:prose-invert light\"><p>Revolut Business es un neobanco reconocido por ofrecer una gesti\u00f3n financiera empresarial fluida, intuitiva y accesible. Es una soluci\u00f3n esencial para emprendedores, start-ups y pymes que buscan optimizar sus transacciones y simplificar su gesti\u00f3n contable. <\/p><\/div><\/div><\/div><\/div><p data-pm-slice=\"1 1 []\">Revolut Business es un servicio de banca digital para empresas y aut\u00f3nomos. A diferencia de los bancos tradicionales, esta soluci\u00f3n permite realizar transacciones internacionales a menor coste, gestionar varias divisas sin cargos ocultos y automatizar diversas tareas financieras. <\/p><p data-pm-slice=\"1 1 []\"><strong data-start=\"1164\" data-end=\"1390\">Contabilidad y automatizaci\u00f3n, Revolut Business ofrece potentes integraciones con Xero, QuickBooks y otras herramientas de gesti\u00f3n, para optimizar tus flujos financieros y automatizar tus tareas administrativas.<\/strong>  A\u00f1ade a esto un panel de control f\u00e1cil de usar, permisos de usuario personalizados y una API abierta, y tendr\u00e1s un aut\u00e9ntico centro financiero dise\u00f1ado para ahorrar tiempo a los profesionales.<\/p>\t\t\t\t\t\t\t\t<\/div>\n\t\t\t\t<\/div>\n\t\t\t\t<div class=\"elementor-element elementor-element-56cf2e1 elementor-widget elementor-widget-heading\" data-id=\"56cf2e1\" data-element_type=\"widget\" data-e-type=\"widget\" data-widget_type=\"heading.default\">\n\t\t\t\t<div class=\"elementor-widget-container\">\n\t\t\t\t\t<h2 class=\"elementor-heading-title elementor-size-default\">Las principales ventajas de Revolut Business<\/h2>\t\t\t\t<\/div>\n\t\t\t\t<\/div>\n\t\t\t\t<div class=\"elementor-element elementor-element-481f93d elementor-widget elementor-widget-text-editor\" data-id=\"481f93d\" data-element_type=\"widget\" data-e-type=\"widget\" data-widget_type=\"text-editor.default\">\n\t\t\t\t<div class=\"elementor-widget-container\">\n\t\t\t\t\t\t\t\t\t<ul><li data-pm-slice=\"0 0 []\"><b>Una cuenta bancaria multidivisa sin fronteras:<\/b> gestiona m\u00e1s de 30 divisas con tipos de cambio interbancarios ultracompetitivos. Ideal para empresas que operan internacionalmente. <\/li><\/ul><div> <\/div><ul><li data-pm-slice=\"1 1 []\"><b>Abre una cuenta r\u00e1pidamente y 100% online: <\/b>Crea tu cuenta Revolut Business en s\u00f3lo unos minutos, sin papeleo, y empieza a gestionar las finanzas de tu empresa inmediatamente.<\/li><\/ul><div> <\/div><ul><li data-pm-slice=\"0 0 []\"><b>Una tarjeta f\u00edsica y virtual para tus equipos: <\/b>Distribuye tarjetas a tu personal, establece l\u00edmites y realiza un seguimiento del gasto en tiempo real desde una interfaz centralizada.<\/li><\/ul><div> <\/div><ul><li data-pm-slice=\"0 0 []\"><b>Automatizaci\u00f3n contable y potentes integraciones: <\/b>Sincroniza Revolut f\u00e1cilmente con herramientas como Xero, QuickBooks o Slack, para una gesti\u00f3n simplificada de tu contabilidad y productividad.<\/li><\/ul><div> <\/div><ul><li data-pm-slice=\"1 1 []\"><strong>Interfaz intuitiva y fluida:<\/strong> Benef\u00edciate de un panel de control ergon\u00f3mico, claro y f\u00e1cil de usar. Controla tus pagos, gestiona tus gastos y a tus equipos sin esfuerzo. <\/li><\/ul>\t\t\t\t\t\t\t\t<\/div>\n\t\t\t\t<\/div>\n\t\t\t\t<div class=\"elementor-element elementor-element-d0f146b elementor-widget elementor-widget-heading\" data-id=\"d0f146b\" data-element_type=\"widget\" data-e-type=\"widget\" data-widget_type=\"heading.default\">\n\t\t\t\t<div class=\"elementor-widget-container\">\n\t\t\t\t\t<h2 class=\"elementor-heading-title elementor-size-default\">\u00bfPara qui\u00e9n es Revolut Business?<\/h2>\t\t\t\t<\/div>\n\t\t\t\t<\/div>\n\t\t\t\t<div class=\"elementor-element elementor-element-5b0989b elementor-widget elementor-widget-text-editor\" data-id=\"5b0989b\" data-element_type=\"widget\" data-e-type=\"widget\" data-widget_type=\"text-editor.default\">\n\t\t\t\t<div class=\"elementor-widget-container\">\n\t\t\t\t\t\t\t\t\t<p class=\"\" data-start=\"0\" data-end=\"423\"><strong data-start=\"0\" data-end=\"91\">Revolut Business est\u00e1 dirigido a empresarios modernos, aut\u00f3nomos, VSEs, PYMEs y start-ups<\/strong> que buscan una soluci\u00f3n bancaria digital, flexible e internacional. Tanto si eres un <strong data-start=\"183\" data-end=\"198\" data-is-only-node=\"\">aut\u00f3nomo<\/strong> con necesidades sencillas como una <strong data-start=\"231\" data-end=\"285\">empresa en crecimiento que opera a nivel internacional<\/strong>, Revolut Business te permite gestionar tus finanzas, divisas, equipos y contabilidad desde una \u00fanica interfaz intuitiva. <\/p><p class=\"\" data-start=\"425\" data-end=\"749\">Es la herramienta ideal para los <strong data-start=\"454\" data-end=\"493\">profesionales que buscan autonom\u00eda<\/strong>, las <strong data-start=\"499\" data-end=\"520\">estructuras \u00e1giles<\/strong> que quieren evitar la burocracia de los bancos tradicionales y <strong data-start=\"588\" data-end=\"630\">las empresas orientadas a la innovaci\u00f3n<\/strong> que quieren optimizar su gesti\u00f3n financiera, ahorrar tiempo y reducir las comisiones bancarias a escala mundial.<\/p>\t\t\t\t\t\t\t\t<\/div>\n\t\t\t\t<\/div>\n\t\t\t\t\t<\/div>\n\t\t\t\t<\/div>\n\t\t\t\t<\/div>\n\t\t","protected":false},"excerpt":{"rendered":"<p>Revolut Business es una soluci\u00f3n bancaria todo en uno dise\u00f1ada para empresas, aut\u00f3nomos y start-ups. Gestiona pagos, divisas, tarjetas y contabilidad con una interfaz intuitiva y potentes herramientas para optimizar tu gesti\u00f3n financiera. <\/p>\n<ul>\n<li>Multidivisa<\/li>\n<li>Interfaz f\u00e1cil de usar<\/li>\n<li>Facturaci\u00f3n sencilla<\/li>\n<li>Tarjetas f\u00edsicas y virtuales<\/li>\n<\/ul>\n","protected":false},"featured_media":29864,"comment_status":"open","ping_status":"closed","template":"","meta":{"_acf_changed":false,"_glsr_average":0,"_glsr_ranking":0,"_glsr_reviews":0},"product_brand":[],"product_cat":[3159],"product_tag":[],"class_list":{"0":"post-30658","1":"product","2":"type-product","3":"status-publish","4":"has-post-thumbnail","6":"product_cat-banco-pro","8":"first","9":"instock","10":"shipping-taxable","11":"product-type-external"},"acf":[],"_links":{"self":[{"href":"https:\/\/boostgrowb.com\/es\/wp-json\/wp\/v2\/product\/30658","targetHints":{"allow":["GET"]}}],"collection":[{"href":"https:\/\/boostgrowb.com\/es\/wp-json\/wp\/v2\/product"}],"about":[{"href":"https:\/\/boostgrowb.com\/es\/wp-json\/wp\/v2\/types\/product"}],"replies":[{"embeddable":true,"href":"https:\/\/boostgrowb.com\/es\/wp-json\/wp\/v2\/comments?post=30658"}],"version-history":[{"count":0,"href":"https:\/\/boostgrowb.com\/es\/wp-json\/wp\/v2\/product\/30658\/revisions"}],"wp:featuredmedia":[{"embeddable":true,"href":"https:\/\/boostgrowb.com\/es\/wp-json\/wp\/v2\/media\/29864"}],"wp:attachment":[{"href":"https:\/\/boostgrowb.com\/es\/wp-json\/wp\/v2\/media?parent=30658"}],"wp:term":[{"taxonomy":"product_brand","embeddable":true,"href":"https:\/\/boostgrowb.com\/es\/wp-json\/wp\/v2\/product_brand?post=30658"},{"taxonomy":"product_cat","embeddable":true,"href":"https:\/\/boostgrowb.com\/es\/wp-json\/wp\/v2\/product_cat?post=30658"},{"taxonomy":"product_tag","embeddable":true,"href":"https:\/\/boostgrowb.com\/es\/wp-json\/wp\/v2\/product_tag?post=30658"}],"curies":[{"name":"wp","href":"https:\/\/api.w.org\/{rel}","templated":true}]}}