{"id":30662,"date":"2025-04-13T12:43:32","date_gmt":"2025-04-13T12:43:32","guid":{"rendered":"https:\/\/boostgrowb.com\/software\/humanlinker\/"},"modified":"2026-01-18T14:02:51","modified_gmt":"2026-01-18T14:02:51","slug":"humanlinker","status":"publish","type":"product","link":"https:\/\/boostgrowb.com\/es\/software\/humanlinker\/","title":{"rendered":"Humanlinker"},"content":{"rendered":"\t\t<div data-elementor-type=\"product-post\" data-elementor-id=\"30662\" class=\"elementor elementor-30662 elementor-17777\" data-elementor-post-type=\"product\">\n\t\t\t\t<div class=\"elementor-element elementor-element-ae4d466 e-flex e-con-boxed wpr-particle-no wpr-jarallax-no wpr-parallax-no wpr-sticky-section-no e-con e-parent\" data-id=\"ae4d466\" data-element_type=\"container\" data-e-type=\"container\">\n\t\t\t\t\t<div class=\"e-con-inner\">\n\t\t\t\t<div class=\"elementor-element elementor-element-9edd792 elementor-widget elementor-widget-heading\" data-id=\"9edd792\" data-element_type=\"widget\" data-e-type=\"widget\" data-widget_type=\"heading.default\">\n\t\t\t\t<div class=\"elementor-widget-container\">\n\t\t\t\t\t<h2 class=\"elementor-heading-title elementor-size-default\">\u00bfQu\u00e9 es Humanlinker?<\/h2>\t\t\t\t<\/div>\n\t\t\t\t<\/div>\n\t\t\t\t<div class=\"elementor-element elementor-element-4c79267 elementor-widget elementor-widget-text-editor\" data-id=\"4c79267\" data-element_type=\"widget\" data-e-type=\"widget\" data-widget_type=\"text-editor.default\">\n\t\t\t\t<div class=\"elementor-widget-container\">\n\t\t\t\t\t\t\t\t\t<p><strong data-start=\"193\" data-end=\"288\">Humanlinker es una plataforma SaaS especializada en prospecci\u00f3n B2B hiperpersonalizada<\/strong>, dise\u00f1ada para transformar radicalmente la forma en que los representantes de ventas se relacionan con sus clientes potenciales. Utilizando una avanzada tecnolog\u00eda de inteligencia artificial, Humanlinker crea potentes secuencias multicanal, combinando LinkedIn, correo electr\u00f3nico y tel\u00e9fono, con mensajes ultrapersonalizados basados en datos de comportamiento y en los intereses reales de los responsables de la toma de decisiones a los que van dirigidos. <\/p><p><strong data-start=\"1026\" data-end=\"1157\">Lo que diferencia a Humanlinker es su capacidad para combinar datos enriquecidos con escenarios de prospecci\u00f3n inteligentes.<\/strong>  Esto te permite automatizar tus secuencias al tiempo que mantienes un alto nivel de personalizaci\u00f3n, aumentando significativamente tus tasas de respuesta y tus oportunidades de venta. La plataforma se integra f\u00e1cilmente con tus herramientas CRM existentes (Salesforce, HubSpot, etc.) para agilizar tus procesos de venta. <\/p><p><b>Humanlinker <\/b>se dirige principalmente a los equipos de ventas B2B, SDR y gestores de crecimiento que quieren dar un paso adelante en la prospecci\u00f3n. En un entorno en el que la personalizaci\u00f3n es la clave del rendimiento de las ventas, esta herramienta se posiciona como una alternativa seria a LaGrowthMachine o Lemlist, con un enfoque m\u00e1s agudo en la relevancia conversacional. <\/p>\t\t\t\t\t\t\t\t<\/div>\n\t\t\t\t<\/div>\n\t\t\t\t<div class=\"elementor-element elementor-element-0a40f23 elementor-widget elementor-widget-heading\" data-id=\"0a40f23\" data-element_type=\"widget\" data-e-type=\"widget\" data-widget_type=\"heading.default\">\n\t\t\t\t<div class=\"elementor-widget-container\">\n\t\t\t\t\t<h2 class=\"elementor-heading-title elementor-size-default\">Los 5 activos clave de Humanlinker  <\/h2>\t\t\t\t<\/div>\n\t\t\t\t<\/div>\n\t\t\t\t<div class=\"elementor-element elementor-element-9d5710f elementor-widget elementor-widget-text-editor\" data-id=\"9d5710f\" data-element_type=\"widget\" data-e-type=\"widget\" data-widget_type=\"text-editor.default\">\n\t\t\t\t<div class=\"elementor-widget-container\">\n\t\t\t\t\t\t\t\t\t<ul>\n<li data-pm-slice=\"1 1 []\"><strong>Prospecci\u00f3n ultrapersonalizada a gran escala:<\/strong> gracias a la inteligencia artificial, Humanlinker te permite crear mensajes a medida para cada prospecto. Se acabaron los enfoques gen\u00e9ricos: podr\u00e1s llegar a tus objetivos con comunicaciones relevantes y adaptadas a su perfil. <\/li>\n<\/ul>\n<div>&nbsp;<\/div>\n<ul>\n<li data-pm-slice=\"1 1 []\"><b>Campa\u00f1as multicanal automatizadas: <\/b>combina el poder del correo electr\u00f3nico y de LinkedIn en secuencias inteligentes y sin esfuerzo. Humanlinker orquesta tus campa\u00f1as de la A a la Z para un compromiso fluido, natural&#8230; y de alto rendimiento. <\/li>\n<\/ul>\n<div>&nbsp;<\/div>\n<ul>\n<li data-pm-slice=\"1 1 []\"><b>Humanlinker ofrece un seguimiento anal\u00edtico preciso y una integraci\u00f3n perfecta con CRM: <\/b>su panel de control din\u00e1mico te permite ver el rendimiento de tus campa\u00f1as en tiempo real, ajustar tus estrategias mediante KPI detallados y centralizar toda tu informaci\u00f3n de prospecci\u00f3n.<\/li>\n<\/ul><div><br><\/div>\n<ul>\n<li data-pm-slice=\"1 1 []\"><b>Inteligencia artificial a bordo:<\/b> Humanlinker act\u00faa como un aut\u00e9ntico copiloto de ventas. Analiza los datos, identifica las oportunidades, recomienda el momento adecuado y genera autom\u00e1ticamente mensajes eficaces para maximizar tus tasas de conversi\u00f3n. <\/li><\/ul><div><br><\/div><ul>\n<li data-pm-slice=\"1 1 []\"><b>Puntuaci\u00f3n inteligente de clientes potenciales:<\/b> identifica los clientes potenciales m\u00e1s atractivos de un vistazo. Gracias a la puntuaci\u00f3n basada en la intenci\u00f3n de compra, puedes priorizar tus esfuerzos donde m\u00e1s cuentan. <\/li>\n<\/ul>\t\t\t\t\t\t\t\t<\/div>\n\t\t\t\t<\/div>\n\t\t\t\t<div class=\"elementor-element elementor-element-36ea542 elementor-widget elementor-widget-heading\" data-id=\"36ea542\" data-element_type=\"widget\" data-e-type=\"widget\" data-widget_type=\"heading.default\">\n\t\t\t\t<div class=\"elementor-widget-container\">\n\t\t\t\t\t<h2 class=\"elementor-heading-title elementor-size-default\">\u00bfPor qu\u00e9 elegir Humanlinker?\n<\/h2>\t\t\t\t<\/div>\n\t\t\t\t<\/div>\n\t\t\t\t<div class=\"elementor-element elementor-element-dd6a54a elementor-widget elementor-widget-text-editor\" data-id=\"dd6a54a\" data-element_type=\"widget\" data-e-type=\"widget\" data-widget_type=\"text-editor.default\">\n\t\t\t\t<div class=\"elementor-widget-container\">\n\t\t\t\t\t\t\t\t\t<p data-start=\"233\" data-end=\"460\">Porque <strong data-start=\"243\" data-end=\"313\">la prospecci\u00f3n B2B ya no tiene por qu\u00e9 ser impersonal y lenta.<\/strong> Humanlinker combina el poder de la IA con la delicadeza de la personalizaci\u00f3n humana para convertir cada contacto en una oportunidad real.<\/p><p data-start=\"462\" data-end=\"495\">Con Humanlinker, puedes :<\/p><ul data-start=\"496\" data-end=\"978\"><li data-start=\"496\" data-end=\"627\"><p data-start=\"498\" data-end=\"627\"><strong data-start=\"498\" data-end=\"542\">Aumenta tus \u00edndices de respuesta hasta 4 veces<\/strong> con mensajes adaptados a la personalidad y las necesidades de cada posible cliente;<\/p><\/li><li data-start=\"628\" data-end=\"724\"><p data-start=\"630\" data-end=\"724\"><strong data-start=\"630\" data-end=\"672\">Automatiza tus campa\u00f1as multicanal<\/strong> (correo electr\u00f3nico, LinkedIn) sin sacrificar la relevancia;<\/p><\/li><li data-start=\"725\" data-end=\"852\"><p data-start=\"727\" data-end=\"852\"><strong data-start=\"727\" data-end=\"784\">Identifica y prioriza los prospectos m\u00e1s calientes<\/strong>, gracias a un an\u00e1lisis basado en datos fiables y mejorados;<\/p><\/li><li data-start=\"853\" data-end=\"978\"><p data-start=\"855\" data-end=\"978\"><strong data-start=\"855\" data-end=\"892\">Colabora eficazmente en equipo<\/strong>, con un cuadro de mandos claro que centralice todas tus interacciones y resultados.<\/p><\/li><\/ul><p data-start=\"980\" data-end=\"1202\"><em>En resumen, <strong data-start=\"991\" data-end=\"1103\">Humanlinker te ayuda a ahorrar tiempo, entablar conversaciones reales y generar m\u00e1s negocio<\/strong>, eliminando al mismo tiempo las tareas repetitivas y los enfoques gen\u00e9ricos que ya no funcionan.<\/em><\/p>\t\t\t\t\t\t\t\t<\/div>\n\t\t\t\t<\/div>\n\t\t\t\t\t<\/div>\n\t\t\t\t<\/div>\n\t\t\t\t<\/div>\n\t\t","protected":false},"excerpt":{"rendered":"<p>Humanlinker, la soluci\u00f3n SaaS ideal para automatizar y personalizar tus campa\u00f1as de prospecci\u00f3n B2B en LinkedIn y por correo electr\u00f3nico. Aumenta tus tasas de conversi\u00f3n con un enfoque multicanal inteligente <\/p>\n<ul>\n<li>Prospecci\u00f3n multicanal<\/li>\n<li>Gesti\u00f3n de campa\u00f1as<\/li>\n<li>Asistente editorial de AI<\/li>\n<li>An\u00e1lisis del perfil de LinkedIn<\/li>\n<\/ul>\n","protected":false},"featured_media":30663,"comment_status":"open","ping_status":"closed","template":"","meta":{"_acf_changed":false,"_glsr_average":0,"_glsr_ranking":0,"_glsr_reviews":0},"product_brand":[],"product_cat":[4296,5262,5370,4248],"product_tag":[],"class_list":{"0":"post-30662","1":"product","2":"type-product","3":"status-publish","4":"has-post-thumbnail","6":"product_cat-automatizacion-del-marketing","7":"product_cat-en-el-punto-de-mira","8":"product_cat-prospeccion","9":"product_cat-software-de-ia","11":"first","12":"instock","13":"shipping-taxable","14":"product-type-external"},"acf":[],"_links":{"self":[{"href":"https:\/\/boostgrowb.com\/es\/wp-json\/wp\/v2\/product\/30662","targetHints":{"allow":["GET"]}}],"collection":[{"href":"https:\/\/boostgrowb.com\/es\/wp-json\/wp\/v2\/product"}],"about":[{"href":"https:\/\/boostgrowb.com\/es\/wp-json\/wp\/v2\/types\/product"}],"replies":[{"embeddable":true,"href":"https:\/\/boostgrowb.com\/es\/wp-json\/wp\/v2\/comments?post=30662"}],"version-history":[{"count":0,"href":"https:\/\/boostgrowb.com\/es\/wp-json\/wp\/v2\/product\/30662\/revisions"}],"wp:featuredmedia":[{"embeddable":true,"href":"https:\/\/boostgrowb.com\/es\/wp-json\/wp\/v2\/media\/30663"}],"wp:attachment":[{"href":"https:\/\/boostgrowb.com\/es\/wp-json\/wp\/v2\/media?parent=30662"}],"wp:term":[{"taxonomy":"product_brand","embeddable":true,"href":"https:\/\/boostgrowb.com\/es\/wp-json\/wp\/v2\/product_brand?post=30662"},{"taxonomy":"product_cat","embeddable":true,"href":"https:\/\/boostgrowb.com\/es\/wp-json\/wp\/v2\/product_cat?post=30662"},{"taxonomy":"product_tag","embeddable":true,"href":"https:\/\/boostgrowb.com\/es\/wp-json\/wp\/v2\/product_tag?post=30662"}],"curies":[{"name":"wp","href":"https:\/\/api.w.org\/{rel}","templated":true}]}}