{"id":30667,"date":"2025-06-08T15:00:07","date_gmt":"2025-06-08T15:00:07","guid":{"rendered":"https:\/\/boostgrowb.com\/software\/invideo\/"},"modified":"2026-01-21T14:09:38","modified_gmt":"2026-01-21T14:09:38","slug":"invideo","status":"publish","type":"product","link":"https:\/\/boostgrowb.com\/es\/software\/invideo\/","title":{"rendered":"Invideo"},"content":{"rendered":"\t\t<div data-elementor-type=\"product-post\" data-elementor-id=\"30667\" class=\"elementor elementor-30667 elementor-20022\" data-elementor-post-type=\"product\">\n\t\t\t\t<div class=\"elementor-element elementor-element-2b5294c e-flex e-con-boxed wpr-particle-no wpr-jarallax-no wpr-parallax-no wpr-sticky-section-no e-con e-parent\" data-id=\"2b5294c\" data-element_type=\"container\" data-e-type=\"container\">\n\t\t\t\t\t<div class=\"e-con-inner\">\n\t\t\t\t<div class=\"elementor-element elementor-element-afed167 elementor-widget elementor-widget-heading\" data-id=\"afed167\" data-element_type=\"widget\" data-e-type=\"widget\" data-widget_type=\"heading.default\">\n\t\t\t\t<div class=\"elementor-widget-container\">\n\t\t\t\t\t<h2 class=\"elementor-heading-title elementor-size-default\">\u00bfQu\u00e9 es InVideo?<\/h2>\t\t\t\t<\/div>\n\t\t\t\t<\/div>\n\t\t\t\t<div class=\"elementor-element elementor-element-bc394a7 elementor-widget elementor-widget-text-editor\" data-id=\"bc394a7\" data-element_type=\"widget\" data-e-type=\"widget\" data-widget_type=\"text-editor.default\">\n\t\t\t\t<div class=\"elementor-widget-container\">\n\t\t\t\t\t\t\t\t\t<p data-start=\"324\" data-end=\"681\"><strong data-start=\"324\" data-end=\"335\">InVideo<\/strong> es una herramienta de creaci\u00f3n de v\u00eddeo asistida por inteligencia artificial, dise\u00f1ada para transformar de forma sencilla texto en v\u00eddeos profesionales listos para publicar. Tanto si eres un creador de contenidos, un vendedor, un formador o un empresario, InVideo te permite producir v\u00eddeos impactantes en unos pocos clics, sin necesidad de conocimientos de edici\u00f3n. <\/p><p data-start=\"683\" data-end=\"1083\">Gracias a su avanzado sistema de IA, todo lo que tienes que hacer es escribir un gui\u00f3n o enviar una idea: InVideo genera autom\u00e1ticamente un v\u00eddeo completo que incluye <strong data-start=\"836\" data-end=\"894\">narraci\u00f3n, elementos visuales, animaciones, m\u00fasica y subt\u00edtulos<\/strong>. InVideo es una soluci\u00f3n todo en uno tanto para aut\u00f3nomos como para equipos de marketing que buscan <strong data-start=\"1044\" data-end=\"1080\">productividad y calidad visual<\/strong>. <\/p>\t\t\t\t\t\t\t\t<\/div>\n\t\t\t\t<\/div>\n\t\t\t\t<div class=\"elementor-element elementor-element-7e0ce6d elementor-widget elementor-widget-heading\" data-id=\"7e0ce6d\" data-element_type=\"widget\" data-e-type=\"widget\" data-widget_type=\"heading.default\">\n\t\t\t\t<div class=\"elementor-widget-container\">\n\t\t\t\t\t<h2 class=\"elementor-heading-title elementor-size-default\">Caracter\u00edsticas principales de InVideo  <\/h2>\t\t\t\t<\/div>\n\t\t\t\t<\/div>\n\t\t\t\t<div class=\"elementor-element elementor-element-5517032 elementor-widget elementor-widget-text-editor\" data-id=\"5517032\" data-element_type=\"widget\" data-e-type=\"widget\" data-widget_type=\"text-editor.default\">\n\t\t\t\t<div class=\"elementor-widget-container\">\n\t\t\t\t\t\t\t\t\t<ul><li data-start=\"1159\" data-end=\"1338\"><p data-start=\"1161\" data-end=\"1338\"><strong data-start=\"1161\" data-end=\"1200\">Creaci\u00f3n de v\u00eddeo basada en guiones<\/strong>: introduce una idea o texto, y la IA se encarga de producir un v\u00eddeo completo con narraci\u00f3n, im\u00e1genes, transiciones y banda sonora.<\/p><\/li><li data-start=\"1340\" data-end=\"1522\"><p data-start=\"1342\" data-end=\"1522\"><strong data-start=\"1342\" data-end=\"1376\">Expresiva narraci\u00f3n de voz AI<\/strong>: elige entre una gama de voces naturales, con tono, lenguaje y estilo ajustables para que se adapten perfectamente a tu audiencia.<\/p><\/li><li data-start=\"1524\" data-end=\"1698\"><p data-start=\"1526\" data-end=\"1698\"><strong data-start=\"1526\" data-end=\"1559\">Plantillas de v\u00eddeo listas para usar<\/strong>: accede a m\u00e1s de 5.000 plantillas optimizadas para cada formato y plataforma (YouTube, TikTok, Instagram, Facebook, e-learning, etc.).<\/p><\/li><li data-start=\"1700\" data-end=\"1877\"><p data-start=\"1702\" data-end=\"1877\"><strong data-start=\"1702\" data-end=\"1724\">Edici\u00f3n sencilla<\/strong>: personaliza tus v\u00eddeos con un editor de arrastrar y soltar. A\u00f1ade texto, logotipos, elementos visuales o transiciones sin necesidad de conocimientos t\u00e9cnicos. <\/p><\/li><li data-start=\"1879\" data-end=\"2020\"><p data-start=\"1881\" data-end=\"2020\"><strong data-start=\"1881\" data-end=\"1911\">Banco multimedia integrado<\/strong>: aprovecha un amplio cat\u00e1logo de im\u00e1genes, m\u00fasica y v\u00eddeos libres de derechos para mejorar tus creaciones.<\/p><\/li><li data-start=\"2022\" data-end=\"2151\"><p data-start=\"2024\" data-end=\"2151\"><strong data-start=\"2024\" data-end=\"2053\">Formatos multiplataforma<\/strong>: adapta tus v\u00eddeos a cada canal de distribuci\u00f3n en unos pocos clics para maximizar el compromiso.<\/p><\/li><\/ul>\t\t\t\t\t\t\t\t<\/div>\n\t\t\t\t<\/div>\n\t\t\t\t<div class=\"elementor-element elementor-element-91331a2 elementor-widget elementor-widget-heading\" data-id=\"91331a2\" data-element_type=\"widget\" data-e-type=\"widget\" data-widget_type=\"heading.default\">\n\t\t\t\t<div class=\"elementor-widget-container\">\n\t\t\t\t\t<h2 class=\"elementor-heading-title elementor-size-default\">\u00bfC\u00f3mo puedo utilizar InVideo eficazmente?<\/h2>\t\t\t\t<\/div>\n\t\t\t\t<\/div>\n\t\t\t\t<div class=\"elementor-element elementor-element-9525332 elementor-widget elementor-widget-text-editor\" data-id=\"9525332\" data-element_type=\"widget\" data-e-type=\"widget\" data-widget_type=\"text-editor.default\">\n\t\t\t\t<div class=\"elementor-widget-container\">\n\t\t\t\t\t\t\t\t\t<p data-start=\"2204\" data-end=\"2385\">Para sacar el m\u00e1ximo partido a InVideo, empieza por definir tu objetivo: \u00bfquieres crear un anuncio, un tutorial, un v\u00eddeo de formaci\u00f3n o una publicaci\u00f3n social?<\/p><p data-start=\"2387\" data-end=\"2583\">A continuaci\u00f3n, introduce tu gui\u00f3n o elige una plantilla adecuada de la biblioteca. La inteligencia artificial genera autom\u00e1ticamente un v\u00eddeo coherente y atractivo. <\/p><p data-start=\"2585\" data-end=\"2802\">A continuaci\u00f3n, puedes ajustar la renderizaci\u00f3n mediante el editor simplificado: ajusta los elementos visuales, a\u00f1ade tu logotipo, cambia la narraci\u00f3n o personaliza los subt\u00edtulos para que reflejen perfectamente la identidad de tu marca.<\/p><p data-start=\"2804\" data-end=\"2999\">Por \u00faltimo, adapta el formato (16:9, 1:1 o 9:16) seg\u00fan la plataforma de distribuci\u00f3n -ya sea YouTube, TikTok, Instagram o LinkedIn- y luego exporta y publica tu v\u00eddeo en unos pocos clics.<\/p>\t\t\t\t\t\t\t\t<\/div>\n\t\t\t\t<\/div>\n\t\t\t\t<div class=\"elementor-element elementor-element-eb873ed elementor-widget elementor-widget-heading\" data-id=\"eb873ed\" data-element_type=\"widget\" data-e-type=\"widget\" data-widget_type=\"heading.default\">\n\t\t\t\t<div class=\"elementor-widget-container\">\n\t\t\t\t\t<h2 class=\"elementor-heading-title elementor-size-default\">\u00bfCu\u00e1les son las ventajas de InVideo?<\/h2>\t\t\t\t<\/div>\n\t\t\t\t<\/div>\n\t\t\t\t<div class=\"elementor-element elementor-element-a656dc8 elementor-widget elementor-widget-text-editor\" data-id=\"a656dc8\" data-element_type=\"widget\" data-e-type=\"widget\" data-widget_type=\"text-editor.default\">\n\t\t\t\t<div class=\"elementor-widget-container\">\n\t\t\t\t\t\t\t\t\t<p>Una de las grandes ventajas de InVideo es su <strong data-start=\"3093\" data-end=\"3138\">capacidad para democratizar la creaci\u00f3n de v\u00eddeo<\/strong>. No es necesario dominar programas complejos como Adobe Premiere Pro o Final Cut: todo est\u00e1 automatizado y simplificado. <\/p><ul><li><strong data-start=\"3268\" data-end=\"3298\">Ahorro considerable de tiempo<\/strong>: produce un v\u00eddeo en s\u00f3lo unos minutos en lugar de varias horas.<\/li><\/ul><div> <\/div><ul><li><strong data-start=\"3470\" data-end=\"3485\">Versatilidad<\/strong>: adecuado para v\u00eddeos de marketing, educativos, sociales o comerciales.<\/li><\/ul><div> <\/div><ul><li><strong data-start=\"3560\" data-end=\"3594\">Atractiva relaci\u00f3n calidad-precio<\/strong>: una soluci\u00f3n mucho m\u00e1s asequible que subcontratar la producci\u00f3n de v\u00eddeo a una agencia.<\/li><\/ul><div> <\/div><ul><li><strong data-start=\"3689\" data-end=\"3715\">Mayor impacto visual<\/strong>: v\u00eddeos din\u00e1micos y atractivos que captan la atenci\u00f3n e impulsan el rendimiento de tu marketing.<\/li><\/ul>\t\t\t\t\t\t\t\t<\/div>\n\t\t\t\t<\/div>\n\t\t\t\t<div class=\"elementor-element elementor-element-ca32a7c elementor-widget elementor-widget-heading\" data-id=\"ca32a7c\" data-element_type=\"widget\" data-e-type=\"widget\" data-widget_type=\"heading.default\">\n\t\t\t\t<div class=\"elementor-widget-container\">\n\t\t\t\t\t<h2 class=\"elementor-heading-title elementor-size-default\">\u00bfPara qui\u00e9n es InVideo?<\/h2>\t\t\t\t<\/div>\n\t\t\t\t<\/div>\n\t\t\t\t<div class=\"elementor-element elementor-element-c1c0257 elementor-widget elementor-widget-text-editor\" data-id=\"c1c0257\" data-element_type=\"widget\" data-e-type=\"widget\" data-widget_type=\"text-editor.default\">\n\t\t\t\t<div class=\"elementor-widget-container\">\n\t\t\t\t\t\t\t\t\t<p data-start=\"3859\" data-end=\"3959\">InVideo ha sido dise\u00f1ado para satisfacer las necesidades de una amplia gama de profesionales y creadores:<\/p><ul data-start=\"3961\" data-end=\"4599\"><li data-start=\"3961\" data-end=\"4080\"><p data-start=\"3963\" data-end=\"4080\"><strong data-start=\"3963\" data-end=\"3996\">Empresarios y aut\u00f3nomos<\/strong> que quieran promocionar sus servicios o productos con v\u00eddeos impactantes.<\/p><\/li><li data-start=\"4082\" data-end=\"4221\"><p data-start=\"4084\" data-end=\"4221\">Los <strong data-start=\"4084\" data-end=\"4128\">responsables de marketing y comunicaci\u00f3n<\/strong> que quieran acelerar la producci\u00f3n de contenidos atractivos para sus campa\u00f1as digitales.<\/p><\/li><li data-start=\"4223\" data-end=\"4355\"><p data-start=\"4225\" data-end=\"4355\"><strong data-start=\"4225\" data-end=\"4253\">Formadores y educadores<\/strong> que utilizan el v\u00eddeo como ayuda did\u00e1ctica y quieren dinamizar sus cursos.<\/p><\/li><li data-start=\"4357\" data-end=\"4472\"><p data-start=\"4359\" data-end=\"4472\"><strong data-start=\"4359\" data-end=\"4399\">Creadores de contenidos y personas influyentes<\/strong> que publican regularmente en YouTube, TikTok, Instagram o LinkedIn.<\/p><\/li><li data-start=\"4474\" data-end=\"4599\"><p data-start=\"4476\" data-end=\"4599\"><strong data-start=\"4476\" data-end=\"4497\">Agencias digitales<\/strong> que gestionan varios clientes y necesitan producir r\u00e1pidamente varios v\u00eddeos de alta calidad.<\/p><\/li><\/ul>\t\t\t\t\t\t\t\t<\/div>\n\t\t\t\t<\/div>\n\t\t\t\t<div class=\"elementor-element elementor-element-25498b4 elementor-widget elementor-widget-heading\" data-id=\"25498b4\" data-element_type=\"widget\" data-e-type=\"widget\" data-widget_type=\"heading.default\">\n\t\t\t\t<div class=\"elementor-widget-container\">\n\t\t\t\t\t<h2 class=\"elementor-heading-title elementor-size-default\">PREGUNTAS FRECUENTES<\/h2>\t\t\t\t<\/div>\n\t\t\t\t<\/div>\n\t\t\t\t\t<\/div>\n\t\t\t\t<\/div>\n\t\t<div class=\"elementor-element elementor-element-852718d e-flex e-con-boxed wpr-particle-no wpr-jarallax-no wpr-parallax-no wpr-sticky-section-no e-con e-parent\" data-id=\"852718d\" data-element_type=\"container\" data-e-type=\"container\">\n\t\t\t\t\t<div class=\"e-con-inner\">\n\t\t\t\t<div class=\"elementor-element elementor-element-9849b64 elementor-widget elementor-widget-elementskit-accordion\" data-id=\"9849b64\" data-element_type=\"widget\" data-e-type=\"widget\" data-widget_type=\"elementskit-accordion.default\">\n\t\t\t\t<div class=\"elementor-widget-container\">\n\t\t\t\t\t<div class=\"ekit-wid-con\" >\n        <div class=\"elementskit-accordion accoedion-primary\" id=\"accordion-69f470c3c4e76\">\n\n            \n                <div class=\"elementskit-card \">\n                    <div class=\"elementskit-card-header\" id=\"primaryHeading-0-9849b64\">\n                        <a href=\"#collapse-14514dc69f470c3c4e76\" class=\"ekit-accordion--toggler elementskit-btn-link collapsed\" data-ekit-toggle=\"collapse\" data-target=\"#Collapse-14514dc69f470c3c4e76\" aria-expanded=\"false\" aria-controls=\"Collapse-14514dc69f470c3c4e76\">\n                            \n                            <span class=\"ekit-accordion-title\">\u00bfEs InVideo adecuado para principiantes?<\/span>\n\n                            \n                                <div class=\"ekit_accordion_icon_group\">\n                                    <div class=\"ekit_accordion_normal_icon\">\n                                        <!-- Normal Icon -->\n\t\t\t\t\t\t\t\t\t\t<svg xmlns=\"http:\/\/www.w3.org\/2000\/svg\" width=\"16\" height=\"17\" viewBox=\"0 0 16 17\" fill=\"none\"><path fill-rule=\"evenodd\" clip-rule=\"evenodd\" d=\"M7.19995 16.5V0.5H8.79995V16.5H7.19995Z\" fill=\"#3D3D3D\"><\/path><path fill-rule=\"evenodd\" clip-rule=\"evenodd\" d=\"M-2.08616e-07 7.69995L16 7.69995L16 9.29995L-2.78554e-07 9.29995L-2.08616e-07 7.69995Z\" fill=\"#3D3D3D\"><\/path><\/svg>                                    <\/div>\n\n                                    <div class=\"ekit_accordion_active_icon\">\n                                        <!-- Active Icon -->\n\t\t\t\t\t\t\t\t\t\t<svg xmlns=\"http:\/\/www.w3.org\/2000\/svg\" width=\"16\" height=\"3\" viewBox=\"0 0 16 3\" fill=\"none\"><path fill-rule=\"evenodd\" clip-rule=\"evenodd\" d=\"M-2.08616e-07 0.499999L16 0.5L16 2.5L-2.78554e-07 2.5L-2.08616e-07 0.499999Z\" fill=\"#675AFE\"><\/path><\/svg>                                    <\/div>\n                                <\/div>\n\n                            \n                                                    <\/a>\n                    <\/div>\n\n                    <div id=\"Collapse-14514dc69f470c3c4e76\" class=\" collapse\" aria-labelledby=\"primaryHeading-0-9849b64\" data-parent=\"#accordion-69f470c3c4e76\">\n\n                        <div class=\"elementskit-card-body ekit-accordion--content\">\n                            <p>S\u00ed, su interfaz intuitiva y sus plantillas predise\u00f1adas la convierten en una soluci\u00f3n ideal para los principiantes que quieren conseguir resultados profesionales r\u00e1pidamente. <\/p>\n                        <\/div>\n\n                    <\/div>\n\n                <\/div><!-- .elementskit-card END -->\n\n                \n                <div class=\"elementskit-card \">\n                    <div class=\"elementskit-card-header\" id=\"primaryHeading-1-9849b64\">\n                        <a href=\"#collapse-35c8fe469f470c3c4e76\" class=\"ekit-accordion--toggler elementskit-btn-link collapsed\" data-ekit-toggle=\"collapse\" data-target=\"#Collapse-35c8fe469f470c3c4e76\" aria-expanded=\"false\" aria-controls=\"Collapse-35c8fe469f470c3c4e76\">\n                            \n                            <span class=\"ekit-accordion-title\">\u00bfPuedo crear v\u00eddeos en franc\u00e9s con InVideo?<\/span>\n\n                            \n                                <div class=\"ekit_accordion_icon_group\">\n                                    <div class=\"ekit_accordion_normal_icon\">\n                                        <!-- Normal Icon -->\n\t\t\t\t\t\t\t\t\t\t<svg xmlns=\"http:\/\/www.w3.org\/2000\/svg\" width=\"16\" height=\"17\" viewBox=\"0 0 16 17\" fill=\"none\"><path fill-rule=\"evenodd\" clip-rule=\"evenodd\" d=\"M7.19995 16.5V0.5H8.79995V16.5H7.19995Z\" fill=\"#3D3D3D\"><\/path><path fill-rule=\"evenodd\" clip-rule=\"evenodd\" d=\"M-2.08616e-07 7.69995L16 7.69995L16 9.29995L-2.78554e-07 9.29995L-2.08616e-07 7.69995Z\" fill=\"#3D3D3D\"><\/path><\/svg>                                    <\/div>\n\n                                    <div class=\"ekit_accordion_active_icon\">\n                                        <!-- Active Icon -->\n\t\t\t\t\t\t\t\t\t\t<svg xmlns=\"http:\/\/www.w3.org\/2000\/svg\" width=\"16\" height=\"3\" viewBox=\"0 0 16 3\" fill=\"none\"><path fill-rule=\"evenodd\" clip-rule=\"evenodd\" d=\"M-2.08616e-07 0.499999L16 0.5L16 2.5L-2.78554e-07 2.5L-2.08616e-07 0.499999Z\" fill=\"#675AFE\"><\/path><\/svg>                                    <\/div>\n                                <\/div>\n\n                            \n                                                    <\/a>\n                    <\/div>\n\n                    <div id=\"Collapse-35c8fe469f470c3c4e76\" class=\" collapse\" aria-labelledby=\"primaryHeading-1-9849b64\" data-parent=\"#accordion-69f470c3c4e76\">\n\n                        <div class=\"elementskit-card-body ekit-accordion--content\">\n                            <p>Absolutamente. La herramienta admite varios idiomas, incluido el franc\u00e9s, tanto para los subt\u00edtulos como para la narraci\u00f3n de voz. <\/p>\n                        <\/div>\n\n                    <\/div>\n\n                <\/div><!-- .elementskit-card END -->\n\n                \n                <div class=\"elementskit-card \">\n                    <div class=\"elementskit-card-header\" id=\"primaryHeading-2-9849b64\">\n                        <a href=\"#collapse-c29457c69f470c3c4e76\" class=\"ekit-accordion--toggler elementskit-btn-link collapsed\" data-ekit-toggle=\"collapse\" data-target=\"#Collapse-c29457c69f470c3c4e76\" aria-expanded=\"false\" aria-controls=\"Collapse-c29457c69f470c3c4e76\">\n                            \n                            <span class=\"ekit-accordion-title\">\u00bfInVideo es gratuito?<\/span>\n\n                            \n                                <div class=\"ekit_accordion_icon_group\">\n                                    <div class=\"ekit_accordion_normal_icon\">\n                                        <!-- Normal Icon -->\n\t\t\t\t\t\t\t\t\t\t<svg xmlns=\"http:\/\/www.w3.org\/2000\/svg\" width=\"16\" height=\"17\" viewBox=\"0 0 16 17\" fill=\"none\"><path fill-rule=\"evenodd\" clip-rule=\"evenodd\" d=\"M7.19995 16.5V0.5H8.79995V16.5H7.19995Z\" fill=\"#3D3D3D\"><\/path><path fill-rule=\"evenodd\" clip-rule=\"evenodd\" d=\"M-2.08616e-07 7.69995L16 7.69995L16 9.29995L-2.78554e-07 9.29995L-2.08616e-07 7.69995Z\" fill=\"#3D3D3D\"><\/path><\/svg>                                    <\/div>\n\n                                    <div class=\"ekit_accordion_active_icon\">\n                                        <!-- Active Icon -->\n\t\t\t\t\t\t\t\t\t\t<svg xmlns=\"http:\/\/www.w3.org\/2000\/svg\" width=\"16\" height=\"3\" viewBox=\"0 0 16 3\" fill=\"none\"><path fill-rule=\"evenodd\" clip-rule=\"evenodd\" d=\"M-2.08616e-07 0.499999L16 0.5L16 2.5L-2.78554e-07 2.5L-2.08616e-07 0.499999Z\" fill=\"#675AFE\"><\/path><\/svg>                                    <\/div>\n                                <\/div>\n\n                            \n                                                    <\/a>\n                    <\/div>\n\n                    <div id=\"Collapse-c29457c69f470c3c4e76\" class=\" collapse\" aria-labelledby=\"primaryHeading-2-9849b64\" data-parent=\"#accordion-69f470c3c4e76\">\n\n                        <div class=\"elementskit-card-body ekit-accordion--content\">\n                            <p>Existe una versi\u00f3n gratuita con ciertas limitaciones (marca de agua en los v\u00eddeos y acceso restringido a los recursos premium). Para un uso profesional, recomendamos pasar a un plan de pago. <\/p>\n                        <\/div>\n\n                    <\/div>\n\n                <\/div><!-- .elementskit-card END -->\n\n                \n                <div class=\"elementskit-card \">\n                    <div class=\"elementskit-card-header\" id=\"primaryHeading-3-9849b64\">\n                        <a href=\"#collapse-f0f54c169f470c3c4e76\" class=\"ekit-accordion--toggler elementskit-btn-link collapsed\" data-ekit-toggle=\"collapse\" data-target=\"#Collapse-f0f54c169f470c3c4e76\" aria-expanded=\"false\" aria-controls=\"Collapse-f0f54c169f470c3c4e76\">\n                            \n                            <span class=\"ekit-accordion-title\">\u00bfCu\u00e1l es la diferencia con Canva o Adobe Premiere?<\/span>\n\n                            \n                                <div class=\"ekit_accordion_icon_group\">\n                                    <div class=\"ekit_accordion_normal_icon\">\n                                        <!-- Normal Icon -->\n\t\t\t\t\t\t\t\t\t\t<svg xmlns=\"http:\/\/www.w3.org\/2000\/svg\" width=\"16\" height=\"17\" viewBox=\"0 0 16 17\" fill=\"none\"><path fill-rule=\"evenodd\" clip-rule=\"evenodd\" d=\"M7.19995 16.5V0.5H8.79995V16.5H7.19995Z\" fill=\"#3D3D3D\"><\/path><path fill-rule=\"evenodd\" clip-rule=\"evenodd\" d=\"M-2.08616e-07 7.69995L16 7.69995L16 9.29995L-2.78554e-07 9.29995L-2.08616e-07 7.69995Z\" fill=\"#3D3D3D\"><\/path><\/svg>                                    <\/div>\n\n                                    <div class=\"ekit_accordion_active_icon\">\n                                        <!-- Active Icon -->\n\t\t\t\t\t\t\t\t\t\t<svg xmlns=\"http:\/\/www.w3.org\/2000\/svg\" width=\"16\" height=\"3\" viewBox=\"0 0 16 3\" fill=\"none\"><path fill-rule=\"evenodd\" clip-rule=\"evenodd\" d=\"M-2.08616e-07 0.499999L16 0.5L16 2.5L-2.78554e-07 2.5L-2.08616e-07 0.499999Z\" fill=\"#675AFE\"><\/path><\/svg>                                    <\/div>\n                                <\/div>\n\n                            \n                                                    <\/a>\n                    <\/div>\n\n                    <div id=\"Collapse-f0f54c169f470c3c4e76\" class=\" collapse\" aria-labelledby=\"primaryHeading-3-9849b64\" data-parent=\"#accordion-69f470c3c4e76\">\n\n                        <div class=\"elementskit-card-body ekit-accordion--content\">\n                            <p>A diferencia de Canva Video, InVideo incorpora una IA que automatiza la generaci\u00f3n completa de v\u00eddeos a partir de texto. Comparado con Adobe Premiere, destaca por su sencillez y rapidez, aunque sus capacidades de edici\u00f3n avanzada sigan siendo limitadas. <\/p>\n                        <\/div>\n\n                    <\/div>\n\n                <\/div><!-- .elementskit-card END -->\n\n                \n                <div class=\"elementskit-card \">\n                    <div class=\"elementskit-card-header\" id=\"primaryHeading-4-9849b64\">\n                        <a href=\"#collapse-d9162c969f470c3c4e76\" class=\"ekit-accordion--toggler elementskit-btn-link collapsed\" data-ekit-toggle=\"collapse\" data-target=\"#Collapse-d9162c969f470c3c4e76\" aria-expanded=\"false\" aria-controls=\"Collapse-d9162c969f470c3c4e76\">\n                            \n                            <span class=\"ekit-accordion-title\">\u00bfCu\u00e1nto cuesta InVideo?<\/span>\n\n                            \n                                <div class=\"ekit_accordion_icon_group\">\n                                    <div class=\"ekit_accordion_normal_icon\">\n                                        <!-- Normal Icon -->\n\t\t\t\t\t\t\t\t\t\t<svg xmlns=\"http:\/\/www.w3.org\/2000\/svg\" width=\"16\" height=\"17\" viewBox=\"0 0 16 17\" fill=\"none\"><path fill-rule=\"evenodd\" clip-rule=\"evenodd\" d=\"M7.19995 16.5V0.5H8.79995V16.5H7.19995Z\" fill=\"#3D3D3D\"><\/path><path fill-rule=\"evenodd\" clip-rule=\"evenodd\" d=\"M-2.08616e-07 7.69995L16 7.69995L16 9.29995L-2.78554e-07 9.29995L-2.08616e-07 7.69995Z\" fill=\"#3D3D3D\"><\/path><\/svg>                                    <\/div>\n\n                                    <div class=\"ekit_accordion_active_icon\">\n                                        <!-- Active Icon -->\n\t\t\t\t\t\t\t\t\t\t<svg xmlns=\"http:\/\/www.w3.org\/2000\/svg\" width=\"16\" height=\"3\" viewBox=\"0 0 16 3\" fill=\"none\"><path fill-rule=\"evenodd\" clip-rule=\"evenodd\" d=\"M-2.08616e-07 0.499999L16 0.5L16 2.5L-2.78554e-07 2.5L-2.08616e-07 0.499999Z\" fill=\"#675AFE\"><\/path><\/svg>                                    <\/div>\n                                <\/div>\n\n                            \n                                                    <\/a>\n                    <\/div>\n\n                    <div id=\"Collapse-d9162c969f470c3c4e76\" class=\" collapse\" aria-labelledby=\"primaryHeading-4-9849b64\" data-parent=\"#accordion-69f470c3c4e76\">\n\n                        <div class=\"elementskit-card-body ekit-accordion--content\">\n                            <p>Las suscripciones cuestan a partir de 15 $\/mes. Los paquetes de pago ofrecen acceso completo a plantillas, voces AI, bancos de medios premium y exportaciones sin marcas de agua. <\/p>\n                        <\/div>\n\n                    <\/div>\n\n                <\/div><!-- .elementskit-card END -->\n\n                                        <\/div>\n    <\/div>\t\t\t\t<\/div>\n\t\t\t\t<\/div>\n\t\t\t\t\t<\/div>\n\t\t\t\t<\/div>\n\t\t\t\t<\/div>\n\t\t","protected":false},"excerpt":{"rendered":"<p>InVideo.io es una herramienta de creaci\u00f3n de v\u00eddeos de IA todo en uno: genera v\u00eddeos a partir de una indicaci\u00f3n de texto, con guiones, visuales, voz en off humana y m\u00fasica sin ning\u00fan software externo.<\/p>\n","protected":false},"featured_media":30823,"comment_status":"open","ping_status":"closed","template":"","meta":{"_acf_changed":false,"_glsr_average":0,"_glsr_ranking":0,"_glsr_reviews":0},"product_brand":[],"product_cat":[5379,5378],"product_tag":[],"class_list":{"0":"post-30667","1":"product","2":"type-product","3":"status-publish","4":"has-post-thumbnail","6":"product_cat-generadores-de-video","7":"product_cat-ia-generativa","9":"first","10":"instock","11":"shipping-taxable","12":"product-type-external"},"acf":[],"_links":{"self":[{"href":"https:\/\/boostgrowb.com\/es\/wp-json\/wp\/v2\/product\/30667","targetHints":{"allow":["GET"]}}],"collection":[{"href":"https:\/\/boostgrowb.com\/es\/wp-json\/wp\/v2\/product"}],"about":[{"href":"https:\/\/boostgrowb.com\/es\/wp-json\/wp\/v2\/types\/product"}],"replies":[{"embeddable":true,"href":"https:\/\/boostgrowb.com\/es\/wp-json\/wp\/v2\/comments?post=30667"}],"version-history":[{"count":0,"href":"https:\/\/boostgrowb.com\/es\/wp-json\/wp\/v2\/product\/30667\/revisions"}],"wp:featuredmedia":[{"embeddable":true,"href":"https:\/\/boostgrowb.com\/es\/wp-json\/wp\/v2\/media\/30823"}],"wp:attachment":[{"href":"https:\/\/boostgrowb.com\/es\/wp-json\/wp\/v2\/media?parent=30667"}],"wp:term":[{"taxonomy":"product_brand","embeddable":true,"href":"https:\/\/boostgrowb.com\/es\/wp-json\/wp\/v2\/product_brand?post=30667"},{"taxonomy":"product_cat","embeddable":true,"href":"https:\/\/boostgrowb.com\/es\/wp-json\/wp\/v2\/product_cat?post=30667"},{"taxonomy":"product_tag","embeddable":true,"href":"https:\/\/boostgrowb.com\/es\/wp-json\/wp\/v2\/product_tag?post=30667"}],"curies":[{"name":"wp","href":"https:\/\/api.w.org\/{rel}","templated":true}]}}