{"id":30675,"date":"2025-06-09T10:07:08","date_gmt":"2025-06-09T10:07:08","guid":{"rendered":"https:\/\/boostgrowb.com\/software\/diseno\/"},"modified":"2025-07-07T16:16:28","modified_gmt":"2025-07-07T16:16:28","slug":"diseno","status":"publish","type":"product","link":"https:\/\/boostgrowb.com\/es\/software\/diseno\/","title":{"rendered":"Dise\u00f1o"},"content":{"rendered":"\t\t<div data-elementor-type=\"product-post\" data-elementor-id=\"30675\" class=\"elementor elementor-30675 elementor-20080\" data-elementor-post-type=\"product\">\n\t\t\t\t<div class=\"elementor-element elementor-element-4b92b57 e-flex e-con-boxed wpr-particle-no wpr-jarallax-no wpr-parallax-no wpr-sticky-section-no e-con e-parent\" data-id=\"4b92b57\" data-element_type=\"container\" data-e-type=\"container\">\n\t\t\t\t\t<div class=\"e-con-inner\">\n\t\t\t\t<div class=\"elementor-element elementor-element-03324a8 elementor-widget elementor-widget-heading\" data-id=\"03324a8\" data-element_type=\"widget\" data-e-type=\"widget\" data-widget_type=\"heading.default\">\n\t\t\t\t<div class=\"elementor-widget-container\">\n\t\t\t\t\t<h2 class=\"elementor-heading-title elementor-size-default\">\u00bfQu\u00e9 es el Dise\u00f1o?<\/h2>\t\t\t\t<\/div>\n\t\t\t\t<\/div>\n\t\t\t\t<div class=\"elementor-element elementor-element-c4245d1 elementor-widget elementor-widget-text-editor\" data-id=\"c4245d1\" data-element_type=\"widget\" data-e-type=\"widget\" data-widget_type=\"text-editor.default\">\n\t\t\t\t<div class=\"elementor-widget-container\">\n\t\t\t\t\t\t\t\t\t<p><strong data-start=\"239\" data-end=\"407\">Dise\u00f1o  <\/strong><span style=\"letter-spacing: 0px;\">es una herramienta de AI todo en uno que facilita la creaci\u00f3n de logotipos, elementos visuales de marketing, tarjetas de visita y sitios web profesionales. No se requieren conocimientos de dise\u00f1o para obtener resultados de calidad. <\/span><\/p><p>Tanto si eres empresario, aut\u00f3nomo o creador de contenidos, el Dise\u00f1o puede ayudarte a construir una imagen de marca coherente, moderna y potente. En unos pocos clics, tendr\u00e1s todos los elementos visuales que necesitas para lanzar o profesionalizar tus comunicaciones. <\/p>\t\t\t\t\t\t\t\t<\/div>\n\t\t\t\t<\/div>\n\t\t\t\t<div class=\"elementor-element elementor-element-ae973cd elementor-widget elementor-widget-heading\" data-id=\"ae973cd\" data-element_type=\"widget\" data-e-type=\"widget\" data-widget_type=\"heading.default\">\n\t\t\t\t<div class=\"elementor-widget-container\">\n\t\t\t\t\t<h3 class=\"elementor-heading-title elementor-size-default\">Caracter\u00edsticas principales del dise\u00f1o<\/h3>\t\t\t\t<\/div>\n\t\t\t\t<\/div>\n\t\t\t\t<div class=\"elementor-element elementor-element-d855d36 elementor-widget elementor-widget-text-editor\" data-id=\"d855d36\" data-element_type=\"widget\" data-e-type=\"widget\" data-widget_type=\"text-editor.default\">\n\t\t\t\t<div class=\"elementor-widget-container\">\n\t\t\t\t\t\t\t\t\t<ul><li data-start=\"620\" data-end=\"793\"><p data-start=\"622\" data-end=\"793\"><strong data-start=\"622\" data-end=\"656\">Crea un logotipo \u00fanico con IA: <\/strong>Introduce el nombre de tu marca y algunas preferencias, y la herramienta generar\u00e1 autom\u00e1ticamente dise\u00f1os originales que podr\u00e1s perfeccionar.<\/p><\/li><li data-start=\"795\" data-end=\"936\"><p data-start=\"797\" data-end=\"936\"><strong data-start=\"797\" data-end=\"837\">Personaliza tus elementos visuales f\u00e1cilmente: <\/strong>cambia fuentes, colores, iconos o dise\u00f1os mediante un editor sencillo e intuitivo.<\/p><\/li><li data-start=\"938\" data-end=\"1096\"><p data-start=\"940\" data-end=\"1096\"><strong data-start=\"940\" data-end=\"981\">Genera medios de comunicaci\u00f3n: <\/strong>utiliza tu logotipo en tarjetas de visita, folletos, carteles, publicaciones en redes sociales o banners web.<\/p><\/li><li data-start=\"1098\" data-end=\"1248\"><p data-start=\"1100\" data-end=\"1248\"><strong data-start=\"1100\" data-end=\"1146\">Crea un sitio web acorde con tu identidad: <\/strong>en unos pocos clics, publica un sitio web profesional perfectamente alineado con tu carta gr\u00e1fica.<\/p><\/li><li data-start=\"1250\" data-end=\"1410\"><p data-start=\"1252\" data-end=\"1410\"><strong data-start=\"1252\" data-end=\"1300\">Consigue archivos de calidad profesional: <\/strong>exporta tus creaciones en formatos de alta resoluci\u00f3n (PNG, SVG, PDF) listos para imprimir y digitalizar.<\/p><\/li><\/ul>\t\t\t\t\t\t\t\t<\/div>\n\t\t\t\t<\/div>\n\t\t\t\t\t<\/div>\n\t\t\t\t<\/div>\n\t\t\t\t<\/div>\n\t\t","protected":false},"excerpt":{"rendered":"<p>\u00bfQu\u00e9 es el Dise\u00f1o? Dise\u00f1o es una herramienta de AI todo en uno que facilita la creaci\u00f3n de logotipos, elementos visuales de marketing, tarjetas de visita y sitios web profesionales. No se requieren conocimientos de dise\u00f1o para obtener resultados de calidad. Tanto si eres empresario, aut\u00f3nomo o creador de contenidos, el Dise\u00f1o puede ayudarte a construir una imagen de marca coherente, moderna y potente. En unos pocos clics, tendr\u00e1s todos los elementos visuales que necesitas para lanzar o profesionalizar tus comunicaciones. Caracter\u00edsticas principales del dise\u00f1o Crea un logotipo \u00fanico con IA: Introduce el nombre de tu marca y algunas preferencias, y la herramienta generar\u00e1 autom\u00e1ticamente dise\u00f1os originales que podr\u00e1s perfeccionar. Personaliza tus elementos visuales f\u00e1cilmente: cambia fuentes, colores, iconos o dise\u00f1os mediante un editor sencillo e intuitivo. Genera medios de comunicaci\u00f3n: utiliza tu logotipo en tarjetas de visita, folletos, carteles, publicaciones en redes sociales o banners web. Crea un sitio web acorde con tu identidad: en unos pocos clics, publica un sitio web profesional perfectamente alineado con tu carta gr\u00e1fica. Consigue archivos de calidad profesional: exporta tus creaciones en formatos de alta resoluci\u00f3n (PNG, SVG, PDF) listos para imprimir y digitalizar.<\/p>\n","protected":false},"featured_media":30969,"comment_status":"open","ping_status":"closed","template":"","meta":{"_acf_changed":false,"_glsr_average":0,"_glsr_ranking":0,"_glsr_reviews":0},"product_brand":[],"product_cat":[5392,5378],"product_tag":[],"class_list":{"0":"post-30675","1":"product","2":"type-product","3":"status-publish","4":"has-post-thumbnail","6":"product_cat-diseno-del-logotipo","7":"product_cat-ia-generativa","9":"first","10":"instock","11":"shipping-taxable","12":"product-type-external"},"acf":[],"_links":{"self":[{"href":"https:\/\/boostgrowb.com\/es\/wp-json\/wp\/v2\/product\/30675","targetHints":{"allow":["GET"]}}],"collection":[{"href":"https:\/\/boostgrowb.com\/es\/wp-json\/wp\/v2\/product"}],"about":[{"href":"https:\/\/boostgrowb.com\/es\/wp-json\/wp\/v2\/types\/product"}],"replies":[{"embeddable":true,"href":"https:\/\/boostgrowb.com\/es\/wp-json\/wp\/v2\/comments?post=30675"}],"version-history":[{"count":0,"href":"https:\/\/boostgrowb.com\/es\/wp-json\/wp\/v2\/product\/30675\/revisions"}],"wp:featuredmedia":[{"embeddable":true,"href":"https:\/\/boostgrowb.com\/es\/wp-json\/wp\/v2\/media\/30969"}],"wp:attachment":[{"href":"https:\/\/boostgrowb.com\/es\/wp-json\/wp\/v2\/media?parent=30675"}],"wp:term":[{"taxonomy":"product_brand","embeddable":true,"href":"https:\/\/boostgrowb.com\/es\/wp-json\/wp\/v2\/product_brand?post=30675"},{"taxonomy":"product_cat","embeddable":true,"href":"https:\/\/boostgrowb.com\/es\/wp-json\/wp\/v2\/product_cat?post=30675"},{"taxonomy":"product_tag","embeddable":true,"href":"https:\/\/boostgrowb.com\/es\/wp-json\/wp\/v2\/product_tag?post=30675"}],"curies":[{"name":"wp","href":"https:\/\/api.w.org\/{rel}","templated":true}]}}