{"id":31051,"date":"2024-09-16T06:20:41","date_gmt":"2024-09-16T06:20:41","guid":{"rendered":"https:\/\/boostgrowb.com\/software\/thinkific\/"},"modified":"2026-01-22T14:03:35","modified_gmt":"2026-01-22T14:03:35","slug":"thinkific","status":"publish","type":"product","link":"https:\/\/boostgrowb.com\/es\/software\/thinkific\/","title":{"rendered":"Thinkific"},"content":{"rendered":"\t\t<div data-elementor-type=\"product-post\" data-elementor-id=\"31051\" class=\"elementor elementor-31051 elementor-7760\" data-elementor-post-type=\"product\">\n\t\t\t\t<div class=\"elementor-element elementor-element-c7e52a2 e-flex e-con-boxed wpr-particle-no wpr-jarallax-no wpr-parallax-no wpr-sticky-section-no e-con e-parent\" data-id=\"c7e52a2\" data-element_type=\"container\" data-e-type=\"container\">\n\t\t\t\t\t<div class=\"e-con-inner\">\n\t\t\t\t<div class=\"elementor-element elementor-element-c06350b elementor-widget elementor-widget-heading\" data-id=\"c06350b\" data-element_type=\"widget\" data-e-type=\"widget\" data-widget_type=\"heading.default\">\n\t\t\t\t<div class=\"elementor-widget-container\">\n\t\t\t\t\t<h1 class=\"elementor-heading-title elementor-size-default\">  \u00bfQu\u00e9 es Thinkific?<\/h1>\t\t\t\t<\/div>\n\t\t\t\t<\/div>\n\t\t\t\t\t<\/div>\n\t\t\t\t<\/div>\n\t\t<div class=\"elementor-element elementor-element-f9ccc53 e-flex e-con-boxed wpr-particle-no wpr-jarallax-no wpr-parallax-no wpr-sticky-section-no e-con e-parent\" data-id=\"f9ccc53\" data-element_type=\"container\" data-e-type=\"container\">\n\t\t\t\t\t<div class=\"e-con-inner\">\n\t\t\t\t<div class=\"elementor-element elementor-element-bcf52d6 elementor-widget elementor-widget-text-editor\" data-id=\"bcf52d6\" data-element_type=\"widget\" data-e-type=\"widget\" data-widget_type=\"text-editor.default\">\n\t\t\t\t<div class=\"elementor-widget-container\">\n\t\t\t\t\t\t\t\t\t<div class=\"my-1 flex flex-col overflow-hidden\"><strong style=\"font-family: -apple-system, BlinkMacSystemFont, 'Segoe UI', Roboto, 'Helvetica Neue', Arial, 'Noto Sans', sans-serif, 'Apple Color Emoji', 'Segoe UI Emoji', 'Segoe UI Symbol', 'Noto Color Emoji';\" data-start=\"0\" data-end=\"13\">Thinkific<\/strong><span style=\"font-family: -apple-system, BlinkMacSystemFont, 'Segoe UI', Roboto, 'Helvetica Neue', Arial, 'Noto Sans', sans-serif, 'Apple Color Emoji', 'Segoe UI Emoji', 'Segoe UI Symbol', 'Noto Color Emoji';\"> es un sistema de <\/span><strong style=\"font-family: -apple-system, BlinkMacSystemFont, 'Segoe UI', Roboto, 'Helvetica Neue', Arial, 'Noto Sans', sans-serif, 'Apple Color Emoji', 'Segoe UI Emoji', 'Segoe UI Symbol', 'Noto Color Emoji';\" data-start=\"36\" data-end=\"69\">e-learning todo en uno<\/strong><span style=\"font-family: -apple-system, BlinkMacSystemFont, 'Segoe UI', Roboto, 'Helvetica Neue', Arial, 'Noto Sans', sans-serif, 'Apple Color Emoji', 'Segoe UI Emoji', 'Segoe UI Symbol', 'Noto Color Emoji';\"> que permite <\/span><strong style=\"font-family: -apple-system, BlinkMacSystemFont, 'Segoe UI', Roboto, 'Helvetica Neue', Arial, 'Noto Sans', sans-serif, 'Apple Color Emoji', 'Segoe UI Emoji', 'Segoe UI Symbol', 'Noto Color Emoji';\" data-start=\"85\" data-end=\"129\" data-is-only-node=\"\">emprendedores, formadores y empresas<\/strong><span style=\"font-family: -apple-system, BlinkMacSystemFont, 'Segoe UI', Roboto, 'Helvetica Neue', Arial, 'Noto Sans', sans-serif, 'Apple Color Emoji', 'Segoe UI Emoji', 'Segoe UI Symbol', 'Noto Color Emoji';\"> a <\/span><strong style=\"font-family: -apple-system, BlinkMacSystemFont, 'Segoe UI', Roboto, 'Helvetica Neue', Arial, 'Noto Sans', sans-serif, 'Apple Color Emoji', 'Segoe UI Emoji', 'Segoe UI Symbol', 'Noto Color Emoji';\" data-start=\"133\" data-end=\"162\">crear, alojar y vender<\/strong><span style=\"font-family: -apple-system, BlinkMacSystemFont, 'Segoe UI', Roboto, 'Helvetica Neue', Arial, 'Noto Sans', sans-serif, 'Apple Color Emoji', 'Segoe UI Emoji', 'Segoe UI Symbol', 'Noto Color Emoji';\">  sus cursos de forma totalmente independiente. Con una interfaz intuitiva y sin necesidad de conocimientos t\u00e9cnicos, puedes estructurar tus cursos de formaci\u00f3n en diversos formatos:   <\/span><strong style=\"font-family: -apple-system, BlinkMacSystemFont, 'Segoe UI', Roboto, 'Helvetica Neue', Arial, 'Noto Sans', sans-serif, 'Apple Color Emoji', 'Segoe UI Emoji', 'Segoe UI Symbol', 'Noto Color Emoji';\" data-start=\"332\" data-end=\"373\">v\u00eddeos, PDF, cuestionarios, sesiones en directo<\/strong><span style=\"font-family: -apple-system, BlinkMacSystemFont, 'Segoe UI', Roboto, 'Helvetica Neue', Arial, 'Noto Sans', sans-serif, 'Apple Color Emoji', 'Segoe UI Emoji', 'Segoe UI Symbol', 'Noto Color Emoji';\">y mucho m\u00e1s. Thinkific te ofrece   <\/span><strong style=\"font-family: -apple-system, BlinkMacSystemFont, 'Segoe UI', Roboto, 'Helvetica Neue', Arial, 'Noto Sans', sans-serif, 'Apple Color Emoji', 'Segoe UI Emoji', 'Segoe UI Symbol', 'Noto Color Emoji';\" data-start=\"410\" data-end=\"449\">control total sobre tus contenidos<\/strong><span style=\"font-family: -apple-system, BlinkMacSystemFont, 'Segoe UI', Roboto, 'Helvetica Neue', Arial, 'Noto Sans', sans-serif, 'Apple Color Emoji', 'Segoe UI Emoji', 'Segoe UI Symbol', 'Noto Color Emoji';\">sin depender de un mercado de terceros, lo que te permite <\/span><strong style=\"font-family: -apple-system, BlinkMacSystemFont, 'Segoe UI', Roboto, 'Helvetica Neue', Arial, 'Noto Sans', sans-serif, 'Apple Color Emoji', 'Segoe UI Emoji', 'Segoe UI Symbol', 'Noto Color Emoji';\" data-start=\"516\" data-end=\"545\">monetizar tu experiencia<\/strong><span style=\"font-family: -apple-system, BlinkMacSystemFont, 'Segoe UI', Roboto, 'Helvetica Neue', Arial, 'Noto Sans', sans-serif, 'Apple Color Emoji', 'Segoe UI Emoji', 'Segoe UI Symbol', 'Noto Color Emoji';\"> a tu propio ritmo.<\/span><\/div><div class=\"my-1 flex flex-col overflow-hidden\"><span style=\"font-family: -apple-system, BlinkMacSystemFont, 'Segoe UI', Roboto, 'Helvetica Neue', Arial, 'Noto Sans', sans-serif, 'Apple Color Emoji', 'Segoe UI Emoji', 'Segoe UI Symbol', 'Noto Color Emoji';\"> <\/span><\/div><div class=\"min-h-8 text-message relative flex w-full flex-col items-end gap-2 whitespace-normal break-words text-start [.text-message+&amp;]:mt-5\" dir=\"auto\" data-message-author-role=\"assistant\" data-message-id=\"393b5cae-586c-4d12-b027-58e263f13563\" data-message-model-slug=\"gpt-4o\"><div class=\"flex w-full flex-col gap-1 empty:hidden first:pt-[3px]\"><div class=\"markdown prose w-full break-words dark:prose-invert light\"><p class=\"\" data-start=\"565\" data-end=\"1252\">Lo que diferencia a <strong data-start=\"582\" data-end=\"595\">Thinkific<\/strong> es su <strong data-start=\"606\" data-end=\"652\">flexibilidad y personalizaci\u00f3n avanzada<\/strong>. Puedes <strong data-start=\"666\" data-end=\"693\">crear un sitio web dedicado<\/strong>, a\u00f1adir tu <strong data-start=\"709\" data-end=\"721\">marca<\/strong>, personalizar la experiencia del usuario e incluso integrar <strong data-start=\"783\" data-end=\"803\">herramientas de marketing<\/strong> para optimizar tu tasa de conversi\u00f3n. La plataforma tambi\u00e9n ofrece potentes funciones como <strong data-start=\"914\" data-end=\"977\">suscripciones, pago a plazos y ofertas combinadas<\/strong>, que te dan todas las cartas que necesitas para maximizar tus ingresos. Adem\u00e1s, su sistema <strong data-start=\"1068\" data-end=\"1093\">de gesti\u00f3n de alumnos<\/strong> te permite seguir el progreso de los estudiantes y mejorar el compromiso con notificaciones autom\u00e1ticas, certificados de aprovechamiento y foros de debate.   <\/p><p class=\"\" data-start=\"1254\" data-end=\"1773\">Con <strong data-start=\"1259\" data-end=\"1272\">Thinkific<\/strong>, te beneficias de un ecosistema completo para <strong data-start=\"1319\" data-end=\"1371\">convertir tus conocimientos en un negocio rentable<\/strong>. Tanto si lanzas un <strong data-start=\"1393\" data-end=\"1418\">programa de coaching<\/strong>, <strong data-start=\"1424\" data-end=\"1460\">cursos de certificaci\u00f3n online<\/strong> o <strong data-start=\"1468\" data-end=\"1492\">talleres interactivos<\/strong>, esta soluci\u00f3n te ayuda a <strong data-start=\"1521\" data-end=\"1626\">aumentar tu audiencia, automatizar tus ventas y ofrecer una experiencia de aprendizaje atractiva<\/strong>. <\/p><\/div><\/div><\/div>\t\t\t\t\t\t\t\t<\/div>\n\t\t\t\t<\/div>\n\t\t\t\t<div class=\"elementor-element elementor-element-032c32c elementor-widget elementor-widget-heading\" data-id=\"032c32c\" data-element_type=\"widget\" data-e-type=\"widget\" data-widget_type=\"heading.default\">\n\t\t\t\t<div class=\"elementor-widget-container\">\n\t\t\t\t\t<h3 class=\"elementor-heading-title elementor-size-default\">Los 5 activos clave de Thinkific<\/h3>\t\t\t\t<\/div>\n\t\t\t\t<\/div>\n\t\t\t\t<div class=\"elementor-element elementor-element-191ff44 elementor-widget elementor-widget-text-editor\" data-id=\"191ff44\" data-element_type=\"widget\" data-e-type=\"widget\" data-widget_type=\"text-editor.default\">\n\t\t\t\t<div class=\"elementor-widget-container\">\n\t\t\t\t\t\t\t\t\t<ul><li><p><strong><span>Creaci\u00f3n de cursos f\u00e1cil y personalizable<\/span><\/strong><span> Thinkific ofrece un <\/span><strong><span>editor intuitivo<\/span><\/strong><span>  que te permite construir tu curso arrastrando y soltando m\u00f3dulos de contenido. Puedes a\u00f1adir v\u00eddeos, cuestionarios, evaluaciones y mucho m\u00e1s, para que tu curso sea a\u00fan m\u00e1s atractivo.   <\/span><strong><span>experiencia de aprendizaje inmersiva<\/span><\/strong><span> .<\/span><\/p><\/li><li><p><strong><span>Monetizaci\u00f3n flexible y potente<\/span><\/strong><span> Con Thinkific, puedes <\/span><strong><span>vender tus cursos de m\u00faltiples formas<\/span><\/strong><span>  Esto incluye pagos \u00fanicos, suscripciones, paquetes de cursos e incluso pruebas gratuitas. La plataforma admite diversos m\u00e9todos de pago, lo que facilita la gesti\u00f3n de las inscripciones y maximiza tus oportunidades de ingresos. <\/span><\/p><\/li><li><p><strong><span>Compromiso del alumno con herramientas integradas<\/span><\/strong><span> Thinkific ofrece <\/span><strong><span>herramientas de participaci\u00f3n interactiva<\/span><\/strong><span> como encuestas, cuestionarios y comunidades de alumnos, que promueven una <\/span><strong><span>experiencia de aprendizaje participativo<\/span><\/strong><span> y mejorando la retenci\u00f3n.<\/span><\/p><\/li><li><p><strong><span>Marketing y automatizaci\u00f3n<\/span><\/strong><span> La plataforma ofrece <\/span><strong><span>herramientas de marketing integradas<\/span><\/strong><span> para crear p\u00e1ginas de ventas de alto rendimiento, automatizar correos electr\u00f3nicos y conectar tu sitio a herramientas de marketing para llegar a un p\u00fablico m\u00e1s amplio y aumentar tus conversiones.<\/span><\/p><\/li><li><p><strong><span>An\u00e1lisis detallados para medir el \u00e9xito<\/span><\/strong><span> Con informes <\/span><strong><span>informes sobre el rendimiento de tus cursos<\/span><\/strong><span> y el seguimiento del progreso de tus alumnos, Thinkific te proporciona los medios para medir y mejorar tus estrategias de ense\u00f1anza.<\/span><\/p><\/li><\/ul>\t\t\t\t\t\t\t\t<\/div>\n\t\t\t\t<\/div>\n\t\t\t\t<div class=\"elementor-element elementor-element-e814f88 elementor-widget elementor-widget-heading\" data-id=\"e814f88\" data-element_type=\"widget\" data-e-type=\"widget\" data-widget_type=\"heading.default\">\n\t\t\t\t<div class=\"elementor-widget-container\">\n\t\t\t\t\t<h2 class=\"elementor-heading-title elementor-size-default\">\u00bfA qui\u00e9n va dirigido Thinkific?<\/h2>\t\t\t\t<\/div>\n\t\t\t\t<\/div>\n\t\t\t\t<div class=\"elementor-element elementor-element-5f6dc4e elementor-widget elementor-widget-text-editor\" data-id=\"5f6dc4e\" data-element_type=\"widget\" data-e-type=\"widget\" data-widget_type=\"text-editor.default\">\n\t\t\t\t<div class=\"elementor-widget-container\">\n\t\t\t\t\t\t\t\t\t<ul><li><p><strong><span>Formadores, entrenadores y consultores<\/span><\/strong><span> Si eres un experto en tu campo, Thinkific te ofrece una plataforma profesional para compartir tus conocimientos y generar ingresos recurrentes.<\/span><\/p><\/li><li><p><strong><span>Empresas que buscan formar a sus equipos<\/span><\/strong><span> Thinkific permite a las empresas crear <\/span><strong><span>m\u00f3dulos de formaci\u00f3n personalizados<\/span><\/strong><span> para sus empleados, garantizando un desarrollo de competencias eficaz y adaptable a las necesidades internas.<\/span><\/p><\/li><li><p><strong><span>Creadores de contenidos y blogueros<\/span><\/strong><span> Para quienes desean diversificar sus fuentes de ingresos, Thinkific te permite <\/span><strong><span>transformar un blog o canal de YouTube<\/span><\/strong><span> en una plataforma educativa y construir una comunidad online leal.<\/span><\/p><\/li><li><p><strong><span>Escuelas e instituciones educativas<\/span><\/strong><span> Las instituciones que busquen modernizar sus enfoques pedag\u00f3gicos encontrar\u00e1n en Thinkific una soluci\u00f3n pr\u00e1ctica y de alto rendimiento para impartir cursos en l\u00ednea modernos, atractivos <\/span><strong><span>cursos en l\u00ednea modernos y atractivos<\/span><\/strong><span> .<\/span><\/p><\/li><\/ul>\t\t\t\t\t\t\t\t<\/div>\n\t\t\t\t<\/div>\n\t\t\t\t<div class=\"elementor-element elementor-element-e8c3aa2 elementor-widget elementor-widget-heading\" data-id=\"e8c3aa2\" data-element_type=\"widget\" data-e-type=\"widget\" data-widget_type=\"heading.default\">\n\t\t\t\t<div class=\"elementor-widget-container\">\n\t\t\t\t\t<h2 class=\"elementor-heading-title elementor-size-default\">Conclusi\u00f3n<\/h2>\t\t\t\t<\/div>\n\t\t\t\t<\/div>\n\t\t\t\t\t<\/div>\n\t\t\t\t<\/div>\n\t\t<div class=\"elementor-element elementor-element-eb1efed e-flex e-con-boxed wpr-particle-no wpr-jarallax-no wpr-parallax-no wpr-sticky-section-no e-con e-parent\" data-id=\"eb1efed\" data-element_type=\"container\" data-e-type=\"container\">\n\t\t\t\t\t<div class=\"e-con-inner\">\n\t\t\t\t<div class=\"elementor-element elementor-element-b64e3a8 elementor-widget elementor-widget-text-editor\" data-id=\"b64e3a8\" data-element_type=\"widget\" data-e-type=\"widget\" data-widget_type=\"text-editor.default\">\n\t\t\t\t<div class=\"elementor-widget-container\">\n\t\t\t\t\t\t\t\t\t<p><strong>Thinkific<\/strong> es la plataforma de referencia para <strong>crear, vender y gestionar tus cursos online<\/strong>. Tanto si eres entrenador, formador o empresa, Thinkific te permite <strong>monetizar tu experiencia<\/strong> al tiempo que ofreces una <strong>experiencia de aprendizaje de calidad<\/strong> a tus alumnos. Con funciones avanzadas de personalizaci\u00f3n, marketing y seguimiento del rendimiento, <strong>Thinkific<\/strong> te ayuda a crear una oferta de formaci\u00f3n profesional e impactante. Si est\u00e1s preparado para convertir tus conocimientos en una fuente de ingresos, <strong>Thinkific<\/strong> es la elecci\u00f3n obvia.   <\/p>\t\t\t\t\t\t\t\t<\/div>\n\t\t\t\t<\/div>\n\t\t\t\t\t<\/div>\n\t\t\t\t<\/div>\n\t\t\t\t<\/div>\n\t\t","protected":false},"excerpt":{"rendered":"<p><strong>Thinkific<\/strong> es una plataforma online dise\u00f1ada para crear, comercializar y vender <strong>cursos online<\/strong>. Permite a formadores, educadores, emprendedores y empresas crear cursos de calidad profesional sin necesidad de conocimientos de programaci\u00f3n o dise\u00f1o. <\/p>\n<ul>\n<li>Facilidad de uso<\/li>\n<li>Marketing integrado<\/li>\n<li>Gesti\u00f3n de alumnos<\/li>\n<li>Creaci\u00f3n de cursos<\/li>\n<\/ul>\n","protected":false},"featured_media":31058,"comment_status":"open","ping_status":"closed","template":"","meta":{"_acf_changed":false,"_glsr_average":0,"_glsr_ranking":0,"_glsr_reviews":0},"product_brand":[],"product_cat":[4228],"product_tag":[],"class_list":{"0":"post-31051","1":"product","2":"type-product","3":"status-publish","4":"has-post-thumbnail","6":"product_cat-gestion-de-proyectos","8":"first","9":"instock","10":"shipping-taxable","11":"product-type-external"},"acf":[],"_links":{"self":[{"href":"https:\/\/boostgrowb.com\/es\/wp-json\/wp\/v2\/product\/31051","targetHints":{"allow":["GET"]}}],"collection":[{"href":"https:\/\/boostgrowb.com\/es\/wp-json\/wp\/v2\/product"}],"about":[{"href":"https:\/\/boostgrowb.com\/es\/wp-json\/wp\/v2\/types\/product"}],"replies":[{"embeddable":true,"href":"https:\/\/boostgrowb.com\/es\/wp-json\/wp\/v2\/comments?post=31051"}],"version-history":[{"count":0,"href":"https:\/\/boostgrowb.com\/es\/wp-json\/wp\/v2\/product\/31051\/revisions"}],"wp:featuredmedia":[{"embeddable":true,"href":"https:\/\/boostgrowb.com\/es\/wp-json\/wp\/v2\/media\/31058"}],"wp:attachment":[{"href":"https:\/\/boostgrowb.com\/es\/wp-json\/wp\/v2\/media?parent=31051"}],"wp:term":[{"taxonomy":"product_brand","embeddable":true,"href":"https:\/\/boostgrowb.com\/es\/wp-json\/wp\/v2\/product_brand?post=31051"},{"taxonomy":"product_cat","embeddable":true,"href":"https:\/\/boostgrowb.com\/es\/wp-json\/wp\/v2\/product_cat?post=31051"},{"taxonomy":"product_tag","embeddable":true,"href":"https:\/\/boostgrowb.com\/es\/wp-json\/wp\/v2\/product_tag?post=31051"}],"curies":[{"name":"wp","href":"https:\/\/api.w.org\/{rel}","templated":true}]}}