{"id":31057,"date":"2024-09-30T13:52:17","date_gmt":"2024-09-30T13:52:17","guid":{"rendered":"https:\/\/boostgrowb.com\/software\/zapier\/"},"modified":"2025-07-07T16:15:22","modified_gmt":"2025-07-07T16:15:22","slug":"zapier","status":"publish","type":"product","link":"https:\/\/boostgrowb.com\/es\/software\/zapier\/","title":{"rendered":"Zapier"},"content":{"rendered":"\t\t<div data-elementor-type=\"product-post\" data-elementor-id=\"31057\" class=\"elementor elementor-31057 elementor-9600\" data-elementor-post-type=\"product\">\n\t\t\t\t<div class=\"elementor-element elementor-element-ec7db5c e-flex e-con-boxed wpr-particle-no wpr-jarallax-no wpr-parallax-no wpr-sticky-section-no e-con e-parent\" data-id=\"ec7db5c\" data-element_type=\"container\" data-e-type=\"container\">\n\t\t\t\t\t<div class=\"e-con-inner\">\n\t\t\t\t<div class=\"elementor-element elementor-element-ac0cefa elementor-widget elementor-widget-heading\" data-id=\"ac0cefa\" data-element_type=\"widget\" data-e-type=\"widget\" data-widget_type=\"heading.default\">\n\t\t\t\t<div class=\"elementor-widget-container\">\n\t\t\t\t\t<h2 class=\"elementor-heading-title elementor-size-default\">\u00bfQu\u00e9 es Zapier?<\/h2>\t\t\t\t<\/div>\n\t\t\t\t<\/div>\n\t\t\t\t\t<\/div>\n\t\t\t\t<\/div>\n\t\t<div class=\"elementor-element elementor-element-693e6b6 e-flex e-con-boxed wpr-particle-no wpr-jarallax-no wpr-parallax-no wpr-sticky-section-no e-con e-parent\" data-id=\"693e6b6\" data-element_type=\"container\" data-e-type=\"container\">\n\t\t\t\t\t<div class=\"e-con-inner\">\n\t\t\t\t<div class=\"elementor-element elementor-element-317cd95 elementor-widget elementor-widget-text-editor\" data-id=\"317cd95\" data-element_type=\"widget\" data-e-type=\"widget\" data-widget_type=\"text-editor.default\">\n\t\t\t\t<div class=\"elementor-widget-container\">\n\t\t\t\t\t\t\t\t\t<p class=\"\" data-start=\"81\" data-end=\"662\"><strong data-start=\"81\" data-end=\"189\">Zapier <\/strong><span data-start=\"81\" data-end=\"189\">es la soluci\u00f3n ideal para<\/span><strong data-start=\"81\" data-end=\"189\"> automatizar <\/strong><span data-start=\"81\" data-end=\"189\">tus procesos sin<\/span><span data-start=\"81\" data-end=\"189\">necesidad de conocimientos t\u00e9cnicos<\/span>. Esta plataforma te permite conectar cientos de aplicaciones y crear <strong data-start=\"278\" data-end=\"309\">flujos de trabajo automatizados<\/strong> llamados <strong data-start=\"318\" data-end=\"326\">Zaps<\/strong>. Con s\u00f3lo unos clics, puedes vincular herramientas como <strong data-start=\"381\" data-end=\"405\" data-is-only-node=\"\">Slack, Gmail, Trello<\/strong> y muchas m\u00e1s para automatizar tareas repetitivas como enviar correos electr\u00f3nicos, gestionar datos o crear recordatorios. <strong data-start=\"547\" data-end=\"660\">Desp\u00eddete de las tareas manuales y ahorra un tiempo precioso para poder centrarte en lo que realmente importa.<\/strong>  <\/p><p class=\"\" data-start=\"664\" data-end=\"1305\"><strong data-start=\"664\" data-end=\"733\">\u00bfQu\u00e9 diferencia a Zapier de otras plataformas de automatizaci\u00f3n?<\/strong> Su <strong data-start=\"737\" data-end=\"765\">facilidad de uso<\/strong> e integraci\u00f3n con m\u00e1s de <strong data-start=\"798\" data-end=\"831\">2.000 aplicaciones populares<\/strong>. Con un proceso de <strong data-start=\"854\" data-end=\"881\" data-is-only-node=\"\">configuraci\u00f3n sin c\u00f3digo<\/strong>, puedes automatizar f\u00e1cilmente flujos de trabajo complejos, <strong data-start=\"949\" data-end=\"981\">reducir los errores humanos<\/strong> y <strong data-start=\"985\" data-end=\"1013\">acelerar tus operaciones<\/strong>. Zapier se ejecuta en segundo plano, proporcionando una <strong data-start=\"1062\" data-end=\"1083\">experiencia fluida<\/strong> sin interrumpir tus procesos cotidianos. Tanto si eres una <strong data-start=\"1144\" data-end=\"1155\">start-up<\/strong>, <strong data-start=\"1161\" data-end=\"1168\">una PYME<\/strong> o <strong data-start=\"1177\" data-end=\"1198\">una gran empresa<\/strong>, Zapier se adapta a tus necesidades, ofreciendo <strong data-start=\"1243\" data-end=\"1271\">soluciones personalizadas<\/strong> para cada tipo de usuario.   <\/p><p class=\"\" data-start=\"1307\" data-end=\"1863\">Adem\u00e1s de su <strong data-start=\"1322\" data-end=\"1346\">interfaz f\u00e1cil de usar<\/strong>, Zapier optimiza tu <strong data-start=\"1370\" data-end=\"1386\">productividad<\/strong> <strong data-start=\"1390\" data-end=\"1423\">centralizando tus aplicaciones<\/strong> y reduciendo el esfuerzo manual. <strong data-start=\"1461\" data-end=\"1545\">Aumenta la eficiencia, reduce los costes y trabaja de forma m\u00e1s inteligente<\/strong> automatizando las tareas repetitivas. Zapier permite a tu equipo centrarse en proyectos de mayor valor a\u00f1adido, al tiempo que garantiza <strong data-start=\"1702\" data-end=\"1731\">una colaboraci\u00f3n perfecta<\/strong> entre tus herramientas favoritas. <\/p>\t\t\t\t\t\t\t\t<\/div>\n\t\t\t\t<\/div>\n\t\t\t\t<div class=\"elementor-element elementor-element-d6a171c elementor-widget elementor-widget-heading\" data-id=\"d6a171c\" data-element_type=\"widget\" data-e-type=\"widget\" data-widget_type=\"heading.default\">\n\t\t\t\t<div class=\"elementor-widget-container\">\n\t\t\t\t\t<h2 class=\"elementor-heading-title elementor-size-default\">Estas son las 5 principales ventajas de Zapier<\/h2>\t\t\t\t<\/div>\n\t\t\t\t<\/div>\n\t\t\t\t<div class=\"elementor-element elementor-element-856fc74 elementor-widget elementor-widget-text-editor\" data-id=\"856fc74\" data-element_type=\"widget\" data-e-type=\"widget\" data-widget_type=\"text-editor.default\">\n\t\t\t\t<div class=\"elementor-widget-container\">\n\t\t\t\t\t\t\t\t\t<ol><li><p><strong><span>Automatizaci\u00f3n sin c\u00f3digo<\/span><\/strong><span> Zapier te permite <\/span><strong><span>crear automatizaciones<\/span><\/strong><span>  entre distintas aplicaciones sin necesidad de saber codificar. Puedes configurar f\u00e1cilmente   <\/span><strong><span>Zaps<\/span><\/strong><span> en s\u00f3lo unos minutos.<\/span><\/p><\/li><li><p><strong><span>Compatibilidad con m\u00e1s de 5.000 aplicaciones<\/span><\/strong><span> Zapier ofrece <\/span><strong><span>una amplia compatibilidad<\/span><\/strong><span> con m\u00e1s de 5.000 aplicaciones, como <\/span><strong><span>Google Sheets, Salesforce, Trello<\/span><\/strong><span>  y mucho m\u00e1s. Esto te permite   <\/span><strong><span>conecta todas tus aplicaciones favoritas<\/span><\/strong><span> y haz que funcionen juntas.<\/span><\/p><\/li><li><p><strong><span>Flujo de trabajo personalizado<\/span><\/strong><span> Zapier te permite crear <\/span><strong><span>flujos de trabajo personalizados<\/span><\/strong><span> adaptados a tus necesidades espec\u00edficas, automatizando las acciones que realizas a diario, como crear clientes potenciales, enviar notificaciones u organizar datos.<\/span><\/p><\/li><li><p><strong><span>Multietapa y filtros<\/span><\/strong><span> Puedes crear <\/span><strong><span>Zaps<\/span><\/strong><span>  que incluyen m\u00faltiples pasos y condiciones. Esto te permite definir flujos de trabajo avanzados que automaticen procesos m\u00e1s elaborados bas\u00e1ndose en criterios espec\u00edficos. <\/span><\/p><\/li><li><p><strong><span>Notificaciones y seguimiento en tiempo real<\/span><\/strong><span> Zapier ofrece <\/span><strong><span>notificaciones en tiempo real<\/span><\/strong><span>  para informarte cuando se inicien los Zaps o si falla una acci\u00f3n. Esto te permite   <\/span><strong><span>mant\u00e9n el control<\/span><\/strong><span> sobre toda tu automatizaci\u00f3n.<\/span><\/p><\/li><\/ol>\t\t\t\t\t\t\t\t<\/div>\n\t\t\t\t<\/div>\n\t\t\t\t<div class=\"elementor-element elementor-element-fb779b6 elementor-widget elementor-widget-heading\" data-id=\"fb779b6\" data-element_type=\"widget\" data-e-type=\"widget\" data-widget_type=\"heading.default\">\n\t\t\t\t<div class=\"elementor-widget-container\">\n\t\t\t\t\t<h2 class=\"elementor-heading-title elementor-size-default\">\u00bfCu\u00e1les son las ventajas de utilizar Zapier?<\/h2>\t\t\t\t<\/div>\n\t\t\t\t<\/div>\n\t\t\t\t<div class=\"elementor-element elementor-element-6ef658e elementor-widget elementor-widget-text-editor\" data-id=\"6ef658e\" data-element_type=\"widget\" data-e-type=\"widget\" data-widget_type=\"text-editor.default\">\n\t\t\t\t<div class=\"elementor-widget-container\">\n\t\t\t\t\t\t\t\t\t<ul><li><p><strong>Ahorra tiempo y aumenta la productividad<\/strong>: Al automatizar las tareas repetitivas, <strong>Zapier<\/strong> permite a los equipos <strong>ahorrar un tiempo precioso<\/strong> y concentrarse en tareas de mayor valor a\u00f1adido. La automatizaci\u00f3n reduce los errores humanos y acelera los procesos. <\/p><\/li><li><p><strong>No necesitas conocimientos t\u00e9cnicos<\/strong>: Zapier est\u00e1 dise\u00f1ado para ser accesible a todo el mundo. Tanto si eres nuevo en la automatizaci\u00f3n como si eres un experto en gesti\u00f3n de proyectos, la interfaz intuitiva te permite <strong>crear flujos de trabajo automatizados<\/strong> sin escribir una sola l\u00ednea de c\u00f3digo. <\/p><\/li><li><p><strong>Mayor eficiencia de los equipos<\/strong>: con Zapier, los equipos pueden colaborar m\u00e1s f\u00e1cilmente, <strong>conectando sus herramientas<\/strong> y simplificando los procesos entre las distintas aplicaciones que utilizan. Esto reduce el tiempo dedicado a cambiar de una aplicaci\u00f3n a otra y mejora la <strong>fluidez de los flujos de trabajo<\/strong>. <\/p><\/li><li><p><strong>Escalabilidad<\/strong>: Zapier se adapta al tama\u00f1o de tu empresa. Tanto si eres una peque\u00f1a empresa como una gran organizaci\u00f3n con requisitos complejos, puedes <strong>configurar Zaps<\/strong> para que se adapten a tus necesidades espec\u00edficas, desde una automatizaci\u00f3n sencilla a flujos de trabajo m\u00e1s complejos. <\/p><\/li><li><p><strong>Monitorizaci\u00f3n y optimizaci\u00f3n del flujo de trabajo<\/strong>: Zapier te permite monitorizar en tiempo real los Zaps en curso y ajustarlos si es necesario. Esto garantiza una gesti\u00f3n proactiva de tus automatizaciones, mejorando el rendimiento de tus procesos. <\/p><\/li><\/ul>\t\t\t\t\t\t\t\t<\/div>\n\t\t\t\t<\/div>\n\t\t\t\t<div class=\"elementor-element elementor-element-fdac3cf elementor-widget elementor-widget-heading\" data-id=\"fdac3cf\" data-element_type=\"widget\" data-e-type=\"widget\" data-widget_type=\"heading.default\">\n\t\t\t\t<div class=\"elementor-widget-container\">\n\t\t\t\t\t<h2 class=\"elementor-heading-title elementor-size-default\">\u00bfPara qui\u00e9n es Zapier?<\/h2>\t\t\t\t<\/div>\n\t\t\t\t<\/div>\n\t\t\t\t<div class=\"elementor-element elementor-element-d78633e elementor-widget elementor-widget-text-editor\" data-id=\"d78633e\" data-element_type=\"widget\" data-e-type=\"widget\" data-widget_type=\"text-editor.default\">\n\t\t\t\t<div class=\"elementor-widget-container\">\n\t\t\t\t\t\t\t\t\t<p><strong>Zapier<\/strong> est\u00e1 dise\u00f1ado para <strong>pymes<\/strong>, <strong>aut\u00f3nomos<\/strong> y <strong>grandes empresas<\/strong> que quieren mejorar su <strong>eficiencia operativa<\/strong> y automatizar sus tareas. Tanto si eres un vendedor, un gestor de proyectos o un jefe de ventas, <strong>Zapier<\/strong> te ofrece una potente soluci\u00f3n para conectar todas tus aplicaciones y automatizar tus procesos, sin necesidad de codificar. <\/p>\t\t\t\t\t\t\t\t<\/div>\n\t\t\t\t<\/div>\n\t\t\t\t<div class=\"elementor-element elementor-element-746db9f elementor-widget elementor-widget-heading\" data-id=\"746db9f\" data-element_type=\"widget\" data-e-type=\"widget\" data-widget_type=\"heading.default\">\n\t\t\t\t<div class=\"elementor-widget-container\">\n\t\t\t\t\t<h2 class=\"elementor-heading-title elementor-size-default\">Conclusi\u00f3n<\/h2>\t\t\t\t<\/div>\n\t\t\t\t<\/div>\n\t\t\t\t<div class=\"elementor-element elementor-element-8d71ed6 elementor-widget elementor-widget-text-editor\" data-id=\"8d71ed6\" data-element_type=\"widget\" data-e-type=\"widget\" data-widget_type=\"text-editor.default\">\n\t\t\t\t<div class=\"elementor-widget-container\">\n\t\t\t\t\t\t\t\t\t<p><strong>Zapier<\/strong> es una herramienta potente e indispensable para todas las empresas que buscan <strong>optimizar sus flujos de trabajo<\/strong> y <strong>aumentar la eficiencia<\/strong>. Gracias a su compatibilidad con m\u00e1s de 5.000 aplicaciones, su capacidad para automatizar tareas complejas sin necesidad de codificaci\u00f3n y su intuitiva interfaz, Zapier permite a sus usuarios <strong>centralizar y automatizar<\/strong> procesos repetitivos, mejorando al mismo tiempo la productividad general de la empresa. Tanto si eres una peque\u00f1a empresa, un emprendedor o una gran organizaci\u00f3n, <strong>Zapier<\/strong> te ayuda a mantenerte centrado en lo esencial dejando que la automatizaci\u00f3n se ocupe de los detalles.  <\/p>\t\t\t\t\t\t\t\t<\/div>\n\t\t\t\t<\/div>\n\t\t\t\t\t<\/div>\n\t\t\t\t<\/div>\n\t\t\t\t<\/div>\n\t\t","protected":false},"excerpt":{"rendered":"<p><strong>Zapier<\/strong> es una herramienta que conecta aplicaciones para automatizar tareas repetitivas sin necesidad de codificaci\u00f3n. Se puede utilizar para crear automatizaciones personalizadas entre m\u00e1s de 5.000 aplicaciones. <\/p>\n<ul>\n<li>Automatizaci\u00f3n de tareas<\/li>\n<li>M\u00faltiples integraciones<\/li>\n<li>Interfaz f\u00e1cil de usar<\/li>\n<li>Flujos de trabajo personalizados<\/li>\n<\/ul>\n","protected":false},"featured_media":31063,"comment_status":"open","ping_status":"closed","template":"","meta":{"_acf_changed":false,"_glsr_average":0,"_glsr_ranking":0,"_glsr_reviews":0},"product_brand":[],"product_cat":[4228,5121],"product_tag":[],"class_list":{"0":"post-31057","1":"product","2":"type-product","3":"status-publish","4":"has-post-thumbnail","6":"product_cat-gestion-de-proyectos","7":"product_cat-software-sin-codigo","9":"first","10":"instock","11":"shipping-taxable","12":"product-type-external"},"acf":[],"_links":{"self":[{"href":"https:\/\/boostgrowb.com\/es\/wp-json\/wp\/v2\/product\/31057","targetHints":{"allow":["GET"]}}],"collection":[{"href":"https:\/\/boostgrowb.com\/es\/wp-json\/wp\/v2\/product"}],"about":[{"href":"https:\/\/boostgrowb.com\/es\/wp-json\/wp\/v2\/types\/product"}],"replies":[{"embeddable":true,"href":"https:\/\/boostgrowb.com\/es\/wp-json\/wp\/v2\/comments?post=31057"}],"version-history":[{"count":0,"href":"https:\/\/boostgrowb.com\/es\/wp-json\/wp\/v2\/product\/31057\/revisions"}],"wp:featuredmedia":[{"embeddable":true,"href":"https:\/\/boostgrowb.com\/es\/wp-json\/wp\/v2\/media\/31063"}],"wp:attachment":[{"href":"https:\/\/boostgrowb.com\/es\/wp-json\/wp\/v2\/media?parent=31057"}],"wp:term":[{"taxonomy":"product_brand","embeddable":true,"href":"https:\/\/boostgrowb.com\/es\/wp-json\/wp\/v2\/product_brand?post=31057"},{"taxonomy":"product_cat","embeddable":true,"href":"https:\/\/boostgrowb.com\/es\/wp-json\/wp\/v2\/product_cat?post=31057"},{"taxonomy":"product_tag","embeddable":true,"href":"https:\/\/boostgrowb.com\/es\/wp-json\/wp\/v2\/product_tag?post=31057"}],"curies":[{"name":"wp","href":"https:\/\/api.w.org\/{rel}","templated":true}]}}