{"id":31062,"date":"2024-08-31T21:26:53","date_gmt":"2024-08-31T21:26:53","guid":{"rendered":"https:\/\/boostgrowb.com\/software\/textcortex\/"},"modified":"2026-01-20T14:03:45","modified_gmt":"2026-01-20T14:03:45","slug":"textcortex","status":"publish","type":"product","link":"https:\/\/boostgrowb.com\/es\/software\/textcortex\/","title":{"rendered":"Textcortex"},"content":{"rendered":"\t\t<div data-elementor-type=\"product-post\" data-elementor-id=\"31062\" class=\"elementor elementor-31062 elementor-7242\" data-elementor-post-type=\"product\">\n\t\t\t\t<div class=\"elementor-element elementor-element-3b1ff06 e-flex e-con-boxed wpr-particle-no wpr-jarallax-no wpr-parallax-no wpr-sticky-section-no e-con e-parent\" data-id=\"3b1ff06\" data-element_type=\"container\" data-e-type=\"container\">\n\t\t\t\t\t<div class=\"e-con-inner\">\n\t\t\t\t<div class=\"elementor-element elementor-element-3e46d6b elementor-widget elementor-widget-heading\" data-id=\"3e46d6b\" data-element_type=\"widget\" data-e-type=\"widget\" data-widget_type=\"heading.default\">\n\t\t\t\t<div class=\"elementor-widget-container\">\n\t\t\t\t\t<h2 class=\"elementor-heading-title elementor-size-default\">\u00bfQu\u00e9 es TextCortex?<\/h2>\t\t\t\t<\/div>\n\t\t\t\t<\/div>\n\t\t\t\t<div class=\"elementor-element elementor-element-fc83d76 elementor-widget elementor-widget-text-editor\" data-id=\"fc83d76\" data-element_type=\"widget\" data-e-type=\"widget\" data-widget_type=\"text-editor.default\">\n\t\t\t\t<div class=\"elementor-widget-container\">\n\t\t\t\t\t\t\t\t\t<p class=\"\" data-start=\"392\" data-end=\"936\"><strong data-start=\"392\" data-end=\"406\">TextCortex<\/strong> es la plataforma de inteligencia artificial que est\u00e1 revolucionando la redacci\u00f3n profesional. Basada en tecnolog\u00eda avanzada de procesamiento del lenguaje natural (PLN), genera contenidos de calidad excepcional adaptados a las exigencias del marketing digital moderno. Tanto si se trata de entradas de blog de alto valor, descripciones de productos optimizadas para SEO, correos electr\u00f3nicos atractivos o publicaciones en redes sociales, TextCortex transforma cada idea en contenido estructurado y fluido listo para funcionar.  <\/p><p class=\"\" data-start=\"938\" data-end=\"1598\">Dise\u00f1ado para empresas tecnol\u00f3gicas de nueva creaci\u00f3n, PYMES ambiciosas y equipos de marketing exigentes, <strong data-start=\"1026\" data-end=\"1040\">TextCortex<\/strong> ofrece mucho m\u00e1s que redacci\u00f3n asistida. Gracias a sus funciones inteligentes, la herramienta ajusta autom\u00e1ticamente el estilo, el tono y la estructura del texto en funci\u00f3n de tu p\u00fablico objetivo, al tiempo que incorpora las mejores pr\u00e1cticas SEO: palabras clave estrat\u00e9gicas, enriquecimiento sem\u00e1ntico, priorizaci\u00f3n Hn y optimizaci\u00f3n E-E-A-T. Cada pieza de contenido se dise\u00f1a para maximizar tu visibilidad, generar tr\u00e1fico cualificado y reforzar tu autoridad digital, conservando la autenticidad editorial esencial para captar y convertir.  <\/p><p class=\"\" data-start=\"1600\" data-end=\"2083\">Adoptar <strong data-start=\"1608\" data-end=\"1622\">TextCortex<\/strong> significa optar por un rendimiento editorial a gran escala: aumento de la productividad, reducci\u00f3n de los costes de creaci\u00f3n y una estrategia de contenidos alineada con tus objetivos empresariales. Si quieres dominar tu nicho, acelerar tu crecimiento org\u00e1nico o profesionalizar tu presencia en Internet, TextCortex es tu aliado esencial para escribir m\u00e1s r\u00e1pido, con m\u00e1s precisi\u00f3n y, sobre todo, de forma m\u00e1s estrat\u00e9gica. <\/p>\t\t\t\t\t\t\t\t<\/div>\n\t\t\t\t<\/div>\n\t\t\t\t<div class=\"elementor-element elementor-element-1f61a58 elementor-widget elementor-widget-heading\" data-id=\"1f61a58\" data-element_type=\"widget\" data-e-type=\"widget\" data-widget_type=\"heading.default\">\n\t\t\t\t<div class=\"elementor-widget-container\">\n\t\t\t\t\t<h2 class=\"elementor-heading-title elementor-size-default\">Las principales ventajas de TextCortex<\/h2>\t\t\t\t<\/div>\n\t\t\t\t<\/div>\n\t\t\t\t<div class=\"elementor-element elementor-element-8a4a45f elementor-widget elementor-widget-text-editor\" data-id=\"8a4a45f\" data-element_type=\"widget\" data-e-type=\"widget\" data-widget_type=\"text-editor.default\">\n\t\t\t\t<div class=\"elementor-widget-container\">\n\t\t\t\t\t\t\t\t\t<ul><li data-start=\"331\" data-end=\"649\"><strong data-start=\"331\" data-end=\"393\">Crea 10 veces m\u00e1s contenido sin sacrificar la calidad: <\/strong>Con TextCortex, di adi\u00f3s a los d\u00edas perdidos delante de una p\u00e1gina en blanco. Produce art\u00edculos de blog, fichas de producto o correos electr\u00f3nicos de alto valor a\u00f1adido en s\u00f3lo unos minutos, sin comprometer la autenticidad ni la relevancia de tu mensaje. <\/li><\/ul><div> <\/div><ul><li data-start=\"651\" data-end=\"953\"><strong data-start=\"651\" data-end=\"709\">Domina Google con SEO naturalmente integrado: <\/strong>Cada texto generado por TextCortex est\u00e1 dise\u00f1ado para atraer a los motores de b\u00fasqueda: estructura Hn impecable, enriquecimiento sem\u00e1ntico inteligente, palabras clave insertadas con fluidez. Mejorar\u00e1s tu posicionamiento sin esfuerzo adicional. <\/li><\/ul><div> <\/div><ul><li data-start=\"955\" data-end=\"1230\"><strong data-start=\"955\" data-end=\"1015\">Multiplica el impacto de tu marketing en todos los canales: <\/strong>una sola herramienta para cubrir todas tus necesidades: contenidos de blog, emailings, redes sociales, p\u00e1ginas de aterrizaje&#8230; TextCortex adapta autom\u00e1ticamente el tono y el formato seg\u00fan tu canal de distribuci\u00f3n, en unos pocos clics.<\/li><\/ul><div> <\/div><ul><li data-start=\"1232\" data-end=\"1487\"><strong data-start=\"1232\" data-end=\"1287\">Alinea tus contenidos con tu imagen de marca: <\/strong>tono formal, narraci\u00f3n emocional, estilo din\u00e1mico o educativo: TextCortex ajusta la voz de tus contenidos a tu estrategia de marca, garantizando la coherencia editorial en todos tus medios.<\/li><\/ul><div> <\/div><ul><li data-start=\"1489\" data-end=\"1765\"><strong data-start=\"1489\" data-end=\"1548\">Reduce tus costes a la vez que impulsas tu crecimiento: <\/strong>Al internalizar la producci\u00f3n de contenidos con TextCortex, puedes reducir dr\u00e1sticamente tus gastos en redacci\u00f3n externa a la vez que aceleras tu tiempo de comercializaci\u00f3n. El resultado: m\u00e1s clientes potenciales, m\u00e1s ventas, m\u00e1s r\u00e1pido. <\/li><\/ul>\t\t\t\t\t\t\t\t<\/div>\n\t\t\t\t<\/div>\n\t\t\t\t<div class=\"elementor-element elementor-element-6dde451 elementor-widget elementor-widget-heading\" data-id=\"6dde451\" data-element_type=\"widget\" data-e-type=\"widget\" data-widget_type=\"heading.default\">\n\t\t\t\t<div class=\"elementor-widget-container\">\n\t\t\t\t\t<h2 class=\"elementor-heading-title elementor-size-default\">\u00bfPara qui\u00e9n est\u00e1 dise\u00f1ado TextCortex?<\/h2>\t\t\t\t<\/div>\n\t\t\t\t<\/div>\n\t\t\t\t<div class=\"elementor-element elementor-element-0298e9e elementor-widget elementor-widget-text-editor\" data-id=\"0298e9e\" data-element_type=\"widget\" data-e-type=\"widget\" data-widget_type=\"text-editor.default\">\n\t\t\t\t<div class=\"elementor-widget-container\">\n\t\t\t\t\t\t\t\t\t<p class=\"\" data-start=\"206\" data-end=\"813\"><strong data-start=\"206\" data-end=\"220\">TextCortex<\/strong> est\u00e1 pensado para todas las organizaciones que quieren acelerar su producci\u00f3n de contenidos garantizando una calidad editorial impecable. Las start-ups tecnol\u00f3gicas, las empresas de SaaS y las PYMES ambiciosas utilizan TextCortex para aumentar su visibilidad, alimentar su estrategia de inbound marketing y generar m\u00e1s clientes potenciales sin reventar sus recursos internos. Las agencias de marketing y comunicaci\u00f3n lo adoptan para industrializar la creaci\u00f3n de contenidos variados -art\u00edculos de blog, p\u00e1ginas de aterrizaje, boletines, posts sociales-, personalizando cada mensaje para sus clientes.  <\/p><p class=\"\" data-start=\"815\" data-end=\"1249\">TextCortex es tambi\u00e9n un poderoso aliado para los creadores de contenidos, redactores y community managers que necesitan producir textos optimizados para SEO en un tiempo r\u00e9cord, sin sacrificar la creatividad ni la relevancia. Por \u00faltimo, los equipos de ventas y \u00e9xito del cliente lo utilizan para generar correos electr\u00f3nicos personalizados, guiones de prospecci\u00f3n y respuestas a los clientes, optimizando cada interacci\u00f3n y ahorrando un tiempo precioso. <\/p>\t\t\t\t\t\t\t\t<\/div>\n\t\t\t\t<\/div>\n\t\t\t\t\t<\/div>\n\t\t\t\t<\/div>\n\t\t\t\t<\/div>\n\t\t","protected":false},"excerpt":{"rendered":"<div class=\"flex-shrink-0 flex flex-col relative items-end\">\n<div>\n<div class=\"pt-0\">\n<div class=\"gizmo-bot-avatar flex h-8 w-8 items-center justify-center overflow-hidden rounded-full\">\n<div class=\"relative p-1 rounded-sm flex items-center justify-center bg-token-main-surface-primary text-token-text-primary h-8 w-8\"><\/div>\n<\/div>\n<\/div>\n<\/div>\n<\/div>\n<div class=\"group\/conversation-turn relative flex w-full min-w-0 flex-col agent-turn\">\n<div class=\"flex-col gap-1 md:gap-3\">\n<div class=\"flex max-w-full flex-col flex-grow\">\n<div class=\"min-h-[20px] text-message flex w-full flex-col items-end gap-2 break-words [.text-message+&amp;]:mt-5 overflow-x-auto whitespace-normal\" dir=\"auto\" data-message-author-role=\"assistant\" data-message-id=\"0b53b564-46ad-455f-a6a0-c01f5d5ecf0f\">\n<div class=\"flex w-full flex-col gap-1 empty:hidden first:pt-[3px]\">\n<div class=\"markdown prose w-full break-words dark:prose-invert light\">\n<p><strong>TextCortex<\/strong> es un software de generaci\u00f3n de contenidos basado en inteligencia artificial, dise\u00f1ado para ayudar a creadores de contenidos, profesionales del marketing y empresas a producir textos de alta calidad de forma r\u00e1pida y eficaz. Mediante algoritmos avanzados de procesamiento del lenguaje natural, TextCortex puede escribir autom\u00e1ticamente entradas de blog, descripciones de productos, correos electr\u00f3nicos de marketing y mucho m\u00e1s. <\/p>\n<ul>\n<li>Ideal para marketing y blogs<\/li>\n<li>Facilidad de uso<\/li>\n<li>Generaci\u00f3n autom\u00e1tica de contenidos<\/li>\n<li>Mejora de la calidad de la escritura<\/li>\n<\/ul>\n<\/div>\n<\/div>\n<\/div>\n<\/div>\n<\/div>\n<\/div>\n","protected":false},"featured_media":31066,"comment_status":"open","ping_status":"closed","template":"","meta":{"_acf_changed":false,"_glsr_average":0,"_glsr_ranking":0,"_glsr_reviews":0},"product_brand":[],"product_cat":[7263],"product_tag":[],"class_list":{"0":"post-31062","1":"product","2":"type-product","3":"status-publish","4":"has-post-thumbnail","6":"product_cat-redaccion-publicitaria","8":"first","9":"instock","10":"shipping-taxable","11":"product-type-external"},"acf":[],"_links":{"self":[{"href":"https:\/\/boostgrowb.com\/es\/wp-json\/wp\/v2\/product\/31062","targetHints":{"allow":["GET"]}}],"collection":[{"href":"https:\/\/boostgrowb.com\/es\/wp-json\/wp\/v2\/product"}],"about":[{"href":"https:\/\/boostgrowb.com\/es\/wp-json\/wp\/v2\/types\/product"}],"replies":[{"embeddable":true,"href":"https:\/\/boostgrowb.com\/es\/wp-json\/wp\/v2\/comments?post=31062"}],"version-history":[{"count":0,"href":"https:\/\/boostgrowb.com\/es\/wp-json\/wp\/v2\/product\/31062\/revisions"}],"wp:featuredmedia":[{"embeddable":true,"href":"https:\/\/boostgrowb.com\/es\/wp-json\/wp\/v2\/media\/31066"}],"wp:attachment":[{"href":"https:\/\/boostgrowb.com\/es\/wp-json\/wp\/v2\/media?parent=31062"}],"wp:term":[{"taxonomy":"product_brand","embeddable":true,"href":"https:\/\/boostgrowb.com\/es\/wp-json\/wp\/v2\/product_brand?post=31062"},{"taxonomy":"product_cat","embeddable":true,"href":"https:\/\/boostgrowb.com\/es\/wp-json\/wp\/v2\/product_cat?post=31062"},{"taxonomy":"product_tag","embeddable":true,"href":"https:\/\/boostgrowb.com\/es\/wp-json\/wp\/v2\/product_tag?post=31062"}],"curies":[{"name":"wp","href":"https:\/\/api.w.org\/{rel}","templated":true}]}}