{"id":31065,"date":"2024-09-30T13:30:15","date_gmt":"2024-09-30T13:30:15","guid":{"rendered":"https:\/\/boostgrowb.com\/software\/flotador\/"},"modified":"2025-07-07T16:14:59","modified_gmt":"2025-07-07T16:14:59","slug":"flotador","status":"publish","type":"product","link":"https:\/\/boostgrowb.com\/es\/software\/flotador\/","title":{"rendered":"Flotador"},"content":{"rendered":"\t\t<div data-elementor-type=\"product-post\" data-elementor-id=\"31065\" class=\"elementor elementor-31065 elementor-9587\" data-elementor-post-type=\"product\">\n\t\t\t\t<div class=\"elementor-element elementor-element-8d5f775 e-flex e-con-boxed wpr-particle-no wpr-jarallax-no wpr-parallax-no wpr-sticky-section-no e-con e-parent\" data-id=\"8d5f775\" data-element_type=\"container\" data-e-type=\"container\">\n\t\t\t\t\t<div class=\"e-con-inner\">\n\t\t\t\t<div class=\"elementor-element elementor-element-2eac99c elementor-widget elementor-widget-heading\" data-id=\"2eac99c\" data-element_type=\"widget\" data-e-type=\"widget\" data-widget_type=\"heading.default\">\n\t\t\t\t<div class=\"elementor-widget-container\">\n\t\t\t\t\t<h2 class=\"elementor-heading-title elementor-size-default\">\u00bfQu\u00e9 es la Flotaci\u00f3n?<\/h2>\t\t\t\t<\/div>\n\t\t\t\t<\/div>\n\t\t\t\t\t<\/div>\n\t\t\t\t<\/div>\n\t\t<div class=\"elementor-element elementor-element-ec23d48 e-flex e-con-boxed wpr-particle-no wpr-jarallax-no wpr-parallax-no wpr-sticky-section-no e-con e-parent\" data-id=\"ec23d48\" data-element_type=\"container\" data-e-type=\"container\">\n\t\t\t\t\t<div class=\"e-con-inner\">\n\t\t\t\t<div class=\"elementor-element elementor-element-2be46a7 elementor-widget elementor-widget-text-editor\" data-id=\"2be46a7\" data-element_type=\"widget\" data-e-type=\"widget\" data-widget_type=\"text-editor.default\">\n\t\t\t\t<div class=\"elementor-widget-container\">\n\t\t\t\t\t\t\t\t\t<p><strong>Float<\/strong> es un software de <strong>gesti\u00f3n de recursos<\/strong> y <strong>planificaci\u00f3n de proyectos<\/strong> dise\u00f1ado para ayudar a las empresas a <strong>organizar sus equipos con eficacia<\/strong>, <strong>optimizar la asignaci\u00f3n de recursos<\/strong> y <strong>gestionar los calendarios<\/strong> con precisi\u00f3n. Con s\u00f3lo unos clics, Float te permite <strong>ver todos tus proyectos<\/strong>, planificar tareas y ajustar los recursos disponibles en tiempo real. Tanto si eres un equipo peque\u00f1o como una gran organizaci\u00f3n, <strong>Float<\/strong> te ayuda a <strong>optimizar tu carga de trabajo<\/strong> y a mejorar la productividad general de tus proyectos.  <\/p><p class=\"\" data-start=\"644\" data-end=\"1027\">Float destaca por su capacidad para <strong data-start=\"681\" data-end=\"715\">adaptarse a todos los equipos<\/strong>, ya sean peque\u00f1as agencias creativas, consultor\u00edas o grandes empresas tecnol\u00f3gicas. Gracias a sus numerosas integraciones (Trello, Asana, Slack, Google Calendar, etc.), se integra perfectamente con tus herramientas actuales, <strong data-start=\"976\" data-end=\"1010\">ahorr\u00e1ndote tiempo y ofreci\u00e9ndote una visi\u00f3n m\u00e1s clara de<\/strong> tus proyectos. <\/p><p class=\"\" data-start=\"543\" data-end=\"1086\"><strong>Float<\/strong> es una soluci\u00f3n intuitiva y potente para la <strong>planificaci\u00f3n de recursos<\/strong>, la <strong>optimizaci\u00f3n del tiempo<\/strong> y la mejora de la <strong>gesti\u00f3n de proyectos<\/strong>. Con funciones como la <strong>planificaci\u00f3n visual<\/strong>, el <strong>seguimiento en tiempo real<\/strong> y la<strong>optimizaci\u00f3n de la capacidad<\/strong>, <strong>Float<\/strong> te ayuda a garantizar el \u00e9xito de tus proyectos y a maximizar la productividad de tus equipos. Si buscas una herramienta eficaz para transformar la forma en <strong>que gestionas tus recursos.<\/strong>  <\/p>\t\t\t\t\t\t\t\t<\/div>\n\t\t\t\t<\/div>\n\t\t\t\t<div class=\"elementor-element elementor-element-2a758e8 elementor-widget elementor-widget-heading\" data-id=\"2a758e8\" data-element_type=\"widget\" data-e-type=\"widget\" data-widget_type=\"heading.default\">\n\t\t\t\t<div class=\"elementor-widget-container\">\n\t\t\t\t\t<h2 class=\"elementor-heading-title elementor-size-default\">Descubre las 5 principales ventajas del Flotador<\/h2>\t\t\t\t<\/div>\n\t\t\t\t<\/div>\n\t\t\t\t<div class=\"elementor-element elementor-element-1bda785 elementor-widget elementor-widget-text-editor\" data-id=\"1bda785\" data-element_type=\"widget\" data-e-type=\"widget\" data-widget_type=\"text-editor.default\">\n\t\t\t\t<div class=\"elementor-widget-container\">\n\t\t\t\t\t\t\t\t\t<ul><li><p><strong><span>Planificaci\u00f3n visual en tiempo real<\/span><\/strong><span> Con <\/span><strong><span>Flotador<\/span><\/strong><span> la planificaci\u00f3n es <\/span><strong><span>intuitiva<\/span><\/strong><span>  con una interfaz visual que te permite ver de un vistazo el estado de cada proyecto y los recursos asignados. Puedes modificar, a\u00f1adir o ajustar tareas en cualquier momento, con actualizaciones instant\u00e1neas para todo el equipo. <\/span><\/p><\/li><li><p><strong><span>Optimizaci\u00f3n de la carga de trabajo<\/span><\/strong><span> Float te permite controlar y equilibrar <\/span><strong><span>la carga de trabajo de tus equipos<\/span><\/strong><span>  . Puedes identificar qu\u00e9 empleados est\u00e1n infrautilizados o sobrecargados, asegur\u00e1ndote de que cada recurso se utiliza de forma \u00f3ptima.<\/span><\/p><\/li><li><p><strong><span>Sincronizaci\u00f3n con otras herramientas<\/span><\/strong><span> Float se integra perfectamente con herramientas de gesti\u00f3n de proyectos como <\/span><strong><span>Trello<\/span><\/strong><span> , <\/span><strong><span>Asana<\/span><\/strong><span> y <\/span><strong><span>Jira<\/span><\/strong><span>  . Esto significa que puedes  <\/span><strong><span>conecta tus flujos de trabajo existentes<\/span><\/strong><span> y centraliza toda tu informaci\u00f3n en una \u00fanica plataforma.<\/span><\/p><\/li><li><p><strong><span>An\u00e1lisis de rendimiento e informes<\/span><\/strong><span> Gracias a sus avanzadas herramientas de elaboraci\u00f3n de informes, Float te ayuda a analizar el <\/span><strong><span>rendimiento del equipo<\/span><\/strong><span> hacer un seguimiento de las horas asignadas e identificar tendencias para mejorar la planificaci\u00f3n futura.<\/span><\/p><\/li><li><p><strong><span>Sencillo y r\u00e1pido de aprender<\/span><\/strong><span> Uno de los mayores puntos fuertes de <\/span><strong><span>Flotador<\/span><\/strong><span>  es su sencillez. A diferencia de otras soluciones complejas, Float es f\u00e1cil de aprender y no requiere una formaci\u00f3n prolongada, por lo que los equipos pueden empezar a trabajar r\u00e1pidamente. <\/span><\/p><\/li><\/ul>\t\t\t\t\t\t\t\t<\/div>\n\t\t\t\t<\/div>\n\t\t\t\t<div class=\"elementor-element elementor-element-dfd997d elementor-widget elementor-widget-heading\" data-id=\"dfd997d\" data-element_type=\"widget\" data-e-type=\"widget\" data-widget_type=\"heading.default\">\n\t\t\t\t<div class=\"elementor-widget-container\">\n\t\t\t\t\t<h2 class=\"elementor-heading-title elementor-size-default\">Ventajas de utilizar Float  <\/h2>\t\t\t\t<\/div>\n\t\t\t\t<\/div>\n\t\t\t\t<div class=\"elementor-element elementor-element-2fedfc1 elementor-widget elementor-widget-text-editor\" data-id=\"2fedfc1\" data-element_type=\"widget\" data-e-type=\"widget\" data-widget_type=\"text-editor.default\">\n\t\t\t\t<div class=\"elementor-widget-container\">\n\t\t\t\t\t\t\t\t\t<ul><li><p><strong><span>Mejorar la productividad<\/span><\/strong><span> Al proporcionar una clara <\/span><strong><span>visualizaci\u00f3n de los horarios<\/span><\/strong><span> Float permite a los gestores <\/span><strong><span>asignar tareas eficazmente<\/span><\/strong><span>  y evitar interrupciones en los proyectos. Esto se traduce en   <\/span><strong><span>una mejor gesti\u00f3n del tiempo<\/span><\/strong><span> y un aumento de la productividad general.<\/span><\/p><\/li><li><p><strong><span>Mayor flexibilidad<\/span><\/strong><span> : Flotador ofrece <\/span><strong><span>flexibilidad total<\/span><\/strong><span>  para ajustar los calendarios a las necesidades cambiantes. Los cambios se actualizan en tiempo real, lo que permite sincronizar a todos los equipos sin confusiones ni retrasos. <\/span><\/p><\/li><li><p><strong><span>Reducci\u00f3n del estr\u00e9s de los equipos<\/span><\/strong><span> Al proporcionar una visi\u00f3n clara de las tareas y expectativas, <\/span><strong><span>Float reduce la presi\u00f3n<\/span><\/strong><span>  sobre los miembros del equipo, garantizando una distribuci\u00f3n justa de las cargas de trabajo. Esto contribuye a un entorno de trabajo m\u00e1s equilibrado. <\/span><\/p><\/li><li><p><strong><span>Toma de decisiones informada<\/span><\/strong><span> Gracias a <\/span><strong><span>an\u00e1lisis en tiempo real<\/span><\/strong><span> e informes detallados, Float ayuda a los gestores a tomar <\/span><strong><span>tomar decisiones m\u00e1s r\u00e1pidas e informadas<\/span><\/strong><span> optimizando la asignaci\u00f3n de recursos y presupuestos.<\/span><\/p><\/li><li><p><strong><span>Centralizar la informaci\u00f3n<\/span><\/strong><span>  Float re\u00fane toda tu informaci\u00f3n importante en una sola plataforma. Esto significa que puedes decir adi\u00f3s a m\u00faltiples hojas de c\u00e1lculo y archivos dispersos, y acceder a todos tus datos en un solo lugar. <\/span><\/p><\/li><\/ul>\t\t\t\t\t\t\t\t<\/div>\n\t\t\t\t<\/div>\n\t\t\t\t\t<\/div>\n\t\t\t\t<\/div>\n\t\t\t\t<\/div>\n\t\t","protected":false},"excerpt":{"rendered":"<p><strong>Float<\/strong> es una herramienta de gesti\u00f3n de recursos y planificaci\u00f3n de proyectos que te permite ver la disponibilidad del equipo, asignar tareas y planificar proyectos de forma intuitiva.<\/p>\n<ul>\n<li>Colaboraci\u00f3n en equipo<\/li>\n<li>Interfaz intuitiva<\/li>\n<li>Planificaci\u00f3n visual<\/li>\n<li>Gesti\u00f3n de recursos<\/li>\n<\/ul>\n","protected":false},"featured_media":31069,"comment_status":"open","ping_status":"closed","template":"","meta":{"_acf_changed":false,"_glsr_average":0,"_glsr_ranking":0,"_glsr_reviews":0},"product_brand":[],"product_cat":[4228],"product_tag":[],"class_list":{"0":"post-31065","1":"product","2":"type-product","3":"status-publish","4":"has-post-thumbnail","6":"product_cat-gestion-de-proyectos","8":"first","9":"instock","10":"shipping-taxable","11":"product-type-external"},"acf":[],"_links":{"self":[{"href":"https:\/\/boostgrowb.com\/es\/wp-json\/wp\/v2\/product\/31065","targetHints":{"allow":["GET"]}}],"collection":[{"href":"https:\/\/boostgrowb.com\/es\/wp-json\/wp\/v2\/product"}],"about":[{"href":"https:\/\/boostgrowb.com\/es\/wp-json\/wp\/v2\/types\/product"}],"replies":[{"embeddable":true,"href":"https:\/\/boostgrowb.com\/es\/wp-json\/wp\/v2\/comments?post=31065"}],"version-history":[{"count":0,"href":"https:\/\/boostgrowb.com\/es\/wp-json\/wp\/v2\/product\/31065\/revisions"}],"wp:featuredmedia":[{"embeddable":true,"href":"https:\/\/boostgrowb.com\/es\/wp-json\/wp\/v2\/media\/31069"}],"wp:attachment":[{"href":"https:\/\/boostgrowb.com\/es\/wp-json\/wp\/v2\/media?parent=31065"}],"wp:term":[{"taxonomy":"product_brand","embeddable":true,"href":"https:\/\/boostgrowb.com\/es\/wp-json\/wp\/v2\/product_brand?post=31065"},{"taxonomy":"product_cat","embeddable":true,"href":"https:\/\/boostgrowb.com\/es\/wp-json\/wp\/v2\/product_cat?post=31065"},{"taxonomy":"product_tag","embeddable":true,"href":"https:\/\/boostgrowb.com\/es\/wp-json\/wp\/v2\/product_tag?post=31065"}],"curies":[{"name":"wp","href":"https:\/\/api.w.org\/{rel}","templated":true}]}}