{"id":31068,"date":"2024-07-01T20:26:46","date_gmt":"2024-07-01T20:26:46","guid":{"rendered":"https:\/\/boostgrowb.com\/software\/ionos\/"},"modified":"2026-02-15T14:03:39","modified_gmt":"2026-02-15T14:03:39","slug":"ionos","status":"publish","type":"product","link":"https:\/\/boostgrowb.com\/es\/software\/ionos\/","title":{"rendered":"Ionos"},"content":{"rendered":"\t\t<div data-elementor-type=\"product-post\" data-elementor-id=\"31068\" class=\"elementor elementor-31068 elementor-3853\" data-elementor-post-type=\"product\">\n\t\t\t\t<div class=\"elementor-element elementor-element-8144191 e-flex e-con-boxed wpr-particle-no wpr-jarallax-no wpr-parallax-no wpr-sticky-section-no e-con e-parent\" data-id=\"8144191\" data-element_type=\"container\" data-e-type=\"container\">\n\t\t\t\t\t<div class=\"e-con-inner\">\n\t\t\t\t<div class=\"elementor-element elementor-element-c89d2cb elementor-widget elementor-widget-heading\" data-id=\"c89d2cb\" data-element_type=\"widget\" data-e-type=\"widget\" data-widget_type=\"heading.default\">\n\t\t\t\t<div class=\"elementor-widget-container\">\n\t\t\t\t\t<h2 class=\"elementor-heading-title elementor-size-default\">\u00bfQu\u00e9 es Ionos?<\/h2>\t\t\t\t<\/div>\n\t\t\t\t<\/div>\n\t\t\t\t<div class=\"elementor-element elementor-element-a7c0cdd elementor-widget elementor-widget-text-editor\" data-id=\"a7c0cdd\" data-element_type=\"widget\" data-e-type=\"widget\" data-widget_type=\"text-editor.default\">\n\t\t\t\t<div class=\"elementor-widget-container\">\n\t\t\t\t\t\t\t\t\t<p class=\"\" data-start=\"0\" data-end=\"522\"><strong data-start=\"0\" data-end=\"231\">Ionos es un l\u00edder europeo en alojamiento web y en la nube, que ofrece un conjunto completo de servicios: desde alojamiento compartido y servidores dedicados hasta soluciones de nube p\u00fablica y privada, almacenamiento y SaaS.<\/strong> Dise\u00f1ada para apoyar a las empresas en su transformaci\u00f3n digital, la plataforma Ionos combina <strong data-start=\"334\" data-end=\"357\">un rendimiento s\u00f3lido<\/strong> (SSD, CPU dedicadas, autoescalado), el <strong data-start=\"398\" data-end=\"417\">cumplimiento del RGPD<\/strong> y <strong data-start=\"421\" data-end=\"444\" data-is-only-node=\"\">SLA de hasta el 99,99%<\/strong>, para garantizar tanto un despliegue r\u00e1pido como la fiabilidad operativa.<\/p><p class=\"\" data-start=\"524\" data-end=\"1004\"><strong data-start=\"524\" data-end=\"603\">La seguridad y la facilidad de administraci\u00f3n son el n\u00facleo de la oferta de Ionos<\/strong>. Gracias a los cortafuegos multicapa, las copias de seguridad automatizadas, el SSL gratuito y la autenticaci\u00f3n de dos factores, tus datos est\u00e1n siempre protegidos. El intuitivo panel de control Mi Ionos te permite gestionar dominios, certificados, usuarios y recursos con unos pocos clics, mientras que las API RESTful y las integraciones Terraform facilitan la automatizaci\u00f3n de tus flujos de trabajo DevOps.  <\/p><p class=\"\" data-start=\"1006\" data-end=\"1446\"><strong data-start=\"1006\" data-end=\"1142\">Cuando eliges Ionos, te beneficias de un servicio de atenci\u00f3n al cliente dedicado las 24 horas del d\u00eda, los 7 d\u00edas de la semana, una facturaci\u00f3n transparente y precios escalables<\/strong> que crecen con tu negocio. Tanto si est\u00e1s lanzando una tienda online, migrando tus bases de datos a la nube o desplegando aplicaciones de misi\u00f3n cr\u00edtica, Ionos te ofrece la <strong data-start=\"1327\" data-end=\"1356\">asociaci\u00f3n tecnol\u00f3gica<\/strong> que necesitas para centrarte en tu crecimiento y no en tu infraestructura. <\/p>\t\t\t\t\t\t\t\t<\/div>\n\t\t\t\t<\/div>\n\t\t\t\t<div class=\"elementor-element elementor-element-cfcbd4d elementor-widget elementor-widget-heading\" data-id=\"cfcbd4d\" data-element_type=\"widget\" data-e-type=\"widget\" data-widget_type=\"heading.default\">\n\t\t\t\t<div class=\"elementor-widget-container\">\n\t\t\t\t\t<h2 class=\"elementor-heading-title elementor-size-default\">Las 5 principales ventajas de Ionos<\/h2>\t\t\t\t<\/div>\n\t\t\t\t<\/div>\n\t\t\t\t<div class=\"elementor-element elementor-element-fc76f0b elementor-widget elementor-widget-text-editor\" data-id=\"fc76f0b\" data-element_type=\"widget\" data-e-type=\"widget\" data-widget_type=\"text-editor.default\">\n\t\t\t\t<div class=\"elementor-widget-container\">\n\t\t\t\t\t\t\t\t\t<ol><li><p><strong><span>Alojamiento web r\u00e1pido y seguro<\/span><\/strong><span> Ionos ofrece <\/span><strong><span>rendimiento de alojamiento optimizado<\/span><\/strong><span> y seguridad mejorada, garantizando tiempos de carga r\u00e1pidos y protecci\u00f3n contra las amenazas online.<\/span><\/p><\/li><li><p><strong><span>Soluciones escalables en la nube<\/span><\/strong><span> Gracias a su oferta de computaci\u00f3n en la nube <\/span><strong><span>Ionos<\/span><\/strong><span> permite a las empresas <\/span><strong><span>escalar su infraestructura<\/span><\/strong><span> seg\u00fan sus necesidades, con opciones de almacenamiento y gesti\u00f3n de datos a medida.<\/span><\/p><\/li><li><p><strong><span>Atenci\u00f3n al cliente 24 horas al d\u00eda, 7 d\u00edas a la semana<\/span><\/strong><span> Ionos ofrece <\/span><strong><span>dedicado al cliente<\/span><\/strong><span> con expertos disponibles 24 horas al d\u00eda, 7 d\u00edas a la semana, lo que es esencial para las empresas que necesitan una asistencia t\u00e9cnica r\u00e1pida y eficaz.<\/span><\/p><\/li><li><p><strong><span>Creaci\u00f3n de sitios y herramientas de marketing<\/span><\/strong><span> Ionos ofrece herramientas pr\u00e1cticas como un <\/span><strong><span>creador de sitios web<\/span><\/strong><span> creador de sitios web <\/span><strong><span>SEO<\/span><\/strong><span> y servicios de marketing, que permiten a las empresas aumentar su presencia online sin complejidad.<\/span><\/p><\/li><li><p><strong><span>Precios flexibles y opciones asequibles<\/span><\/strong><span> Con opciones de precios adaptadas a las necesidades y presupuestos de todas las empresas, Ionos ofrece <\/span><strong><span>una excelente relaci\u00f3n calidad-precio<\/span><\/strong><span> para servicios de alojamiento seguros y de alto rendimiento.<\/span><\/p><\/li><\/ol>\t\t\t\t\t\t\t\t<\/div>\n\t\t\t\t<\/div>\n\t\t\t\t\t<\/div>\n\t\t\t\t<\/div>\n\t\t<div class=\"elementor-element elementor-element-9963466 e-flex e-con-boxed wpr-particle-no wpr-jarallax-no wpr-parallax-no wpr-sticky-section-no e-con e-parent\" data-id=\"9963466\" data-element_type=\"container\" data-e-type=\"container\">\n\t\t\t\t\t<div class=\"e-con-inner\">\n\t\t\t\t<div class=\"elementor-element elementor-element-10ede27 elementor-widget elementor-widget-heading\" data-id=\"10ede27\" data-element_type=\"widget\" data-e-type=\"widget\" data-widget_type=\"heading.default\">\n\t\t\t\t<div class=\"elementor-widget-container\">\n\t\t\t\t\t<h2 class=\"elementor-heading-title elementor-size-default\">\u00bfCu\u00e1les son las ventajas de utilizar Ionos?<\/h2>\t\t\t\t<\/div>\n\t\t\t\t<\/div>\n\t\t\t\t\t<\/div>\n\t\t\t\t<\/div>\n\t\t<div class=\"elementor-element elementor-element-2660a3a e-flex e-con-boxed wpr-particle-no wpr-jarallax-no wpr-parallax-no wpr-sticky-section-no e-con e-parent\" data-id=\"2660a3a\" data-element_type=\"container\" data-e-type=\"container\">\n\t\t\t\t\t<div class=\"e-con-inner\">\n\t\t\t\t<div class=\"elementor-element elementor-element-c401375 elementor-widget elementor-widget-text-editor\" data-id=\"c401375\" data-element_type=\"widget\" data-e-type=\"widget\" data-widget_type=\"text-editor.default\">\n\t\t\t\t<div class=\"elementor-widget-container\">\n\t\t\t\t\t\t\t\t\t<ul><li><p><strong><span>Seguridad y fiabilidad<\/span><\/strong><span> Ionos se ocupa de la <\/span><strong><span>seguridad de tus datos<\/span><\/strong><span> con funciones avanzadas de protecci\u00f3n y copias de seguridad peri\u00f3dicas, garantizando la estabilidad y <\/span><strong><span>seguridad de tus<\/span><\/strong><span> sitios web.<\/span><\/p><\/li><li><p><strong><span>Rendimiento optimizado<\/span><\/strong><span> Gracias a sus <\/span><strong><span>servidores de alto rendimiento<\/span><\/strong><span> Ionos garantiza la m\u00e1xima disponibilidad y una velocidad de carga \u00f3ptima para tu sitio web, lo que mejora la experiencia del usuario y potencia tu SEO.<\/span><\/p><\/li><li><p><strong><span>Escalabilidad a medida<\/span><\/strong><span> Ionos ofrece soluciones escalables, que permiten a las empresas <\/span><strong><span>escalar su infraestructura<\/span><\/strong><span> ideal para empresas en crecimiento.<\/span><\/p><\/li><li><p><strong><span>Atenci\u00f3n al cliente receptiva<\/span><\/strong><span>  El servicio de atenci\u00f3n al cliente de Ionos es famoso por su capacidad de respuesta. Con asistencia disponible las 24 horas del d\u00eda, seguro que encontrar\u00e1s un soporte t\u00e9cnico r\u00e1pido y competente, sea cual sea el problema. <\/span><\/p><\/li><li><p><strong><span>Interfaz de usuario intuitiva<\/span><\/strong><span> : Ionos ofrece una interfaz sencilla y accesible que facilita la gesti\u00f3n de tu alojamiento, nombres de dominio y herramientas de marketing, incluso sin conocimientos t\u00e9cnicos avanzados.<\/span><\/p><\/li><\/ul>\t\t\t\t\t\t\t\t<\/div>\n\t\t\t\t<\/div>\n\t\t\t\t\t<\/div>\n\t\t\t\t<\/div>\n\t\t<div class=\"elementor-element elementor-element-550f84f e-flex e-con-boxed wpr-particle-no wpr-jarallax-no wpr-parallax-no wpr-sticky-section-no e-con e-parent\" data-id=\"550f84f\" data-element_type=\"container\" data-e-type=\"container\">\n\t\t\t\t\t<div class=\"e-con-inner\">\n\t\t\t\t<div class=\"elementor-element elementor-element-1ea1dae elementor-widget elementor-widget-heading\" data-id=\"1ea1dae\" data-element_type=\"widget\" data-e-type=\"widget\" data-widget_type=\"heading.default\">\n\t\t\t\t<div class=\"elementor-widget-container\">\n\t\t\t\t\t<h2 class=\"elementor-heading-title elementor-size-default\">Conclusi\u00f3n<\/h2>\t\t\t\t<\/div>\n\t\t\t\t<\/div>\n\t\t\t\t\t<\/div>\n\t\t\t\t<\/div>\n\t\t<div class=\"elementor-element elementor-element-7467258 e-flex e-con-boxed wpr-particle-no wpr-jarallax-no wpr-parallax-no wpr-sticky-section-no e-con e-parent\" data-id=\"7467258\" data-element_type=\"container\" data-e-type=\"container\">\n\t\t\t\t\t<div class=\"e-con-inner\">\n\t\t\t\t<div class=\"elementor-element elementor-element-fa7d5bb elementor-widget elementor-widget-text-editor\" data-id=\"fa7d5bb\" data-element_type=\"widget\" data-e-type=\"widget\" data-widget_type=\"text-editor.default\">\n\t\t\t\t<div class=\"elementor-widget-container\">\n\t\t\t\t\t\t\t\t\t<p><span>En conclusi\u00f3n, <\/span><strong><span>Ionos<\/span><\/strong><span> se ha posicionado como una soluci\u00f3n de alojamiento web de confianza, que ofrece <\/span><strong><span>rendimiento de vanguardia<\/span><\/strong><span> rendimiento <\/span><strong><span>seguridad mejorada<\/span><\/strong><span> y servicios <\/span><strong><span>servicios flexibles<\/span><\/strong><span>  para adaptarse a las necesidades de cada empresa. Tanto si eres una PYME de nueva creaci\u00f3n como una empresa en r\u00e1pida expansi\u00f3n,   <\/span><strong><span>Ionos<\/span><\/strong><span>  te ofrece una gama completa de soluciones para ayudarte a tener \u00e9xito en tu transformaci\u00f3n digital. Con una atenci\u00f3n al cliente receptiva, herramientas de marketing integradas y una infraestructura escalable,   <\/span><strong><span>Ionos<\/span><\/strong><span> es la opci\u00f3n ideal para todas las empresas dispuestas a llevar su negocio al siguiente nivel.<\/span><\/p>\t\t\t\t\t\t\t\t<\/div>\n\t\t\t\t<\/div>\n\t\t\t\t\t<\/div>\n\t\t\t\t<\/div>\n\t\t\t\t<\/div>\n\t\t","protected":false},"excerpt":{"rendered":"<p>Ionos ofrece planes de alojamiento compartido asequibles, perfectos para peque\u00f1as empresas, blogs personales y sitios web de nueva creaci\u00f3n. Ionos es el socio preferido de las peque\u00f1as y medianas empresas para soluciones de alojamiento web e infraestructura en la nube. <\/p>\n<ul>\n<li class=\"tw-flex tw-mt-0 tw-text-base\">Tarifas competitivas<\/li>\n<li class=\"tw-flex tw-mt-0 tw-text-base\">Rendimiento superior<\/li>\n<li>Interfaz f\u00e1cil de usar<\/li>\n<li class=\"tw-flex tw-mt-0 tw-text-base\">Atenci\u00f3n al cliente 24 horas al d\u00eda, 7 d\u00edas a la semana<\/li>\n<\/ul>\n","protected":false},"featured_media":31072,"comment_status":"open","ping_status":"closed","template":"","meta":{"_acf_changed":false,"_glsr_average":0,"_glsr_ranking":0,"_glsr_reviews":0},"product_brand":[],"product_cat":[3072],"product_tag":[],"class_list":{"0":"post-31068","1":"product","2":"type-product","3":"status-publish","4":"has-post-thumbnail","6":"product_cat-alojamiento-web","8":"first","9":"instock","10":"shipping-taxable","11":"product-type-external"},"acf":[],"_links":{"self":[{"href":"https:\/\/boostgrowb.com\/es\/wp-json\/wp\/v2\/product\/31068","targetHints":{"allow":["GET"]}}],"collection":[{"href":"https:\/\/boostgrowb.com\/es\/wp-json\/wp\/v2\/product"}],"about":[{"href":"https:\/\/boostgrowb.com\/es\/wp-json\/wp\/v2\/types\/product"}],"replies":[{"embeddable":true,"href":"https:\/\/boostgrowb.com\/es\/wp-json\/wp\/v2\/comments?post=31068"}],"version-history":[{"count":0,"href":"https:\/\/boostgrowb.com\/es\/wp-json\/wp\/v2\/product\/31068\/revisions"}],"wp:featuredmedia":[{"embeddable":true,"href":"https:\/\/boostgrowb.com\/es\/wp-json\/wp\/v2\/media\/31072"}],"wp:attachment":[{"href":"https:\/\/boostgrowb.com\/es\/wp-json\/wp\/v2\/media?parent=31068"}],"wp:term":[{"taxonomy":"product_brand","embeddable":true,"href":"https:\/\/boostgrowb.com\/es\/wp-json\/wp\/v2\/product_brand?post=31068"},{"taxonomy":"product_cat","embeddable":true,"href":"https:\/\/boostgrowb.com\/es\/wp-json\/wp\/v2\/product_cat?post=31068"},{"taxonomy":"product_tag","embeddable":true,"href":"https:\/\/boostgrowb.com\/es\/wp-json\/wp\/v2\/product_tag?post=31068"}],"curies":[{"name":"wp","href":"https:\/\/api.w.org\/{rel}","templated":true}]}}