{"id":31078,"date":"2024-07-01T20:19:55","date_gmt":"2024-07-01T20:19:55","guid":{"rendered":"https:\/\/boostgrowb.com\/software\/dreamhost\/"},"modified":"2025-07-21T19:27:22","modified_gmt":"2025-07-21T19:27:22","slug":"dreamhost","status":"publish","type":"product","link":"https:\/\/boostgrowb.com\/es\/software\/dreamhost\/","title":{"rendered":"Dreamhost"},"content":{"rendered":"\t\t<div data-elementor-type=\"product-post\" data-elementor-id=\"31078\" class=\"elementor elementor-31078 elementor-3848\" data-elementor-post-type=\"product\">\n\t\t\t\t<div class=\"elementor-element elementor-element-1e7b738 e-flex e-con-boxed wpr-particle-no wpr-jarallax-no wpr-parallax-no wpr-sticky-section-no e-con e-parent\" data-id=\"1e7b738\" data-element_type=\"container\" data-e-type=\"container\">\n\t\t\t\t\t<div class=\"e-con-inner\">\n\t\t\t\t<div class=\"elementor-element elementor-element-40ed847 elementor-widget elementor-widget-heading\" data-id=\"40ed847\" data-element_type=\"widget\" data-e-type=\"widget\" data-widget_type=\"heading.default\">\n\t\t\t\t<div class=\"elementor-widget-container\">\n\t\t\t\t\t<h2 class=\"elementor-heading-title elementor-size-default\">\u00bfQu\u00e9 es Dreamhost?<\/h2>\t\t\t\t<\/div>\n\t\t\t\t<\/div>\n\t\t\t\t\t<\/div>\n\t\t\t\t<\/div>\n\t\t<div class=\"elementor-element elementor-element-4225bab e-flex e-con-boxed wpr-particle-no wpr-jarallax-no wpr-parallax-no wpr-sticky-section-no e-con e-parent\" data-id=\"4225bab\" data-element_type=\"container\" data-e-type=\"container\">\n\t\t\t\t\t<div class=\"e-con-inner\">\n\t\t\t\t<div class=\"elementor-element elementor-element-1ba1468 elementor-widget elementor-widget-text-editor\" data-id=\"1ba1468\" data-element_type=\"widget\" data-e-type=\"widget\" data-widget_type=\"text-editor.default\">\n\t\t\t\t<div class=\"elementor-widget-container\">\n\t\t\t\t\t\t\t\t\t<p class=\"\" data-start=\"0\" data-end=\"469\"><strong data-start=\"0\" data-end=\"155\">DreamHost es una plataforma de alojamiento web conocida por su rendimiento fiable y sus precios transparentes, ideal para todos los proyectos en l\u00ednea.<\/strong>  Ya sea para blogs personales, sitios de escaparate o aplicaciones complejas, DreamHost ofrece una gama completa de soluciones -alojamiento compartido, VPS, servidores dedicados y en la nube-, todas ellas basadas en discos SSD ultrarr\u00e1pidos, ancho de banda ilimitado y una garant\u00eda de disponibilidad SLA del 100%.<\/p><p class=\"\" data-start=\"471\" data-end=\"952\"><strong data-start=\"471\" data-end=\"599\">Recomendado oficialmente por WordPress.org, DreamHost simplifica la optimizaci\u00f3n de WordPress con su oferta gestionada DreamPress.<\/strong> Aprovecha la <strong data-start=\"615\" data-end=\"642\">instalaci\u00f3n con un solo clic<\/strong>, las actualizaciones autom\u00e1ticas, una cach\u00e9 integrada optimizada para <strong data-start=\"711\" data-end=\"730\">Core Web Vitals<\/strong> y las herramientas DevOps (WP-CLI, SSH, Git) para desplegar y escalar tu sitio sin limitaciones. Los entornos de puesta en escena y la compatibilidad PHP m\u00e1s reciente garantizan un flujo de trabajo eficaz y un SEO de alto rendimiento. <\/p><p class=\"\" data-start=\"954\" data-end=\"1445\"><strong data-start=\"954\" data-end=\"1085\">M\u00e1s all\u00e1 de su tecnolog\u00eda, DreamHost destaca por su interfaz intuitiva, sus herramientas avanzadas y su compromiso con el medio ambiente.<\/strong>  Gestiona dominios, certificados SSL gratuitos, correos electr\u00f3nicos profesionales y copias de seguridad automatizadas desde un panel de control claro. Con una <strong data-start=\"1224\" data-end=\"1263\">pol\u00edtica de privacidad incluida<\/strong>, asistencia 24\/7 en EE.UU. y un compromiso de energ\u00eda 100% renovable, DreamHost combina rendimiento, seguridad y responsabilidad ecol\u00f3gica para impulsar tu presencia digital. <\/p>\t\t\t\t\t\t\t\t<\/div>\n\t\t\t\t<\/div>\n\t\t\t\t<div class=\"elementor-element elementor-element-753af7e elementor-widget elementor-widget-heading\" data-id=\"753af7e\" data-element_type=\"widget\" data-e-type=\"widget\" data-widget_type=\"heading.default\">\n\t\t\t\t<div class=\"elementor-widget-container\">\n\t\t\t\t\t<h2 class=\"elementor-heading-title elementor-size-default\">Los 5 activos clave de DreamHost  <\/h2>\t\t\t\t<\/div>\n\t\t\t\t<\/div>\n\t\t\t\t<div class=\"elementor-element elementor-element-3562b92 elementor-widget elementor-widget-text-editor\" data-id=\"3562b92\" data-element_type=\"widget\" data-e-type=\"widget\" data-widget_type=\"text-editor.default\">\n\t\t\t\t<div class=\"elementor-widget-container\">\n\t\t\t\t\t\t\t\t\t<p data-pm-slice=\"0 0 []\"><b>Rendimiento SSD y ancho de banda ilimitado:<\/b> DreamHost se basa en discos SSD ultrarr\u00e1pidos y ofrece ancho de banda ilimitado, garantizando tiempos de carga \u00f3ptimos y una experiencia de usuario fluida, sea cual sea tu tr\u00e1fico.<\/p><p data-pm-slice=\"0 0 []\"><b>WordPress gestionado por DreamPress: <\/b>Recomendado oficialmente por WordPress.org, DreamPress ofrece alojamiento WordPress gestionado con actualizaciones autom\u00e1ticas, cach\u00e9 integrada y optimizaci\u00f3n Core Web Vitals para impulsar tu SEO y velocidad.<\/p><p data-pm-slice=\"0 0 []\"><b>Precios transparentes y SLA del 100%:<\/b> Sin cargos ocultos, f\u00f3rmulas claras y una garant\u00eda de tiempo de actividad del 100%: DreamHost se compromete a mantener tu sitio en l\u00ednea sin interrupciones, para una fiabilidad s\u00f3lida como una roca.<\/p><p data-pm-slice=\"0 0 []\"><b>Herramientas DevOps y flujos de trabajo avanzados:<\/b> accede a SSH, Git, WP-CLI y entornos de staging con s\u00f3lo pulsar un bot\u00f3n. DreamHost te proporciona un completo arsenal DevOps para desplegar, probar y actualizar tus sitios de forma \u00e1gil. <\/p><p data-pm-slice=\"0 0 []\"><b>Asistencia experta 24 horas al d\u00eda, 7 d\u00edas a la semana:<\/b> Benef\u00edciate de asistencia t\u00e9cnica 24 horas al d\u00eda, con sede en Estados Unidos, y de un compromiso con la energ\u00eda 100% renovable. DreamHost combina rendimiento, asistencia profesional y respeto por el medio ambiente. <\/p>\t\t\t\t\t\t\t\t<\/div>\n\t\t\t\t<\/div>\n\t\t\t\t\t<\/div>\n\t\t\t\t<\/div>\n\t\t\t\t<\/div>\n\t\t","protected":false},"excerpt":{"rendered":"<p>DreamHost es un proveedor de alojamiento web conocido por su fiabilidad, alto rendimiento y compromiso con el software de c\u00f3digo abierto. DreamHost ofrece una amplia gama de soluciones de alojamiento adaptadas a las necesidades de sitios web de todos los tama\u00f1os, desde blogs personales hasta grandes empresas. <\/p>\n<ul>\n<li>Alojamiento en la nube<\/li>\n<li>Alojamiento WordPress<\/li>\n<li>Certificado SSL gratuito<\/li>\n<li>Rendimiento<\/li>\n<\/ul>\n","protected":false},"featured_media":35424,"comment_status":"open","ping_status":"closed","template":"","meta":{"_acf_changed":false,"_glsr_average":0,"_glsr_ranking":0,"_glsr_reviews":0},"product_brand":[],"product_cat":[3072],"product_tag":[],"class_list":{"0":"post-31078","1":"product","2":"type-product","3":"status-publish","4":"has-post-thumbnail","6":"product_cat-alojamiento-web","8":"first","9":"instock","10":"shipping-taxable","11":"product-type-external"},"acf":[],"_links":{"self":[{"href":"https:\/\/boostgrowb.com\/es\/wp-json\/wp\/v2\/product\/31078","targetHints":{"allow":["GET"]}}],"collection":[{"href":"https:\/\/boostgrowb.com\/es\/wp-json\/wp\/v2\/product"}],"about":[{"href":"https:\/\/boostgrowb.com\/es\/wp-json\/wp\/v2\/types\/product"}],"replies":[{"embeddable":true,"href":"https:\/\/boostgrowb.com\/es\/wp-json\/wp\/v2\/comments?post=31078"}],"version-history":[{"count":0,"href":"https:\/\/boostgrowb.com\/es\/wp-json\/wp\/v2\/product\/31078\/revisions"}],"wp:featuredmedia":[{"embeddable":true,"href":"https:\/\/boostgrowb.com\/es\/wp-json\/wp\/v2\/media\/35424"}],"wp:attachment":[{"href":"https:\/\/boostgrowb.com\/es\/wp-json\/wp\/v2\/media?parent=31078"}],"wp:term":[{"taxonomy":"product_brand","embeddable":true,"href":"https:\/\/boostgrowb.com\/es\/wp-json\/wp\/v2\/product_brand?post=31078"},{"taxonomy":"product_cat","embeddable":true,"href":"https:\/\/boostgrowb.com\/es\/wp-json\/wp\/v2\/product_cat?post=31078"},{"taxonomy":"product_tag","embeddable":true,"href":"https:\/\/boostgrowb.com\/es\/wp-json\/wp\/v2\/product_tag?post=31078"}],"curies":[{"name":"wp","href":"https:\/\/api.w.org\/{rel}","templated":true}]}}