{"id":31083,"date":"2024-06-11T16:12:01","date_gmt":"2024-06-11T16:12:01","guid":{"rendered":"https:\/\/boostgrowb.com\/software\/motor-wp\/"},"modified":"2026-04-26T14:03:45","modified_gmt":"2026-04-26T14:03:45","slug":"motor-wp","status":"publish","type":"product","link":"https:\/\/boostgrowb.com\/es\/software\/motor-wp\/","title":{"rendered":"Motor WP"},"content":{"rendered":"\t\t<div data-elementor-type=\"product-post\" data-elementor-id=\"31083\" class=\"elementor elementor-31083 elementor-1646\" data-elementor-post-type=\"product\">\n\t\t\t\t<div class=\"elementor-element elementor-element-77cbe30 e-flex e-con-boxed wpr-particle-no wpr-jarallax-no wpr-parallax-no wpr-sticky-section-no e-con e-parent\" data-id=\"77cbe30\" data-element_type=\"container\" data-e-type=\"container\">\n\t\t\t\t\t<div class=\"e-con-inner\">\n\t\t\t\t<div class=\"elementor-element elementor-element-22f0c13 elementor-widget elementor-widget-heading\" data-id=\"22f0c13\" data-element_type=\"widget\" data-e-type=\"widget\" data-widget_type=\"heading.default\">\n\t\t\t\t<div class=\"elementor-widget-container\">\n\t\t\t\t\t<h2 class=\"elementor-heading-title elementor-size-default\">\u00bfQu\u00e9 es WP Engine?<\/h2>\t\t\t\t<\/div>\n\t\t\t\t<\/div>\n\t\t\t\t\t<\/div>\n\t\t\t\t<\/div>\n\t\t<div class=\"elementor-element elementor-element-2d44d64 e-flex e-con-boxed wpr-particle-no wpr-jarallax-no wpr-parallax-no wpr-sticky-section-no e-con e-parent\" data-id=\"2d44d64\" data-element_type=\"container\" data-e-type=\"container\">\n\t\t\t\t\t<div class=\"e-con-inner\">\n\t\t\t\t<div class=\"elementor-element elementor-element-b529a71 elementor-widget elementor-widget-text-editor\" data-id=\"b529a71\" data-element_type=\"widget\" data-e-type=\"widget\" data-widget_type=\"text-editor.default\">\n\t\t\t\t<div class=\"elementor-widget-container\">\n\t\t\t\t\t\t\t\t\t<p class=\"\" data-start=\"0\" data-end=\"532\"><strong data-start=\"0\" data-end=\"64\">WP Engine es la referencia en alojamiento gestionado de WordPress<\/strong>, dise\u00f1ado para liberar a los equipos t\u00e9cnicos y de marketing de tareas que consumen mucho tiempo. Cada sitio se beneficia de <strong data-start=\"172\" data-end=\"201\">actualizaciones autom\u00e1ticas<\/strong>, <strong data-start=\"206\" data-end=\"234\">copias de seguridad diarias<\/strong> y una <strong data-start=\"243\" data-end=\"262\" data-is-only-node=\"\">cach\u00e9 EverCache<\/strong> permanentemente optimizada, lo que garantiza que tu entorno est\u00e9 siempre actualizado, estable y listo para gestionar picos de tr\u00e1fico sin ning\u00fan esfuerzo manual. Se acabaron los parches y las aver\u00edas inesperadas: puedes concentrarte en tu contenido mientras WP Engine gestiona la infraestructura cr\u00edtica.  <\/p><p class=\"\" data-start=\"534\" data-end=\"1091\">Para <strong data-start=\"543\" data-end=\"573\">un rendimiento SEO m\u00e1ximo<\/strong>, WP Engine combina una <strong data-start=\"596\" data-end=\"639\">red<\/strong> global <strong data-start=\"596\" data-end=\"639\">de distribuci\u00f3n de contenidos (CDN<\/strong> ), servidores de alta velocidad y optimizaciones espec\u00edficas en <strong data-start=\"713\" data-end=\"732\">Core Web Vitals<\/strong>. Gracias a los entornos <strong data-start=\"764\" data-end=\"786\">de preparaci\u00f3n con un solo clic<\/strong>, la integraci\u00f3n con <strong data-start=\"804\" data-end=\"811\">Git<\/strong>, <strong data-start=\"815\" data-end=\"822\">SSH<\/strong> y <strong data-start=\"828\" data-end=\"838\">WP-CLI<\/strong>, los desarrolladores disponen de un verdadero <strong data-start=\"877\" data-end=\"895\">conjunto de herramientas DevOps<\/strong> para desplegar, probar y escalar sus sitios con precisi\u00f3n. \u00bfEl resultado? Tiempos de carga ultrarr\u00e1pidos, una tasa de rebote reducida y un mejor posicionamiento en los resultados de b\u00fasqueda.   <\/p><p class=\"\" data-start=\"1093\" data-end=\"1591\">Por \u00faltimo, la <strong data-start=\"1103\" data-end=\"1142\">seguridad y la asistencia de expertos<\/strong> son el n\u00facleo de la oferta de WP Engine. Con <strong data-start=\"1187\" data-end=\"1226\">protecci\u00f3n contra ataques DDoS<\/strong>, <strong data-start=\"1232\" data-end=\"1260\">certificados SSL gratuitos<\/strong> y un <strong data-start=\"1268\" data-end=\"1301\">cortafuegos de aplicaciones<\/strong> propio de WordPress, tus datos y los de tus visitantes est\u00e1n a salvo de vulnerabilidades. A\u00f1ade a esto el soporte 24\/7 de expertos en WordPress y tendr\u00e1s una plataforma robusta, escalable y segura: la base ideal para maximizar la visibilidad y el crecimiento de tu sitio.  <\/p>\t\t\t\t\t\t\t\t<\/div>\n\t\t\t\t<\/div>\n\t\t\t\t<div class=\"elementor-element elementor-element-2e4be34 elementor-widget elementor-widget-heading\" data-id=\"2e4be34\" data-element_type=\"widget\" data-e-type=\"widget\" data-widget_type=\"heading.default\">\n\t\t\t\t<div class=\"elementor-widget-container\">\n\t\t\t\t\t<h2 class=\"elementor-heading-title elementor-size-default\">Las principales caracter\u00edsticas de WP Engine<\/h2>\t\t\t\t<\/div>\n\t\t\t\t<\/div>\n\t\t\t\t<div class=\"elementor-element elementor-element-734acba elementor-widget elementor-widget-text-editor\" data-id=\"734acba\" data-element_type=\"widget\" data-e-type=\"widget\" data-widget_type=\"text-editor.default\">\n\t\t\t\t<div class=\"elementor-widget-container\">\n\t\t\t\t\t\t\t\t\t<p data-pm-slice=\"0 0 []\"><b>Alojamiento gestionado para WordPress:<\/b> WP Engine se encarga de las tareas t\u00e9cnicas para que puedas centrarte en tu contenido. Esto incluye <strong>actualizaciones autom\u00e1ticas de WordPress<\/strong>, gesti\u00f3n del rendimiento y copia de seguridad de los datos. <\/p><p data-pm-slice=\"0 0 []\"><b>Infraestructura premium en la nube:<\/b> Utilizando las mejores tecnolog\u00edas en la nube, WP Engine garantiza <strong>una estabilidad inigualable<\/strong> y tiempos de carga ultrarr\u00e1pidos gracias a servidores optimizados.<\/p><p data-pm-slice=\"0 0 []\"><b>CDN integrada:<\/b> En los planes de WP Engine se incluye una <strong>Red de Entrega de Contenidos (CDN)<\/strong>, que acelera la entrega de contenido est\u00e1tico distribuy\u00e9ndolo desde servidores cercanos a los usuarios.<\/p><p data-pm-slice=\"0 0 []\"><b>Copias de seguridad y restauraci\u00f3n con un solo clic: <\/b>WP Engine realiza <strong>copias de seguridad diarias autom\u00e1ticas<\/strong>, y puedes restaurar tu sitio a partir de estas copias de seguridad con un solo clic, si surge la necesidad.<\/p><p data-pm-slice=\"0 0 []\"><b>An\u00e1lisis avanzado del rendimiento: <\/b>con los <strong data-start=\"54\" data-end=\"83\">paneles integrados<\/strong> y las <strong data-start=\"91\" data-end=\"129\">herramientas de supervisi\u00f3n en tiempo real<\/strong>, controla todos los indicadores clave de tu sitio: tiempo de carga, TTFB, Core Web Vitals, n\u00famero de solicitudes y comportamiento de los usuarios. Recibe <strong data-start=\"284\" data-end=\"306\">alertas proactivas<\/strong> y <strong data-start=\"314\" data-end=\"352\">recomendaciones SEO personalizadas<\/strong> para corregir los cuellos de botella (compresi\u00f3n de im\u00e1genes, minimizaci\u00f3n de JavaScript\/CSS, almacenamiento en cach\u00e9), para garantizar una experiencia r\u00e1pida y \u00f3ptima que impulse tu SEO y tu tasa de conversi\u00f3n. <\/p>\t\t\t\t\t\t\t\t<\/div>\n\t\t\t\t<\/div>\n\t\t\t\t\t<\/div>\n\t\t\t\t<\/div>\n\t\t\t\t<\/div>\n\t\t","protected":false},"excerpt":{"rendered":"<p>WP Engine permite a empresas y agencias de todos los tama\u00f1os crear, gestionar y optimizar sus sitios web proporcionando soluciones, herramientas y servicios de alta calidad.<\/p>\n<ul>\n<li>Rendimiento optimizado para WordPress<\/li>\n<li>Seguridad mejorada<\/li>\n<li>Escalabilidad y fiabilidad<\/li>\n<\/ul>\n","protected":false},"featured_media":30472,"comment_status":"open","ping_status":"closed","template":"","meta":{"_acf_changed":false,"_glsr_average":0,"_glsr_ranking":0,"_glsr_reviews":0},"product_brand":[],"product_cat":[3072],"product_tag":[],"class_list":{"0":"post-31083","1":"product","2":"type-product","3":"status-publish","4":"has-post-thumbnail","6":"product_cat-alojamiento-web","8":"first","9":"instock","10":"shipping-taxable","11":"product-type-external"},"acf":[],"_links":{"self":[{"href":"https:\/\/boostgrowb.com\/es\/wp-json\/wp\/v2\/product\/31083","targetHints":{"allow":["GET"]}}],"collection":[{"href":"https:\/\/boostgrowb.com\/es\/wp-json\/wp\/v2\/product"}],"about":[{"href":"https:\/\/boostgrowb.com\/es\/wp-json\/wp\/v2\/types\/product"}],"replies":[{"embeddable":true,"href":"https:\/\/boostgrowb.com\/es\/wp-json\/wp\/v2\/comments?post=31083"}],"version-history":[{"count":0,"href":"https:\/\/boostgrowb.com\/es\/wp-json\/wp\/v2\/product\/31083\/revisions"}],"wp:featuredmedia":[{"embeddable":true,"href":"https:\/\/boostgrowb.com\/es\/wp-json\/wp\/v2\/media\/30472"}],"wp:attachment":[{"href":"https:\/\/boostgrowb.com\/es\/wp-json\/wp\/v2\/media?parent=31083"}],"wp:term":[{"taxonomy":"product_brand","embeddable":true,"href":"https:\/\/boostgrowb.com\/es\/wp-json\/wp\/v2\/product_brand?post=31083"},{"taxonomy":"product_cat","embeddable":true,"href":"https:\/\/boostgrowb.com\/es\/wp-json\/wp\/v2\/product_cat?post=31083"},{"taxonomy":"product_tag","embeddable":true,"href":"https:\/\/boostgrowb.com\/es\/wp-json\/wp\/v2\/product_tag?post=31083"}],"curies":[{"name":"wp","href":"https:\/\/api.w.org\/{rel}","templated":true}]}}