{"id":31085,"date":"2024-06-10T09:31:51","date_gmt":"2024-06-10T09:31:51","guid":{"rendered":"https:\/\/boostgrowb.com\/software\/bigcommerce\/"},"modified":"2026-04-26T14:03:49","modified_gmt":"2026-04-26T14:03:49","slug":"bigcommerce","status":"publish","type":"product","link":"https:\/\/boostgrowb.com\/es\/software\/bigcommerce\/","title":{"rendered":"Bigcommerce"},"content":{"rendered":"\t\t<div data-elementor-type=\"product-post\" data-elementor-id=\"31085\" class=\"elementor elementor-31085 elementor-1321\" data-elementor-post-type=\"product\">\n\t\t\t\t<div class=\"elementor-element elementor-element-bda1007 e-flex e-con-boxed wpr-particle-no wpr-jarallax-no wpr-parallax-no wpr-sticky-section-no e-con e-parent\" data-id=\"bda1007\" data-element_type=\"container\" data-e-type=\"container\">\n\t\t\t\t\t<div class=\"e-con-inner\">\n\t\t\t\t<div class=\"elementor-element elementor-element-326d1b1 elementor-widget elementor-widget-heading\" data-id=\"326d1b1\" data-element_type=\"widget\" data-e-type=\"widget\" data-widget_type=\"heading.default\">\n\t\t\t\t<div class=\"elementor-widget-container\">\n\t\t\t\t\t<h2 class=\"elementor-heading-title elementor-size-default\">\u00bfQu\u00e9 es BigCommerce?<\/h2>\t\t\t\t<\/div>\n\t\t\t\t<\/div>\n\t\t\t\t<div class=\"elementor-element elementor-element-6d8b912 elementor-widget elementor-widget-text-editor\" data-id=\"6d8b912\" data-element_type=\"widget\" data-e-type=\"widget\" data-widget_type=\"text-editor.default\">\n\t\t\t\t<div class=\"elementor-widget-container\">\n\t\t\t\t\t\t\t\t\t<p><strong>BigCommerce<\/strong> es una <strong>plataforma de comercio electr\u00f3nico<\/strong> flexible y robusta que permite a las empresas crear, gestionar y desarrollar tiendas online de alto rendimiento. Dise\u00f1ada para satisfacer las necesidades tanto de peque\u00f1as empresas como de grandes marcas, <strong>BigCommerce<\/strong> ofrece funciones avanzadas para vender a trav\u00e9s de m\u00faltiples canales, gestionar el inventario, optimizar el SEO y personalizar la experiencia del usuario. Con <strong>BigCommerce<\/strong>, los comerciantes pueden configurar f\u00e1cilmente su tienda online, a\u00f1adir productos, automatizar procesos empresariales y llegar a un p\u00fablico global, todo ello con una interfaz intuitiva y sin comprometer el rendimiento.  <\/p><p class=\"\" data-start=\"662\" data-end=\"1240\"><strong data-start=\"662\" data-end=\"871\">BigCommerce te permite vender en todas partes: en tu sitio web, en marketplaces (Amazon, eBay), en redes sociales (Instagram, Facebook) o incluso en tiendas f\u00edsicas.<\/strong>  Su sistema centralizado de gesti\u00f3n de existencias y sus integraciones nativas con CRM, ERP y herramientas de marketing permiten una gesti\u00f3n simplificada y ultraeficiente. A\u00f1ade a esto funciones SEO avanzadas, una compatibilidad m\u00f3vil \u00f3ptima y un s\u00f3lido rendimiento t\u00e9cnico: BigCommerce es una aut\u00e9ntica m\u00e1quina de crecimiento para tu negocio online. <\/p><p class=\"\" data-start=\"1242\" data-end=\"1671\"><strong data-start=\"1242\" data-end=\"1457\">Tanto si eres una PYME en crecimiento como una marca consolidada que busca expandirse internacionalmente, BigCommerce te ofrece la flexibilidad, la seguridad y las herramientas para vender m\u00e1s, mejor y en todas partes.<\/strong>  Te beneficias de una plataforma dise\u00f1ada para apoyar cada etapa del crecimiento de tu comercio electr\u00f3nico, garantizando al mismo tiempo una experiencia de usuario fluida y una gesti\u00f3n optimizada de tus operaciones de venta.<\/p>\t\t\t\t\t\t\t\t<\/div>\n\t\t\t\t<\/div>\n\t\t\t\t<div class=\"elementor-element elementor-element-757102a elementor-widget elementor-widget-heading\" data-id=\"757102a\" data-element_type=\"widget\" data-e-type=\"widget\" data-widget_type=\"heading.default\">\n\t\t\t\t<div class=\"elementor-widget-container\">\n\t\t\t\t\t<h2 class=\"elementor-heading-title elementor-size-default\">Las principales ventajas de BigCommerce<\/h2>\t\t\t\t<\/div>\n\t\t\t\t<\/div>\n\t\t\t\t<div class=\"elementor-element elementor-element-2c012f9 elementor-widget elementor-widget-text-editor\" data-id=\"2c012f9\" data-element_type=\"widget\" data-e-type=\"widget\" data-widget_type=\"text-editor.default\">\n\t\t\t\t<div class=\"elementor-widget-container\">\n\t\t\t\t\t\t\t\t\t<p data-pm-slice=\"0 0 []\"><b>Una plataforma de comercio electr\u00f3nico potente y escalable:<\/b> BigCommerce est\u00e1 dise\u00f1ada para apoyar el crecimiento de las empresas, tanto si est\u00e1n empezando como si ya est\u00e1n bien establecidas. Su s\u00f3lida infraestructura garantiza el rendimiento, la estabilidad y la escalabilidad, incluso con grandes vol\u00famenes de tr\u00e1fico y transacciones. <\/p><p data-pm-slice=\"0 0 []\"><b>Interfaz intuitiva y automatizaci\u00f3n eficaz:<\/b> BigCommerce combina potencia y sencillez. La interfaz de usuario es fluida, y puedes gestionar f\u00e1cilmente tus productos, promociones, clientes y pedidos, a la vez que automatizas las tareas recurrentes. <\/p><p data-pm-slice=\"0 0 []\"><b>Conecta tus herramientas favoritas y crea una experiencia \u00fanica:<\/b> la plataforma se integra con una amplia gama de herramientas (CRM, ERP, marketing por correo electr\u00f3nico, an\u00e1lisis, etc.) y ofrece un alto nivel de personalizaci\u00f3n sin comprometer la seguridad ni la velocidad del sitio. Ideal para crear una tienda que refleje tu imagen sin dejar de ser \u00e1gil. <\/p><p data-pm-slice=\"0 0 []\"><b>Atrae m\u00e1s tr\u00e1fico con una estructura optimizada para Google: <\/b>La plataforma ofrece funciones SEO nativas: URL personalizables, etiquetas optimizadas, carga r\u00e1pida, dise\u00f1o responsive&#8230; Todo est\u00e1 pensado para mejorar la referenciaci\u00f3n natural de tus fichas de producto y de tu sitio.<\/p><p data-pm-slice=\"0 0 []\"><strong>Una plataforma multicanal:<\/strong> Con BigCommerce, puedes vender tus productos no s\u00f3lo en tu tienda online, sino tambi\u00e9n en mercados como Amazon y eBay, o a trav\u00e9s de redes sociales como Facebook e Instagram. Esto maximiza tu visibilidad y diversifica tus canales de ingresos. <\/p>\t\t\t\t\t\t\t\t<\/div>\n\t\t\t\t<\/div>\n\t\t\t\t\t<\/div>\n\t\t\t\t<\/div>\n\t\t\t\t<\/div>\n\t\t","protected":false},"excerpt":{"rendered":"<article class=\"text-token-text-primary w-full\" dir=\"auto\" data-testid=\"conversation-turn-881\" data-scroll-anchor=\"true\">\n<div class=\"text-base my-auto mx-auto py-5 [--thread-content-margin:--spacing(4)] @[37rem]:[--thread-content-margin:--spacing(6)] @[70rem]:[--thread-content-margin:--spacing(12)] px-(--thread-content-margin)\">\n<div class=\"[--thread-content-max-width:32rem] @[34rem]:[--thread-content-max-width:40rem] @[64rem]:[--thread-content-max-width:48rem] mx-auto flex max-w-(--thread-content-max-width) flex-1 text-base gap-4 md:gap-5 lg:gap-6 group\/turn-messages focus-visible:outline-hidden\" tabindex=\"-1\">\n<div class=\"group\/conversation-turn relative flex w-full min-w-0 flex-col agent-turn\">\n<div class=\"relative flex-col gap-1 md:gap-3\">\n<div class=\"flex max-w-full flex-col grow\">\n<div class=\"min-h-8 text-message relative flex w-full flex-col items-end gap-2 text-start break-words whitespace-normal [.text-message+&amp;]:mt-5\" dir=\"auto\" data-message-author-role=\"assistant\" data-message-id=\"25a22870-e44a-4c5e-bd9b-62eb79ac29ad\" data-message-model-slug=\"gpt-4o\">\n<div class=\"flex w-full flex-col gap-1 empty:hidden first:pt-[3px]\">\n<div class=\"markdown prose dark:prose-invert w-full break-words light\">\n<p data-pm-slice=\"0 0 []\">BigCommerce, una plataforma de comercio electr\u00f3nico todo en uno para crear, gestionar y desarrollar tu tienda online. Vende en todos los canales, optimiza tu SEO e impulsa tus ventas con una soluci\u00f3n potente e intuitiva. <\/p>\n<\/div>\n<\/div>\n<\/div>\n<\/div>\n<\/div>\n<\/div>\n<\/div>\n<\/div>\n<\/article>\n<ul>\n<li>Crear una tienda online<\/li>\n<li>Gesti\u00f3n fiscal automatizada<\/li>\n<li>Marketing y SEO<\/li>\n<li>Integraci\u00f3n con redes sociales<\/li>\n<\/ul>\n","protected":false},"featured_media":31087,"comment_status":"open","ping_status":"closed","template":"","meta":{"_acf_changed":false,"_glsr_average":0,"_glsr_ranking":0,"_glsr_reviews":0},"product_brand":[],"product_cat":[4213],"product_tag":[],"class_list":{"0":"post-31085","1":"product","2":"type-product","3":"status-publish","4":"has-post-thumbnail","6":"product_cat-creacion-de-paginas-web","8":"first","9":"instock","10":"shipping-taxable","11":"product-type-external"},"acf":[],"_links":{"self":[{"href":"https:\/\/boostgrowb.com\/es\/wp-json\/wp\/v2\/product\/31085","targetHints":{"allow":["GET"]}}],"collection":[{"href":"https:\/\/boostgrowb.com\/es\/wp-json\/wp\/v2\/product"}],"about":[{"href":"https:\/\/boostgrowb.com\/es\/wp-json\/wp\/v2\/types\/product"}],"replies":[{"embeddable":true,"href":"https:\/\/boostgrowb.com\/es\/wp-json\/wp\/v2\/comments?post=31085"}],"version-history":[{"count":0,"href":"https:\/\/boostgrowb.com\/es\/wp-json\/wp\/v2\/product\/31085\/revisions"}],"wp:featuredmedia":[{"embeddable":true,"href":"https:\/\/boostgrowb.com\/es\/wp-json\/wp\/v2\/media\/31087"}],"wp:attachment":[{"href":"https:\/\/boostgrowb.com\/es\/wp-json\/wp\/v2\/media?parent=31085"}],"wp:term":[{"taxonomy":"product_brand","embeddable":true,"href":"https:\/\/boostgrowb.com\/es\/wp-json\/wp\/v2\/product_brand?post=31085"},{"taxonomy":"product_cat","embeddable":true,"href":"https:\/\/boostgrowb.com\/es\/wp-json\/wp\/v2\/product_cat?post=31085"},{"taxonomy":"product_tag","embeddable":true,"href":"https:\/\/boostgrowb.com\/es\/wp-json\/wp\/v2\/product_tag?post=31085"}],"curies":[{"name":"wp","href":"https:\/\/api.w.org\/{rel}","templated":true}]}}