{"id":31086,"date":"2024-06-10T23:47:36","date_gmt":"2024-06-10T23:47:36","guid":{"rendered":"https:\/\/boostgrowb.com\/software\/keobiz\/"},"modified":"2025-07-07T16:12:21","modified_gmt":"2025-07-07T16:12:21","slug":"keobiz","status":"publish","type":"product","link":"https:\/\/boostgrowb.com\/es\/software\/keobiz\/","title":{"rendered":"Keobiz"},"content":{"rendered":"\t\t<div data-elementor-type=\"product-post\" data-elementor-id=\"31086\" class=\"elementor elementor-31086 elementor-1493\" data-elementor-post-type=\"product\">\n\t\t\t\t<div class=\"elementor-element elementor-element-f3e68fe e-flex e-con-boxed wpr-particle-no wpr-jarallax-no wpr-parallax-no wpr-sticky-section-no e-con e-parent\" data-id=\"f3e68fe\" data-element_type=\"container\" data-e-type=\"container\">\n\t\t\t\t\t<div class=\"e-con-inner\">\n\t\t\t\t<div class=\"elementor-element elementor-element-431bd1f elementor-widget elementor-widget-heading\" data-id=\"431bd1f\" data-element_type=\"widget\" data-e-type=\"widget\" data-widget_type=\"heading.default\">\n\t\t\t\t<div class=\"elementor-widget-container\">\n\t\t\t\t\t<h2 class=\"elementor-heading-title elementor-size-default\">\u00bfQu\u00e9 es Keobiz?<\/h2>\t\t\t\t<\/div>\n\t\t\t\t<\/div>\n\t\t\t\t<div class=\"elementor-element elementor-element-6d092f7 elementor-widget elementor-widget-text-editor\" data-id=\"6d092f7\" data-element_type=\"widget\" data-e-type=\"widget\" data-widget_type=\"text-editor.default\">\n\t\t\t\t<div class=\"elementor-widget-container\">\n\t\t\t\t\t\t\t\t\t<p class=\"\" data-start=\"0\" data-end=\"508\"><strong data-start=\"0\" data-end=\"161\">Keobiz es un servicio de contabilidad online de nueva generaci\u00f3n, dise\u00f1ado para ayudar a los empresarios a gestionar toda su empresa.<\/strong> Tanto si eres aut\u00f3nomo como si diriges un negocio muy peque\u00f1o o una PYME, Keobiz te permite <strong data-start=\"253\" data-end=\"337\">centralizar tus tr\u00e1mites contables, fiscales y administrativos<\/strong> en una plataforma digital intuitiva. Te beneficiar\u00e1s de un seguimiento riguroso y en tiempo real, sin dejar de centrarte en lo esencial: desarrollar tu negocio. <\/p><p class=\"\" data-start=\"510\" data-end=\"1089\"><strong data-start=\"510\" data-end=\"597\">Gracias a una tecnolog\u00eda automatizada y a un experto contable especializado<\/strong>, Keobiz se encarga de toda tu contabilidad, del seguimiento de la tesorer\u00eda, de las declaraciones fiscales y de la Seguridad Social, as\u00ed como de la elaboraci\u00f3n de tus cuentas anuales. La interfaz facilita el seguimiento de tus indicadores clave (volumen de negocio, gastos, IVA, gastos futuros) y el env\u00edo de tus justificantes en unos pocos clics. Este enfoque h\u00edbrido -que combina la innovaci\u00f3n tecnol\u00f3gica y el apoyo humano- garantiza <strong data-start=\"1016\" data-end=\"1089\">una gesti\u00f3n contable fiable, r\u00e1pida y conforme con los requisitos legales.<\/strong>  <\/p><p class=\"\" data-start=\"1091\" data-end=\"1602\"><strong data-start=\"1091\" data-end=\"1202\">Lo que diferencia a Keobiz es su visi\u00f3n proactiva de la contabilidad p\u00fablica como forma de ayudarte a crecer.<\/strong>  Adem\u00e1s de liberarte de las cargas administrativas, Keobiz te ofrece un asesoramiento estrat\u00e9gico personalizado para optimizar tu situaci\u00f3n fiscal, anticipar tu tesorer\u00eda y estructurar tu desarrollo. Con Keobiz, te beneficias de un <strong data-start=\"1454\" data-end=\"1495\">socio digital comprometido a tu lado<\/strong>, para hacer de tu gesti\u00f3n contable una verdadera palanca de rendimiento y tranquilidad empresarial. <\/p>\t\t\t\t\t\t\t\t<\/div>\n\t\t\t\t<\/div>\n\t\t\t\t<div class=\"elementor-element elementor-element-504d97d elementor-widget elementor-widget-heading\" data-id=\"504d97d\" data-element_type=\"widget\" data-e-type=\"widget\" data-widget_type=\"heading.default\">\n\t\t\t\t<div class=\"elementor-widget-container\">\n\t\t\t\t\t<h2 class=\"elementor-heading-title elementor-size-default\">Principales activos de Keobiz<\/h2>\t\t\t\t<\/div>\n\t\t\t\t<\/div>\n\t\t\t\t<div class=\"elementor-element elementor-element-08dffa7 elementor-widget__width-initial elementor-widget elementor-widget-text-editor\" data-id=\"08dffa7\" data-element_type=\"widget\" data-e-type=\"widget\" data-widget_type=\"text-editor.default\">\n\t\t\t\t<div class=\"elementor-widget-container\">\n\t\t\t\t\t\t\t\t\t<ul><li data-pm-slice=\"0 0 []\"><b>Automatizaci\u00f3n inteligente de las tareas contables:<\/b> desde la <strong data-start=\"495\" data-end=\"519\">introducci\u00f3n de asientos contables<\/strong> hasta las <strong data-start=\"525\" data-end=\"547\">declaraciones del IVA<\/strong> y los balances, todo est\u00e1 automatizado. Ahorra un tiempo precioso reduciendo los errores manuales y agilizando tus flujos financieros. <\/li><\/ul><div> <\/div><ul><li data-pm-slice=\"1 1 []\"><b>Apoyo de la A a la Z:<\/b> Desde la <strong data-start=\"1333\" data-end=\"1358\">creaci\u00f3n de tu empresa<\/strong> hasta <strong data-start=\"1364\" data-end=\"1387\">la gesti\u00f3n diaria<\/strong>, Keobiz te gu\u00eda en cada paso del camino. Un aut\u00e9ntico copiloto para ayudarte a estructurar, desarrollar y asegurar tu negocio, con <strong data-start=\"1510\" data-end=\"1550\">una relaci\u00f3n calidad-precio muy competitiva<\/strong>. <\/li><\/ul><div> <\/div><ul><li data-pm-slice=\"1 1 []\"><b>Contabilidad gestionada por expertos dedicados:<\/b> Keobiz combina la potencia de una herramienta digital intuitiva con el apoyo de un <strong data-start=\"273\" data-end=\"303\">contable<\/strong> personal, para una gesti\u00f3n contable a medida, conforme a las normas y sin estr\u00e9s. Nunca est\u00e1s solo cuando se trata de tus obligaciones. <\/li><\/ul><div> <\/div><ul><li data-pm-slice=\"0 0 []\"><b>Asesoramiento y optimizaci\u00f3n fiscal a medida:<\/b> Keobiz no se limita a llevar tus cuentas: recibes <strong data-start=\"1126\" data-end=\"1152\">asesoramiento personalizado<\/strong> para optimizar tus costes, anticiparte a los plazos fiscales y maximizar la rentabilidad de tu negocio.<\/li><li> <\/li><li><strong>Flexibilidad y facilidad de uso:<\/strong> Keobiz est\u00e1 dise\u00f1ado para adaptarse a todos los empresarios, incluso a los que no tienen experiencia en contabilidad. La interfaz intuitiva y las herramientas simplificadas te facilitan el manejo de tu gesti\u00f3n contable, al tiempo que dispones de la ayuda que necesitas cuando la necesitas. <\/li><\/ul>\t\t\t\t\t\t\t\t<\/div>\n\t\t\t\t<\/div>\n\t\t\t\t<div class=\"elementor-element elementor-element-925f298 elementor-widget elementor-widget-heading\" data-id=\"925f298\" data-element_type=\"widget\" data-e-type=\"widget\" data-widget_type=\"heading.default\">\n\t\t\t\t<div class=\"elementor-widget-container\">\n\t\t\t\t\t<h2 class=\"elementor-heading-title elementor-size-default\">\u00bfA qu\u00e9 tipo de empresa se dirige Keobiz?<\/h2>\t\t\t\t<\/div>\n\t\t\t\t<\/div>\n\t\t\t\t\t<\/div>\n\t\t\t\t<\/div>\n\t\t<div class=\"elementor-element elementor-element-fd53fc7 e-flex e-con-boxed wpr-particle-no wpr-jarallax-no wpr-parallax-no wpr-sticky-section-no e-con e-parent\" data-id=\"fd53fc7\" data-element_type=\"container\" data-e-type=\"container\">\n\t\t\t\t\t<div class=\"e-con-inner\">\n\t\t\t\t<div class=\"elementor-element elementor-element-26fb141 elementor-widget elementor-widget-text-editor\" data-id=\"26fb141\" data-element_type=\"widget\" data-e-type=\"widget\" data-widget_type=\"text-editor.default\">\n\t\t\t\t<div class=\"elementor-widget-container\">\n\t\t\t\t\t\t\t\t\t<ul><li class=\"\" data-start=\"43\" data-end=\"176\"><p class=\"\" data-start=\"45\" data-end=\"176\"><strong data-start=\"45\" data-end=\"59\">VSE y PYME<\/strong> que buscan un apoyo contable completo, \u00e1gil y accesible, sin pasar por una empresa de contabilidad tradicional.<\/p><\/li><li class=\"\" data-start=\"177\" data-end=\"364\"><p class=\"\" data-start=\"179\" data-end=\"364\"><strong data-start=\"179\" data-end=\"209\">Aut\u00f3nomos y trabajadores por cuenta propia<\/strong> (asesores, proveedores de servicios, profesionales aut\u00f3nomos) que desean delegar su contabilidad manteniendo una visi\u00f3n clara de su flujo de caja.<\/p><\/li><li class=\"\" data-start=\"365\" data-end=\"527\"><p class=\"\" data-start=\"367\" data-end=\"527\"><strong data-start=\"367\" data-end=\"393\">Fundadores de empresas<\/strong> que necesitan apoyo personalizado desde el principio (elecci\u00f3n del estatuto, redacci\u00f3n de los estatutos, registro, etc.).<\/p><\/li><li class=\"\" data-start=\"528\" data-end=\"669\"><p class=\"\" data-start=\"530\" data-end=\"669\"><strong data-start=\"530\" data-end=\"556\">Empresas en crecimiento<\/strong> que buscan una soluci\u00f3n escalable capaz de optimizar su gesti\u00f3n fiscal, de seguridad social y financiera de forma continuada.<\/p><\/li><li class=\"\" data-start=\"670\" data-end=\"807\"><p class=\"\" data-start=\"672\" data-end=\"807\"><strong data-start=\"672\" data-end=\"714\">Asociaciones y estructuras espec\u00edficas<\/strong> (SCI, holdings, etc.) que necesitan una gesti\u00f3n conforme y segura supervisada por un experto.<\/p><\/li><\/ul>\t\t\t\t\t\t\t\t<\/div>\n\t\t\t\t<\/div>\n\t\t\t\t\t<\/div>\n\t\t\t\t<\/div>\n\t\t\t\t<\/div>\n\t\t","protected":false},"excerpt":{"rendered":"<p data-pm-slice=\"1 1 []\">Keobiz es una empresa de contabilidad en l\u00ednea dedicada a las VSE, las PYME y los aut\u00f3nomos. Benef\u00edciate de una soluci\u00f3n \u00abtodo en uno\u00bb para automatizar tu contabilidad, simplificar tus obligaciones fiscales y beneficiarte de la asistencia personalizada de un experto. <\/p>\n<ul>\n<li class=\"wp-block-heading\">Crear una empresa<\/li>\n<li class=\"wp-block-heading\">Declaraci\u00f3n del IVA<\/li>\n<li class=\"wp-block-heading\">Gesti\u00f3n de tesorer\u00eda<\/li>\n<li>Cuadro de mando financiero<\/li>\n<\/ul>\n","protected":false},"featured_media":31390,"comment_status":"open","ping_status":"closed","template":"","meta":{"_acf_changed":false,"_glsr_average":0,"_glsr_ranking":0,"_glsr_reviews":0},"product_brand":[],"product_cat":[4409],"product_tag":[],"class_list":{"0":"post-31086","1":"product","2":"type-product","3":"status-publish","4":"has-post-thumbnail","6":"product_cat-software-de-contabilidad","8":"first","9":"instock","10":"shipping-taxable","11":"product-type-external"},"acf":[],"_links":{"self":[{"href":"https:\/\/boostgrowb.com\/es\/wp-json\/wp\/v2\/product\/31086","targetHints":{"allow":["GET"]}}],"collection":[{"href":"https:\/\/boostgrowb.com\/es\/wp-json\/wp\/v2\/product"}],"about":[{"href":"https:\/\/boostgrowb.com\/es\/wp-json\/wp\/v2\/types\/product"}],"replies":[{"embeddable":true,"href":"https:\/\/boostgrowb.com\/es\/wp-json\/wp\/v2\/comments?post=31086"}],"version-history":[{"count":0,"href":"https:\/\/boostgrowb.com\/es\/wp-json\/wp\/v2\/product\/31086\/revisions"}],"wp:featuredmedia":[{"embeddable":true,"href":"https:\/\/boostgrowb.com\/es\/wp-json\/wp\/v2\/media\/31390"}],"wp:attachment":[{"href":"https:\/\/boostgrowb.com\/es\/wp-json\/wp\/v2\/media?parent=31086"}],"wp:term":[{"taxonomy":"product_brand","embeddable":true,"href":"https:\/\/boostgrowb.com\/es\/wp-json\/wp\/v2\/product_brand?post=31086"},{"taxonomy":"product_cat","embeddable":true,"href":"https:\/\/boostgrowb.com\/es\/wp-json\/wp\/v2\/product_cat?post=31086"},{"taxonomy":"product_tag","embeddable":true,"href":"https:\/\/boostgrowb.com\/es\/wp-json\/wp\/v2\/product_tag?post=31086"}],"curies":[{"name":"wp","href":"https:\/\/api.w.org\/{rel}","templated":true}]}}