{"id":31106,"date":"2024-06-10T23:45:51","date_gmt":"2024-06-10T23:45:51","guid":{"rendered":"https:\/\/boostgrowb.com\/software\/dougs\/"},"modified":"2026-04-14T12:24:47","modified_gmt":"2026-04-14T12:24:47","slug":"dougs","status":"publish","type":"product","link":"https:\/\/boostgrowb.com\/es\/software\/dougs\/","title":{"rendered":"Dougs"},"content":{"rendered":"\t\t<div data-elementor-type=\"product-post\" data-elementor-id=\"31106\" class=\"elementor elementor-31106 elementor-1491\" data-elementor-post-type=\"product\">\n\t\t\t\t<div class=\"elementor-element elementor-element-2578fed e-flex e-con-boxed wpr-particle-no wpr-jarallax-no wpr-parallax-no wpr-sticky-section-no e-con e-parent\" data-id=\"2578fed\" data-element_type=\"container\" data-e-type=\"container\">\n\t\t\t\t\t<div class=\"e-con-inner\">\n\t\t\t\t<div class=\"elementor-element elementor-element-18fa247 elementor-widget elementor-widget-heading\" data-id=\"18fa247\" data-element_type=\"widget\" data-e-type=\"widget\" data-widget_type=\"heading.default\">\n\t\t\t\t<div class=\"elementor-widget-container\">\n\t\t\t\t\t<h2 class=\"elementor-heading-title elementor-size-default\">\u00bfQu\u00e9 es Dougs?<\/h2>\t\t\t\t<\/div>\n\t\t\t\t<\/div>\n\t\t\t\t<div class=\"elementor-element elementor-element-ddadb59 elementor-widget elementor-widget-text-editor\" data-id=\"ddadb59\" data-element_type=\"widget\" data-e-type=\"widget\" data-widget_type=\"text-editor.default\">\n\t\t\t\t<div class=\"elementor-widget-container\">\n\t\t\t\t\t\t\t\t\t<p class=\"\" data-start=\"0\" data-end=\"498\"><strong data-start=\"0\" data-end=\"222\">Dougs es mucho m\u00e1s que un programa de contabilidad online: es una empresa de contabilidad digital integrada dise\u00f1ada para automatizar y simplificar la gesti\u00f3n financiera de aut\u00f3nomos, trabajadores por cuenta propia, VSE y PYMES.<\/strong>  Gracias a su tecnolog\u00eda inteligente y al apoyo humano de sus censores jurados de cuentas, Dougs se encarga de toda tu contabilidad -desde la introducci\u00f3n autom\u00e1tica de asientos hasta la declaraci\u00f3n del IVA-, a la vez que te ofrece una visi\u00f3n clara y en tiempo real de tus finanzas.<\/p><p class=\"\" data-start=\"500\" data-end=\"1123\"><strong data-start=\"500\" data-end=\"719\">La interfaz intuitiva de Dougs te permite gestionar tus presupuestos, facturas, informes de gastos y recibos en unos pocos clics, al tiempo que garantiza la sincronizaci\u00f3n directa con tu banco empresarial.<\/strong>  Al automatizar las tareas que m\u00e1s tiempo consumen, como la categorizaci\u00f3n de transacciones o el c\u00e1lculo de cargos, Dougs te libera de la carga administrativa para que puedas concentrarte en tu negocio. Tambi\u00e9n te beneficiar\u00e1s de cuadros de mando de tesorer\u00eda precisos, alertas fiscales y un seguimiento completo de tus obligaciones legales, en cumplimiento de las normas contables vigentes. <\/p><p class=\"\" data-start=\"1125\" data-end=\"1663\"><strong data-start=\"1125\" data-end=\"1241\">Pero la mayor fuerza de Dougs reside en su combinaci\u00f3n \u00fanica de tecnolog\u00eda punta y experiencia humana.<\/strong>  Cada cliente empresarial es seguido por un contable dedicado, disponible para responder a tus preguntas, aconsejarte y optimizar tu situaci\u00f3n fiscal. Tanto si est\u00e1s creando una nueva empresa como si est\u00e1s en fase de crecimiento, Dougs te acompa\u00f1a en todo momento, con una promesa clara: <strong data-start=\"1522\" data-end=\"1593\">automatizar lo automatizable y personalizar lo personalizable<\/strong>, para hacer de tu contabilidad un aut\u00e9ntico motor de rendimiento. <\/p>\t\t\t\t\t\t\t\t<\/div>\n\t\t\t\t<\/div>\n\t\t\t\t\t<\/div>\n\t\t\t\t<\/div>\n\t\t<div class=\"elementor-element elementor-element-69d584f e-flex e-con-boxed wpr-particle-no wpr-jarallax-no wpr-parallax-no wpr-sticky-section-no e-con e-parent\" data-id=\"69d584f\" data-element_type=\"container\" data-e-type=\"container\">\n\t\t\t\t\t<div class=\"e-con-inner\">\n\t\t\t\t<div class=\"elementor-element elementor-element-de45304 elementor-widget elementor-widget-heading\" data-id=\"de45304\" data-element_type=\"widget\" data-e-type=\"widget\" data-widget_type=\"heading.default\">\n\t\t\t\t<div class=\"elementor-widget-container\">\n\t\t\t\t\t<h2 class=\"elementor-heading-title elementor-size-default\">Principales activos de Dougs  <\/h2>\t\t\t\t<\/div>\n\t\t\t\t<\/div>\n\t\t\t\t<div class=\"elementor-element elementor-element-fcc855f elementor-widget elementor-widget-text-editor\" data-id=\"fcc855f\" data-element_type=\"widget\" data-e-type=\"widget\" data-widget_type=\"text-editor.default\">\n\t\t\t\t<div class=\"elementor-widget-container\">\n\t\t\t\t\t\t\t\t\t<p>Dougs ofrece una <strong>gama completa de funciones<\/strong> para gestionar f\u00e1cilmente todos los aspectos contables y financieros de una empresa:<\/p><p data-pm-slice=\"0 0 []\"><b>Gesti\u00f3n automatizada de facturas y dispositivos:<\/b> <span style=\"background-color: transparent; text-align: var(--text-align); color: var( --e-global-color-text ); letter-spacing: 0px;\">Crea, personaliza y env\u00eda tus <\/span><strong style=\"background-color: transparent; text-align: var(--text-align); color: var( --e-global-color-text ); letter-spacing: 0px;\">presupuestos y facturas<\/strong><span style=\"background-color: transparent; text-align: var(--text-align); color: var( --e-global-color-text ); letter-spacing: 0px;\"> en unos pocos clics. <\/span><span style=\"background-color: transparent; text-align: var(--text-align); color: var( --e-global-color-text ); letter-spacing: 0px;\">Controla f\u00e1cilmente los pagos y realiza el seguimiento con tus clientes directamente desde la interfaz.<\/span><\/p><p data-pm-slice=\"0 0 []\"><b>Sincronizaci\u00f3n bancaria:<\/b> Conecta tus cuentas bancarias para automatizar la integraci\u00f3n de transacciones. <strong>Se acab\u00f3 la conciliaci\u00f3n manual<\/strong>, Dougs se encarga de ello por ti.<\/p><p data-pm-slice=\"0 0 []\"><b>Declaraciones fiscales simplificadas:<\/b> Dougs automatiza tus declaraciones de IVA, impuesto de sociedades y otros impuestos, generando documentos conformes a partir de tus datos.<\/p><p data-pm-slice=\"0 0 []\"><b>Cuadro de mando financiero en tiempo real:<\/b> <span style=\"background-color: transparent; text-align: var(--text-align); color: var( --e-global-color-text ); letter-spacing: 0px;\">Consulta tus ingresos, gastos y flujo de caja de un vistazo. <\/span><span style=\"background-color: transparent; text-align: var(--text-align); color: var( --e-global-color-text ); letter-spacing: 0px;\">Toma decisiones informadas gracias a <\/span><strong style=\"background-color: transparent; text-align: var(--text-align); color: var( --e-global-color-text ); letter-spacing: 0px;\">indicadores financieros claros y precisos<\/strong><span style=\"background-color: transparent; text-align: var(--text-align); color: var( --e-global-color-text ); letter-spacing: 0px;\"> .<\/span><\/p><p data-pm-slice=\"0 0 []\"><b>Experiencia contable al alcance de tu mano:<\/b> <span style=\"background-color: transparent; text-align: var(--text-align); color: var( --e-global-color-text ); letter-spacing: 0px;\">Acceso a expertos contables para responder a tus preguntas y gestionar asuntos complejos. <\/span><span style=\"background-color: transparent; text-align: var(--text-align); color: var( --e-global-color-text ); letter-spacing: 0px;\">Recibe asesoramiento personalizado para optimizar tus finanzas.<\/span><\/p>\t\t\t\t\t\t\t\t<\/div>\n\t\t\t\t<\/div>\n\t\t\t\t<div class=\"elementor-element elementor-element-0ad5121 elementor-widget elementor-widget-heading\" data-id=\"0ad5121\" data-element_type=\"widget\" data-e-type=\"widget\" data-widget_type=\"heading.default\">\n\t\t\t\t<div class=\"elementor-widget-container\">\n\t\t\t\t\t<h2 class=\"elementor-heading-title elementor-size-default\">\u00bfCu\u00e1les son las ventajas de utilizar Dougs?<\/h2>\t\t\t\t<\/div>\n\t\t\t\t<\/div>\n\t\t\t\t<div class=\"elementor-element elementor-element-31c356b elementor-widget elementor-widget-text-editor\" data-id=\"31c356b\" data-element_type=\"widget\" data-e-type=\"widget\" data-widget_type=\"text-editor.default\">\n\t\t\t\t<div class=\"elementor-widget-container\">\n\t\t\t\t\t\t\t\t\t<p data-pm-slice=\"0 0 []\"><b>Una soluci\u00f3n rentable: <\/b>Dougs ofrece <strong>tarifas competitivas<\/strong>, a menudo muy por debajo de las de las empresas de contabilidad tradicionales, sin comprometer la calidad.<\/p><p data-pm-slice=\"0 0 []\"><b>Considerable ahorro de tiempo:<\/b> Con sus funciones automatizadas, Dougs te permite <strong>reducir el tiempo dedicado a la contabilidad<\/strong>, para que puedas concentrarte en desarrollar tu negocio.<\/p><p data-pm-slice=\"0 0 []\"><b>Accesibilidad 100% online:<\/b> como soluci\u00f3n en la nube, se puede acceder a Dougs desde cualquier lugar, en cualquier dispositivo conectado a Internet.<\/p><p data-pm-slice=\"0 0 []\"><b>Interfaz intuitiva:<\/b> No necesitas ser un experto en contabilidad: la interfaz est\u00e1 dise\u00f1ada para ser <strong>sencilla y clara<\/strong>, incluso para los usuarios principiantes.<\/p><p data-pm-slice=\"0 0 []\"><b>Apoyo humano: <\/b>Si lo necesitas, puedes contar con un equipo de censores jurados de cuentas dedicados para responder a tus preguntas y garantizar una gesti\u00f3n \u00f3ptima.<\/p><p data-pm-slice=\"0 0 []\"><b>Mayor seguridad:<\/b> Dougs garantiza la <strong>confidencialidad y protecci\u00f3n de tus datos<\/strong>, con un almacenamiento seguro y copias de seguridad peri\u00f3dicas.<\/p>\t\t\t\t\t\t\t\t<\/div>\n\t\t\t\t<\/div>\n\t\t\t\t<div class=\"elementor-element elementor-element-5231cb1 elementor-widget elementor-widget-heading\" data-id=\"5231cb1\" data-element_type=\"widget\" data-e-type=\"widget\" data-widget_type=\"heading.default\">\n\t\t\t\t<div class=\"elementor-widget-container\">\n\t\t\t\t\t<h2 class=\"elementor-heading-title elementor-size-default\">\u00bfQu\u00e9 tipo de empresa puede beneficiarse de los servicios de Dougs?<\/h2>\t\t\t\t<\/div>\n\t\t\t\t<\/div>\n\t\t\t\t<div class=\"elementor-element elementor-element-90a001b elementor-widget elementor-widget-text-editor\" data-id=\"90a001b\" data-element_type=\"widget\" data-e-type=\"widget\" data-widget_type=\"text-editor.default\">\n\t\t\t\t<div class=\"elementor-widget-container\">\n\t\t\t\t\t\t\t\t\t<p><span>Dougs atiende a una amplia variedad de empresas, desde los <\/span><strong><span>aut\u00f3nomos<\/span><\/strong><span> a <\/span><strong><span>peque\u00f1as y medianas empresas (PYME)<\/span><\/strong><span> as\u00ed como <\/span><strong><span>nuevas empresas<\/span><\/strong><span> y <\/span><strong><span>empresarios aut\u00f3nomos<\/span><\/strong><span>  . En  <\/span><strong><span>profesiones liberales<\/span><\/strong><span> aut\u00f3nomos <\/span><strong><span>artesanos<\/span><\/strong><span> el <\/span><strong><span>comerciantes<\/span><\/strong><span> y los <\/span><strong><span>aut\u00f3nomos<\/span><\/strong><span>  tambi\u00e9n pueden beneficiarse de sus servicios. Tanto si eres   <\/span><strong><span>EURL<\/span><\/strong><span> , <\/span><strong><span>SASU<\/span><\/strong><span> , <\/span><strong><span>SARL<\/span><\/strong><span> o <\/span><strong><span>microempresa<\/span><\/strong><span>  Dougs ofrece soluciones adaptadas a tus necesidades espec\u00edficas, como contabilidad, gesti\u00f3n de n\u00f3minas, declaraci\u00f3n de impuestos y asesoramiento financiero. Con su enfoque digital y su asistencia personalizada, Dougs es ideal para los empresarios que buscan una gesti\u00f3n contable moderna, eficaz y accesible a distancia. <\/span><\/p>\t\t\t\t\t\t\t\t<\/div>\n\t\t\t\t<\/div>\n\t\t\t\t<div class=\"elementor-element elementor-element-f2221ad elementor-widget elementor-widget-heading\" data-id=\"f2221ad\" data-element_type=\"widget\" data-e-type=\"widget\" data-widget_type=\"heading.default\">\n\t\t\t\t<div class=\"elementor-widget-container\">\n\t\t\t\t\t<h2 class=\"elementor-heading-title elementor-size-default\">\u00bfC\u00f3mo facilita Dougs la gesti\u00f3n contable a los empresarios?<\/h2>\t\t\t\t<\/div>\n\t\t\t\t<\/div>\n\t\t\t\t<div class=\"elementor-element elementor-element-cf6177b elementor-widget elementor-widget-text-editor\" data-id=\"cf6177b\" data-element_type=\"widget\" data-e-type=\"widget\" data-widget_type=\"text-editor.default\">\n\t\t\t\t<div class=\"elementor-widget-container\">\n\t\t\t\t\t\t\t\t\t<p data-pm-slice=\"0 0 []\"><b>Automatizaci\u00f3n de tareas:<\/b> Dougs reduce las tareas repetitivas, como registrar transacciones o crear declaraciones de impuestos, ahorrando a los empresarios un tiempo valioso.<\/p>\n<p data-pm-slice=\"0 0 []\"><b>Control financiero en tiempo real:<\/b> las herramientas de informaci\u00f3n y un panel de control intuitivo te dan una visi\u00f3n general de tus finanzas, ayud\u00e1ndote a <strong>tomar decisiones estrat\u00e9gicas<\/strong>.<\/p>\n<p data-pm-slice=\"0 0 []\"><b>Gesti\u00f3n simplificada de las obligaciones fiscales: <\/b>Con Dougs, las declaraciones fiscales se generan autom\u00e1ticamente y se presentan a tiempo, eliminando cualquier riesgo de retrasos o sanciones.<\/p>\n<p><b>Asistencia personalizada: <\/b>los censores jurados de cuentas de Dougs est\u00e1n a tu disposici\u00f3n para responder a tus preguntas y ayudarte a navegar por las complejidades de la contabilidad y la fiscalidad.<\/p>\n<p data-pm-slice=\"0 0 []\"><b>Optimizar tus finanzas:<\/b> Adem\u00e1s de gestionar tus cuentas, Dougs puede ayudarte a <strong>identificar oportunidades de ahorro fiscal<\/strong> y a maximizar tus recursos.<\/p>\t\t\t\t\t\t\t\t<\/div>\n\t\t\t\t<\/div>\n\t\t\t\t\t<\/div>\n\t\t\t\t<\/div>\n\t\t\t\t<\/div>\n\t\t","protected":false},"excerpt":{"rendered":"<p>Dougs es una innovadora plataforma de contabilidad online dedicada a emprendedores y peque\u00f1as empresas. Combina herramientas tecnol\u00f3gicas avanzadas con la experiencia de contables profesionales para ofrecer un servicio de contabilidad completo y simplificado. <\/p>\n<ul>\n<li>Gesti\u00f3n contable completa<\/li>\n<li>Informes financieros<\/li>\n<li>Accesibilidad e integraci\u00f3n<\/li>\n<li>Seguridad de los datos<\/li>\n<\/ul>\n","protected":false},"featured_media":31391,"comment_status":"open","ping_status":"closed","template":"","meta":{"_acf_changed":false,"_glsr_average":0,"_glsr_ranking":0,"_glsr_reviews":0},"product_brand":[],"product_cat":[4409],"product_tag":[],"class_list":{"0":"post-31106","1":"product","2":"type-product","3":"status-publish","4":"has-post-thumbnail","6":"product_cat-software-de-contabilidad","8":"first","9":"instock","10":"shipping-taxable","11":"product-type-external"},"acf":[],"_links":{"self":[{"href":"https:\/\/boostgrowb.com\/es\/wp-json\/wp\/v2\/product\/31106","targetHints":{"allow":["GET"]}}],"collection":[{"href":"https:\/\/boostgrowb.com\/es\/wp-json\/wp\/v2\/product"}],"about":[{"href":"https:\/\/boostgrowb.com\/es\/wp-json\/wp\/v2\/types\/product"}],"replies":[{"embeddable":true,"href":"https:\/\/boostgrowb.com\/es\/wp-json\/wp\/v2\/comments?post=31106"}],"version-history":[{"count":0,"href":"https:\/\/boostgrowb.com\/es\/wp-json\/wp\/v2\/product\/31106\/revisions"}],"wp:featuredmedia":[{"embeddable":true,"href":"https:\/\/boostgrowb.com\/es\/wp-json\/wp\/v2\/media\/31391"}],"wp:attachment":[{"href":"https:\/\/boostgrowb.com\/es\/wp-json\/wp\/v2\/media?parent=31106"}],"wp:term":[{"taxonomy":"product_brand","embeddable":true,"href":"https:\/\/boostgrowb.com\/es\/wp-json\/wp\/v2\/product_brand?post=31106"},{"taxonomy":"product_cat","embeddable":true,"href":"https:\/\/boostgrowb.com\/es\/wp-json\/wp\/v2\/product_cat?post=31106"},{"taxonomy":"product_tag","embeddable":true,"href":"https:\/\/boostgrowb.com\/es\/wp-json\/wp\/v2\/product_tag?post=31106"}],"curies":[{"name":"wp","href":"https:\/\/api.w.org\/{rel}","templated":true}]}}