{"id":31107,"date":"2024-06-07T14:00:11","date_gmt":"2024-06-07T14:00:11","guid":{"rendered":"https:\/\/boostgrowb.com\/software\/siteground\/"},"modified":"2026-04-12T03:57:01","modified_gmt":"2026-04-12T03:57:01","slug":"siteground","status":"publish","type":"product","link":"https:\/\/boostgrowb.com\/es\/software\/siteground\/","title":{"rendered":"Siteground"},"content":{"rendered":"\t\t<div data-elementor-type=\"product-post\" data-elementor-id=\"31107\" class=\"elementor elementor-31107 elementor-1108\" data-elementor-post-type=\"product\">\n\t\t\t\t<div class=\"elementor-element elementor-element-7509f47 e-flex e-con-boxed wpr-particle-no wpr-jarallax-no wpr-parallax-no wpr-sticky-section-no e-con e-parent\" data-id=\"7509f47\" data-element_type=\"container\" data-e-type=\"container\">\n\t\t\t\t\t<div class=\"e-con-inner\">\n\t\t\t\t<div class=\"elementor-element elementor-element-1d91e51 elementor-widget elementor-widget-heading\" data-id=\"1d91e51\" data-element_type=\"widget\" data-e-type=\"widget\" data-widget_type=\"heading.default\">\n\t\t\t\t<div class=\"elementor-widget-container\">\n\t\t\t\t\t<h2 class=\"elementor-heading-title elementor-size-default\">\u00bfQu\u00e9 es SiteGround?<\/h2>\t\t\t\t<\/div>\n\t\t\t\t<\/div>\n\t\t\t\t\t<\/div>\n\t\t\t\t<\/div>\n\t\t<div class=\"elementor-element elementor-element-1d2d88e e-flex e-con-boxed wpr-particle-no wpr-jarallax-no wpr-parallax-no wpr-sticky-section-no e-con e-parent\" data-id=\"1d2d88e\" data-element_type=\"container\" data-e-type=\"container\">\n\t\t\t\t\t<div class=\"e-con-inner\">\n\t\t\t\t<div class=\"elementor-element elementor-element-4176c8a elementor-widget elementor-widget-text-editor\" data-id=\"4176c8a\" data-element_type=\"widget\" data-e-type=\"widget\" data-widget_type=\"text-editor.default\">\n\t\t\t\t<div class=\"elementor-widget-container\">\n\t\t\t\t\t\t\t\t\t<p class=\"\" data-start=\"248\" data-end=\"864\"><strong data-start=\"248\" data-end=\"477\">SiteGround es un alojamiento web premium famoso por su fiabilidad, velocidad y excepcional servicio de atenci\u00f3n al cliente, ideal para emprendedores digitales, blogueros exigentes y sitios de comercio electr\u00f3nico que buscan rendimiento.<\/strong>  Construido sobre una infraestructura robusta y optimizada, SiteGround ofrece una experiencia de alojamiento fluida y de alto rendimiento, con servidores ultrarr\u00e1pidos, seguridad mejorada y compatibilidad perfecta con WordPress. Tanto si est\u00e1s creando un blog personal, un sitio de exposici\u00f3n o una tienda online, te beneficiar\u00e1s de una s\u00f3lida base t\u00e9cnica dise\u00f1ada para respaldar tu crecimiento. <\/p><p class=\"\" data-start=\"866\" data-end=\"1434\"><strong data-start=\"866\" data-end=\"960\">Uno de los mayores activos de SiteGround es su entorno optimizado para WordPress<\/strong>, con almacenamiento en cach\u00e9 avanzado, CDN integrado, actualizaciones autom\u00e1ticas y gesti\u00f3n simplificada a trav\u00e9s de un panel de control intuitivo. Este enfoque garantiza tiempos de carga ultrarr\u00e1pidos, un factor clave para <strong data-start=\"1175\" data-end=\"1206\">la optimizaci\u00f3n natural de los motores de b\u00fasqueda (SEO)<\/strong> y la experiencia del usuario. Al mismo tiempo, la seguridad est\u00e1 garantizada por herramientas antimalware patentadas, supervisi\u00f3n proactiva 24\/7 y copias de seguridad diarias, lo que te da total tranquilidad.  <\/p><p class=\"\" data-start=\"1436\" data-end=\"1871\"><strong data-start=\"1436\" data-end=\"1576\">Con un soporte t\u00e9cnico ultrarreactivo, un rendimiento constante y una interfaz dise\u00f1ada<\/strong> tanto <strong data-start=\"1436\" data-end=\"1576\">para profesionales como para principiantes<\/strong>, SiteGround es un socio de alojamiento estrat\u00e9gico para cualquiera que quiera ir m\u00e1s all\u00e1 de un simple alojamiento web. Al elegir SiteGround, est\u00e1s optando por un servicio que impulsa tus proyectos web con fiabilidad, rendimiento y atenci\u00f3n continua a la optimizaci\u00f3n SEO. <\/p>\t\t\t\t\t\t\t\t<\/div>\n\t\t\t\t<\/div>\n\t\t\t\t\t<\/div>\n\t\t\t\t<\/div>\n\t\t<div class=\"elementor-element elementor-element-257b06e e-flex e-con-boxed wpr-particle-no wpr-jarallax-no wpr-parallax-no wpr-sticky-section-no e-con e-parent\" data-id=\"257b06e\" data-element_type=\"container\" data-e-type=\"container\">\n\t\t\t\t\t<div class=\"e-con-inner\">\n\t\t\t\t<div class=\"elementor-element elementor-element-5749967 elementor-widget elementor-widget-heading\" data-id=\"5749967\" data-element_type=\"widget\" data-e-type=\"widget\" data-widget_type=\"heading.default\">\n\t\t\t\t<div class=\"elementor-widget-container\">\n\t\t\t\t\t<h2 class=\"elementor-heading-title elementor-size-default\">Caracter\u00edsticas principales de SiteGround<\/h2>\t\t\t\t<\/div>\n\t\t\t\t<\/div>\n\t\t\t\t<div class=\"elementor-element elementor-element-7041d18 elementor-widget elementor-widget-text-editor\" data-id=\"7041d18\" data-element_type=\"widget\" data-e-type=\"widget\" data-widget_type=\"text-editor.default\">\n\t\t\t\t<div class=\"elementor-widget-container\">\n\t\t\t\t\t\t\t\t\t<ul>\n<li><b>Rendimiento y velocidad de carga:<\/b> SiteGround utiliza la infraestructura de Google Cloud para garantizar tiempos de carga ultrarr\u00e1pidos y alta disponibilidad. Gracias a la integraci\u00f3n nativa de <strong data-start=\"414\" data-end=\"429\">SuperCacher<\/strong> (cach\u00e9 din\u00e1mica), la <strong data-start=\"452\" data-end=\"470\">CDN<\/strong> gratuita <strong data-start=\"452\" data-end=\"470\">Cloudflare<\/strong> y servidores 100% SSD, tus p\u00e1ginas se muestran en un abrir y cerrar de ojos, mejorando tu <strong data-start=\"569\" data-end=\"604\">SEO y la experiencia del usuario<\/strong>. Tambi\u00e9n puedes elegir tu <strong data-start=\"638\" data-end=\"653\">versi\u00f3n de PHP<\/strong> para aumentar a\u00fan m\u00e1s el rendimiento de tu sitio.  <\/li><\/ul><div><br><\/div><ul>\n<li data-pm-slice=\"0 0 []\"><b>Gesti\u00f3n simplificada y herramientas profesionales : <\/b><span style=\"text-align: var(--text-align); color: var( --e-global-color-text ); background-color: var( --e-global-color-ca921c0 ); letter-spacing: 0px;\">SiteGround te ofrece <\/span><strong style=\"text-align: var(--text-align); color: var( --e-global-color-text ); background-color: var( --e-global-color-ca921c0 ); letter-spacing: 0px;\" data-start=\"1217\" data-end=\"1231\">Herramientas del sitio<\/strong><span style=\"text-align: var(--text-align); color: var( --e-global-color-text ); background-color: var( --e-global-color-ca921c0 ); letter-spacing: 0px;\">cPanel, una interfaz propia e intuitiva que sustituye a cPanel y ofrece una gesti\u00f3n perfecta de tus sitios, correos electr\u00f3nicos, dominios, archivos y bases de datos. Instalar CMS como WordPress o Joomla est\u00e1 a s\u00f3lo 1 clic, al igual que el   <\/span><strong style=\"text-align: var(--text-align); color: var( --e-global-color-text ); background-color: var( --e-global-color-ca921c0 ); letter-spacing: 0px;\" data-start=\"1462\" data-end=\"1473\">puesta en escena<\/strong><span style=\"text-align: var(--text-align); color: var( --e-global-color-text ); background-color: var( --e-global-color-ca921c0 ); letter-spacing: 0px;\">  para probar tus cambios con total seguridad. Tambi\u00e9n te beneficiar\u00e1s de   <\/span><strong style=\"text-align: var(--text-align); color: var( --e-global-color-text ); background-color: var( --e-global-color-ca921c0 ); letter-spacing: 0px;\" data-start=\"1549\" data-end=\"1571\">migraci\u00f3n gratuita<\/strong><span style=\"text-align: var(--text-align); color: var( --e-global-color-text ); background-color: var( --e-global-color-ca921c0 ); letter-spacing: 0px;\"> y<\/span><strong style=\"text-align: var(--text-align); color: var( --e-global-color-text ); background-color: var( --e-global-color-ca921c0 ); letter-spacing: 0px;\" data-start=\"1577\" data-end=\"1609\">correos electr\u00f3nicos profesionales incluidos<\/strong><span style=\"text-align: var(--text-align); color: var( --e-global-color-text ); background-color: var( --e-global-color-ca921c0 ); letter-spacing: 0px;\">.<\/span><\/li><\/ul><div><br><\/div><ul>\n<li data-pm-slice=\"0 0 []\"><b>Seguridad mejorada: <\/b><span style=\"text-align: var(--text-align); color: var( --e-global-color-text ); background-color: var( --e-global-color-ca921c0 ); letter-spacing: 0px;\">La plataforma da prioridad a la seguridad con un <\/span><strong style=\"text-align: var(--text-align); color: var( --e-global-color-text ); background-color: var( --e-global-color-ca921c0 ); letter-spacing: 0px;\" data-start=\"818\" data-end=\"854\">cortafuegos de aplicaciones personalizado<\/strong><span style=\"text-align: var(--text-align); color: var( --e-global-color-text ); background-color: var( --e-global-color-ca921c0 ); letter-spacing: 0px;\">aplicaci\u00f3n <\/span><strong style=\"text-align: var(--text-align); color: var( --e-global-color-text ); background-color: var( --e-global-color-ca921c0 ); letter-spacing: 0px;\" data-start=\"859\" data-end=\"885\">anti-bot basado en IA<\/strong><span style=\"text-align: var(--text-align); color: var( --e-global-color-text ); background-color: var( --e-global-color-ca921c0 ); letter-spacing: 0px;\">basado en <\/span><strong style=\"text-align: var(--text-align); color: var( --e-global-color-text ); background-color: var( --e-global-color-ca921c0 ); letter-spacing: 0px;\" data-start=\"891\" data-end=\"915\">protecci\u00f3n anti-DDoS<\/strong><span style=\"text-align: var(--text-align); color: var( --e-global-color-text ); background-color: var( --e-global-color-ca921c0 ); letter-spacing: 0px;\">protecci\u00f3n <\/span><strong style=\"text-align: var(--text-align); color: var( --e-global-color-text ); background-color: var( --e-global-color-ca921c0 ); letter-spacing: 0px;\" data-start=\"921\" data-end=\"957\">entornos aislados de cuentas<\/strong><span style=\"text-align: var(--text-align); color: var( --e-global-color-text ); background-color: var( --e-global-color-ca921c0 ); letter-spacing: 0px;\">entornos <\/span><strong style=\"text-align: var(--text-align); color: var( --e-global-color-text ); background-color: var( --e-global-color-ca921c0 ); letter-spacing: 0px;\" data-start=\"966\" data-end=\"1007\">copias de seguridad autom\u00e1ticas diarias<\/strong><span style=\"text-align: var(--text-align); color: var( --e-global-color-text ); background-color: var( --e-global-color-ca921c0 ); letter-spacing: 0px;\">  (historial de hasta 30 d\u00edas). Un sistema de monitorizaci\u00f3n en tiempo real protege tu sitio 24\/7 contra amenazas conocidas y emergentes. <\/span><\/li><\/ul><div><br><\/div><ul>\n<li data-pm-slice=\"0 0 []\"><b>Cloud Hosting y Servidores Dedicados :<\/b>&nbsp;<span style=\"text-align: var(--text-align); color: var( --e-global-color-text ); background-color: var( --e-global-color-ca921c0 ); letter-spacing: 0px;\">Adem\u00e1s del alojamiento compartido, SiteGround ofrece<\/span><strong style=\"text-align: var(--text-align); color: var( --e-global-color-text ); background-color: var( --e-global-color-ca921c0 ); letter-spacing: 0px;\">alojamiento en la nube<\/strong><span style=\"text-align: var(--text-align); color: var( --e-global-color-text ); background-color: var( --e-global-color-ca921c0 ); letter-spacing: 0px;\"> y <\/span><strong style=\"text-align: var(--text-align); color: var( --e-global-color-text ); background-color: var( --e-global-color-ca921c0 ); letter-spacing: 0px;\">servidores dedicados<\/strong><span style=\"text-align: var(--text-align); color: var( --e-global-color-text ); background-color: var( --e-global-color-ca921c0 ); letter-spacing: 0px;\">  para sitios de alto tr\u00e1fico o aplicaciones de misi\u00f3n cr\u00edtica. Estas opciones ofrecen escalabilidad, recursos dedicados y un rendimiento \u00f3ptimo para satisfacer las necesidades de los sitios en crecimiento. <\/span><\/li><\/ul><div><br><\/div><ul>\n<li data-pm-slice=\"1 1 []\"><strong>Atenci\u00f3n al cliente receptiva:<\/strong> <strong data-start=\"2054\" data-end=\"2089\">el servicio de asistencia t\u00e9cnica de SiteGround<\/strong> es uno de los mejores del mercado: asistencia 24 horas al d\u00eda, 7 d\u00edas a la semana, por <strong data-start=\"2145\" data-end=\"2174\">chat, tel\u00e9fono o ticket<\/strong>, gestionada por expertos cualificados en WordPress. A\u00f1ade a esto una <strong data-start=\"2237\" data-end=\"2264\">garant\u00eda de tiempo de actividad del 99,9%<\/strong>, y tendr\u00e1s un paquete de alojamiento dise\u00f1ado para ofrecerte <strong data-start=\"2320\" data-end=\"2363\">tranquilidad, rendimiento y asistencia<\/strong> en cada etapa de tu crecimiento digital. <\/li>\n<\/ul>\t\t\t\t\t\t\t\t<\/div>\n\t\t\t\t<\/div>\n\t\t\t\t\t<\/div>\n\t\t\t\t<\/div>\n\t\t<div class=\"elementor-element elementor-element-06a1079 e-flex e-con-boxed wpr-particle-no wpr-jarallax-no wpr-parallax-no wpr-sticky-section-no e-con e-parent\" data-id=\"06a1079\" data-element_type=\"container\" data-e-type=\"container\">\n\t\t\t\t\t<div class=\"e-con-inner\">\n\t\t\t\t<div class=\"elementor-element elementor-element-dc616cd elementor-widget elementor-widget-heading\" data-id=\"dc616cd\" data-element_type=\"widget\" data-e-type=\"widget\" data-widget_type=\"heading.default\">\n\t\t\t\t<div class=\"elementor-widget-container\">\n\t\t\t\t\t<h2 class=\"elementor-heading-title elementor-size-default\">  Ideal para empresarios y propietarios de sitios WordPress<\/h2>\t\t\t\t<\/div>\n\t\t\t\t<\/div>\n\t\t\t\t\t<\/div>\n\t\t\t\t<\/div>\n\t\t<div class=\"elementor-element elementor-element-e27633d e-flex e-con-boxed wpr-particle-no wpr-jarallax-no wpr-parallax-no wpr-sticky-section-no e-con e-parent\" data-id=\"e27633d\" data-element_type=\"container\" data-e-type=\"container\">\n\t\t\t\t\t<div class=\"e-con-inner\">\n\t\t\t\t<div class=\"elementor-element elementor-element-8e88a69 elementor-widget elementor-widget-text-editor\" data-id=\"8e88a69\" data-element_type=\"widget\" data-e-type=\"widget\" data-widget_type=\"text-editor.default\">\n\t\t\t\t<div class=\"elementor-widget-container\">\n\t\t\t\t\t\t\t\t\t<p><strong><span>SiteGround<\/span><\/strong><span>  es ideal para  <\/span><strong><span>contratistas<\/span><\/strong><span>  el  <\/span><strong><span>Comerciantes electr\u00f3nicos<\/span><\/strong><span>  el  <\/span><strong><span>blogueros<\/span><\/strong><span>  y  <\/span><strong><span>PYME<\/span><\/strong><span>  buscando alojamiento  <\/span><strong><span>fiable<\/span><\/strong><span>  ,  <\/span><strong><span>r\u00e1pido<\/span><\/strong><span>  y seguro. Tanto si est\u00e1s lanzando un nuevo proyecto como si ya tienes un sitio con mucho tr\u00e1fico,   <\/span><strong><span>SiteGround<\/span><\/strong><span> ofrece soluciones adaptadas a tus necesidades, con funciones espec\u00edficamente dise\u00f1adas para mejorar <\/span><strong><span>el rendimiento<\/span><\/strong><span> y <\/span><strong><span>seguridad<\/span><\/strong><span> de tu sitio web.<\/span><\/p>\t\t\t\t\t\t\t\t<\/div>\n\t\t\t\t<\/div>\n\t\t\t\t\t<\/div>\n\t\t\t\t<\/div>\n\t\t\t\t<\/div>\n\t\t","protected":false},"excerpt":{"rendered":"<p>SiteGround es un proveedor de alojamiento web de gama alta, famoso por su fiabilidad, velocidad y la calidad de su servicio de atenci\u00f3n al cliente, perfectamente adaptado a emprendedores digitales, blogueros ambiciosos y sitios de comercio electr\u00f3nico que requieren un rendimiento \u00f3ptimo.<\/p>\n<ul>\n<li>Optimizador de SiteGround<\/li>\n<li>Gesti\u00f3n multisitio<\/li>\n<li>Seguridad mejorada<\/li>\n<li>Rendimiento optimizado<\/li>\n<\/ul>\n","protected":false},"featured_media":30338,"comment_status":"open","ping_status":"closed","template":"","meta":{"_acf_changed":false,"_glsr_average":0,"_glsr_ranking":0,"_glsr_reviews":0},"product_brand":[],"product_cat":[3072],"product_tag":[],"class_list":{"0":"post-31107","1":"product","2":"type-product","3":"status-publish","4":"has-post-thumbnail","6":"product_cat-alojamiento-web","8":"first","9":"instock","10":"shipping-taxable","11":"product-type-external"},"acf":[],"_links":{"self":[{"href":"https:\/\/boostgrowb.com\/es\/wp-json\/wp\/v2\/product\/31107","targetHints":{"allow":["GET"]}}],"collection":[{"href":"https:\/\/boostgrowb.com\/es\/wp-json\/wp\/v2\/product"}],"about":[{"href":"https:\/\/boostgrowb.com\/es\/wp-json\/wp\/v2\/types\/product"}],"replies":[{"embeddable":true,"href":"https:\/\/boostgrowb.com\/es\/wp-json\/wp\/v2\/comments?post=31107"}],"version-history":[{"count":0,"href":"https:\/\/boostgrowb.com\/es\/wp-json\/wp\/v2\/product\/31107\/revisions"}],"wp:featuredmedia":[{"embeddable":true,"href":"https:\/\/boostgrowb.com\/es\/wp-json\/wp\/v2\/media\/30338"}],"wp:attachment":[{"href":"https:\/\/boostgrowb.com\/es\/wp-json\/wp\/v2\/media?parent=31107"}],"wp:term":[{"taxonomy":"product_brand","embeddable":true,"href":"https:\/\/boostgrowb.com\/es\/wp-json\/wp\/v2\/product_brand?post=31107"},{"taxonomy":"product_cat","embeddable":true,"href":"https:\/\/boostgrowb.com\/es\/wp-json\/wp\/v2\/product_cat?post=31107"},{"taxonomy":"product_tag","embeddable":true,"href":"https:\/\/boostgrowb.com\/es\/wp-json\/wp\/v2\/product_tag?post=31107"}],"curies":[{"name":"wp","href":"https:\/\/api.w.org\/{rel}","templated":true}]}}