{"id":31113,"date":"2024-06-10T23:20:11","date_gmt":"2024-06-10T23:20:11","guid":{"rendered":"https:\/\/boostgrowb.com\/software\/lugar-legal\/"},"modified":"2026-02-14T14:02:54","modified_gmt":"2026-02-14T14:02:54","slug":"lugar-legal","status":"publish","type":"product","link":"https:\/\/boostgrowb.com\/es\/software\/lugar-legal\/","title":{"rendered":"Lugar legal"},"content":{"rendered":"\t\t<div data-elementor-type=\"product-post\" data-elementor-id=\"31113\" class=\"elementor elementor-31113 elementor-1474\" data-elementor-post-type=\"product\">\n\t\t\t\t<div class=\"elementor-element elementor-element-aefe83c e-flex e-con-boxed wpr-particle-no wpr-jarallax-no wpr-parallax-no wpr-sticky-section-no e-con e-parent\" data-id=\"aefe83c\" data-element_type=\"container\" data-e-type=\"container\">\n\t\t\t\t\t<div class=\"e-con-inner\">\n\t\t\t\t<div class=\"elementor-element elementor-element-1a8111f elementor-widget elementor-widget-heading\" data-id=\"1a8111f\" data-element_type=\"widget\" data-e-type=\"widget\" data-widget_type=\"heading.default\">\n\t\t\t\t<div class=\"elementor-widget-container\">\n\t\t\t\t\t<h2 class=\"elementor-heading-title elementor-size-default\">\u00bfQu\u00e9 es LegalPlace?<\/h2>\t\t\t\t<\/div>\n\t\t\t\t<\/div>\n\t\t\t\t<div class=\"elementor-element elementor-element-a6de848 elementor-widget elementor-widget-text-editor\" data-id=\"a6de848\" data-element_type=\"widget\" data-e-type=\"widget\" data-widget_type=\"text-editor.default\">\n\t\t\t\t<div class=\"elementor-widget-container\">\n\t\t\t\t\t\t\t\t\t<p><strong>LegalPlace<\/strong> es una plataforma online que ofrece soluciones r\u00e1pidas y asequibles para gestionar tus <strong>tr\u00e1mites legales<\/strong>. Tanto si eres <strong>empresario<\/strong>, <strong>aut\u00f3nomo<\/strong> o particular, <strong>LegalPlace<\/strong> te facilita la creaci\u00f3n y gesti\u00f3n de documentos legales, la realizaci\u00f3n de tr\u00e1mites administrativos y la obtenci\u00f3n de asesoramiento jur\u00eddico. Si buscas simplificar la gesti\u00f3n de tus <strong>tr\u00e1mites legales<\/strong>, <strong>LegalPlace<\/strong> es la herramienta que necesitas para liberarte de complejidades administrativas.  <\/p><p><strong>LegalPlace<\/strong> destaca por su <strong>facilidad de uso<\/strong> y su enfoque accesible para todo tipo de trabajos jur\u00eddicos. Tanto si quieres <strong>crear una empresa<\/strong>, <strong>redactar un contrato<\/strong> o gestionar documentos personales como un <strong>contrato de alquiler<\/strong> o <strong>un acuerdo de asociaci\u00f3n<\/strong>, <strong>LegalPlace<\/strong> te ayuda en todo momento con herramientas claras y explicaciones detalladas. En unos pocos clics, puedes generar documentos jur\u00eddicos personalizados que cumplan las normas legales.  <\/p>\t\t\t\t\t\t\t\t<\/div>\n\t\t\t\t<\/div>\n\t\t\t\t<div class=\"elementor-element elementor-element-7240808 elementor-widget elementor-widget-heading\" data-id=\"7240808\" data-element_type=\"widget\" data-e-type=\"widget\" data-widget_type=\"heading.default\">\n\t\t\t\t<div class=\"elementor-widget-container\">\n\t\t\t\t\t<h2 class=\"elementor-heading-title elementor-size-default\">Las principales caracter\u00edsticas de LegalPlace<\/h2>\t\t\t\t<\/div>\n\t\t\t\t<\/div>\n\t\t\t\t<div class=\"elementor-element elementor-element-a3e37c0 elementor-widget elementor-widget-text-editor\" data-id=\"a3e37c0\" data-element_type=\"widget\" data-e-type=\"widget\" data-widget_type=\"text-editor.default\">\n\t\t\t\t<div class=\"elementor-widget-container\">\n\t\t\t\t\t\t\t\t\t<ul><li><strong>Crear una empresa: <\/strong> <strong>LegalPlace<\/strong> hace que <strong>crear una empresa<\/strong> sea f\u00e1cil y r\u00e1pido. Tanto si optas por crear una <strong>SAS<\/strong>, <strong>SASU<\/strong>, <strong>SARL<\/strong> o incluso un <strong>estatuto de aut\u00f3nomo<\/strong>, la plataforma te gu\u00eda a lo largo de todo el proceso, desde la redacci\u00f3n de los <strong>estatutos<\/strong> hasta el registro de tu empresa. <strong>LegalPlace<\/strong> tambi\u00e9n se encarga de todos los tr\u00e1mites con las autoridades competentes, para que puedas poner en marcha tu empresa sin problemas. <\/li><\/ul>\t\t\t\t\t\t\t\t<\/div>\n\t\t\t\t<\/div>\n\t\t\t\t<div class=\"elementor-element elementor-element-fa0aa08 elementor-widget elementor-widget-text-editor\" data-id=\"fa0aa08\" data-element_type=\"widget\" data-e-type=\"widget\" data-widget_type=\"text-editor.default\">\n\t\t\t\t<div class=\"elementor-widget-container\">\n\t\t\t\t\t\t\t\t\t<ul><li> <strong> Gesti\u00f3n contable simplificada<\/strong>: <b>LegalPlace<\/b> tambi\u00e9n ofrece servicios automatizados de contabilidad para empresarios y aut\u00f3nomos. Gracias a un panel de control intuitivo, puedes controlar tus finanzas, editar facturas y generar documentos contables que cumplan con las obligaciones fiscales vigentes. <\/li><\/ul>\t\t\t\t\t\t\t\t<\/div>\n\t\t\t\t<\/div>\n\t\t\t\t<div class=\"elementor-element elementor-element-b259545 elementor-widget elementor-widget-text-editor\" data-id=\"b259545\" data-element_type=\"widget\" data-e-type=\"widget\" data-widget_type=\"text-editor.default\">\n\t\t\t\t<div class=\"elementor-widget-container\">\n\t\t\t\t\t\t\t\t\t<ul><li> <strong>Redacci\u00f3n de contratos<\/strong>: Tanto si necesitas un <strong>contrato de arrendamiento<\/strong> como un <strong>contrato de prestaci\u00f3n de servicios<\/strong> o <strong>unas condiciones generales de venta<\/strong>, <strong>LegalPlace<\/strong> te ofrece plantillas de documentos personalizables online. Estos documentos est\u00e1n redactados por expertos y adaptados a la legislaci\u00f3n vigente, lo que te garantiza contratos que cumplen los requisitos legales. <\/li><\/ul>\t\t\t\t\t\t\t\t<\/div>\n\t\t\t\t<\/div>\n\t\t\t\t<div class=\"elementor-element elementor-element-6c785c9 elementor-widget elementor-widget-text-editor\" data-id=\"6c785c9\" data-element_type=\"widget\" data-e-type=\"widget\" data-widget_type=\"text-editor.default\">\n\t\t\t\t<div class=\"elementor-widget-container\">\n\t\t\t\t\t\t\t\t\t<ul><li><strong>Tr\u00e1mites administrativos<\/strong>: Desde la modificaci\u00f3n de estatutos hasta la gesti\u00f3n de cambios de domicilio, <strong>LegalPlace<\/strong> te ofrece soluciones para todos tus <strong>tr\u00e1mites administrativos<\/strong>. La plataforma centraliza los tr\u00e1mites recurrentes, permiti\u00e9ndote gestionar tu empresa sin complicaciones, al tiempo que cumples con las obligaciones legales. Esta gesti\u00f3n simplificada te ayuda a centrarte en el desarrollo de tu negocio, automatizando los aspectos que m\u00e1s tiempo te consumen.  <\/li><\/ul>\t\t\t\t\t\t\t\t<\/div>\n\t\t\t\t<\/div>\n\t\t\t\t<div class=\"elementor-element elementor-element-615b397 elementor-widget elementor-widget-heading\" data-id=\"615b397\" data-element_type=\"widget\" data-e-type=\"widget\" data-widget_type=\"heading.default\">\n\t\t\t\t<div class=\"elementor-widget-container\">\n\t\t\t\t\t<h2 class=\"elementor-heading-title elementor-size-default\">\u00bfCu\u00e1les son las ventajas de utilizar LegalPlace?<\/h2>\t\t\t\t<\/div>\n\t\t\t\t<\/div>\n\t\t\t\t<div class=\"elementor-element elementor-element-6944f0f elementor-widget elementor-widget-text-editor\" data-id=\"6944f0f\" data-element_type=\"widget\" data-e-type=\"widget\" data-widget_type=\"text-editor.default\">\n\t\t\t\t<div class=\"elementor-widget-container\">\n\t\t\t\t\t\t\t\t\t<ul data-spread=\"false\" data-pm-slice=\"3 1 []\"><li><p><strong>Importante ahorro de tiempo<\/strong>: Gracias a su interfaz intuitiva y a sus procesos automatizados, LegalPlace reduce dr\u00e1sticamente el tiempo necesario para realizar los tr\u00e1mites administrativos. \u00a1Se acabaron las reuniones interminables con las autoridades! <\/p><\/li><li><p><strong>Costes reducidos<\/strong>: Al automatizar una gran parte de las tareas, LegalPlace permite beneficiarse de servicios jur\u00eddicos profesionales a un precio mucho m\u00e1s bajo que los bufetes tradicionales, garantizando al mismo tiempo una calidad impecable.<\/p><\/li><li><p><strong>Servicio llave en mano<\/strong>: LegalPlace se encarga de todos los tr\u00e1mites necesarios, desde la redacci\u00f3n hasta la validaci\u00f3n de los documentos, permitiendo a los usuarios concentrarse en lo importante: su negocio.<\/p><\/li><li><p><strong>Reducci\u00f3n del riesgo de errores<\/strong>: Gracias a los formularios inteligentes y a la orientaci\u00f3n paso a paso, LegalPlace minimiza el riesgo de errores administrativos que podr\u00edan dar lugar a complicaciones legales.<\/p><\/li><li><p><strong>Optimizaci\u00f3n de la contabilidad<\/strong>: Al integrar un servicio de gesti\u00f3n contable, LegalPlace permite a los empresarios centralizar su contabilidad y simplificar la gesti\u00f3n de sus finanzas sin necesidad de recurrir a un experto contable externo.<\/p><\/li><\/ul>\t\t\t\t\t\t\t\t<\/div>\n\t\t\t\t<\/div>\n\t\t\t\t<div class=\"elementor-element elementor-element-2842369 elementor-widget elementor-widget-heading\" data-id=\"2842369\" data-element_type=\"widget\" data-e-type=\"widget\" data-widget_type=\"heading.default\">\n\t\t\t\t<div class=\"elementor-widget-container\">\n\t\t\t\t\t<h2 class=\"elementor-heading-title elementor-size-default\">\u00bfA qui\u00e9n va dirigido LegalPlace?<\/h2>\t\t\t\t<\/div>\n\t\t\t\t<\/div>\n\t\t\t\t<div class=\"elementor-element elementor-element-af0171a elementor-widget elementor-widget-text-editor\" data-id=\"af0171a\" data-element_type=\"widget\" data-e-type=\"widget\" data-widget_type=\"text-editor.default\">\n\t\t\t\t<div class=\"elementor-widget-container\">\n\t\t\t\t\t\t\t\t\t<ul data-spread=\"false\" data-pm-slice=\"3 3 []\"><li><p><strong>Emprendedores y fundadores de empresas<\/strong>: para simplificar la creaci\u00f3n y gesti\u00f3n administrativa de su empresa.<\/p><\/li><li><p><strong>Los aut\u00f3nomos y trabajadores por cuenta propia<\/strong>: buscan asegurar sus contratos y optimizar su gesti\u00f3n administrativa sin perder tiempo.<\/p><\/li><li><p><strong>Propietarios e inquilinos<\/strong>: generan contratos de arrendamiento conformes y gestionan sus obligaciones legales sin errores.<\/p><\/li><li><p><strong>PYMES y VSE<\/strong>: que desean delegar ciertas tareas administrativas para poder concentrarse en su actividad principal.<\/p><\/li><li><p><strong>Particulares<\/strong>: que necesitan documentos jur\u00eddicos fiables sin abogado, como contratos de alquiler o contratos de compraventa.<\/p><\/li><\/ul>\t\t\t\t\t\t\t\t<\/div>\n\t\t\t\t<\/div>\n\t\t\t\t<div class=\"elementor-element elementor-element-84a98b6 elementor-widget elementor-widget-heading\" data-id=\"84a98b6\" data-element_type=\"widget\" data-e-type=\"widget\" data-widget_type=\"heading.default\">\n\t\t\t\t<div class=\"elementor-widget-container\">\n\t\t\t\t\t<h2 class=\"elementor-heading-title elementor-size-default\">Obt\u00e9n asesoramiento experto de forma sencilla<\/h2>\t\t\t\t<\/div>\n\t\t\t\t<\/div>\n\t\t\t\t<div class=\"elementor-element elementor-element-2ba5014 elementor-widget elementor-widget-text-editor\" data-id=\"2ba5014\" data-element_type=\"widget\" data-e-type=\"widget\" data-widget_type=\"text-editor.default\">\n\t\t\t\t<div class=\"elementor-widget-container\">\n\t\t\t\t\t\t\t\t\t<p><strong>LegalPlace<\/strong> no s\u00f3lo proporciona herramientas, sino tambi\u00e9n <strong>apoyo jur\u00eddico personalizado<\/strong> para responder a tus preguntas espec\u00edficas. Puedes consultar a expertos jur\u00eddicos para que te asesoren sobre opciones estrat\u00e9gicas, comprueben la conformidad de tus procedimientos o simplemente te gu\u00eden en tus proyectos. Este apoyo garantiza que puedas tomar decisiones con conocimiento de causa y gestionar tu empresa con tranquilidad.  <\/p>\t\t\t\t\t\t\t\t<\/div>\n\t\t\t\t<\/div>\n\t\t\t\t\t<\/div>\n\t\t\t\t<\/div>\n\t\t\t\t<\/div>\n\t\t","protected":false},"excerpt":{"rendered":"<p>Legal Place es una plataforma online dise\u00f1ada para simplificar y acelerar el proceso de creaci\u00f3n de una empresa, al tiempo que facilita la gesti\u00f3n de los aspectos jur\u00eddicos y contables.<\/p>\n<ul>\n<li>Creaci\u00f3n de empresas m\u00e1s f\u00e1cil<\/li>\n<li>Asesoramiento jur\u00eddico<\/li>\n<li>Gesti\u00f3n contable<\/li>\n<li>Optimizaci\u00f3n de costes<\/li>\n<\/ul>\n","protected":false},"featured_media":31119,"comment_status":"open","ping_status":"closed","template":"","meta":{"_acf_changed":false,"_glsr_average":0,"_glsr_ranking":0,"_glsr_reviews":0},"product_brand":[],"product_cat":[4409],"product_tag":[],"class_list":{"0":"post-31113","1":"product","2":"type-product","3":"status-publish","4":"has-post-thumbnail","6":"product_cat-software-de-contabilidad","8":"first","9":"instock","10":"shipping-taxable","11":"product-type-external"},"acf":[],"_links":{"self":[{"href":"https:\/\/boostgrowb.com\/es\/wp-json\/wp\/v2\/product\/31113","targetHints":{"allow":["GET"]}}],"collection":[{"href":"https:\/\/boostgrowb.com\/es\/wp-json\/wp\/v2\/product"}],"about":[{"href":"https:\/\/boostgrowb.com\/es\/wp-json\/wp\/v2\/types\/product"}],"replies":[{"embeddable":true,"href":"https:\/\/boostgrowb.com\/es\/wp-json\/wp\/v2\/comments?post=31113"}],"version-history":[{"count":0,"href":"https:\/\/boostgrowb.com\/es\/wp-json\/wp\/v2\/product\/31113\/revisions"}],"wp:featuredmedia":[{"embeddable":true,"href":"https:\/\/boostgrowb.com\/es\/wp-json\/wp\/v2\/media\/31119"}],"wp:attachment":[{"href":"https:\/\/boostgrowb.com\/es\/wp-json\/wp\/v2\/media?parent=31113"}],"wp:term":[{"taxonomy":"product_brand","embeddable":true,"href":"https:\/\/boostgrowb.com\/es\/wp-json\/wp\/v2\/product_brand?post=31113"},{"taxonomy":"product_cat","embeddable":true,"href":"https:\/\/boostgrowb.com\/es\/wp-json\/wp\/v2\/product_cat?post=31113"},{"taxonomy":"product_tag","embeddable":true,"href":"https:\/\/boostgrowb.com\/es\/wp-json\/wp\/v2\/product_tag?post=31113"}],"curies":[{"name":"wp","href":"https:\/\/api.w.org\/{rel}","templated":true}]}}