{"id":31116,"date":"2024-06-06T13:31:31","date_gmt":"2024-06-06T13:31:31","guid":{"rendered":"https:\/\/boostgrowb.com\/software\/qonto\/"},"modified":"2026-02-15T14:03:27","modified_gmt":"2026-02-15T14:03:27","slug":"qonto","status":"publish","type":"product","link":"https:\/\/boostgrowb.com\/es\/software\/qonto\/","title":{"rendered":"Qonto"},"content":{"rendered":"\t\t<div data-elementor-type=\"product-post\" data-elementor-id=\"31116\" class=\"elementor elementor-31116 elementor-934\" data-elementor-post-type=\"product\">\n\t\t\t\t<div class=\"elementor-element elementor-element-baa7b9b e-flex e-con-boxed wpr-particle-no wpr-jarallax-no wpr-parallax-no wpr-sticky-section-no e-con e-parent\" data-id=\"baa7b9b\" data-element_type=\"container\" data-e-type=\"container\">\n\t\t\t\t\t<div class=\"e-con-inner\">\n\t\t\t\t<div class=\"elementor-element elementor-element-2e45014 elementor-widget elementor-widget-heading\" data-id=\"2e45014\" data-element_type=\"widget\" data-e-type=\"widget\" data-widget_type=\"heading.default\">\n\t\t\t\t<div class=\"elementor-widget-container\">\n\t\t\t\t\t<h2 class=\"elementor-heading-title elementor-size-default\">\u00bfQu\u00e9 es Qonto?<\/h2>\t\t\t\t<\/div>\n\t\t\t\t<\/div>\n\t\t\t\t<div class=\"elementor-element elementor-element-cb12713 elementor-widget elementor-widget-text-editor\" data-id=\"cb12713\" data-element_type=\"widget\" data-e-type=\"widget\" data-widget_type=\"text-editor.default\">\n\t\t\t\t<div class=\"elementor-widget-container\">\n\t\t\t\t\t\t\t\t\t<p><strong>Qonto<\/strong> es un <strong>banco online<\/strong> especialmente dise\u00f1ado para <strong>aut\u00f3nomos<\/strong>, <strong>PYMES<\/strong>, <strong>start-ups<\/strong> y <strong>emprendedores<\/strong>. Esta soluci\u00f3n de banca digital ofrece servicios financieros r\u00e1pidos y c\u00f3modos, adaptados a las necesidades de los profesionales. Con su sencilla interfaz y sus avanzadas funciones, Qonto facilita a las empresas la gesti\u00f3n de sus finanzas, para que puedas ser m\u00e1s eficiente y centrarte en lo que realmente importa: hacer crecer tu negocio. Pero, \u00bfcu\u00e1les son las razones que hacen de Qonto un banco online esencial para los profesionales?   <\/p><p>A diferencia de los bancos tradicionales, <strong>Qonto<\/strong> ofrece una <strong>experiencia bancaria<\/strong> totalmente online dise\u00f1ada para satisfacer las necesidades espec\u00edficas de empresarios y peque\u00f1as empresas. Con una apertura de cuentas simplificada, una gesti\u00f3n financiera optimizada y funciones que facilitan el trabajo en equipo, Qonto se posiciona como una alternativa moderna y flexible a los servicios bancarios tradicionales. Este banco digital destaca por su capacidad para simplificar las operaciones bancarias cotidianas, al tiempo que ofrece una gama completa de servicios financieros.  <\/p><article class=\"text-token-text-primary w-full\" dir=\"auto\" data-testid=\"conversation-turn-789\" data-scroll-anchor=\"true\"><div class=\"text-base my-auto mx-auto py-5 [--thread-content-margin:--spacing(4)] @[37rem]:[--thread-content-margin:--spacing(6)] @[70rem]:[--thread-content-margin:--spacing(12)] px-(--thread-content-margin)\"><div class=\"[--thread-content-max-width:32rem] @[34rem]:[--thread-content-max-width:40rem] @[64rem]:[--thread-content-max-width:48rem] mx-auto flex max-w-(--thread-content-max-width) flex-1 text-base gap-4 md:gap-5 lg:gap-6 group\/turn-messages focus-visible:outline-hidden\" tabindex=\"-1\"><div class=\"group\/conversation-turn relative flex w-full min-w-0 flex-col agent-turn\"><div class=\"relative flex-col gap-1 md:gap-3\"><div class=\"flex max-w-full flex-col grow\"><div class=\"min-h-8 text-message relative flex w-full flex-col items-end gap-2 text-start break-words whitespace-normal [.text-message+&amp;]:mt-5\" dir=\"auto\" data-message-author-role=\"assistant\" data-message-id=\"d75f13b6-eb48-4137-8226-bc1e443b87cf\" data-message-model-slug=\"gpt-4o\"><div class=\"flex w-full flex-col gap-1 empty:hidden first:pt-[3px]\"><div class=\"markdown prose dark:prose-invert w-full break-words light\"><p class=\"\" data-start=\"1255\" data-end=\"1715\"><strong data-start=\"1255\" data-end=\"1459\">Tanto si eres un empresario en solitario como si diriges una empresa en expansi\u00f3n, Qonto se adapta a tu estructura con ofertas escalables, herramientas de colaboraci\u00f3n y un servicio de atenci\u00f3n al cliente ultrarreactivo.<\/strong>  Al elegir Qonto, est\u00e1s optando por un banco online moderno y seguro, dise\u00f1ado para apoyar el \u00e9xito de tu negocio en todas sus fases. Una soluci\u00f3n esencial para gestionar tus finanzas con tranquilidad e impulsar tu productividad. <\/p><\/div><\/div><\/div><\/div><\/div><\/div><\/div><\/div><\/article>\t\t\t\t\t\t\t\t<\/div>\n\t\t\t\t<\/div>\n\t\t\t\t<div class=\"elementor-element elementor-element-540d82d elementor-widget elementor-widget-heading\" data-id=\"540d82d\" data-element_type=\"widget\" data-e-type=\"widget\" data-widget_type=\"heading.default\">\n\t\t\t\t<div class=\"elementor-widget-container\">\n\t\t\t\t\t<h2 class=\"elementor-heading-title elementor-size-default\">\u00bfCu\u00e1les son los principales servicios que ofrece Qonto?<\/h2>\t\t\t\t<\/div>\n\t\t\t\t<\/div>\n\t\t\t\t<div class=\"elementor-element elementor-element-3b32e79 elementor-widget elementor-widget-text-editor\" data-id=\"3b32e79\" data-element_type=\"widget\" data-e-type=\"widget\" data-widget_type=\"text-editor.default\">\n\t\t\t\t<div class=\"elementor-widget-container\">\n\t\t\t\t\t\t\t\t\t<ul><li><p data-pm-slice=\"0 0 []\"><b>Herramientas dise\u00f1adas para profesionales: <\/b>Qonto ofrece funciones dise\u00f1adas para profesionales: tarjetas de pago f\u00edsicas y virtuales, transferencias agrupadas, gesti\u00f3n multiusuario y creaci\u00f3n de facturas directamente desde la plataforma.<\/p><\/li><li><p data-pm-slice=\"0 0 []\"><b>Abre tu cuenta r\u00e1pidamente y 100% online:<\/b> abre tu cuenta de empresa en unos minutos, sin papeleo, directamente desde tu smartphone u ordenador. Es la forma ideal de poner en marcha tu negocio de inmediato. <\/p><\/li><li><p data-pm-slice=\"0 0 []\"><b>Gesti\u00f3n financiera simplificada:<\/b> gracias a una interfaz clara e intuitiva, puedes gestionar tus gastos, seguir tus transacciones en tiempo real y clasificarlas autom\u00e1ticamente. Conservas el control total de tu tesorer\u00eda. <\/p><\/li><li><p data-pm-slice=\"0 0 []\"><b>Integraci\u00f3n contable fluida:<\/b> conecta Qonto a tu programa de contabilidad o a tu censor jurado de cuentas para automatizar la recuperaci\u00f3n de recibos y exportaciones contables y simplificar tus declaraciones.<\/p><\/li><li><p data-pm-slice=\"0 0 []\"><b>Asistencia \u00e1gil y personalizada:<\/b> aprovecha la asistencia al cliente disponible 7 d\u00edas a la semana, por correo electr\u00f3nico, chat o tel\u00e9fono, y benef\u00edciate de una asistencia personalizada y adaptada a tu perfil profesional.<\/p><\/li><\/ul>\t\t\t\t\t\t\t\t<\/div>\n\t\t\t\t<\/div>\n\t\t\t\t<div class=\"elementor-element elementor-element-4244753 elementor-widget elementor-widget-heading\" data-id=\"4244753\" data-element_type=\"widget\" data-e-type=\"widget\" data-widget_type=\"heading.default\">\n\t\t\t\t<div class=\"elementor-widget-container\">\n\t\t\t\t\t<h2 class=\"elementor-heading-title elementor-size-default\">\u00bfEs Qonto compatible con las herramientas de contabilidad?<\/h2>\t\t\t\t<\/div>\n\t\t\t\t<\/div>\n\t\t\t\t<div class=\"elementor-element elementor-element-b216c23 elementor-widget elementor-widget-text-editor\" data-id=\"b216c23\" data-element_type=\"widget\" data-e-type=\"widget\" data-widget_type=\"text-editor.default\">\n\t\t\t\t<div class=\"elementor-widget-container\">\n\t\t\t\t\t\t\t\t\t<p><strong>Qonto es totalmente compatible con las principales herramientas de contabilidad.<\/strong>  Esta compatibilidad es uno de los puntos fuertes de Qonto, ya que ahorra un tiempo precioso a la hora de gestionar tus finanzas.<\/p>\n<ul>\n<li><strong>Exportaci\u00f3n autom\u00e1tica de transacciones<\/strong>: conecta tu cuenta Qonto a programas como <strong>QuickBooks<\/strong>, <strong>Sage<\/strong>, <strong>Cegid<\/strong> o <strong>Pennylane<\/strong> para exportar tus datos en unos pocos clics.<\/li>\n<\/ul>\n<div>&nbsp;<\/div>\n<ul>\n<li><strong>Categorizaci\u00f3n inteligente de los gastos<\/strong>: Qonto asigna autom\u00e1ticamente categor\u00edas a los gastos, lo que simplifica enormemente el trabajo de tu contable.<\/li>\n<\/ul>\n<div>&nbsp;<\/div>\n<ul>\n<li><strong>Almacenamiento de recib<\/strong> os: Carga tus recibos directamente en la aplicaci\u00f3n, garantizando un seguimiento preciso y el cumplimiento de las obligaciones legales.<\/li>\n<\/ul>\t\t\t\t\t\t\t\t<\/div>\n\t\t\t\t<\/div>\n\t\t\t\t<div class=\"elementor-element elementor-element-db0f6a6 elementor-widget elementor-widget-heading\" data-id=\"db0f6a6\" data-element_type=\"widget\" data-e-type=\"widget\" data-widget_type=\"heading.default\">\n\t\t\t\t<div class=\"elementor-widget-container\">\n\t\t\t\t\t<h2 class=\"elementor-heading-title elementor-size-default\">\u00bfCu\u00e1les son las ventajas de utilizar Qonto?<\/h2>\t\t\t\t<\/div>\n\t\t\t\t<\/div>\n\t\t\t\t<div class=\"elementor-element elementor-element-ecf6d9c elementor-widget elementor-widget-text-editor\" data-id=\"ecf6d9c\" data-element_type=\"widget\" data-e-type=\"widget\" data-widget_type=\"text-editor.default\">\n\t\t\t\t<div class=\"elementor-widget-container\">\n\t\t\t\t\t\t\t\t\t<ul><li><strong>Ahorro de tiempo<\/strong>: Con una apertura de cuenta r\u00e1pida y herramientas intuitivas, Qonto simplifica la banca para que puedas concentrarte en tu actividad principal.<\/li><\/ul><div> <\/div><ul><li><strong>Flexibilidad<\/strong>: tanto si eres aut\u00f3nomo como si diriges una PYME, Qonto ofrece planes que se adaptan a cada estructura.<\/li><\/ul><div> <\/div><ul><li><strong>Comisiones transparentes<\/strong>: a diferencia de muchos bancos, Qonto aplica comisiones claras sin cargos ocultos. Sabes exactamente lo que pagas. <\/li><\/ul><div> <\/div><ul><li><strong>Atenci\u00f3n al cliente de calidad<\/strong>: El servicio de atenci\u00f3n al cliente de Qonto es famoso por su capacidad de respuesta y eficacia. Disponible en varios idiomas, se puede acceder a \u00e9l por chat o correo electr\u00f3nico. <\/li><\/ul>\t\t\t\t\t\t\t\t<\/div>\n\t\t\t\t<\/div>\n\t\t\t\t\t<\/div>\n\t\t\t\t<\/div>\n\t\t\t\t<\/div>\n\t\t","protected":false},"excerpt":{"rendered":"<p>Qonto es la soluci\u00f3n de banca online ideal para aut\u00f3nomos, pymes y empresas de nueva creaci\u00f3n. Abre una cuenta de empresa en unos minutos, gestiona tus finanzas de forma sencilla e impulsa tu productividad con herramientas 100% dise\u00f1adas para profesionales. <\/p>\n<ul>\n<li>Gesti\u00f3n de gastos simplificada<\/li>\n<li>Gesti\u00f3n contable automatizada<\/li>\n<li>Herramientas de facturaci\u00f3n integradas<\/li>\n<li>Servicio de atenci\u00f3n al cliente dedicado<\/li>\n<\/ul>\n","protected":false},"featured_media":31124,"comment_status":"open","ping_status":"closed","template":"","meta":{"_acf_changed":false,"_glsr_average":0,"_glsr_ranking":0,"_glsr_reviews":0},"product_brand":[],"product_cat":[3159],"product_tag":[],"class_list":{"0":"post-31116","1":"product","2":"type-product","3":"status-publish","4":"has-post-thumbnail","6":"product_cat-banco-pro","8":"first","9":"instock","10":"shipping-taxable","11":"product-type-external"},"acf":[],"_links":{"self":[{"href":"https:\/\/boostgrowb.com\/es\/wp-json\/wp\/v2\/product\/31116","targetHints":{"allow":["GET"]}}],"collection":[{"href":"https:\/\/boostgrowb.com\/es\/wp-json\/wp\/v2\/product"}],"about":[{"href":"https:\/\/boostgrowb.com\/es\/wp-json\/wp\/v2\/types\/product"}],"replies":[{"embeddable":true,"href":"https:\/\/boostgrowb.com\/es\/wp-json\/wp\/v2\/comments?post=31116"}],"version-history":[{"count":0,"href":"https:\/\/boostgrowb.com\/es\/wp-json\/wp\/v2\/product\/31116\/revisions"}],"wp:featuredmedia":[{"embeddable":true,"href":"https:\/\/boostgrowb.com\/es\/wp-json\/wp\/v2\/media\/31124"}],"wp:attachment":[{"href":"https:\/\/boostgrowb.com\/es\/wp-json\/wp\/v2\/media?parent=31116"}],"wp:term":[{"taxonomy":"product_brand","embeddable":true,"href":"https:\/\/boostgrowb.com\/es\/wp-json\/wp\/v2\/product_brand?post=31116"},{"taxonomy":"product_cat","embeddable":true,"href":"https:\/\/boostgrowb.com\/es\/wp-json\/wp\/v2\/product_cat?post=31116"},{"taxonomy":"product_tag","embeddable":true,"href":"https:\/\/boostgrowb.com\/es\/wp-json\/wp\/v2\/product_tag?post=31116"}],"curies":[{"name":"wp","href":"https:\/\/api.w.org\/{rel}","templated":true}]}}