{"id":31140,"date":"2024-06-06T11:54:20","date_gmt":"2024-06-06T11:54:20","guid":{"rendered":"https:\/\/boostgrowb.com\/software\/paginas-deslizantes\/"},"modified":"2026-02-15T14:03:34","modified_gmt":"2026-02-15T14:03:34","slug":"paginas-deslizantes","status":"publish","type":"product","link":"https:\/\/boostgrowb.com\/es\/software\/paginas-deslizantes\/","title":{"rendered":"P\u00e1ginas deslizantes"},"content":{"rendered":"\t\t<div data-elementor-type=\"product-post\" data-elementor-id=\"31140\" class=\"elementor elementor-31140 elementor-1399\" data-elementor-post-type=\"product\">\n\t\t\t\t<div class=\"elementor-element elementor-element-095ec81 e-flex e-con-boxed wpr-particle-no wpr-jarallax-no wpr-parallax-no wpr-sticky-section-no e-con e-parent\" data-id=\"095ec81\" data-element_type=\"container\" data-e-type=\"container\">\n\t\t\t\t\t<div class=\"e-con-inner\">\n\t\t\t\t<div class=\"elementor-element elementor-element-1cfd7e3 elementor-widget elementor-widget-heading\" data-id=\"1cfd7e3\" data-element_type=\"widget\" data-e-type=\"widget\" data-widget_type=\"heading.default\">\n\t\t\t\t<div class=\"elementor-widget-container\">\n\t\t\t\t\t<h2 class=\"elementor-heading-title elementor-size-default\">\u00bfQu\u00e9 es Swipe Pages?<\/h2>\t\t\t\t<\/div>\n\t\t\t\t<\/div>\n\t\t\t\t\t<\/div>\n\t\t\t\t<\/div>\n\t\t<div class=\"elementor-element elementor-element-87c691f e-flex e-con-boxed wpr-particle-no wpr-jarallax-no wpr-parallax-no wpr-sticky-section-no e-con e-parent\" data-id=\"87c691f\" data-element_type=\"container\" data-e-type=\"container\">\n\t\t\t\t\t<div class=\"e-con-inner\">\n\t\t\t\t<div class=\"elementor-element elementor-element-189b5e6 elementor-widget elementor-widget-text-editor\" data-id=\"189b5e6\" data-element_type=\"widget\" data-e-type=\"widget\" data-widget_type=\"text-editor.default\">\n\t\t\t\t<div class=\"elementor-widget-container\">\n\t\t\t\t\t\t\t\t\t<p class=\"\" data-start=\"0\" data-end=\"657\"><strong data-start=\"0\" data-end=\"15\">Swipe Pages<\/strong> es una <strong data-start=\"24\" data-end=\"48\">plataforma innovadora<\/strong> dise\u00f1ada espec\u00edficamente para <strong data-start=\"78\" data-end=\"93\" data-is-only-node=\"\">empresas<\/strong> y <strong data-start=\"101\" data-end=\"130\">vendedores<\/strong> que desean crear <strong data-start=\"156\" data-end=\"210\">p\u00e1ginas de destino ultrarr\u00e1pidas y de alto rendimiento<\/strong> sin necesidad de conocimientos de codificaci\u00f3n. Gracias a su intuitiva interfaz <strong data-start=\"277\" data-end=\"296\">de arrastrar y soltar<\/strong>, <strong data-start=\"308\" data-end=\"323\">Swipe Pages<\/strong> te permite <strong data-start=\"334\" data-end=\"368\">dise\u00f1ar p\u00e1ginas optimizadas<\/strong> en s\u00f3lo unos minutos, al tiempo que garantiza <strong data-start=\"425\" data-end=\"457\">un rendimiento excepcional<\/strong>. Estas p\u00e1ginas no s\u00f3lo se cargan r\u00e1pidamente, sino que tambi\u00e9n se <strong data-start=\"522\" data-end=\"563\">adaptan a todo tipo de dispositivos<\/strong>, proporcionando una <strong data-start=\"583\" data-end=\"616\">experiencia de usuario fluida<\/strong> que maximiza el compromiso del visitante.  <\/p><p class=\"\" data-start=\"659\" data-end=\"1190\">Uno de los puntos fuertes de <strong data-start=\"689\" data-end=\"704\">Swipe<\/strong> Pages es su capacidad para generar <strong data-start=\"743\" data-end=\"775\">p\u00e1ginas de destino m\u00f3viles<\/strong>. En un mundo en el que la experiencia m\u00f3vil es esencial, la plataforma garantiza que cada p\u00e1gina se cargue en un abrir y cerrar de ojos, ofreciendo una navegaci\u00f3n perfecta incluso en <strong data-start=\"943\" data-end=\"958\">smartphones<\/strong> y <strong data-start=\"962\" data-end=\"975\">tablets<\/strong>. Optimizar el tiempo de carga es crucial para <strong data-start=\"1033\" data-end=\"1068\">mejorar las tasas de conversi\u00f3n<\/strong>, y con Swipe Pages, cada p\u00e1gina est\u00e1 dise\u00f1ada para <strong data-start=\"1119\" data-end=\"1157\">captar la atenci\u00f3n de los visitantes<\/strong> y <strong data-start=\"1165\" data-end=\"1189\">convertirlos en clientes<\/strong>.  <\/p><p class=\"\" data-start=\"1192\" data-end=\"1675\">Con <strong data-start=\"1197\" data-end=\"1212\">Swipe Pages<\/strong>, <strong data-start=\"1217\" data-end=\"1253\">crear p\u00e1ginas de destino<\/strong> nunca ha sido tan f\u00e1cil y eficaz. Tanto si eres un <strong data-start=\"1313\" data-end=\"1325\">vendedor<\/strong> que quiere maximizar sus campa\u00f1as publicitarias, como si eres una <strong data-start=\"1384\" data-end=\"1398\">empresa<\/strong> que quiere <strong data-start=\"1412\" data-end=\"1446\">aumentar su tasa de conversi\u00f3n<\/strong>, esta plataforma te ayudar\u00e1 a conseguir tus objetivos creando p\u00e1ginas est\u00e9ticamente agradables, de alto rendimiento y optimizadas para SEO. <strong data-start=\"1575\" data-end=\"1653\">Maximiza tus conversiones y ofrece una experiencia de usuario impecable<\/strong> con <strong data-start=\"1659\" data-end=\"1674\">Swipe Pages<\/strong>. <\/p>\t\t\t\t\t\t\t\t<\/div>\n\t\t\t\t<\/div>\n\t\t\t\t<div class=\"elementor-element elementor-element-55e8975 elementor-widget elementor-widget-heading\" data-id=\"55e8975\" data-element_type=\"widget\" data-e-type=\"widget\" data-widget_type=\"heading.default\">\n\t\t\t\t<div class=\"elementor-widget-container\">\n\t\t\t\t\t<h2 class=\"elementor-heading-title elementor-size-default\">Las 5 principales ventajas de Swipe Pages<\/h2>\t\t\t\t<\/div>\n\t\t\t\t<\/div>\n\t\t\t\t<div class=\"elementor-element elementor-element-d532964 elementor-widget elementor-widget-text-editor\" data-id=\"d532964\" data-element_type=\"widget\" data-e-type=\"widget\" data-widget_type=\"text-editor.default\">\n\t\t\t\t<div class=\"elementor-widget-container\">\n\t\t\t\t\t\t\t\t\t<ol><li><p><strong>Rendimiento ultrarr\u00e1pido<\/strong>: Swipe Pages garantiza <strong>una carga ultrarr\u00e1pida de<\/strong> la p\u00e1gina, lo que es esencial para ofrecer una experiencia de usuario fluida y mejorar tu <strong>tasa de conversi\u00f3n<\/strong>. Una p\u00e1gina m\u00e1s r\u00e1pida retiene mejor a los visitantes y reduce la tasa de rebote. <\/p><\/li><li><p><strong>Editor intuitivo de arrastrar y soltar<\/strong>: El editor <strong>Swipe Pages<\/strong> te permite <strong>crear p\u00e1ginas sin c\u00f3digo<\/strong>, arrastrando y soltando elementos. Puedes personalizar cada aspecto de la p\u00e1gina para adaptarla a tu marca o a tus necesidades espec\u00edficas. <\/p><\/li><li><p><strong>Plantillas optim<\/strong> izadas para la conversi\u00f3n: Swipe Pages ofrece una amplia gama de <strong>plantillas de p\u00e1ginas de destino<\/strong> ya optimizadas para la conversi\u00f3n. Estas plantillas est\u00e1n probadas y dise\u00f1adas para facilitar la creaci\u00f3n de p\u00e1ginas eficaces sin tener que empezar desde cero. <\/p><\/li><li><p><strong>Optimizaci\u00f3n m\u00f3vil y AMP<\/strong>: Swipe Pages es compatible con <strong>AMP (Accelerated Mobile Pages)<\/strong>, lo que significa que tus p\u00e1ginas se cargan r\u00e1pidamente en dispositivos m\u00f3viles, ofreciendo una experiencia de usuario fluida en smartphones y tabletas.<\/p><\/li><li><p><strong>Potentes integraciones<\/strong>: <strong>Swipe Pages<\/strong> se integra f\u00e1cilmente con herramientas de marketing como <strong>Zapier<\/strong>, <strong>Mailchimp<\/strong> y <strong>Google Analytics<\/strong>, lo que te permite <strong>conectar tus flujos de trabajo existentes<\/strong> y realizar un seguimiento del rendimiento de tus p\u00e1ginas.<\/p><\/li><\/ol>\t\t\t\t\t\t\t\t<\/div>\n\t\t\t\t<\/div>\n\t\t\t\t<div class=\"elementor-element elementor-element-7a56bc5 elementor-widget elementor-widget-heading\" data-id=\"7a56bc5\" data-element_type=\"widget\" data-e-type=\"widget\" data-widget_type=\"heading.default\">\n\t\t\t\t<div class=\"elementor-widget-container\">\n\t\t\t\t\t<h2 class=\"elementor-heading-title elementor-size-default\">\u00bfCu\u00e1les son las ventajas de utilizar Swipe Pages?<\/h2>\t\t\t\t<\/div>\n\t\t\t\t<\/div>\n\t\t\t\t<div class=\"elementor-element elementor-element-9ba7071 elementor-widget elementor-widget-text-editor\" data-id=\"9ba7071\" data-element_type=\"widget\" data-e-type=\"widget\" data-widget_type=\"text-editor.default\">\n\t\t\t\t<div class=\"elementor-widget-container\">\n\t\t\t\t\t\t\t\t\t<ul><li><p><strong><span>Aumento de las conversiones<\/span><\/strong><span> conversi\u00f3n <\/span><strong><span>p\u00e1ginas ultrarr\u00e1pidas<\/span><\/strong><span> Las p\u00e1ginas creadas con Swipe Pages no s\u00f3lo ofrecen una mejor experiencia de usuario; tambi\u00e9n <\/span><strong><span>aumentan directamente tus conversiones<\/span><\/strong><span>  . Una p\u00e1gina que se carga al instante tiene m\u00e1s probabilidades de convertir a los visitantes en clientes.<\/span><\/p><\/li><li><p><strong><span>R\u00e1pido y sencillo<\/span><\/strong><span> Gracias a su intuitivo editor de arrastrar y soltar, <\/span><strong><span>P\u00e1ginas deslizantes<\/span><\/strong><span> te permite <\/span><strong><span>crear p\u00e1ginas profesionales<\/span><\/strong><span>  en s\u00f3lo unos minutos. No necesitas conocimientos de desarrollo, lo que reduce los tiempos y costes de producci\u00f3n. <\/span><\/p><\/li><li><p><strong><span>Optimizaci\u00f3n SEO integrada<\/span><\/strong><span> P\u00e1ginas creadas con <\/span><strong><span>Swipe Pages<\/span><\/strong><span> est\u00e1n <\/span><strong><span>optimizadas para SEO<\/span><\/strong><span> optimizadas, ayud\u00e1ndote a <\/span><strong><span>mejorar tu visibilidad<\/span><\/strong><span>  en los motores de b\u00fasqueda. Adem\u00e1s, la optimizaci\u00f3n AMP garantiza una mejor clasificaci\u00f3n en las b\u00fasquedas m\u00f3viles. <\/span><\/p><\/li><li><p><strong><span>Flexibilidad y personalizaci\u00f3n<\/span><\/strong><span> Tanto si necesitas una p\u00e1gina de destino sencilla como compleja, Swipe Pages te permite <\/span><strong><span>personalizar cada elemento<\/span><\/strong><span> a tus necesidades espec\u00edficas, garantizando al mismo tiempo que la p\u00e1gina siga siendo r\u00e1pida y eficaz.<\/span><\/p><\/li><li><p><strong><span>Pruebas A\/B y an\u00e1lisis<\/span><\/strong><span> Ofertas de Swipe Pages <\/span><strong><span>pruebas A\/B<\/span><\/strong><span> que te permiten probar diferentes versiones de tus p\u00e1ginas y <\/span><strong><span>medir la eficacia<\/span><\/strong><span>  de cada versi\u00f3n. As\u00ed podr\u00e1s maximizar tus resultados identificando el mejor enfoque. <\/span><\/p><\/li><\/ul>\t\t\t\t\t\t\t\t<\/div>\n\t\t\t\t<\/div>\n\t\t\t\t<div class=\"elementor-element elementor-element-580932e elementor-widget elementor-widget-heading\" data-id=\"580932e\" data-element_type=\"widget\" data-e-type=\"widget\" data-widget_type=\"heading.default\">\n\t\t\t\t<div class=\"elementor-widget-container\">\n\t\t\t\t\t<h2 class=\"elementor-heading-title elementor-size-default\">Conclusi\u00f3n<\/h2>\t\t\t\t<\/div>\n\t\t\t\t<\/div>\n\t\t\t\t<div class=\"elementor-element elementor-element-9d055b1 elementor-widget elementor-widget-text-editor\" data-id=\"9d055b1\" data-element_type=\"widget\" data-e-type=\"widget\" data-widget_type=\"text-editor.default\">\n\t\t\t\t<div class=\"elementor-widget-container\">\n\t\t\t\t\t\t\t\t\t<p><strong>Swipe<\/strong> Pages es la herramienta esencial para cualquiera que desee <strong>crear p\u00e1ginas de destino optimizadas para el rendimiento y la conversi\u00f3n<\/strong>. Gracias a su <strong>editor intuitivo<\/strong>, <strong>sus plantillas de alta calidad<\/strong> y <strong>su optimizaci\u00f3n para AMP<\/strong>, Swipe Pages te permite <strong>maximizar las conversiones<\/strong> a la vez que proporciona una experiencia de usuario r\u00e1pida y fluida. Si buscas una herramienta capaz de <strong>impulsar tus campa\u00f1as de marketing<\/strong> con p\u00e1ginas r\u00e1pidas, eficaces y compatibles con SEO, <strong>Swipe Pages<\/strong> es la soluci\u00f3n ideal.  <\/p>\t\t\t\t\t\t\t\t<\/div>\n\t\t\t\t<\/div>\n\t\t\t\t\t<\/div>\n\t\t\t\t<\/div>\n\t\t\t\t<\/div>\n\t\t","protected":false},"excerpt":{"rendered":"<p>Swipe Pages es una plataforma especializada en la creaci\u00f3n de p\u00e1ginas de aterrizaje y p\u00e1ginas de captura. Dise\u00f1ada para profesionales del marketing y empresas. <\/p>\n<ul>\n<li>Integraci\u00f3n<\/li>\n<li>Personalizaci\u00f3n<\/li>\n<li>Interfaz intuitiva<\/li>\n<li>Control del rendimiento<\/li>\n<\/ul>\n","protected":false},"featured_media":30423,"comment_status":"open","ping_status":"closed","template":"","meta":{"_acf_changed":false,"_glsr_average":0,"_glsr_ranking":0,"_glsr_reviews":0},"product_brand":[],"product_cat":[4296,4228],"product_tag":[],"class_list":{"0":"post-31140","1":"product","2":"type-product","3":"status-publish","4":"has-post-thumbnail","6":"product_cat-automatizacion-del-marketing","7":"product_cat-gestion-de-proyectos","9":"first","10":"instock","11":"shipping-taxable","12":"product-type-external"},"acf":[],"_links":{"self":[{"href":"https:\/\/boostgrowb.com\/es\/wp-json\/wp\/v2\/product\/31140","targetHints":{"allow":["GET"]}}],"collection":[{"href":"https:\/\/boostgrowb.com\/es\/wp-json\/wp\/v2\/product"}],"about":[{"href":"https:\/\/boostgrowb.com\/es\/wp-json\/wp\/v2\/types\/product"}],"replies":[{"embeddable":true,"href":"https:\/\/boostgrowb.com\/es\/wp-json\/wp\/v2\/comments?post=31140"}],"version-history":[{"count":0,"href":"https:\/\/boostgrowb.com\/es\/wp-json\/wp\/v2\/product\/31140\/revisions"}],"wp:featuredmedia":[{"embeddable":true,"href":"https:\/\/boostgrowb.com\/es\/wp-json\/wp\/v2\/media\/30423"}],"wp:attachment":[{"href":"https:\/\/boostgrowb.com\/es\/wp-json\/wp\/v2\/media?parent=31140"}],"wp:term":[{"taxonomy":"product_brand","embeddable":true,"href":"https:\/\/boostgrowb.com\/es\/wp-json\/wp\/v2\/product_brand?post=31140"},{"taxonomy":"product_cat","embeddable":true,"href":"https:\/\/boostgrowb.com\/es\/wp-json\/wp\/v2\/product_cat?post=31140"},{"taxonomy":"product_tag","embeddable":true,"href":"https:\/\/boostgrowb.com\/es\/wp-json\/wp\/v2\/product_tag?post=31140"}],"curies":[{"name":"wp","href":"https:\/\/api.w.org\/{rel}","templated":true}]}}