{"id":31148,"date":"2024-06-10T10:03:13","date_gmt":"2024-06-10T10:03:13","guid":{"rendered":"https:\/\/boostgrowb.com\/software\/ciberfantasma\/"},"modified":"2026-02-15T14:03:37","modified_gmt":"2026-02-15T14:03:37","slug":"ciberfantasma","status":"publish","type":"product","link":"https:\/\/boostgrowb.com\/es\/software\/ciberfantasma\/","title":{"rendered":"Ciberfantasma"},"content":{"rendered":"\t\t<div data-elementor-type=\"product-post\" data-elementor-id=\"31148\" class=\"elementor elementor-31148 elementor-1352\" data-elementor-post-type=\"product\">\n\t\t\t\t<div class=\"elementor-element elementor-element-542d3f2d e-flex e-con-boxed wpr-particle-no wpr-jarallax-no wpr-parallax-no wpr-sticky-section-no e-con e-parent\" data-id=\"542d3f2d\" data-element_type=\"container\" data-e-type=\"container\">\n\t\t\t\t\t<div class=\"e-con-inner\">\n\t\t\t\t<div class=\"elementor-element elementor-element-908ef23 elementor-widget elementor-widget-heading\" data-id=\"908ef23\" data-element_type=\"widget\" data-e-type=\"widget\" data-widget_type=\"heading.default\">\n\t\t\t\t<div class=\"elementor-widget-container\">\n\t\t\t\t\t<h2 class=\"elementor-heading-title elementor-size-default\">\u00bfQu\u00e9 es Cyber Ghost VPN?<\/h2>\t\t\t\t<\/div>\n\t\t\t\t<\/div>\n\t\t\t\t<div class=\"elementor-element elementor-element-b4ae31b elementor-widget elementor-widget-text-editor\" data-id=\"b4ae31b\" data-element_type=\"widget\" data-e-type=\"widget\" data-widget_type=\"text-editor.default\">\n\t\t\t\t<div class=\"elementor-widget-container\">\n\t\t\t\t\t\t\t\t\t<p data-start=\"447\" data-end=\"745\"><strong data-start=\"447\" data-end=\"465\">CyberGhost VPN<\/strong> es un servicio de red privada virtual que asegura tus conexiones y preserva tu privacidad en Internet. Al enmascarar tu direcci\u00f3n IP y encriptar tus datos, impide que los ISP, los anunciantes y los ciberdelincuentes rastreen tus actividades. <\/p><p data-start=\"747\" data-end=\"1142\">CyberGhost se ha ganado la confianza de millones de usuarios gracias a una combinaci\u00f3n de <strong data-start=\"848\" data-end=\"950\">facilidad de uso, s\u00f3lido rendimiento y un claro compromiso con la confidencialidad<\/strong>. A diferencia de algunos operadores del mercado, tiene una estricta pol\u00edtica <strong data-start=\"1037\" data-end=\"1066\">de no-logs<\/strong>, que garantiza que tus actividades no sean registradas ni explotadas. <\/p>\t\t\t\t\t\t\t\t<\/div>\n\t\t\t\t<\/div>\n\t\t\t\t<div class=\"elementor-element elementor-element-6fabd10 elementor-widget elementor-widget-heading\" data-id=\"6fabd10\" data-element_type=\"widget\" data-e-type=\"widget\" data-widget_type=\"heading.default\">\n\t\t\t\t<div class=\"elementor-widget-container\">\n\t\t\t\t\t<h2 class=\"elementor-heading-title elementor-size-default\">Caracter\u00edsticas principales de CyberGhost VPN<\/h2>\t\t\t\t<\/div>\n\t\t\t\t<\/div>\n\t\t\t\t<div class=\"elementor-element elementor-element-b8f8c9a elementor-widget elementor-widget-text-editor\" data-id=\"b8f8c9a\" data-element_type=\"widget\" data-e-type=\"widget\" data-widget_type=\"text-editor.default\">\n\t\t\t\t<div class=\"elementor-widget-container\">\n\t\t\t\t\t\t\t\t\t<ul><li data-start=\"1198\" data-end=\"1337\"><p data-start=\"1200\" data-end=\"1337\"><strong data-start=\"1200\" data-end=\"1228\">Una amplia red mundial<\/strong>: m\u00e1s de 11.000 servidores en 100 pa\u00edses, que proporcionan un acceso r\u00e1pido y estable est\u00e9s donde est\u00e9s.<\/p><\/li><li data-start=\"1338\" data-end=\"1485\"><p data-start=\"1340\" data-end=\"1485\"><strong data-start=\"1340\" data-end=\"1370\">Encriptaci\u00f3n de alto nivel<\/strong>: protocolo AES de 256 bits, utilizado en el ej\u00e9rcito, para una protecci\u00f3n \u00f3ptima de los datos sensibles.<\/p><\/li><li data-start=\"1486\" data-end=\"1603\"><p data-start=\"1488\" data-end=\"1603\"><strong data-start=\"1488\" data-end=\"1512\">Servidores especializados<\/strong>: optimizados para streaming (Netflix, Disney+, Amazon Prime Video) y P2P seguro.<\/p><\/li><li data-start=\"1604\" data-end=\"1753\"><p data-start=\"1606\" data-end=\"1753\"><strong data-start=\"1606\" data-end=\"1650\">Protecci\u00f3n autom\u00e1tica en Wi-Fi p\u00fablicas<\/strong>: activa una capa extra de seguridad en cuanto te conectes a una red no segura.<\/p><\/li><li data-start=\"1754\" data-end=\"1908\"><p data-start=\"1756\" data-end=\"1908\"><strong data-start=\"1756\" data-end=\"1779\">Interruptor de corte integrado<\/strong>: corta instant\u00e1neamente tu conexi\u00f3n a Internet en caso de fallo de la VPN, evitando cualquier fuga accidental de informaci\u00f3n.<\/p><\/li><li data-start=\"1909\" data-end=\"2035\"><p data-start=\"1911\" data-end=\"2035\"><strong data-start=\"1911\" data-end=\"1930\">Multidispositivo<\/strong>: se pueden proteger hasta 7 dispositivos simult\u00e1neamente (PC, Mac, iOS, Android, Linux y Smart TV).<\/p><\/li><li data-start=\"2036\" data-end=\"2165\"><p data-start=\"2038\" data-end=\"2165\"><strong data-start=\"2038\" data-end=\"2067\">Aplicaciones ergon\u00f3micas<\/strong>: una interfaz clara y traducida al franc\u00e9s, dise\u00f1ada para dominarla en pocos minutos.<\/p><\/li><\/ul>\t\t\t\t\t\t\t\t<\/div>\n\t\t\t\t<\/div>\n\t\t\t\t<div class=\"elementor-element elementor-element-d4a3788 elementor-widget elementor-widget-heading\" data-id=\"d4a3788\" data-element_type=\"widget\" data-e-type=\"widget\" data-widget_type=\"heading.default\">\n\t\t\t\t<div class=\"elementor-widget-container\">\n\t\t\t\t\t<h2 class=\"elementor-heading-title elementor-size-default\">\u00bfC\u00f3mo puedes utilizar CyberGhost de forma eficaz para proteger tus conexiones?<\/h2>\t\t\t\t<\/div>\n\t\t\t\t<\/div>\n\t\t\t\t<div class=\"elementor-element elementor-element-6805e3c elementor-widget elementor-widget-text-editor\" data-id=\"6805e3c\" data-element_type=\"widget\" data-e-type=\"widget\" data-widget_type=\"text-editor.default\">\n\t\t\t\t<div class=\"elementor-widget-container\">\n\t\t\t\t\t\t\t\t\t<p data-start=\"2221\" data-end=\"2447\">La instalaci\u00f3n y la puesta en marcha son r\u00e1pidas: s\u00f3lo tienes que descargar la aplicaci\u00f3n, elegir un servidor y hacer clic en \u00abconectar\u00bb. Pero para aprovechar al m\u00e1ximo sus posibilidades, aqu\u00ed tienes algunos consejos pr\u00e1cticos: <\/p><ol data-start=\"2449\" data-end=\"3061\"><li data-start=\"2449\" data-end=\"2608\"><p data-start=\"2452\" data-end=\"2608\"><strong data-start=\"2452\" data-end=\"2498\">Elige un servidor adecuado a tus necesidades<\/strong>: por ejemplo, un servidor local para la velocidad, o un servidor especializado para streaming o torrenting.<\/p><\/li><li data-start=\"2609\" data-end=\"2716\"><p data-start=\"2612\" data-end=\"2716\"><strong data-start=\"2612\" data-end=\"2638\">Activa el Interruptor de corte<\/strong> para garantizar una protecci\u00f3n constante, incluso en caso de un corte de corriente inesperado.<\/p><\/li><li data-start=\"2717\" data-end=\"2908\"><p data-start=\"2720\" data-end=\"2908\"><strong data-start=\"2720\" data-end=\"2763\">Configura CyberGhost en tu router<\/strong> para proteger autom\u00e1ticamente todos los dispositivos de tu red dom\u00e9stica, incluidos los que no admiten VPN de forma nativa.<\/p><\/li><li data-start=\"2909\" data-end=\"3061\"><p data-start=\"2912\" data-end=\"3061\"><strong data-start=\"2912\" data-end=\"2946\">Utiliza el modo \u00abReglas inteligentes\u00bb<\/strong> para automatizar tus preferencias: conexi\u00f3n autom\u00e1tica al inicio, lanzamiento de aplicaciones seguras, etc.<\/p><\/li><\/ol>\t\t\t\t\t\t\t\t<\/div>\n\t\t\t\t<\/div>\n\t\t\t\t<div class=\"elementor-element elementor-element-c1bc712 elementor-widget elementor-widget-heading\" data-id=\"c1bc712\" data-element_type=\"widget\" data-e-type=\"widget\" data-widget_type=\"heading.default\">\n\t\t\t\t<div class=\"elementor-widget-container\">\n\t\t\t\t\t<h2 class=\"elementor-heading-title elementor-size-default\">Ventajas de usar CyberGhost VPN<\/h2>\t\t\t\t<\/div>\n\t\t\t\t<\/div>\n\t\t\t\t<div class=\"elementor-element elementor-element-f06347b elementor-widget elementor-widget-text-editor\" data-id=\"f06347b\" data-element_type=\"widget\" data-e-type=\"widget\" data-widget_type=\"text-editor.default\">\n\t\t\t\t<div class=\"elementor-widget-container\">\n\t\t\t\t\t\t\t\t\t<p data-start=\"3106\" data-end=\"3200\">CyberGhost destaca por varias razones que la convierten en una VPN especialmente atractiva:<\/p><ul data-start=\"3202\" data-end=\"3945\"><li data-start=\"3202\" data-end=\"3346\"><p data-start=\"3204\" data-end=\"3346\"><strong data-start=\"3204\" data-end=\"3253\">Protecci\u00f3n dise\u00f1ada para el uso diario<\/strong>: navegaci\u00f3n privada, protecci\u00f3n de banca online, correo electr\u00f3nico y mensajer\u00eda seguros.<\/p><\/li><li data-start=\"3347\" data-end=\"3515\"><p data-start=\"3349\" data-end=\"3515\"><strong data-start=\"3349\" data-end=\"3400\">Una experiencia optimizada para el entretenimiento<\/strong>: acceso fluido a cat\u00e1logos internacionales de streaming y a plataformas que a veces est\u00e1n bloqueadas en tu pa\u00eds.<\/p><\/li><li data-start=\"3516\" data-end=\"3635\"><p data-start=\"3518\" data-end=\"3635\"><strong data-start=\"3518\" data-end=\"3549\">Transparencia tranquilizadora<\/strong>: su pol\u00edtica de no guardar registros se audita y refuerza peri\u00f3dicamente.<\/p><\/li><li data-start=\"3636\" data-end=\"3778\"><p data-start=\"3638\" data-end=\"3778\"><strong data-start=\"3638\" data-end=\"3676\">Relaci\u00f3n calidad-precio competitiva<\/strong>: CyberGhost ofrece algunas de las suscripciones m\u00e1s asequibles del mercado para este nivel de servicio.<\/p><\/li><li data-start=\"3779\" data-end=\"3945\"><p data-start=\"3781\" data-end=\"3945\"><strong data-start=\"3781\" data-end=\"3809\">Ergonom\u00eda ejemplar<\/strong>: a diferencia de algunas VPN demasiado t\u00e9cnicas, CyberGhost ofrece una interfaz clara y accesible, incluso para los usuarios principiantes.<\/p><\/li><\/ul>\t\t\t\t\t\t\t\t<\/div>\n\t\t\t\t<\/div>\n\t\t\t\t<div class=\"elementor-element elementor-element-9d4bcb8 elementor-widget elementor-widget-heading\" data-id=\"9d4bcb8\" data-element_type=\"widget\" data-e-type=\"widget\" data-widget_type=\"heading.default\">\n\t\t\t\t<div class=\"elementor-widget-container\">\n\t\t\t\t\t<h2 class=\"elementor-heading-title elementor-size-default\">PREGUNTAS FRECUENTES<\/h2>\t\t\t\t<\/div>\n\t\t\t\t<\/div>\n\t\t\t\t\t<\/div>\n\t\t\t\t<\/div>\n\t\t<div class=\"elementor-element elementor-element-37d3a6e e-flex e-con-boxed wpr-particle-no wpr-jarallax-no wpr-parallax-no wpr-sticky-section-no e-con e-parent\" data-id=\"37d3a6e\" data-element_type=\"container\" data-e-type=\"container\">\n\t\t\t\t\t<div class=\"e-con-inner\">\n\t\t\t\t<div class=\"elementor-element elementor-element-5a57c72 elementor-widget elementor-widget-elementskit-accordion\" data-id=\"5a57c72\" data-element_type=\"widget\" data-e-type=\"widget\" data-widget_type=\"elementskit-accordion.default\">\n\t\t\t\t<div class=\"elementor-widget-container\">\n\t\t\t\t\t<div class=\"ekit-wid-con\" >\n        <div class=\"elementskit-accordion accoedion-primary\" id=\"accordion-69db95f0bf04d\">\n\n            \n                <div class=\"elementskit-card \">\n                    <div class=\"elementskit-card-header\" id=\"primaryHeading-0-5a57c72\">\n                        <a href=\"#collapse-14514dc69db95f0bf04d\" class=\"ekit-accordion--toggler elementskit-btn-link collapsed\" data-ekit-toggle=\"collapse\" data-target=\"#Collapse-14514dc69db95f0bf04d\" aria-expanded=\"false\" aria-controls=\"Collapse-14514dc69db95f0bf04d\">\n                            \n                            <span class=\"ekit-accordion-title\">\u00bfCyberGhost hace un seguimiento de mis actividades en Internet?<\/span>\n\n                            \n                                <div class=\"ekit_accordion_icon_group\">\n                                    <div class=\"ekit_accordion_normal_icon\">\n                                        <!-- Normal Icon -->\n\t\t\t\t\t\t\t\t\t\t<svg xmlns=\"http:\/\/www.w3.org\/2000\/svg\" width=\"13\" height=\"13\" viewBox=\"0 0 13 13\" fill=\"none\"><path d=\"M7.34933 6.44364L11.9922 6.44364L11.9922 7.15792L7.34933 7.15792L6.84933 7.15792L6.84933 7.65792L6.84933 12.3008L6.13504 12.3008L6.13504 7.65792L6.13504 7.15792L5.63504 7.15792L0.992186 7.15792L0.992186 6.44364L5.63504 6.44364L6.13504 6.44364L6.13504 5.94364L6.13505 1.30078L6.84933 1.30078L6.84933 5.94364L6.84933 6.44364L7.34933 6.44364Z\" fill=\"black\" stroke=\"black\"><\/path><\/svg>                                    <\/div>\n\n                                    <div class=\"ekit_accordion_active_icon\">\n                                        <!-- Active Icon -->\n\t\t\t\t\t\t\t\t\t\t<svg xmlns=\"http:\/\/www.w3.org\/2000\/svg\" width=\"11\" height=\"11\" viewBox=\"0 0 11 11\" fill=\"none\"><path fill-rule=\"evenodd\" clip-rule=\"evenodd\" d=\"M10.9952 1.84873L9.78303 0.636549L5.93738 4.4822L2.30083 0.845651L1.01895 2.12753L4.6555 5.76408L0.809849 9.60973L2.02203 10.8219L5.86768 6.97627L9.50423 10.6128L10.7861 9.33093L7.14957 5.69438L10.9952 1.84873Z\" fill=\"#436CFF\"><\/path><\/svg>                                    <\/div>\n                                <\/div>\n\n                            \n                                                    <\/a>\n                    <\/div>\n\n                    <div id=\"Collapse-14514dc69db95f0bf04d\" class=\" collapse\" aria-labelledby=\"primaryHeading-0-5a57c72\" data-parent=\"#accordion-69db95f0bf04d\">\n\n                        <div class=\"elementskit-card-body ekit-accordion--content\">\n                            <p>No. Aplica una estricta pol\u00edtica de \"no registros\", por lo que tus datos nunca se registran ni se comparten. <\/p>\n                        <\/div>\n\n                    <\/div>\n\n                <\/div><!-- .elementskit-card END -->\n\n                \n                <div class=\"elementskit-card \">\n                    <div class=\"elementskit-card-header\" id=\"primaryHeading-1-5a57c72\">\n                        <a href=\"#collapse-35c8fe469db95f0bf04d\" class=\"ekit-accordion--toggler elementskit-btn-link collapsed\" data-ekit-toggle=\"collapse\" data-target=\"#Collapse-35c8fe469db95f0bf04d\" aria-expanded=\"false\" aria-controls=\"Collapse-35c8fe469db95f0bf04d\">\n                            \n                            <span class=\"ekit-accordion-title\">\u00bfPuedo acceder a Netflix US con CyberGhost?<\/span>\n\n                            \n                                <div class=\"ekit_accordion_icon_group\">\n                                    <div class=\"ekit_accordion_normal_icon\">\n                                        <!-- Normal Icon -->\n\t\t\t\t\t\t\t\t\t\t<svg xmlns=\"http:\/\/www.w3.org\/2000\/svg\" width=\"13\" height=\"13\" viewBox=\"0 0 13 13\" fill=\"none\"><path d=\"M7.34933 6.44364L11.9922 6.44364L11.9922 7.15792L7.34933 7.15792L6.84933 7.15792L6.84933 7.65792L6.84933 12.3008L6.13504 12.3008L6.13504 7.65792L6.13504 7.15792L5.63504 7.15792L0.992186 7.15792L0.992186 6.44364L5.63504 6.44364L6.13504 6.44364L6.13504 5.94364L6.13505 1.30078L6.84933 1.30078L6.84933 5.94364L6.84933 6.44364L7.34933 6.44364Z\" fill=\"black\" stroke=\"black\"><\/path><\/svg>                                    <\/div>\n\n                                    <div class=\"ekit_accordion_active_icon\">\n                                        <!-- Active Icon -->\n\t\t\t\t\t\t\t\t\t\t<svg xmlns=\"http:\/\/www.w3.org\/2000\/svg\" width=\"11\" height=\"11\" viewBox=\"0 0 11 11\" fill=\"none\"><path fill-rule=\"evenodd\" clip-rule=\"evenodd\" d=\"M10.9952 1.84873L9.78303 0.636549L5.93738 4.4822L2.30083 0.845651L1.01895 2.12753L4.6555 5.76408L0.809849 9.60973L2.02203 10.8219L5.86768 6.97627L9.50423 10.6128L10.7861 9.33093L7.14957 5.69438L10.9952 1.84873Z\" fill=\"#436CFF\"><\/path><\/svg>                                    <\/div>\n                                <\/div>\n\n                            \n                                                    <\/a>\n                    <\/div>\n\n                    <div id=\"Collapse-35c8fe469db95f0bf04d\" class=\" collapse\" aria-labelledby=\"primaryHeading-1-5a57c72\" data-parent=\"#accordion-69db95f0bf04d\">\n\n                        <div class=\"elementskit-card-body ekit-accordion--content\">\n                            <p>S\u00ed, sus servidores especializados permiten desbloquear muchos cat\u00e1logos extranjeros.<\/p>\n                        <\/div>\n\n                    <\/div>\n\n                <\/div><!-- .elementskit-card END -->\n\n                \n                <div class=\"elementskit-card \">\n                    <div class=\"elementskit-card-header\" id=\"primaryHeading-2-5a57c72\">\n                        <a href=\"#collapse-c29457c69db95f0bf04d\" class=\"ekit-accordion--toggler elementskit-btn-link collapsed\" data-ekit-toggle=\"collapse\" data-target=\"#Collapse-c29457c69db95f0bf04d\" aria-expanded=\"false\" aria-controls=\"Collapse-c29457c69db95f0bf04d\">\n                            \n                            <span class=\"ekit-accordion-title\">\u00bfCyberGhost ralentiza la conexi\u00f3n?<\/span>\n\n                            \n                                <div class=\"ekit_accordion_icon_group\">\n                                    <div class=\"ekit_accordion_normal_icon\">\n                                        <!-- Normal Icon -->\n\t\t\t\t\t\t\t\t\t\t<svg xmlns=\"http:\/\/www.w3.org\/2000\/svg\" width=\"13\" height=\"13\" viewBox=\"0 0 13 13\" fill=\"none\"><path d=\"M7.34933 6.44364L11.9922 6.44364L11.9922 7.15792L7.34933 7.15792L6.84933 7.15792L6.84933 7.65792L6.84933 12.3008L6.13504 12.3008L6.13504 7.65792L6.13504 7.15792L5.63504 7.15792L0.992186 7.15792L0.992186 6.44364L5.63504 6.44364L6.13504 6.44364L6.13504 5.94364L6.13505 1.30078L6.84933 1.30078L6.84933 5.94364L6.84933 6.44364L7.34933 6.44364Z\" fill=\"black\" stroke=\"black\"><\/path><\/svg>                                    <\/div>\n\n                                    <div class=\"ekit_accordion_active_icon\">\n                                        <!-- Active Icon -->\n\t\t\t\t\t\t\t\t\t\t<svg xmlns=\"http:\/\/www.w3.org\/2000\/svg\" width=\"11\" height=\"11\" viewBox=\"0 0 11 11\" fill=\"none\"><path fill-rule=\"evenodd\" clip-rule=\"evenodd\" d=\"M10.9952 1.84873L9.78303 0.636549L5.93738 4.4822L2.30083 0.845651L1.01895 2.12753L4.6555 5.76408L0.809849 9.60973L2.02203 10.8219L5.86768 6.97627L9.50423 10.6128L10.7861 9.33093L7.14957 5.69438L10.9952 1.84873Z\" fill=\"#436CFF\"><\/path><\/svg>                                    <\/div>\n                                <\/div>\n\n                            \n                                                    <\/a>\n                    <\/div>\n\n                    <div id=\"Collapse-c29457c69db95f0bf04d\" class=\" collapse\" aria-labelledby=\"primaryHeading-2-5a57c72\" data-parent=\"#accordion-69db95f0bf04d\">\n\n                        <div class=\"elementskit-card-body ekit-accordion--content\">\n                            <p>Como ocurre con todas las VPN, puede haber una ligera disminuci\u00f3n de la velocidad, pero su amplia red de servidores garantiza una navegaci\u00f3n fluida.<\/p>\n                        <\/div>\n\n                    <\/div>\n\n                <\/div><!-- .elementskit-card END -->\n\n                \n                <div class=\"elementskit-card \">\n                    <div class=\"elementskit-card-header\" id=\"primaryHeading-3-5a57c72\">\n                        <a href=\"#collapse-f0f54c169db95f0bf04d\" class=\"ekit-accordion--toggler elementskit-btn-link collapsed\" data-ekit-toggle=\"collapse\" data-target=\"#Collapse-f0f54c169db95f0bf04d\" aria-expanded=\"false\" aria-controls=\"Collapse-f0f54c169db95f0bf04d\">\n                            \n                            <span class=\"ekit-accordion-title\">\u00bfCu\u00e1ntos dispositivos puedo proteger al mismo tiempo?<\/span>\n\n                            \n                                <div class=\"ekit_accordion_icon_group\">\n                                    <div class=\"ekit_accordion_normal_icon\">\n                                        <!-- Normal Icon -->\n\t\t\t\t\t\t\t\t\t\t<svg xmlns=\"http:\/\/www.w3.org\/2000\/svg\" width=\"13\" height=\"13\" viewBox=\"0 0 13 13\" fill=\"none\"><path d=\"M7.34933 6.44364L11.9922 6.44364L11.9922 7.15792L7.34933 7.15792L6.84933 7.15792L6.84933 7.65792L6.84933 12.3008L6.13504 12.3008L6.13504 7.65792L6.13504 7.15792L5.63504 7.15792L0.992186 7.15792L0.992186 6.44364L5.63504 6.44364L6.13504 6.44364L6.13504 5.94364L6.13505 1.30078L6.84933 1.30078L6.84933 5.94364L6.84933 6.44364L7.34933 6.44364Z\" fill=\"black\" stroke=\"black\"><\/path><\/svg>                                    <\/div>\n\n                                    <div class=\"ekit_accordion_active_icon\">\n                                        <!-- Active Icon -->\n\t\t\t\t\t\t\t\t\t\t<svg xmlns=\"http:\/\/www.w3.org\/2000\/svg\" width=\"11\" height=\"11\" viewBox=\"0 0 11 11\" fill=\"none\"><path fill-rule=\"evenodd\" clip-rule=\"evenodd\" d=\"M10.9952 1.84873L9.78303 0.636549L5.93738 4.4822L2.30083 0.845651L1.01895 2.12753L4.6555 5.76408L0.809849 9.60973L2.02203 10.8219L5.86768 6.97627L9.50423 10.6128L10.7861 9.33093L7.14957 5.69438L10.9952 1.84873Z\" fill=\"#436CFF\"><\/path><\/svg>                                    <\/div>\n                                <\/div>\n\n                            \n                                                    <\/a>\n                    <\/div>\n\n                    <div id=\"Collapse-f0f54c169db95f0bf04d\" class=\" collapse\" aria-labelledby=\"primaryHeading-3-5a57c72\" data-parent=\"#accordion-69db95f0bf04d\">\n\n                        <div class=\"elementskit-card-body ekit-accordion--content\">\n                            <p>Hasta 7 dispositivos con una sola suscripci\u00f3n.<\/p>\n                        <\/div>\n\n                    <\/div>\n\n                <\/div><!-- .elementskit-card END -->\n\n                \n                <div class=\"elementskit-card \">\n                    <div class=\"elementskit-card-header\" id=\"primaryHeading-4-5a57c72\">\n                        <a href=\"#collapse-d9162c969db95f0bf04d\" class=\"ekit-accordion--toggler elementskit-btn-link collapsed\" data-ekit-toggle=\"collapse\" data-target=\"#Collapse-d9162c969db95f0bf04d\" aria-expanded=\"false\" aria-controls=\"Collapse-d9162c969db95f0bf04d\">\n                            \n                            <span class=\"ekit-accordion-title\">\u00bfEs adecuado para torrents?<\/span>\n\n                            \n                                <div class=\"ekit_accordion_icon_group\">\n                                    <div class=\"ekit_accordion_normal_icon\">\n                                        <!-- Normal Icon -->\n\t\t\t\t\t\t\t\t\t\t<svg xmlns=\"http:\/\/www.w3.org\/2000\/svg\" width=\"13\" height=\"13\" viewBox=\"0 0 13 13\" fill=\"none\"><path d=\"M7.34933 6.44364L11.9922 6.44364L11.9922 7.15792L7.34933 7.15792L6.84933 7.15792L6.84933 7.65792L6.84933 12.3008L6.13504 12.3008L6.13504 7.65792L6.13504 7.15792L5.63504 7.15792L0.992186 7.15792L0.992186 6.44364L5.63504 6.44364L6.13504 6.44364L6.13504 5.94364L6.13505 1.30078L6.84933 1.30078L6.84933 5.94364L6.84933 6.44364L7.34933 6.44364Z\" fill=\"black\" stroke=\"black\"><\/path><\/svg>                                    <\/div>\n\n                                    <div class=\"ekit_accordion_active_icon\">\n                                        <!-- Active Icon -->\n\t\t\t\t\t\t\t\t\t\t<svg xmlns=\"http:\/\/www.w3.org\/2000\/svg\" width=\"11\" height=\"11\" viewBox=\"0 0 11 11\" fill=\"none\"><path fill-rule=\"evenodd\" clip-rule=\"evenodd\" d=\"M10.9952 1.84873L9.78303 0.636549L5.93738 4.4822L2.30083 0.845651L1.01895 2.12753L4.6555 5.76408L0.809849 9.60973L2.02203 10.8219L5.86768 6.97627L9.50423 10.6128L10.7861 9.33093L7.14957 5.69438L10.9952 1.84873Z\" fill=\"#436CFF\"><\/path><\/svg>                                    <\/div>\n                                <\/div>\n\n                            \n                                                    <\/a>\n                    <\/div>\n\n                    <div id=\"Collapse-d9162c969db95f0bf04d\" class=\" collapse\" aria-labelledby=\"primaryHeading-4-5a57c72\" data-parent=\"#accordion-69db95f0bf04d\">\n\n                        <div class=\"elementskit-card-body ekit-accordion--content\">\n                            <p>S\u00ed, algunos servidores est\u00e1n optimizados espec\u00edficamente para la descarga P2P.<\/p>\n                        <\/div>\n\n                    <\/div>\n\n                <\/div><!-- .elementskit-card END -->\n\n                                        <\/div>\n    <\/div>\t\t\t\t<\/div>\n\t\t\t\t<\/div>\n\t\t\t\t\t<\/div>\n\t\t\t\t<\/div>\n\t\t\t\t<\/div>\n\t\t","protected":false},"excerpt":{"rendered":"<div class=\"flex flex-grow flex-col max-w-full\">\n<div class=\"min-h-[20px] text-message flex w-full flex-col items-end gap-2 whitespace-pre-wrap break-words [.text-message+&amp;]:mt-5 overflow-x-auto\" dir=\"auto\" data-message-author-role=\"assistant\" data-message-id=\"c3e85afc-4a8b-448d-b7f5-f55483108ebb\">\n<div class=\"flex w-full flex-col gap-1 empty:hidden first:pt-[3px]\">\n<div class=\"markdown prose w-full break-words dark:prose-invert light\">\n<p>Cyber Ghost VPN es un completo servicio de red privada virtual que ofrece seguridad avanzada, m\u00e1xima confidencialidad y acceso ilimitado a contenidos con restricciones geogr\u00e1ficas. Con sus funciones avanzadas, su interfaz f\u00e1cil de usar y su compromiso con la protecci\u00f3n de los datos de los usuarios <\/p>\n<ul>\n<li>Protocolo de seguridad<\/li>\n<li>Protecci\u00f3n contra fugas DNS e IP<\/li>\n<li>Servidores optimizados<\/li>\n<li>Atenci\u00f3n al cliente 24\/7<\/li>\n<\/ul>\n<\/div>\n<\/div>\n<\/div>\n<\/div>\n","protected":false},"featured_media":31151,"comment_status":"open","ping_status":"closed","template":"","meta":{"_acf_changed":false,"_glsr_average":0,"_glsr_ranking":0,"_glsr_reviews":0},"product_brand":[],"product_cat":[4183],"product_tag":[],"class_list":{"0":"post-31148","1":"product","2":"type-product","3":"status-publish","4":"has-post-thumbnail","6":"product_cat-vpn-es","8":"first","9":"instock","10":"shipping-taxable","11":"product-type-external"},"acf":[],"_links":{"self":[{"href":"https:\/\/boostgrowb.com\/es\/wp-json\/wp\/v2\/product\/31148","targetHints":{"allow":["GET"]}}],"collection":[{"href":"https:\/\/boostgrowb.com\/es\/wp-json\/wp\/v2\/product"}],"about":[{"href":"https:\/\/boostgrowb.com\/es\/wp-json\/wp\/v2\/types\/product"}],"replies":[{"embeddable":true,"href":"https:\/\/boostgrowb.com\/es\/wp-json\/wp\/v2\/comments?post=31148"}],"version-history":[{"count":0,"href":"https:\/\/boostgrowb.com\/es\/wp-json\/wp\/v2\/product\/31148\/revisions"}],"wp:featuredmedia":[{"embeddable":true,"href":"https:\/\/boostgrowb.com\/es\/wp-json\/wp\/v2\/media\/31151"}],"wp:attachment":[{"href":"https:\/\/boostgrowb.com\/es\/wp-json\/wp\/v2\/media?parent=31148"}],"wp:term":[{"taxonomy":"product_brand","embeddable":true,"href":"https:\/\/boostgrowb.com\/es\/wp-json\/wp\/v2\/product_brand?post=31148"},{"taxonomy":"product_cat","embeddable":true,"href":"https:\/\/boostgrowb.com\/es\/wp-json\/wp\/v2\/product_cat?post=31148"},{"taxonomy":"product_tag","embeddable":true,"href":"https:\/\/boostgrowb.com\/es\/wp-json\/wp\/v2\/product_tag?post=31148"}],"curies":[{"name":"wp","href":"https:\/\/api.w.org\/{rel}","templated":true}]}}