{"id":31240,"date":"2025-06-09T09:55:11","date_gmt":"2025-06-09T09:55:11","guid":{"rendered":"https:\/\/boostgrowb.com\/software\/mira\/"},"modified":"2025-07-29T14:57:16","modified_gmt":"2025-07-29T14:57:16","slug":"mira","status":"publish","type":"product","link":"https:\/\/boostgrowb.com\/es\/software\/mira\/","title":{"rendered":"Mira"},"content":{"rendered":"\t\t<div data-elementor-type=\"product-post\" data-elementor-id=\"31240\" class=\"elementor elementor-31240 elementor-20074\" data-elementor-post-type=\"product\">\n\t\t\t\t<div class=\"elementor-element elementor-element-52e3bbe e-flex e-con-boxed wpr-particle-no wpr-jarallax-no wpr-parallax-no wpr-sticky-section-no e-con e-parent\" data-id=\"52e3bbe\" data-element_type=\"container\" data-e-type=\"container\">\n\t\t\t\t\t<div class=\"e-con-inner\">\n\t\t\t\t<div class=\"elementor-element elementor-element-7a3cecd elementor-widget elementor-widget-heading\" data-id=\"7a3cecd\" data-element_type=\"widget\" data-e-type=\"widget\" data-widget_type=\"heading.default\">\n\t\t\t\t<div class=\"elementor-widget-container\">\n\t\t\t\t\t<h2 class=\"elementor-heading-title elementor-size-default\">\u00bfQu\u00e9 es Looka?<\/h2>\t\t\t\t<\/div>\n\t\t\t\t<\/div>\n\t\t\t\t<div class=\"elementor-element elementor-element-2e00340 elementor-widget elementor-widget-text-editor\" data-id=\"2e00340\" data-element_type=\"widget\" data-e-type=\"widget\" data-widget_type=\"text-editor.default\">\n\t\t\t\t<div class=\"elementor-widget-container\">\n\t\t\t\t\t\t\t\t\t<p data-start=\"274\" data-end=\"556\"><strong data-start=\"274\" data-end=\"389\">Looka es una plataforma de creaci\u00f3n de logotipos e identidades visuales impulsada por inteligencia artificial.<\/strong>  Permite a empresarios, empresas de nueva creaci\u00f3n, PYME y dise\u00f1adores crear un logotipo profesional en pocos minutos, sin necesidad de conocimientos de dise\u00f1o ni software complejo.<\/p><p data-start=\"558\" data-end=\"729\">Adem\u00e1s del logotipo, Looka ofrece un <strong data-start=\"593\" data-end=\"623\">paquete completo de marca<\/strong>: tarjetas de visita, kits de redes sociales, paletas de colores, tipograf\u00eda y plantillas de marketing.<\/p>\t\t\t\t\t\t\t\t<\/div>\n\t\t\t\t<\/div>\n\t\t\t\t<div class=\"elementor-element elementor-element-22c6aee elementor-widget elementor-widget-heading\" data-id=\"22c6aee\" data-element_type=\"widget\" data-e-type=\"widget\" data-widget_type=\"heading.default\">\n\t\t\t\t<div class=\"elementor-widget-container\">\n\t\t\t\t\t<h3 class=\"elementor-heading-title elementor-size-default\">Caracter\u00edsticas principales de Looka  <\/h3>\t\t\t\t<\/div>\n\t\t\t\t<\/div>\n\t\t\t\t<div class=\"elementor-element elementor-element-638300d elementor-widget elementor-widget-text-editor\" data-id=\"638300d\" data-element_type=\"widget\" data-e-type=\"widget\" data-widget_type=\"text-editor.default\">\n\t\t\t\t<div class=\"elementor-widget-container\">\n\t\t\t\t\t\t\t\t\t<ul><li data-pm-slice=\"1 1 []\"><b>Creaci\u00f3n de logotipos por IA:<\/b> Describe tu empresa (nombre, sector, estilo preferido) y deja que la IA genere decenas de conceptos de logotipos \u00fanicos y personalizados en s\u00f3lo unos segundos.<\/li><\/ul><div> <\/div><ul><li><b>Kit de marca completo:<\/b> <span style=\"letter-spacing: 0px;\">Looka no se detiene en el logotipo: obtienes un kit de marca listo para usar con variaciones para tarjetas de visita, redes sociales, documentos y presentaciones.<\/span><\/li><\/ul><div> <\/div><ul><li><b>Personalizaci\u00f3n f\u00e1cil e intuitiva:<\/b> <span style=\"letter-spacing: 0px;\">Cambia la tipograf\u00eda, los colores, los iconos y el dise\u00f1o en unos pocos clics para conseguir un logotipo perfectamente alineado con tu visi\u00f3n.<\/span><\/li><\/ul><div> <\/div><ul><li><b>Plantillas para redes sociales:<\/b> <span style=\"letter-spacing: 0px;\">Accede a m\u00e1s de 300 plantillas optimizadas para Instagram, Facebook, LinkedIn y m\u00e1s, para crear un feed coherente y profesional.<\/span><\/li><\/ul>\t\t\t\t\t\t\t\t<\/div>\n\t\t\t\t<\/div>\n\t\t\t\t<div class=\"elementor-element elementor-element-1d9f0cb elementor-widget elementor-widget-heading\" data-id=\"1d9f0cb\" data-element_type=\"widget\" data-e-type=\"widget\" data-widget_type=\"heading.default\">\n\t\t\t\t<div class=\"elementor-widget-container\">\n\t\t\t\t\t<h2 class=\"elementor-heading-title elementor-size-default\">\u00bfPara qui\u00e9n es Looka?<\/h2>\t\t\t\t<\/div>\n\t\t\t\t<\/div>\n\t\t\t\t<div class=\"elementor-element elementor-element-f847970 elementor-widget elementor-widget-text-editor\" data-id=\"f847970\" data-element_type=\"widget\" data-e-type=\"widget\" data-widget_type=\"text-editor.default\">\n\t\t\t\t<div class=\"elementor-widget-container\">\n\t\t\t\t\t\t\t\t\t<p data-start=\"1351\" data-end=\"1480\">Looka est\u00e1 dise\u00f1ado para cualquiera que desee crear una identidad visual profesional de forma r\u00e1pida y rentable:<\/p><ul data-start=\"1482\" data-end=\"1962\"><li data-start=\"1482\" data-end=\"1574\"><p data-start=\"1484\" data-end=\"1574\"><strong data-start=\"1484\" data-end=\"1513\">Emprendedores y empresas de nueva creaci\u00f3n<\/strong> que lanzan su negocio y necesitan un logotipo impactante.<\/p><\/li><li data-start=\"1575\" data-end=\"1647\"><p data-start=\"1577\" data-end=\"1647\"><strong data-start=\"1577\" data-end=\"1606\">Aut\u00f3nomos y trabajadores por cuenta propia<\/strong> que quieren profesionalizar su imagen.<\/p><\/li><li data-start=\"1648\" data-end=\"1726\"><p data-start=\"1650\" data-end=\"1726\"><strong data-start=\"1650\" data-end=\"1692\">Peque\u00f1as empresas y tiendas locales<\/strong> que quieren una marca coherente.<\/p><\/li><li data-start=\"1727\" data-end=\"1797\"><p data-start=\"1729\" data-end=\"1797\"><strong data-start=\"1729\" data-end=\"1773\">Asociaciones, escuelas y proyectos estudiantiles<\/strong> en busca de visibilidad.<\/p><\/li><li data-start=\"1798\" data-end=\"1888\"><p data-start=\"1800\" data-end=\"1888\"><strong data-start=\"1800\" data-end=\"1849\">Creadores de contenidos, blogueros y personas influyentes<\/strong> que quieren destacar visualmente.<\/p><\/li><li data-start=\"1889\" data-end=\"1962\"><p data-start=\"1891\" data-end=\"1962\"><strong data-start=\"1891\" data-end=\"1918\">PYME sin departamento de dise\u00f1o<\/strong> que necesitan una herramienta sencilla y fiable.<\/p><\/li><\/ul>\t\t\t\t\t\t\t\t<\/div>\n\t\t\t\t<\/div>\n\t\t\t\t\t<\/div>\n\t\t\t\t<\/div>\n\t\t\t\t<\/div>\n\t\t","protected":false},"excerpt":{"rendered":"<p>Looka es una potente herramienta de IA que te permite crear un logotipo \u00fanico, profesional y perfectamente personalizado en unos pocos clics. Elige tus estilos, colores e iconos, y obt\u00e9n un completo kit de marca para lanzar o reforzar tu identidad visual. <\/p>\n<ul>\n<li>Dise\u00f1o del logotipo por IA<\/li>\n<li>Elecci\u00f3n de iconos y estilos<\/li>\n<li>Colores y fuentes personalizados<\/li>\n<li>Listo para web e impresi\u00f3n<\/li>\n<\/ul>\n","protected":false},"featured_media":30960,"comment_status":"open","ping_status":"closed","template":"","meta":{"_acf_changed":false,"_glsr_average":0,"_glsr_ranking":0,"_glsr_reviews":0},"product_brand":[],"product_cat":[5392,5378],"product_tag":[],"class_list":{"0":"post-31240","1":"product","2":"type-product","3":"status-publish","4":"has-post-thumbnail","6":"product_cat-diseno-del-logotipo","7":"product_cat-ia-generativa","9":"first","10":"instock","11":"shipping-taxable","12":"product-type-external"},"acf":[],"_links":{"self":[{"href":"https:\/\/boostgrowb.com\/es\/wp-json\/wp\/v2\/product\/31240","targetHints":{"allow":["GET"]}}],"collection":[{"href":"https:\/\/boostgrowb.com\/es\/wp-json\/wp\/v2\/product"}],"about":[{"href":"https:\/\/boostgrowb.com\/es\/wp-json\/wp\/v2\/types\/product"}],"replies":[{"embeddable":true,"href":"https:\/\/boostgrowb.com\/es\/wp-json\/wp\/v2\/comments?post=31240"}],"version-history":[{"count":0,"href":"https:\/\/boostgrowb.com\/es\/wp-json\/wp\/v2\/product\/31240\/revisions"}],"wp:featuredmedia":[{"embeddable":true,"href":"https:\/\/boostgrowb.com\/es\/wp-json\/wp\/v2\/media\/30960"}],"wp:attachment":[{"href":"https:\/\/boostgrowb.com\/es\/wp-json\/wp\/v2\/media?parent=31240"}],"wp:term":[{"taxonomy":"product_brand","embeddable":true,"href":"https:\/\/boostgrowb.com\/es\/wp-json\/wp\/v2\/product_brand?post=31240"},{"taxonomy":"product_cat","embeddable":true,"href":"https:\/\/boostgrowb.com\/es\/wp-json\/wp\/v2\/product_cat?post=31240"},{"taxonomy":"product_tag","embeddable":true,"href":"https:\/\/boostgrowb.com\/es\/wp-json\/wp\/v2\/product_tag?post=31240"}],"curies":[{"name":"wp","href":"https:\/\/api.w.org\/{rel}","templated":true}]}}