{"id":31243,"date":"2025-06-08T14:24:52","date_gmt":"2025-06-08T14:24:52","guid":{"rendered":"https:\/\/boostgrowb.com\/software\/artlist-io\/"},"modified":"2026-02-14T14:02:57","modified_gmt":"2026-02-14T14:02:57","slug":"artlist-io","status":"publish","type":"product","link":"https:\/\/boostgrowb.com\/es\/software\/artlist-io\/","title":{"rendered":"Artlist.io"},"content":{"rendered":"\t\t<div data-elementor-type=\"product-post\" data-elementor-id=\"31243\" class=\"elementor elementor-31243 elementor-20015\" data-elementor-post-type=\"product\">\n\t\t\t\t<div class=\"elementor-element elementor-element-303be0b e-flex e-con-boxed wpr-particle-no wpr-jarallax-no wpr-parallax-no wpr-sticky-section-no e-con e-parent\" data-id=\"303be0b\" data-element_type=\"container\" data-e-type=\"container\">\n\t\t\t\t\t<div class=\"e-con-inner\">\n\t\t\t\t<div class=\"elementor-element elementor-element-599ead3 elementor-widget elementor-widget-heading\" data-id=\"599ead3\" data-element_type=\"widget\" data-e-type=\"widget\" data-widget_type=\"heading.default\">\n\t\t\t\t<div class=\"elementor-widget-container\">\n\t\t\t\t\t<h2 class=\"elementor-heading-title elementor-size-default\">\u00bfQu\u00e9 es Artlist.io ?<\/h2>\t\t\t\t<\/div>\n\t\t\t\t<\/div>\n\t\t\t\t<div class=\"elementor-element elementor-element-d094b09 elementor-widget elementor-widget-text-editor\" data-id=\"d094b09\" data-element_type=\"widget\" data-e-type=\"widget\" data-widget_type=\"text-editor.default\">\n\t\t\t\t<div class=\"elementor-widget-container\">\n\t\t\t\t\t\t\t\t\t<p data-start=\"94\" data-end=\"377\"><strong data-start=\"94\" data-end=\"189\">Artlist.io es una herramienta de IA todo en uno que simplifica la creaci\u00f3n de v\u00eddeos profesionales.<\/strong>  Te proporciona una amplia biblioteca de m\u00fasica, efectos de sonido, secuencias de v\u00eddeo y plantillas libres de derechos, todo ello bajo una licencia comercial clara e ilimitada.<\/p><p data-start=\"379\" data-end=\"653\" data-is-last-node=\"\" data-is-only-node=\"\"><strong data-start=\"379\" data-end=\"421\">Gracias a su tecnolog\u00eda de voz en off por IA,<\/strong> Artlist puede generar narraciones naturales y expresivas en unos pocos clics. Es la soluci\u00f3n ideal para a\u00f1adir f\u00e1cilmente una voz profesional a tus v\u00eddeos, tutoriales, anuncios o contenidos de e-learning, sin necesidad de micr\u00f3fono ni estudio. <\/p>\t\t\t\t\t\t\t\t<\/div>\n\t\t\t\t<\/div>\n\t\t\t\t<div class=\"elementor-element elementor-element-e38a005 elementor-widget elementor-widget-heading\" data-id=\"e38a005\" data-element_type=\"widget\" data-e-type=\"widget\" data-widget_type=\"heading.default\">\n\t\t\t\t<div class=\"elementor-widget-container\">\n\t\t\t\t\t<h2 class=\"elementor-heading-title elementor-size-default\">  Las principales ventajas de Artlist.io<\/h2>\t\t\t\t<\/div>\n\t\t\t\t<\/div>\n\t\t\t\t<div class=\"elementor-element elementor-element-1da3e1a elementor-widget elementor-widget-text-editor\" data-id=\"1da3e1a\" data-element_type=\"widget\" data-e-type=\"widget\" data-widget_type=\"text-editor.default\">\n\t\t\t\t<div class=\"elementor-widget-container\">\n\t\t\t\t\t\t\t\t\t<ul><li data-start=\"112\" data-end=\"253\"><p data-start=\"114\" data-end=\"253\"><strong data-start=\"114\" data-end=\"139\">Locuciones realistas con IA<\/strong>: Crea <strong data-start=\"276\" data-end=\"317\">narraciones naturales y multiling\u00fces<\/strong> en unos pocos clics, perfectas para tus v\u00eddeos, podcasts o m\u00f3dulos de e-learning. La IA de voz de Artlist te permite generar voces profesionales sin necesidad de un estudio ni de costosas grabaciones. <\/p><\/li><li data-start=\"112\" data-end=\"253\"><p data-pm-slice=\"1 1 []\"><b>Creaci\u00f3n asistida por IA:<\/b> transforma texto en <strong data-start=\"567\" data-end=\"595\">im\u00e1genes o v\u00eddeos animados<\/strong> y automatiza determinados ajustes visuales o de audio. Esta innovadora funci\u00f3n simplifica la producci\u00f3n y acelera tu flujo de trabajo creativo. <\/p><\/li><li data-start=\"112\" data-end=\"253\"><p data-pm-slice=\"1 1 []\"><b>Efectos de sonido profesionales:<\/b> Accede a una amplia <strong data-start=\"789\" data-end=\"842\">biblioteca de efectos de sonido y atm\u00f3sferas envolventes<\/strong>, ideales para a\u00f1adir profundidad y realismo a tus contenidos de v\u00eddeo, audio o juegos.<\/p><\/li><li data-start=\"112\" data-end=\"253\"><p data-pm-slice=\"1 1 []\"><b>M\u00fasica libre de derechos de autor:<\/b> aprovecha <strong data-start=\"982\" data-end=\"1016\">miles de pistas originales<\/strong>, utilizables en todas partes (YouTube, podcasts, redes sociales, pubs, e-learning) con una <strong data-start=\"1102\" data-end=\"1133\">licencia sencilla e ilimitada<\/strong>, sin tener que preocuparte nunca por los derechos de autor.<\/p><\/li><\/ul>\t\t\t\t\t\t\t\t<\/div>\n\t\t\t\t<\/div>\n\t\t\t\t<div class=\"elementor-element elementor-element-de8c040 elementor-widget elementor-widget-heading\" data-id=\"de8c040\" data-element_type=\"widget\" data-e-type=\"widget\" data-widget_type=\"heading.default\">\n\t\t\t\t<div class=\"elementor-widget-container\">\n\t\t\t\t\t<h2 class=\"elementor-heading-title elementor-size-default\">\u00bfA qui\u00e9n va dirigido Artlist.io?<\/h2>\t\t\t\t<\/div>\n\t\t\t\t<\/div>\n\t\t\t\t<div class=\"elementor-element elementor-element-fa65f9d elementor-widget elementor-widget-text-editor\" data-id=\"fa65f9d\" data-element_type=\"widget\" data-e-type=\"widget\" data-widget_type=\"text-editor.default\">\n\t\t\t\t<div class=\"elementor-widget-container\">\n\t\t\t\t\t\t\t\t\t<ul><li data-start=\"2198\" data-end=\"2290\"><p data-start=\"2200\" data-end=\"2290\"><strong data-start=\"2200\" data-end=\"2245\">Creadores de contenidos y vide\u00f3grafos de YouTube<\/strong> que quieran profesionalizar sus v\u00eddeos.<\/p><\/li><li data-start=\"2291\" data-end=\"2364\"><p data-start=\"2293\" data-end=\"2364\"><strong data-start=\"2293\" data-end=\"2320\">Podcasters y streamers<\/strong> que buscan un envoltorio de audio envolvente.<\/p><\/li><li data-start=\"2365\" data-end=\"2449\"><p data-start=\"2367\" data-end=\"2449\"><strong data-start=\"2367\" data-end=\"2413\">Agencias de marketing y estudios de producci\u00f3n<\/strong> que gestionan varios proyectos de clientes.<\/p><\/li><li data-start=\"2450\" data-end=\"2555\"><p data-start=\"2452\" data-end=\"2555\"><strong data-start=\"2452\" data-end=\"2492\">Empresas y equipos de comunicaci\u00f3n<\/strong> que producen v\u00eddeos internos, publicidad y medios digitales.<\/p><\/li><\/ul>\t\t\t\t\t\t\t\t<\/div>\n\t\t\t\t<\/div>\n\t\t\t\t\t<\/div>\n\t\t\t\t<\/div>\n\t\t\t\t<\/div>\n\t\t","protected":false},"excerpt":{"rendered":"<p>Artlist.io es una completa herramienta de IA para crear locuciones naturales y v\u00eddeos ultrarrealistas, ideal para creadores, vendedores y profesionales de contenidos.<\/p>\n<ul>\n<li>Locuciones realistas de IA<\/li>\n<li>Creaci\u00f3n asistida de v\u00eddeos<\/li>\n<li>Interfaz intuitiva<\/li>\n<li>Instalaci\u00f3n todo en uno<\/li>\n<\/ul>\n","protected":false},"featured_media":31246,"comment_status":"open","ping_status":"closed","template":"","meta":{"_acf_changed":false,"_glsr_average":0,"_glsr_ranking":0,"_glsr_reviews":0},"product_brand":[],"product_cat":[5385,5379,5378],"product_tag":[],"class_list":{"0":"post-31243","1":"product","2":"type-product","3":"status-publish","4":"has-post-thumbnail","6":"product_cat-generador-de-voz","7":"product_cat-generadores-de-video","8":"product_cat-ia-generativa","10":"first","11":"instock","12":"shipping-taxable","13":"product-type-external"},"acf":[],"_links":{"self":[{"href":"https:\/\/boostgrowb.com\/es\/wp-json\/wp\/v2\/product\/31243","targetHints":{"allow":["GET"]}}],"collection":[{"href":"https:\/\/boostgrowb.com\/es\/wp-json\/wp\/v2\/product"}],"about":[{"href":"https:\/\/boostgrowb.com\/es\/wp-json\/wp\/v2\/types\/product"}],"replies":[{"embeddable":true,"href":"https:\/\/boostgrowb.com\/es\/wp-json\/wp\/v2\/comments?post=31243"}],"version-history":[{"count":0,"href":"https:\/\/boostgrowb.com\/es\/wp-json\/wp\/v2\/product\/31243\/revisions"}],"wp:featuredmedia":[{"embeddable":true,"href":"https:\/\/boostgrowb.com\/es\/wp-json\/wp\/v2\/media\/31246"}],"wp:attachment":[{"href":"https:\/\/boostgrowb.com\/es\/wp-json\/wp\/v2\/media?parent=31243"}],"wp:term":[{"taxonomy":"product_brand","embeddable":true,"href":"https:\/\/boostgrowb.com\/es\/wp-json\/wp\/v2\/product_brand?post=31243"},{"taxonomy":"product_cat","embeddable":true,"href":"https:\/\/boostgrowb.com\/es\/wp-json\/wp\/v2\/product_cat?post=31243"},{"taxonomy":"product_tag","embeddable":true,"href":"https:\/\/boostgrowb.com\/es\/wp-json\/wp\/v2\/product_tag?post=31243"}],"curies":[{"name":"wp","href":"https:\/\/api.w.org\/{rel}","templated":true}]}}