{"id":31253,"date":"2024-09-30T14:14:34","date_gmt":"2024-09-30T14:14:34","guid":{"rendered":"https:\/\/boostgrowb.com\/software\/netchex\/"},"modified":"2025-07-07T16:15:11","modified_gmt":"2025-07-07T16:15:11","slug":"netchex","status":"publish","type":"product","link":"https:\/\/boostgrowb.com\/es\/software\/netchex\/","title":{"rendered":"Netchex"},"content":{"rendered":"\t\t<div data-elementor-type=\"product-post\" data-elementor-id=\"31253\" class=\"elementor elementor-31253 elementor-9606\" data-elementor-post-type=\"product\">\n\t\t\t\t<div class=\"elementor-element elementor-element-d993b2d e-flex e-con-boxed wpr-particle-no wpr-jarallax-no wpr-parallax-no wpr-sticky-section-no e-con e-parent\" data-id=\"d993b2d\" data-element_type=\"container\" data-e-type=\"container\">\n\t\t\t\t\t<div class=\"e-con-inner\">\n\t\t\t\t<div class=\"elementor-element elementor-element-5bfcdbf elementor-widget elementor-widget-heading\" data-id=\"5bfcdbf\" data-element_type=\"widget\" data-e-type=\"widget\" data-widget_type=\"heading.default\">\n\t\t\t\t<div class=\"elementor-widget-container\">\n\t\t\t\t\t<h2 class=\"elementor-heading-title elementor-size-default\">\u00bfQu\u00e9 es Netchex?<\/h2>\t\t\t\t<\/div>\n\t\t\t\t<\/div>\n\t\t\t\t<div class=\"elementor-element elementor-element-ca9e875 elementor-widget elementor-widget-text-editor\" data-id=\"ca9e875\" data-element_type=\"widget\" data-e-type=\"widget\" data-widget_type=\"text-editor.default\">\n\t\t\t\t<div class=\"elementor-widget-container\">\n\t\t\t\t\t\t\t\t\t<p class=\"\" data-start=\"276\" data-end=\"775\"><strong data-start=\"276\" data-end=\"388\">Netchex es un potente paquete de software de gesti\u00f3n de n\u00f3minas y RRHH dise\u00f1ado para empresas<\/strong> que quieren simplificar y optimizar sus procesos de RRHH. Con su plataforma todo en uno, Netchex centraliza eficazmente las n\u00f3minas, el control horario, la gesti\u00f3n de beneficios, la contrataci\u00f3n y mucho m\u00e1s. Esta soluci\u00f3n intuitiva ahorra un tiempo valioso, garantiza el cumplimiento de la normativa y reduce los errores asociados a las tareas manuales.  <\/p><p class=\"\" data-start=\"777\" data-end=\"1281\">Adem\u00e1s de centralizar las herramientas de RRHH, Netchex destaca por sus avanzadas funciones de automatizaci\u00f3n. El software automatiza los complejos procesos relacionados con las n\u00f3minas, las declaraciones a la Seguridad Social, las hojas de horas y los permisos, al tiempo que ofrece cuadros de mando detallados e informes en tiempo real. El resultado: una mayor visibilidad del rendimiento de RRHH, una reducci\u00f3n significativa de los costes administrativos y una mejora continua de la eficacia de los equipos.  <\/p><p class=\"\" data-start=\"1283\" data-end=\"1748\">Dise\u00f1ado para satisfacer las necesidades tanto de las PYMES como de las grandes empresas, Netchex es una soluci\u00f3n escalable y personalizable. Su perfecta integraci\u00f3n con tus herramientas existentes, su interfaz f\u00e1cil de usar y su receptivo servicio de atenci\u00f3n al cliente la convierten en un verdadero socio estrat\u00e9gico para tu crecimiento. Con Netchex, puedes gestionar tus recursos humanos de forma m\u00e1s inteligente y centrarte en lo que m\u00e1s importa: desarrollar tu capital humano.  <\/p>\t\t\t\t\t\t\t\t<\/div>\n\t\t\t\t<\/div>\n\t\t\t\t<div class=\"elementor-element elementor-element-8408505 elementor-widget elementor-widget-heading\" data-id=\"8408505\" data-element_type=\"widget\" data-e-type=\"widget\" data-widget_type=\"heading.default\">\n\t\t\t\t<div class=\"elementor-widget-container\">\n\t\t\t\t\t<h2 class=\"elementor-heading-title elementor-size-default\">Las 5 principales ventajas de Netchex<\/h2>\t\t\t\t<\/div>\n\t\t\t\t<\/div>\n\t\t\t\t<div class=\"elementor-element elementor-element-7eb3cb6 elementor-widget elementor-widget-text-editor\" data-id=\"7eb3cb6\" data-element_type=\"widget\" data-e-type=\"widget\" data-widget_type=\"text-editor.default\">\n\t\t\t\t<div class=\"elementor-widget-container\">\n\t\t\t\t\t\t\t\t\t<ul><li data-pm-slice=\"0 0 []\"><strong>Gesti\u00f3n centralizada de RRHH y n\u00f3minas:<\/strong> Netchex re\u00fane todos los procesos de RRHH -n\u00f3minas, permisos, prestaciones, tiempo de trabajo- en una \u00fanica plataforma intuitiva, simplificando la gesti\u00f3n administrativa.<\/li><\/ul><div> <\/div><ul><li><p><strong>Mejora del compromiso de los empleados<\/strong>: Gracias a su <strong>portal de autoservicio<\/strong>, Netchex permite a los empleados gestionar mejor su informaci\u00f3n personal y acceder f\u00e1cilmente a sus datos de n\u00f3mina y tiempo de trabajo, mejorando as\u00ed su satisfacci\u00f3n y compromiso.<\/p><\/li><li><p><strong>Una soluci\u00f3n todo en uno<\/strong>: Con <strong>Netchex<\/strong>, todas las funciones de RRHH se agrupan en una \u00fanica plataforma, lo que permite a las empresas gestionar f\u00e1cilmente todos los aspectos de los recursos humanos, desde la contrataci\u00f3n hasta la jubilaci\u00f3n.<\/p><\/li><li><b>Automatizaci\u00f3n inteligente: <\/b>Al automatizar las tareas recurrentes (c\u00e1lculos de n\u00f3minas, declaraciones, hojas de horas), ahorras tiempo y reduces dr\u00e1sticamente los errores humanos.<\/li><\/ul><div> <\/div><ul><li><p data-pm-slice=\"1 1 []\"><b>Personalizaci\u00f3n y escalabilidad:<\/b> Netchex se adapta a tus necesidades espec\u00edficas, sea cual sea el tama\u00f1o de tu empresa, con m\u00f3dulos configurables y una interfaz f\u00e1cil de usar.<\/p><\/li><\/ul>\t\t\t\t\t\t\t\t<\/div>\n\t\t\t\t<\/div>\n\t\t\t\t\t<\/div>\n\t\t\t\t<\/div>\n\t\t\t\t<\/div>\n\t\t","protected":false},"excerpt":{"rendered":"<p><strong>Netchex<\/strong> es un software de gesti\u00f3n de recursos humanos y n\u00f3minas que centraliza la gesti\u00f3n de empleados, salarios y vacaciones. Est\u00e1 dise\u00f1ado para simplificar las tareas de RRHH mediante una interfaz intuitiva. <\/p>\n<ul>\n<li>Automatizaci\u00f3n de RRHH<\/li>\n<li>Interfaz f\u00e1cil de usar<\/li>\n<li>Gesti\u00f3n simplificada de las n\u00f3minas<\/li>\n<li>Seguimiento del tiempo y la asistencia<\/li>\n<\/ul>\n","protected":false},"featured_media":31258,"comment_status":"open","ping_status":"closed","template":"","meta":{"_acf_changed":false,"_glsr_average":0,"_glsr_ranking":0,"_glsr_reviews":0},"product_brand":[],"product_cat":[5190],"product_tag":[],"class_list":{"0":"post-31253","1":"product","2":"type-product","3":"status-publish","4":"has-post-thumbnail","6":"product_cat-software-de-rrhh","8":"first","9":"instock","10":"shipping-taxable","11":"product-type-external"},"acf":[],"_links":{"self":[{"href":"https:\/\/boostgrowb.com\/es\/wp-json\/wp\/v2\/product\/31253","targetHints":{"allow":["GET"]}}],"collection":[{"href":"https:\/\/boostgrowb.com\/es\/wp-json\/wp\/v2\/product"}],"about":[{"href":"https:\/\/boostgrowb.com\/es\/wp-json\/wp\/v2\/types\/product"}],"replies":[{"embeddable":true,"href":"https:\/\/boostgrowb.com\/es\/wp-json\/wp\/v2\/comments?post=31253"}],"version-history":[{"count":0,"href":"https:\/\/boostgrowb.com\/es\/wp-json\/wp\/v2\/product\/31253\/revisions"}],"wp:featuredmedia":[{"embeddable":true,"href":"https:\/\/boostgrowb.com\/es\/wp-json\/wp\/v2\/media\/31258"}],"wp:attachment":[{"href":"https:\/\/boostgrowb.com\/es\/wp-json\/wp\/v2\/media?parent=31253"}],"wp:term":[{"taxonomy":"product_brand","embeddable":true,"href":"https:\/\/boostgrowb.com\/es\/wp-json\/wp\/v2\/product_brand?post=31253"},{"taxonomy":"product_cat","embeddable":true,"href":"https:\/\/boostgrowb.com\/es\/wp-json\/wp\/v2\/product_cat?post=31253"},{"taxonomy":"product_tag","embeddable":true,"href":"https:\/\/boostgrowb.com\/es\/wp-json\/wp\/v2\/product_tag?post=31253"}],"curies":[{"name":"wp","href":"https:\/\/api.w.org\/{rel}","templated":true}]}}