{"id":31254,"date":"2025-04-20T12:26:18","date_gmt":"2025-04-20T12:26:18","guid":{"rendered":"https:\/\/boostgrowb.com\/software\/flatchr\/"},"modified":"2025-07-07T16:14:35","modified_gmt":"2025-07-07T16:14:35","slug":"flatchr","status":"publish","type":"product","link":"https:\/\/boostgrowb.com\/es\/software\/flatchr\/","title":{"rendered":"Flatchr"},"content":{"rendered":"\t\t<div data-elementor-type=\"product-post\" data-elementor-id=\"31254\" class=\"elementor elementor-31254 elementor-18131\" data-elementor-post-type=\"product\">\n\t\t\t\t<div class=\"elementor-element elementor-element-67100f2 e-flex e-con-boxed wpr-particle-no wpr-jarallax-no wpr-parallax-no wpr-sticky-section-no e-con e-parent\" data-id=\"67100f2\" data-element_type=\"container\" data-e-type=\"container\">\n\t\t\t\t\t<div class=\"e-con-inner\">\n\t\t\t\t<div class=\"elementor-element elementor-element-4c70308 elementor-widget elementor-widget-heading\" data-id=\"4c70308\" data-element_type=\"widget\" data-e-type=\"widget\" data-widget_type=\"heading.default\">\n\t\t\t\t<div class=\"elementor-widget-container\">\n\t\t\t\t\t<h2 class=\"elementor-heading-title elementor-size-default\">\u00bfQu\u00e9 es Flatchr?<\/h2>\t\t\t\t<\/div>\n\t\t\t\t<\/div>\n\t\t\t\t<div class=\"elementor-element elementor-element-5fa16a9 elementor-widget elementor-widget-text-editor\" data-id=\"5fa16a9\" data-element_type=\"widget\" data-e-type=\"widget\" data-widget_type=\"text-editor.default\">\n\t\t\t\t<div class=\"elementor-widget-container\">\n\t\t\t\t\t\t\t\t\t<p class=\"\" data-start=\"0\" data-end=\"513\"><strong data-start=\"0\" data-end=\"130\">Flatchr es un paquete de software de contrataci\u00f3n todo en uno dise\u00f1ado para simplificar y digitalizar todo el proceso de contrataci\u00f3n.<\/strong>  Tanto si eres una PYME, una empresa emergente o una gran corporaci\u00f3n, Flatchr te permite publicar tus vacantes en m\u00e1s de 100 bolsas de trabajo con un solo clic, centralizar las candidaturas y supervisar cada etapa del proceso de contrataci\u00f3n desde una interfaz intuitiva. R\u00e1pida de aprender, la herramienta mejora la productividad de los reclutadores al tiempo que optimiza la experiencia del candidato. <\/p><p class=\"\" data-start=\"515\" data-end=\"1022\"><strong data-start=\"515\" data-end=\"660\">Lo que diferencia a Flatchr es su capacidad para automatizar tareas que consumen mucho tiempo, al tiempo que refuerza la colaboraci\u00f3n dentro de los equipos de RRHH.<\/strong>  Gracias a su sistema de gesti\u00f3n de candidaturas (ATS), puedes ver f\u00e1cilmente los perfiles, organizar entrevistas, intercambiar opiniones en tiempo real y priorizar el talento seg\u00fan criterios personalizados. La perfecta integraci\u00f3n con tus herramientas actuales (calendarios, mensajer\u00eda, CRM de RRHH, etc.) te permite crear un flujo de trabajo de RRHH coherente, r\u00e1pido y eficaz. <\/p><p class=\"\" data-start=\"1024\" data-end=\"1467\"><strong data-start=\"1024\" data-end=\"1149\">Flatchr hace algo m\u00e1s que anunciarse: convierte la contrataci\u00f3n en una palanca estrat\u00e9gica de crecimiento.<\/strong>  An\u00e1lisis de rendimiento, seguimiento de KPI, puntuaci\u00f3n de candidatos, comunicaci\u00f3n automatizada&#8230; todo est\u00e1 dise\u00f1ado para acelerar tu contrataci\u00f3n, reducir los costes de contrataci\u00f3n y atraer a los mejores talentos. Con Flatchr, puedes profesionalizar tus procesos de RRHH y ofrecer una imagen de empleador moderna, humana y atractiva. <\/p>\t\t\t\t\t\t\t\t<\/div>\n\t\t\t\t<\/div>\n\t\t\t\t<div class=\"elementor-element elementor-element-bae9224 elementor-widget elementor-widget-heading\" data-id=\"bae9224\" data-element_type=\"widget\" data-e-type=\"widget\" data-widget_type=\"heading.default\">\n\t\t\t\t<div class=\"elementor-widget-container\">\n\t\t\t\t\t<h2 class=\"elementor-heading-title elementor-size-default\">Las 5 principales ventajas de Flatchr<\/h2>\t\t\t\t<\/div>\n\t\t\t\t<\/div>\n\t\t\t\t<div class=\"elementor-element elementor-element-b0a7a2e elementor-widget elementor-widget-text-editor\" data-id=\"b0a7a2e\" data-element_type=\"widget\" data-e-type=\"widget\" data-widget_type=\"text-editor.default\">\n\t\t\t\t<div class=\"elementor-widget-container\">\n\t\t\t\t\t\t\t\t\t<p data-pm-slice=\"0 0 []\"><strong>Contrataci\u00f3n 100% digital y centralizada:<\/strong> Con Flatchr, di adi\u00f3s a las hojas de c\u00e1lculo, los correos electr\u00f3nicos dispersos y los procesos manuales. La plataforma centraliza cada etapa del proceso de contrataci\u00f3n, desde la publicidad hasta la contrataci\u00f3n, para un <strong data-start=\"444\" data-end=\"492\">proceso estructurado, r\u00e1pido y sin fricciones<\/strong>. Ganas claridad, productividad&#8230; y tranquilidad.  <\/p><p data-pm-slice=\"0 0 []\"><strong>Colaboraci\u00f3n fluida y transparente en RRHH:<\/strong> Flatchr facilita el trabajo en equipo: directivos, reclutadores y RRHH colaboran en tiempo real en cada perfil, dejando comentarios, asignando puntuaciones y tomando decisiones conjuntamente. El resultado: <strong data-start=\"1122\" data-end=\"1184\">una contrataci\u00f3n m\u00e1s r\u00e1pida, m\u00e1s alineada y m\u00e1s eficaz.<\/strong> <\/p><p data-pm-slice=\"1 1 []\"><strong>Automatizaci\u00f3n de tareas:<\/strong> Respuestas autom\u00e1ticas, seguimientos, seguimiento de candidatos, informes de RRHH&#8230; Flatchr automatiza las tareas que consumen mucho tiempo, para que puedas concentrarte en lo importante: <strong data-start=\"1412\" data-end=\"1454\">las personas y la calidad de la contrataci\u00f3n.<\/strong><\/p><p data-pm-slice=\"1 1 []\"><strong>Distribuci\u00f3n en varios portales<\/strong> de <strong>empleo con un solo clic:<\/strong> Con un solo clic, tus ofertas se publican en m\u00e1s de 100 portales de empleo asociados (LinkedIn, Indeed, P\u00f4le Emploi, etc.). El resultado: <strong data-start=\"753\" data-end=\"788\">m\u00e1s candidaturas cualificadas<\/strong>, menos p\u00e9rdida de tiempo y un aumento de la contrataci\u00f3n sin esfuerzo adicional. <\/p><p data-pm-slice=\"0 0 []\"><strong>An\u00e1lisis de rendimiento e informes de RRHH:<\/strong> Con sus claros paneles y estad\u00edsticas en tiempo real, Flatchr te permite analizar tu contrataci\u00f3n, optimizar tus canales de distribuci\u00f3n y mejorar continuamente tus procesos.<\/p>\t\t\t\t\t\t\t\t<\/div>\n\t\t\t\t<\/div>\n\t\t\t\t\t<\/div>\n\t\t\t\t<\/div>\n\t\t\t\t<\/div>\n\t\t","protected":false},"excerpt":{"rendered":"<p>Flatchr es un software de contrataci\u00f3n todo en uno dise\u00f1ado para RRHH. Simplifica, digitaliza y automatiza todo tu proceso de contrataci\u00f3n para atraer a los mejores talentos y mejorar la eficiencia. <\/p>\n<ul>\n<li>Interfaz colaborativa de RRHH<\/li>\n<li>Seguimiento de las solicitudes<\/li>\n<li>Filtrado autom\u00e1tico de CV<\/li>\n<li>Integraci\u00f3n con LinkedIn<\/li>\n<\/ul>\n","protected":false},"featured_media":31255,"comment_status":"open","ping_status":"closed","template":"","meta":{"_acf_changed":false,"_glsr_average":0,"_glsr_ranking":0,"_glsr_reviews":0},"product_brand":[],"product_cat":[5190],"product_tag":[],"class_list":{"0":"post-31254","1":"product","2":"type-product","3":"status-publish","4":"has-post-thumbnail","6":"product_cat-software-de-rrhh","8":"first","9":"instock","10":"shipping-taxable","11":"product-type-external"},"acf":[],"_links":{"self":[{"href":"https:\/\/boostgrowb.com\/es\/wp-json\/wp\/v2\/product\/31254","targetHints":{"allow":["GET"]}}],"collection":[{"href":"https:\/\/boostgrowb.com\/es\/wp-json\/wp\/v2\/product"}],"about":[{"href":"https:\/\/boostgrowb.com\/es\/wp-json\/wp\/v2\/types\/product"}],"replies":[{"embeddable":true,"href":"https:\/\/boostgrowb.com\/es\/wp-json\/wp\/v2\/comments?post=31254"}],"version-history":[{"count":0,"href":"https:\/\/boostgrowb.com\/es\/wp-json\/wp\/v2\/product\/31254\/revisions"}],"wp:featuredmedia":[{"embeddable":true,"href":"https:\/\/boostgrowb.com\/es\/wp-json\/wp\/v2\/media\/31255"}],"wp:attachment":[{"href":"https:\/\/boostgrowb.com\/es\/wp-json\/wp\/v2\/media?parent=31254"}],"wp:term":[{"taxonomy":"product_brand","embeddable":true,"href":"https:\/\/boostgrowb.com\/es\/wp-json\/wp\/v2\/product_brand?post=31254"},{"taxonomy":"product_cat","embeddable":true,"href":"https:\/\/boostgrowb.com\/es\/wp-json\/wp\/v2\/product_cat?post=31254"},{"taxonomy":"product_tag","embeddable":true,"href":"https:\/\/boostgrowb.com\/es\/wp-json\/wp\/v2\/product_tag?post=31254"}],"curies":[{"name":"wp","href":"https:\/\/api.w.org\/{rel}","templated":true}]}}