{"id":31260,"date":"2025-04-13T14:59:29","date_gmt":"2025-04-13T14:59:29","guid":{"rendered":"https:\/\/boostgrowb.com\/software\/n2f\/"},"modified":"2026-02-14T14:02:57","modified_gmt":"2026-02-14T14:02:57","slug":"n2f","status":"publish","type":"product","link":"https:\/\/boostgrowb.com\/es\/software\/n2f\/","title":{"rendered":"N2F"},"content":{"rendered":"\t\t<div data-elementor-type=\"product-post\" data-elementor-id=\"31260\" class=\"elementor elementor-31260 elementor-17838\" data-elementor-post-type=\"product\">\n\t\t\t\t<div class=\"elementor-element elementor-element-0f762d9 e-flex e-con-boxed wpr-particle-no wpr-jarallax-no wpr-parallax-no wpr-sticky-section-no e-con e-parent\" data-id=\"0f762d9\" data-element_type=\"container\" data-e-type=\"container\">\n\t\t\t\t\t<div class=\"e-con-inner\">\n\t\t\t\t<div class=\"elementor-element elementor-element-b6e517e elementor-widget elementor-widget-heading\" data-id=\"b6e517e\" data-element_type=\"widget\" data-e-type=\"widget\" data-widget_type=\"heading.default\">\n\t\t\t\t<div class=\"elementor-widget-container\">\n\t\t\t\t\t<h2 class=\"elementor-heading-title elementor-size-default\">\u00bfQu\u00e9 es N2F?<\/h2>\t\t\t\t<\/div>\n\t\t\t\t<\/div>\n\t\t\t\t<div class=\"elementor-element elementor-element-3e14458 elementor-widget elementor-widget-text-editor\" data-id=\"3e14458\" data-element_type=\"widget\" data-e-type=\"widget\" data-widget_type=\"text-editor.default\">\n\t\t\t\t<div class=\"elementor-widget-container\">\n\t\t\t\t\t\t\t\t\t<p class=\"\" data-start=\"121\" data-end=\"652\"><strong data-start=\"121\" data-end=\"269\">N2F es un software SaaS para gestionar informes de gastos, dise\u00f1ado para agilizar y automatizar un proceso que a menudo se percibe como largo y tedioso.<\/strong>  Gracias a su aplicaci\u00f3n m\u00f3vil inteligente, tus empleados pueden escanear sus recibos en cuesti\u00f3n de segundos, incluso sin conexi\u00f3n, mientras se desplazan. Los datos se extraen autom\u00e1ticamente, se archivan y est\u00e1n listos para su validaci\u00f3n, reduciendo dr\u00e1sticamente los errores humanos y el tiempo de procesamiento. Es el fin de las interminables hojas de c\u00e1lculo y los recibos perdidos.  <\/p><p class=\"\" data-start=\"654\" data-end=\"1166\"><strong data-start=\"654\" data-end=\"793\">Dise\u00f1ado para empresas de todos los tama\u00f1os, N2F se adapta a tu organizaci\u00f3n, a tus pol\u00edticas internas y a tus circuitos de validaci\u00f3n.<\/strong>  Tanto si eres una PYME din\u00e1mica como una gran organizaci\u00f3n internacional, la plataforma te permite afinar la gesti\u00f3n de gastos, con flujos de trabajo de validaci\u00f3n personalizables, alertas en caso de anomal\u00edas y compatibilidad con la mayor\u00eda de los programas de contabilidad del mercado. Ahorrar\u00e1s tiempo en cada etapa, garantizando al mismo tiempo la conformidad de tus procesos internos. <\/p><p class=\"\" data-start=\"1168\" data-end=\"1637\"><strong data-start=\"1168\" data-end=\"1227\">Pero N2F no s\u00f3lo simplifica, sino que optimiza.<\/strong>  Con sus cuadros de mando en tiempo real, sus an\u00e1lisis avanzados y su archivo electr\u00f3nico seguro, el programa se convierte en una aut\u00e9ntica palanca estrat\u00e9gica. Puedes hacer un seguimiento preciso de tus gastos, identificar \u00e1reas de racionalizaci\u00f3n y tomar decisiones informadas para mejorar tu gesti\u00f3n financiera. Integrando N2F, puedes convertir una limitaci\u00f3n administrativa en una ventaja competitiva sostenible.  <\/p>\t\t\t\t\t\t\t\t<\/div>\n\t\t\t\t<\/div>\n\t\t\t\t<div class=\"elementor-element elementor-element-af2b758 elementor-widget elementor-widget-heading\" data-id=\"af2b758\" data-element_type=\"widget\" data-e-type=\"widget\" data-widget_type=\"heading.default\">\n\t\t\t\t<div class=\"elementor-widget-container\">\n\t\t\t\t\t<h2 class=\"elementor-heading-title elementor-size-default\">Las 5 principales ventajas de N2F<\/h2>\t\t\t\t<\/div>\n\t\t\t\t<\/div>\n\t\t\t\t<div class=\"elementor-element elementor-element-af6e337 elementor-widget elementor-widget-text-editor\" data-id=\"af6e337\" data-element_type=\"widget\" data-e-type=\"widget\" data-widget_type=\"text-editor.default\">\n\t\t\t\t<div class=\"elementor-widget-container\">\n\t\t\t\t\t\t\t\t\t<p data-pm-slice=\"0 0 []\"><b>Escanea al instante tus recibos: <\/b>Gracias a la aplicaci\u00f3n m\u00f3vil N2F, tus empleados pueden escanear sus recibos con un solo clic, incluso cuando no est\u00e1n conectados. El reconocimiento autom\u00e1tico extrae los datos clave (importe, fecha, IVA, etc.) para un ahorro de tiempo inmediato y una introducci\u00f3n sin errores. <\/p>\n<p data-pm-slice=\"0 0 []\"><b>Integraci\u00f3n simplificada de la contabilidad y el ERP: <\/b>Compatible con las principales herramientas de contabilidad y ERP (Sage, Cegid, SAP, QuickBooks, etc.), N2F automatiza la exportaci\u00f3n de los asientos contables y la gesti\u00f3n del IVA, al tiempo que garantiza el pleno cumplimiento legal.<\/p>\n<p data-pm-slice=\"0 0 []\"><b>Analiza y controla los gastos:<\/b> N2F proporciona informes detallados sobre los gastos por departamento, empleado, misi\u00f3n o proyecto. Esto te ayuda a gestionar tus gastos, identificar los abusos y optimizar tu pol\u00edtica de gastos profesionales. <\/p>\n<p data-pm-slice=\"0 0 []\"><strong>Flujos<\/strong> de trabajo de validaci\u00f3n<strong>:<\/strong> N2F te permite crear flujos de trabajo personalizados para validar cada solicitud de gasto con s\u00f3lo pulsar un bot\u00f3n. Define tus reglas de aprobaci\u00f3n seg\u00fan tus procesos internos, manteniendo el control total. <\/p>\n<p data-pm-slice=\"1 1 []\"><b>Kilometraje automatizado y preciso: <\/b>N2F integra una asociaci\u00f3n inteligente con Google Maps para calcular autom\u00e1ticamente el coste del kilometraje en funci\u00f3n del trayecto real. Se cubren todos los tipos de veh\u00edculo - particular, de empresa o coche de empresa - con una gesti\u00f3n acorde con las escalas fiscales. <\/p>\t\t\t\t\t\t\t\t<\/div>\n\t\t\t\t<\/div>\n\t\t\t\t<div class=\"elementor-element elementor-element-b3e9bec elementor-widget elementor-widget-heading\" data-id=\"b3e9bec\" data-element_type=\"widget\" data-e-type=\"widget\" data-widget_type=\"heading.default\">\n\t\t\t\t<div class=\"elementor-widget-container\">\n\t\t\t\t\t<h2 class=\"elementor-heading-title elementor-size-default\">Conclusi\u00f3n<\/h2>\t\t\t\t<\/div>\n\t\t\t\t<\/div>\n\t\t\t\t<div class=\"elementor-element elementor-element-7a1b682 elementor-widget elementor-widget-text-editor\" data-id=\"7a1b682\" data-element_type=\"widget\" data-e-type=\"widget\" data-widget_type=\"text-editor.default\">\n\t\t\t\t<div class=\"elementor-widget-container\">\n\t\t\t\t\t\t\t\t\t<p class=\"\" data-start=\"304\" data-end=\"871\">Gestionar las reclamaciones de gastos suele ser una tarea que consume mucho tiempo, fuente de errores y frustraci\u00f3n tanto para los empleados como para los departamentos de contabilidad. Con N2F, esta tarea es cosa del pasado. Este software SaaS de alto rendimiento digitaliza al instante los recibos, automatiza el proceso de validaci\u00f3n y agiliza la integraci\u00f3n contable. Tanto si eres una PYME como una gran empresa, N2F se adapta a tus necesidades para simplificar la gesti\u00f3n de los gastos empresariales, optimizar tus costes y aumentar tu productividad.   <\/p>\t\t\t\t\t\t\t\t<\/div>\n\t\t\t\t<\/div>\n\t\t\t\t\t<\/div>\n\t\t\t\t<\/div>\n\t\t\t\t<\/div>\n\t\t","protected":false},"excerpt":{"rendered":"<p>Gestiona tus informes de gastos de forma sencilla y eficaz con N2F. Gracias a la introducci\u00f3n inteligente de datos, la automatizaci\u00f3n de la contabilidad y una aplicaci\u00f3n m\u00f3vil intuitiva, puedes optimizar el procesamiento de los gastos de tu empresa y ahorrar un tiempo precioso. <\/p>\n<ul>\n<li data-pm-slice=\"0 0 []\">Escaneado inteligente de recibos<\/li>\n<li data-pm-slice=\"0 0 []\">Aplicaci\u00f3n m\u00f3vil intuitiva<\/li>\n<li data-pm-slice=\"0 0 []\">C\u00e1lculo autom\u00e1tico del IVA<\/li>\n<li>Introducci\u00f3n r\u00e1pida de declaraciones de gastos<\/li>\n<\/ul>\n","protected":false},"featured_media":31262,"comment_status":"open","ping_status":"closed","template":"","meta":{"_acf_changed":false,"_glsr_average":0,"_glsr_ranking":0,"_glsr_reviews":0},"product_brand":[],"product_cat":[4409,5190],"product_tag":[],"class_list":{"0":"post-31260","1":"product","2":"type-product","3":"status-publish","4":"has-post-thumbnail","6":"product_cat-software-de-contabilidad","7":"product_cat-software-de-rrhh","9":"first","10":"instock","11":"shipping-taxable","12":"product-type-external"},"acf":[],"_links":{"self":[{"href":"https:\/\/boostgrowb.com\/es\/wp-json\/wp\/v2\/product\/31260","targetHints":{"allow":["GET"]}}],"collection":[{"href":"https:\/\/boostgrowb.com\/es\/wp-json\/wp\/v2\/product"}],"about":[{"href":"https:\/\/boostgrowb.com\/es\/wp-json\/wp\/v2\/types\/product"}],"replies":[{"embeddable":true,"href":"https:\/\/boostgrowb.com\/es\/wp-json\/wp\/v2\/comments?post=31260"}],"version-history":[{"count":0,"href":"https:\/\/boostgrowb.com\/es\/wp-json\/wp\/v2\/product\/31260\/revisions"}],"wp:featuredmedia":[{"embeddable":true,"href":"https:\/\/boostgrowb.com\/es\/wp-json\/wp\/v2\/media\/31262"}],"wp:attachment":[{"href":"https:\/\/boostgrowb.com\/es\/wp-json\/wp\/v2\/media?parent=31260"}],"wp:term":[{"taxonomy":"product_brand","embeddable":true,"href":"https:\/\/boostgrowb.com\/es\/wp-json\/wp\/v2\/product_brand?post=31260"},{"taxonomy":"product_cat","embeddable":true,"href":"https:\/\/boostgrowb.com\/es\/wp-json\/wp\/v2\/product_cat?post=31260"},{"taxonomy":"product_tag","embeddable":true,"href":"https:\/\/boostgrowb.com\/es\/wp-json\/wp\/v2\/product_tag?post=31260"}],"curies":[{"name":"wp","href":"https:\/\/api.w.org\/{rel}","templated":true}]}}