{"id":31264,"date":"2025-04-03T08:30:35","date_gmt":"2025-04-03T08:30:35","guid":{"rendered":"https:\/\/boostgrowb.com\/software\/tiempo\/"},"modified":"2026-02-16T14:02:48","modified_gmt":"2026-02-16T14:02:48","slug":"tiempo","status":"publish","type":"product","link":"https:\/\/boostgrowb.com\/es\/software\/tiempo\/","title":{"rendered":"Tiempo"},"content":{"rendered":"\t\t<div data-elementor-type=\"product-post\" data-elementor-id=\"31264\" class=\"elementor elementor-31264 elementor-17651\" data-elementor-post-type=\"product\">\n\t\t\t\t<div class=\"elementor-element elementor-element-79601b6 e-flex e-con-boxed wpr-particle-no wpr-jarallax-no wpr-parallax-no wpr-sticky-section-no e-con e-parent\" data-id=\"79601b6\" data-element_type=\"container\" data-e-type=\"container\">\n\t\t\t\t\t<div class=\"e-con-inner\">\n\t\t\t\t<div class=\"elementor-element elementor-element-92dd134 elementor-widget elementor-widget-heading\" data-id=\"92dd134\" data-element_type=\"widget\" data-e-type=\"widget\" data-widget_type=\"heading.default\">\n\t\t\t\t<div class=\"elementor-widget-container\">\n\t\t\t\t\t<h2 class=\"elementor-heading-title elementor-size-default\">\u00bfQu\u00e9 es el Tiime?<\/h2>\t\t\t\t<\/div>\n\t\t\t\t<\/div>\n\t\t\t\t<div class=\"elementor-element elementor-element-7cf9251 elementor-widget elementor-widget-text-editor\" data-id=\"7cf9251\" data-element_type=\"widget\" data-e-type=\"widget\" data-widget_type=\"text-editor.default\">\n\t\t\t\t<div class=\"elementor-widget-container\">\n\t\t\t\t\t\t\t\t\t<p class=\"\" data-start=\"0\" data-end=\"473\"><b>Tiime <\/b>es una herramienta de facturaci\u00f3n dise\u00f1ada para empresarios, aut\u00f3nomos y creadores de empresas. Gracias a su interfaz fluida e intuitiva, puedes generar, personalizar y realizar el seguimiento de tus presupuestos y facturas en unos pocos clics, tanto desde un ordenador como desde un dispositivo m\u00f3vil. Su dise\u00f1o ergon\u00f3mico facilita la gesti\u00f3n administrativa, incluso para quienes no son expertos en contabilidad.  <\/p>\n<p class=\"\" data-start=\"475\" data-end=\"820\">Adecuado para aut\u00f3nomos y autoempresarios, Tiime ofrece una soluci\u00f3n flexible para centralizar y automatizar la facturaci\u00f3n. No hay necesidad de perder tiempo en tareas repetitivas: las plantillas personalizables, el env\u00edo directo a los clientes y el seguimiento de los pagos en tiempo real te permiten concentrarte plenamente en tu negocio. <\/p>\n<p class=\"\" data-start=\"822\" data-end=\"1191\">Al integrar funciones avanzadas como la conexi\u00f3n bancaria y el almacenamiento autom\u00e1tico de recibos, Tiime ayuda a los profesionales a optimizar la gesti\u00f3n de su tesorer\u00eda. Tanto si est\u00e1s lanzando tu negocio como si buscas simplificar tus procesos, esta aplicaci\u00f3n es el aliado ideal para asegurar tu facturaci\u00f3n e impulsar la productividad. <\/p>\t\t\t\t\t\t\t\t<\/div>\n\t\t\t\t<\/div>\n\t\t\t\t<div class=\"elementor-element elementor-element-ea45379 elementor-widget elementor-widget-heading\" data-id=\"ea45379\" data-element_type=\"widget\" data-e-type=\"widget\" data-widget_type=\"heading.default\">\n\t\t\t\t<div class=\"elementor-widget-container\">\n\t\t\t\t\t<h2 class=\"elementor-heading-title elementor-size-default\">Los 5 activos clave de Tiime  <\/h2>\t\t\t\t<\/div>\n\t\t\t\t<\/div>\n\t\t\t\t<div class=\"elementor-element elementor-element-d89043b elementor-widget elementor-widget-text-editor\" data-id=\"d89043b\" data-element_type=\"widget\" data-e-type=\"widget\" data-widget_type=\"text-editor.default\">\n\t\t\t\t<div class=\"elementor-widget-container\">\n\t\t\t\t\t\t\t\t\t<ul><li dir=\"auto\"><strong>Facturaci\u00f3n y presupuestos simplificados<\/strong>: crea, personaliza y env\u00eda tus presupuestos y facturas en unos pocos clics, cumpliendo la normativa vigente. Controla f\u00e1cilmente el estado de los pagos y haz un seguimiento de tus clientes si es necesario. <\/li><\/ul><div> <\/div><ul><li dir=\"auto\"><strong>Gesti\u00f3n de reclamaciones<\/strong> de gastos: Escanea y guarda tus recibos de gastos directamente a trav\u00e9s de la aplicaci\u00f3n m\u00f3vil, simplificando el seguimiento y la gesti\u00f3n de tus reclamaciones de gastos.<\/li><\/ul><div> <\/div><ul><li dir=\"auto\"><strong>Integraci\u00f3n bancaria<\/strong>: Sincroniza las cuentas bancarias de tu empresa para controlar el flujo de caja en tiempo real, con categorizaci\u00f3n autom\u00e1tica de las transacciones.<\/li><\/ul><div> <\/div><ul><li dir=\"auto\"><strong>Cuenta de empresa integrada con tarjeta bancaria<\/strong>: Tiime te ofrece una completa cuenta de empresa con un IBAN franc\u00e9s y una tarjeta Mastercard. Realiza pagos, transferencias SEPA ilimitadas y gestiona tus finanzas de forma fluida y segura. <\/li><\/ul><div> <\/div><ul><li dir=\"auto\"><strong>Centralizaci\u00f3n completa de los gastos<\/strong>: Tiime re\u00fane todos tus recibos y transacciones bancarias en un solo lugar, facilitando la gesti\u00f3n de los gastos de tu empresa. Se acabaron los malabarismos entre distintas herramientas o cuentas. <\/li><\/ul>\t\t\t\t\t\t\t\t<\/div>\n\t\t\t\t<\/div>\n\t\t\t\t<div class=\"elementor-element elementor-element-089357b elementor-widget elementor-widget-heading\" data-id=\"089357b\" data-element_type=\"widget\" data-e-type=\"widget\" data-widget_type=\"heading.default\">\n\t\t\t\t<div class=\"elementor-widget-container\">\n\t\t\t\t\t<h2 class=\"elementor-heading-title elementor-size-default\">\u00bfPara qui\u00e9n es Tiime?<\/h2>\t\t\t\t<\/div>\n\t\t\t\t<\/div>\n\t\t\t\t<div class=\"elementor-element elementor-element-b76580f elementor-widget elementor-widget-text-editor\" data-id=\"b76580f\" data-element_type=\"widget\" data-e-type=\"widget\" data-widget_type=\"text-editor.default\">\n\t\t\t\t<div class=\"elementor-widget-container\">\n\t\t\t\t\t\t\t\t\t<p class=\"\" data-start=\"195\" data-end=\"595\"><strong data-start=\"195\" data-end=\"204\">Tiime<\/strong> se dirige a <strong data-start=\"219\" data-end=\"236\">empresarios<\/strong>, <strong data-start=\"238\" data-end=\"252\">aut\u00f3nomos<\/strong>, <strong data-start=\"254\" data-end=\"279\">profesionales por cuenta propia<\/strong> y <strong data-start=\"283\" data-end=\"309\">empresas de nueva creaci\u00f3n<\/strong> que quieren gestionar f\u00e1cilmente su facturaci\u00f3n y simplificar su administraci\u00f3n diaria. Dise\u00f1ado para quienes quieren concentrarse en su negocio en lugar de perder tiempo en papeleo, Tiime ofrece una soluci\u00f3n accesible incluso sin conocimientos profundos de contabilidad. <\/p><p class=\"\" data-start=\"597\" data-end=\"1081\">Tanto si acabas de empezar como si est\u00e1s en expansi\u00f3n o ya est\u00e1s establecido, Tiime es la soluci\u00f3n perfecta para <strong data-start=\"716\" data-end=\"741\">el<\/strong> trabajador aut\u00f3nomo <strong data-start=\"716\" data-end=\"741\">de hoy en d\u00eda<\/strong>, ya que proporciona una r\u00e1pida elaboraci\u00f3n de presupuestos y facturas, seguimiento de pagos, recordatorios autom\u00e1ticos y gesti\u00f3n simplificada del flujo de caja. Es especialmente adecuada para los trabajadores aut\u00f3nomos que buscan una soluci\u00f3n fiable para <strong data-start=\"964\" data-end=\"983\">ahorrar tiempo<\/strong>, <strong data-start=\"985\" data-end=\"1012\">garantizar el cumplimiento de las normas<\/strong> y <strong data-start=\"1016\" data-end=\"1056\">reforzar su imagen profesional<\/strong> ante sus clientes. <\/p>\t\t\t\t\t\t\t\t<\/div>\n\t\t\t\t<\/div>\n\t\t\t\t\t<\/div>\n\t\t\t\t<\/div>\n\t\t\t\t<\/div>\n\t\t","protected":false},"excerpt":{"rendered":"<p>Tiime es una herramienta de facturaci\u00f3n que facilita la gesti\u00f3n contable, especialmente dise\u00f1ada para emprendedores, aut\u00f3nomos, microempresarios y gestores de peque\u00f1as y medianas empresas (PYMES).<\/p>\n<ul>\n<li>Facturaci\u00f3n simplificada<\/li>\n<li>Gesti\u00f3n de cotizaciones<\/li>\n<li>Gesti\u00f3n de pagos<\/li>\n<li>Integraci\u00f3n bancaria<\/li>\n<\/ul>\n","protected":false},"featured_media":31265,"comment_status":"open","ping_status":"closed","template":"","meta":{"_acf_changed":false,"_glsr_average":0,"_glsr_ranking":0,"_glsr_reviews":0},"product_brand":[],"product_cat":[4409],"product_tag":[],"class_list":{"0":"post-31264","1":"product","2":"type-product","3":"status-publish","4":"has-post-thumbnail","6":"product_cat-software-de-contabilidad","8":"first","9":"instock","10":"shipping-taxable","11":"product-type-external"},"acf":[],"_links":{"self":[{"href":"https:\/\/boostgrowb.com\/es\/wp-json\/wp\/v2\/product\/31264","targetHints":{"allow":["GET"]}}],"collection":[{"href":"https:\/\/boostgrowb.com\/es\/wp-json\/wp\/v2\/product"}],"about":[{"href":"https:\/\/boostgrowb.com\/es\/wp-json\/wp\/v2\/types\/product"}],"replies":[{"embeddable":true,"href":"https:\/\/boostgrowb.com\/es\/wp-json\/wp\/v2\/comments?post=31264"}],"version-history":[{"count":0,"href":"https:\/\/boostgrowb.com\/es\/wp-json\/wp\/v2\/product\/31264\/revisions"}],"wp:featuredmedia":[{"embeddable":true,"href":"https:\/\/boostgrowb.com\/es\/wp-json\/wp\/v2\/media\/31265"}],"wp:attachment":[{"href":"https:\/\/boostgrowb.com\/es\/wp-json\/wp\/v2\/media?parent=31264"}],"wp:term":[{"taxonomy":"product_brand","embeddable":true,"href":"https:\/\/boostgrowb.com\/es\/wp-json\/wp\/v2\/product_brand?post=31264"},{"taxonomy":"product_cat","embeddable":true,"href":"https:\/\/boostgrowb.com\/es\/wp-json\/wp\/v2\/product_cat?post=31264"},{"taxonomy":"product_tag","embeddable":true,"href":"https:\/\/boostgrowb.com\/es\/wp-json\/wp\/v2\/product_tag?post=31264"}],"curies":[{"name":"wp","href":"https:\/\/api.w.org\/{rel}","templated":true}]}}