{"id":31268,"date":"2025-03-14T22:17:35","date_gmt":"2025-03-14T22:17:35","guid":{"rendered":"https:\/\/boostgrowb.com\/software\/propulsion-por-ca\/"},"modified":"2026-02-13T14:02:52","modified_gmt":"2026-02-13T14:02:52","slug":"propulsion-por-ca","status":"publish","type":"product","link":"https:\/\/boostgrowb.com\/es\/software\/propulsion-por-ca\/","title":{"rendered":"Propulsi\u00f3n por CA"},"content":{"rendered":"\t\t<div data-elementor-type=\"product-post\" data-elementor-id=\"31268\" class=\"elementor elementor-31268 elementor-17410\" data-elementor-post-type=\"product\">\n\t\t\t\t<div class=\"elementor-element elementor-element-3bcd135 e-flex e-con-boxed wpr-particle-no wpr-jarallax-no wpr-parallax-no wpr-sticky-section-no e-con e-parent\" data-id=\"3bcd135\" data-element_type=\"container\" data-e-type=\"container\">\n\t\t\t\t\t<div class=\"e-con-inner\">\n\t\t\t\t<div class=\"elementor-element elementor-element-0e2d859 elementor-widget elementor-widget-heading\" data-id=\"0e2d859\" data-element_type=\"widget\" data-e-type=\"widget\" data-widget_type=\"heading.default\">\n\t\t\t\t<div class=\"elementor-widget-container\">\n\t\t\t\t\t<h2 class=\"elementor-heading-title elementor-size-default\">\u00bfQu\u00e9 es Propulse de CA?<\/h2>\t\t\t\t<\/div>\n\t\t\t\t<\/div>\n\t\t\t\t<div class=\"elementor-element elementor-element-dcffd7b elementor-widget elementor-widget-text-editor\" data-id=\"dcffd7b\" data-element_type=\"widget\" data-e-type=\"widget\" data-widget_type=\"text-editor.default\">\n\t\t\t\t<div class=\"elementor-widget-container\">\n\t\t\t\t\t\t\t\t\t<p class=\"\" data-start=\"113\" data-end=\"565\"><strong data-start=\"113\" data-end=\"324\">Propulse by CA es una plataforma de banca y gesti\u00f3n 100% online dise\u00f1ada para ayudar a empresarios, aut\u00f3nomos, autoempresarios y empresas de nueva creaci\u00f3n a gestionar su negocio.<\/strong>  Ofrecida por Cr\u00e9dit Agricole, esta soluci\u00f3n \u00abtodo en uno\u00bb simplifica la gesti\u00f3n financiera y administrativa desde las primeras etapas del proyecto, gracias a una cuenta pro online, una interfaz intuitiva y herramientas adaptadas a cada estado.<\/p><p class=\"\" data-start=\"567\" data-end=\"1090\"><strong data-start=\"567\" data-end=\"739\">Con Propulse, puedes abrir tu cuenta de empresa en s\u00f3lo unos minutos, gestionar tus gastos y crear presupuestos y facturas sin esfuerzo.<\/strong>  La plataforma tambi\u00e9n ofrece funciones pr\u00e1cticas como la categorizaci\u00f3n autom\u00e1tica de las transacciones, el control del flujo de caja, las notificaciones inteligentes y la generaci\u00f3n de comprobantes contables. As\u00ed te beneficias de un entorno digital completo, fiable y seguro, conectado a tu d\u00eda a d\u00eda empresarial. <\/p><p class=\"\" data-start=\"1092\" data-end=\"1565\"><strong data-start=\"1092\" data-end=\"1265\">Propulse by CA es m\u00e1s que una cuenta profesional: es un aut\u00e9ntico copiloto de gesti\u00f3n dise\u00f1ado para ahorrarte tiempo y darte claridad en la toma de decisiones.<\/strong>  Gracias a la asistencia personalizada y a una interfaz dise\u00f1ada para no expertos, puedes mantener el control de tu empresa al tiempo que cumples con tus obligaciones legales. Una soluci\u00f3n ideal para estructurar tu empresa, gestionar tus finanzas con tranquilidad y centrarte en tu crecimiento. <\/p>\t\t\t\t\t\t\t\t<\/div>\n\t\t\t\t<\/div>\n\t\t\t\t<div class=\"elementor-element elementor-element-f6a9493 elementor-widget elementor-widget-heading\" data-id=\"f6a9493\" data-element_type=\"widget\" data-e-type=\"widget\" data-widget_type=\"heading.default\">\n\t\t\t\t<div class=\"elementor-widget-container\">\n\t\t\t\t\t<h2 class=\"elementor-heading-title elementor-size-default\">Principales activos de Propulse by CA<\/h2>\t\t\t\t<\/div>\n\t\t\t\t<\/div>\n\t\t\t\t<div class=\"elementor-element elementor-element-4963789 elementor-widget elementor-widget-text-editor\" data-id=\"4963789\" data-element_type=\"widget\" data-e-type=\"widget\" data-widget_type=\"text-editor.default\">\n\t\t\t\t<div class=\"elementor-widget-container\">\n\t\t\t\t\t\t\t\t\t<ul><li><strong>Una cuenta de empresa 100% online: <\/strong>abre una cuenta bancaria de empresa en unos minutos, con un IBAN franc\u00e9s, una tarjeta Visa Business y una gesti\u00f3n simplificada de las transacciones en tiempo real.<\/li><\/ul>\t\t\t\t\t\t\t\t<\/div>\n\t\t\t\t<\/div>\n\t\t\t\t<div class=\"elementor-element elementor-element-5cfefbb elementor-widget elementor-widget-text-editor\" data-id=\"5cfefbb\" data-element_type=\"widget\" data-e-type=\"widget\" data-widget_type=\"text-editor.default\">\n\t\t\t\t<div class=\"elementor-widget-container\">\n\t\t\t\t\t\t\t\t\t<ul><li><strong>Facturaci\u00f3n y gesti\u00f3n automatizadas: <\/strong>Crea, env\u00eda y realiza el seguimiento de tus presupuestos y facturas en unos pocos clics. Los pagos y recordatorios automatizados optimizan tu flujo de caja sin esfuerzo. <\/li><\/ul>\t\t\t\t\t\t\t\t<\/div>\n\t\t\t\t<\/div>\n\t\t\t\t<div class=\"elementor-element elementor-element-18893b3 elementor-widget elementor-widget-text-editor\" data-id=\"18893b3\" data-element_type=\"widget\" data-e-type=\"widget\" data-widget_type=\"text-editor.default\">\n\t\t\t\t<div class=\"elementor-widget-container\">\n\t\t\t\t\t\t\t\t\t<ul><li><strong>Apoyo a medida: <\/strong>Benef\u00edciate del asesoramiento de expertos, gu\u00edas pr\u00e1cticas y una comunidad de empresarios que te ayudar\u00e1n a desarrollar tu negocio con tranquilidad.<\/li><\/ul>\t\t\t\t\t\t\t\t<\/div>\n\t\t\t\t<\/div>\n\t\t\t\t<div class=\"elementor-element elementor-element-dc7916e elementor-widget elementor-widget-text-editor\" data-id=\"dc7916e\" data-element_type=\"widget\" data-e-type=\"widget\" data-widget_type=\"text-editor.default\">\n\t\t\t\t<div class=\"elementor-widget-container\">\n\t\t\t\t\t\t\t\t\t<ul><li><strong>Interfaz intuitiva y m\u00f3vil: <\/strong>gestiona tu negocio desde cualquier lugar gracias a una plataforma f\u00e1cil de usar y accesible en todos tus dispositivos.<\/li><\/ul>\t\t\t\t\t\t\t\t<\/div>\n\t\t\t\t<\/div>\n\t\t\t\t<div class=\"elementor-element elementor-element-9c94e47 elementor-widget elementor-widget-text-editor\" data-id=\"9c94e47\" data-element_type=\"widget\" data-e-type=\"widget\" data-widget_type=\"text-editor.default\">\n\t\t\t\t<div class=\"elementor-widget-container\">\n\t\t\t\t\t\t\t\t\t<ul><li><strong>Ahorra tiempo y aumenta la productividad: <\/strong>automatiza tus tareas administrativas, simplifica tus declaraciones y c\u00e9ntrate en hacer crecer tu negocio.<\/li><\/ul>\t\t\t\t\t\t\t\t<\/div>\n\t\t\t\t<\/div>\n\t\t\t\t<div class=\"elementor-element elementor-element-580f4fa elementor-widget elementor-widget-heading\" data-id=\"580f4fa\" data-element_type=\"widget\" data-e-type=\"widget\" data-widget_type=\"heading.default\">\n\t\t\t\t<div class=\"elementor-widget-container\">\n\t\t\t\t\t<h2 class=\"elementor-heading-title elementor-size-default\">\u00bfA qui\u00e9n va dirigido Propulse by CA?<\/h2>\t\t\t\t<\/div>\n\t\t\t\t<\/div>\n\t\t\t\t<div class=\"elementor-element elementor-element-9efc1c0 elementor-widget elementor-widget-text-editor\" data-id=\"9efc1c0\" data-element_type=\"widget\" data-e-type=\"widget\" data-widget_type=\"text-editor.default\">\n\t\t\t\t<div class=\"elementor-widget-container\">\n\t\t\t\t\t\t\t\t\t<ul data-start=\"182\" data-end=\"833\">\n<li class=\"\" data-start=\"182\" data-end=\"353\">\n<p class=\"\" data-start=\"184\" data-end=\"353\"><strong data-start=\"186\" data-end=\"212\">Empresarios aut\u00f3nomos<\/strong> (microempresas) que buscan una soluci\u00f3n \u00abtodo en uno\u00bb para gestionar la cuenta de su empresa, la facturaci\u00f3n y la tesorer\u00eda sin complicaciones.<\/p>\n<\/li>\n<li class=\"\" data-start=\"354\" data-end=\"498\">\n<p class=\"\" data-start=\"356\" data-end=\"498\"><strong data-start=\"358\" data-end=\"392\">Aut\u00f3nomos y<\/strong> aut\u00f3nomos que quieran centralizar su gesti\u00f3n financiera en una herramienta intuitiva y accesible 100% online.<\/p>\n<\/li>\n<li class=\"\" data-start=\"499\" data-end=\"649\">\n<p class=\"\" data-start=\"501\" data-end=\"649\"><strong data-start=\"503\" data-end=\"533\">Empresarios<\/strong> que quieren empezar r\u00e1pidamente con una cuenta de empresa, herramientas de gesti\u00f3n y apoyo personalizado.<\/p>\n<\/li>\n<li class=\"\" data-start=\"650\" data-end=\"833\">\n<p class=\"\" data-start=\"652\" data-end=\"833\"><strong data-start=\"654\" data-end=\"687\">Peque\u00f1as empresas<\/strong> que necesitan una soluci\u00f3n bancaria flexible que integre facturaci\u00f3n, control de tesorer\u00eda y herramientas de gesti\u00f3n para ahorrar tiempo en el d\u00eda a d\u00eda.<\/p>\n<\/li>\n<\/ul>\n<p class=\"\" data-start=\"835\" data-end=\"1006\">\n<\/p>\t\t\t\t\t\t\t\t<\/div>\n\t\t\t\t<\/div>\n\t\t\t\t\t<\/div>\n\t\t\t\t<\/div>\n\t\t\t\t<\/div>\n\t\t","protected":false},"excerpt":{"rendered":"<p>Propulse by CA es una plataforma 100% online que combina una cuenta profesional, facturaci\u00f3n y herramientas de gesti\u00f3n para empresarios, aut\u00f3nomos y autoempresarios. Gestiona tu negocio de forma sencilla y eficaz desde el primer momento. <\/p>\n<ul>\n<li>Gesti\u00f3n del IVA<\/li>\n<li>Presupuestos y facturaci\u00f3n<\/li>\n<li>Automatizaci\u00f3n contable<\/li>\n<li>M\u00faltiples cuentas bancarias<\/li>\n<\/ul>\n","protected":false},"featured_media":31269,"comment_status":"open","ping_status":"closed","template":"","meta":{"_acf_changed":false,"_glsr_average":0,"_glsr_ranking":0,"_glsr_reviews":0},"product_brand":[],"product_cat":[3159,4409],"product_tag":[],"class_list":{"0":"post-31268","1":"product","2":"type-product","3":"status-publish","4":"has-post-thumbnail","6":"product_cat-banco-pro","7":"product_cat-software-de-contabilidad","9":"first","10":"instock","11":"shipping-taxable","12":"product-type-external"},"acf":[],"_links":{"self":[{"href":"https:\/\/boostgrowb.com\/es\/wp-json\/wp\/v2\/product\/31268","targetHints":{"allow":["GET"]}}],"collection":[{"href":"https:\/\/boostgrowb.com\/es\/wp-json\/wp\/v2\/product"}],"about":[{"href":"https:\/\/boostgrowb.com\/es\/wp-json\/wp\/v2\/types\/product"}],"replies":[{"embeddable":true,"href":"https:\/\/boostgrowb.com\/es\/wp-json\/wp\/v2\/comments?post=31268"}],"version-history":[{"count":0,"href":"https:\/\/boostgrowb.com\/es\/wp-json\/wp\/v2\/product\/31268\/revisions"}],"wp:featuredmedia":[{"embeddable":true,"href":"https:\/\/boostgrowb.com\/es\/wp-json\/wp\/v2\/media\/31269"}],"wp:attachment":[{"href":"https:\/\/boostgrowb.com\/es\/wp-json\/wp\/v2\/media?parent=31268"}],"wp:term":[{"taxonomy":"product_brand","embeddable":true,"href":"https:\/\/boostgrowb.com\/es\/wp-json\/wp\/v2\/product_brand?post=31268"},{"taxonomy":"product_cat","embeddable":true,"href":"https:\/\/boostgrowb.com\/es\/wp-json\/wp\/v2\/product_cat?post=31268"},{"taxonomy":"product_tag","embeddable":true,"href":"https:\/\/boostgrowb.com\/es\/wp-json\/wp\/v2\/product_tag?post=31268"}],"curies":[{"name":"wp","href":"https:\/\/api.w.org\/{rel}","templated":true}]}}