{"id":31271,"date":"2024-11-04T11:54:18","date_gmt":"2024-11-04T11:54:18","guid":{"rendered":"https:\/\/boostgrowb.com\/software\/adcreative-ai\/"},"modified":"2026-01-20T14:03:42","modified_gmt":"2026-01-20T14:03:42","slug":"adcreative-ai","status":"publish","type":"product","link":"https:\/\/boostgrowb.com\/es\/software\/adcreative-ai\/","title":{"rendered":"Adcreative.ai"},"content":{"rendered":"\t\t<div data-elementor-type=\"product-post\" data-elementor-id=\"31271\" class=\"elementor elementor-31271 elementor-12764\" data-elementor-post-type=\"product\">\n\t\t\t\t<div class=\"elementor-element elementor-element-7b82934 e-flex e-con-boxed wpr-particle-no wpr-jarallax-no wpr-parallax-no wpr-sticky-section-no e-con e-parent\" data-id=\"7b82934\" data-element_type=\"container\" data-e-type=\"container\">\n\t\t\t\t\t<div class=\"e-con-inner\">\n\t\t\t\t<div class=\"elementor-element elementor-element-ce71566 elementor-widget elementor-widget-heading\" data-id=\"ce71566\" data-element_type=\"widget\" data-e-type=\"widget\" data-widget_type=\"heading.default\">\n\t\t\t\t<div class=\"elementor-widget-container\">\n\t\t\t\t\t<h2 class=\"elementor-heading-title elementor-size-default\">\u00bfQu\u00e9 es AdCreative.ai?<\/h2>\t\t\t\t<\/div>\n\t\t\t\t<\/div>\n\t\t\t\t<div class=\"elementor-element elementor-element-53d2c2d elementor-widget elementor-widget-text-editor\" data-id=\"53d2c2d\" data-element_type=\"widget\" data-e-type=\"widget\" data-widget_type=\"text-editor.default\">\n\t\t\t\t<div class=\"elementor-widget-container\">\n\t\t\t\t\t\t\t\t\t<p class=\"\" data-start=\"0\" data-end=\"543\">AdCreative.ai es la soluci\u00f3n ideal para marcas y anunciantes que quieren generar publicidad visual de gran impacto en un tiempo r\u00e9cord. Gracias a su avanzada inteligencia artificial, la plataforma analiza las tendencias del mercado y produce autom\u00e1ticamente creatividades atractivas adaptadas a las redes sociales, los anuncios de pago y las campa\u00f1as de remarketing. No necesitas dedicar horas al dise\u00f1o gr\u00e1fico: AdCreative.ai te proporciona visuales optimizados para captar la atenci\u00f3n y maximizar el compromiso.  <\/p><p class=\"\" data-start=\"545\" data-end=\"982\">A diferencia de las herramientas tradicionales, AdCreative.ai no s\u00f3lo ofrece bonitos elementos visuales. Su algoritmo utiliza datos de rendimiento para generar dise\u00f1os probados y optimizados para mejorar tus tasas de clics y conversiones. En s\u00f3lo unos segundos, dispondr\u00e1s de creatividades publicitarias que cumplen las mejores pr\u00e1cticas, aumentando la relevancia y la eficacia de tus campa\u00f1as.  <\/p><p class=\"\" data-start=\"984\" data-end=\"1477\">AdCreative.ai se integra f\u00e1cilmente con tus plataformas publicitarias favoritas, permiti\u00e9ndote automatizar la creaci\u00f3n gr\u00e1fica sin renunciar a una flexibilidad total. Personaliza tus visuales seg\u00fan tu carta gr\u00e1fica, prueba distintas variantes y deja que la IA te gu\u00ede hacia las opciones m\u00e1s eficaces. Tanto si eres una empresa emergente, una agencia o un comercio electr\u00f3nico, AdCreative.ai te ayuda a acelerar tu crecimiento proporcion\u00e1ndote visuales impactantes,  <\/p>\t\t\t\t\t\t\t\t<\/div>\n\t\t\t\t<\/div>\n\t\t\t\t<div class=\"elementor-element elementor-element-028b1c2 elementor-widget elementor-widget-heading\" data-id=\"028b1c2\" data-element_type=\"widget\" data-e-type=\"widget\" data-widget_type=\"heading.default\">\n\t\t\t\t<div class=\"elementor-widget-container\">\n\t\t\t\t\t<h2 class=\"elementor-heading-title elementor-size-default\">Las 5 principales ventajas de AdCreative.ai<\/h2>\t\t\t\t<\/div>\n\t\t\t\t<\/div>\n\t\t\t\t<div class=\"elementor-element elementor-element-e77ad30 elementor-widget elementor-widget-text-editor\" data-id=\"e77ad30\" data-element_type=\"widget\" data-e-type=\"widget\" data-widget_type=\"text-editor.default\">\n\t\t\t\t<div class=\"elementor-widget-container\">\n\t\t\t\t\t\t\t\t\t<ul><li><p><strong><span>Creaci\u00f3n r\u00e1pida de visuales optimizados<\/span><\/strong><span> Con AdCreative.ai, puedes <\/span><strong><span>crear im\u00e1genes publicitarias en unos pocos clics<\/span><\/strong><span>  sin experiencia en dise\u00f1o. La IA optimiza cada visual para maximizar el impacto, bas\u00e1ndose en el tiempo necesario para el dise\u00f1o. <\/span><\/p><\/li><li><p><strong><span>Personalizaci\u00f3n seg\u00fan los objetivos de la campa\u00f1a<\/span><\/strong><span>  AdCreative.ai: Tanto si tu objetivo es generar clics, conversiones o engagement, AdCreative.ai te permite personalizar los elementos visuales para adaptarlos a tus objetivos. Puedes crear anuncios perfectamente alineados con tu estrategia de marketing. <\/span><\/p><\/li><li><p><strong><span>Mejora continua de los visuales<\/span><\/strong><span>  Gracias a un algoritmo de aprendizaje continuo, AdCreative.ai mejora con cada creaci\u00f3n. La IA analiza el rendimiento de la campa\u00f1a y adapta los elementos visuales para   <\/span><strong><span>optimiza constantemente tus resultados<\/span><\/strong><span> .<\/span><\/p><\/li><li><p><strong><span>Compatibilidad entre plataformas<\/span><\/strong><span>  AdCreative.ai genera visuales adaptados a los principales canales de distribuci\u00f3n, ya sea para Facebook, Instagram, Google Ads o banners de sitios web. Puedes distribuir f\u00e1cilmente tus campa\u00f1as en varias plataformas. <\/span><\/p><\/li><li><p><strong><span>Integraciones con herramientas de marketing<\/span><\/strong><span> AdCreative.ai se integra con herramientas populares como Google Ads, Facebook Ads y Zapier, permiti\u00e9ndote <\/span><strong><span>sincronizar tu publicidad visual<\/span><\/strong><span> y automatizar campa\u00f1as, simplificando el proceso de creaci\u00f3n y gesti\u00f3n.<\/span><\/p><\/li><\/ul>\t\t\t\t\t\t\t\t<\/div>\n\t\t\t\t<\/div>\n\t\t\t\t<div class=\"elementor-element elementor-element-4a92b0b elementor-widget elementor-widget-heading\" data-id=\"4a92b0b\" data-element_type=\"widget\" data-e-type=\"widget\" data-widget_type=\"heading.default\">\n\t\t\t\t<div class=\"elementor-widget-container\">\n\t\t\t\t\t<h2 class=\"elementor-heading-title elementor-size-default\">\u00bfCu\u00e1les son las ventajas de utilizar AdCreative.ai?<\/h2>\t\t\t\t<\/div>\n\t\t\t\t<\/div>\n\t\t\t\t<div class=\"elementor-element elementor-element-78d7f67 elementor-widget elementor-widget-text-editor\" data-id=\"78d7f67\" data-element_type=\"widget\" data-e-type=\"widget\" data-widget_type=\"text-editor.default\">\n\t\t\t\t<div class=\"elementor-widget-container\">\n\t\t\t\t\t\t\t\t\t<ul><li><p><strong>Ahorro de tiempo y eficacia<\/strong>: al automatizar la creaci\u00f3n de elementos visuales, AdCreative.ai <strong>ahorra un tiempo precioso a<\/strong> los equipos de marketing, permiti\u00e9ndoles concentrarse en la estrategia y el an\u00e1lisis del rendimiento.<\/p><\/li><li><p><strong>Optimizaci\u00f3n del ROI<\/strong>: Al producir visuales basados en las mejores pr\u00e1cticas y datos de rendimiento, AdCreative.ai aumenta las posibilidades de conseguir clics y conversiones, maximizando <strong>el retorno de la inversi\u00f3n publicitaria<\/strong>.<\/p><\/li><li><p><strong>Acceso a dise\u00f1os de alta calidad sin un experto en dise\u00f1o<\/strong>: Gracias a la IA, AdCreative.ai crea visuales profesionales sin necesidad de un dise\u00f1ador, lo que es ideal para peque\u00f1as empresas o equipos de marketing sin recursos internos.<\/p><\/li><li><p><strong>Flexibilidad y personalizaci\u00f3n<\/strong>: AdCreative.ai ofrece opciones de personalizaci\u00f3n que permiten a las empresas <strong>crear elementos visuales adaptados a sus objetivos espec\u00edficos<\/strong>, ya sea para la notoriedad de la marca, el compromiso o la conversi\u00f3n.<\/p><\/li><\/ul>\t\t\t\t\t\t\t\t<\/div>\n\t\t\t\t<\/div>\n\t\t\t\t<div class=\"elementor-element elementor-element-71a95a4 elementor-widget elementor-widget-heading\" data-id=\"71a95a4\" data-element_type=\"widget\" data-e-type=\"widget\" data-widget_type=\"heading.default\">\n\t\t\t\t<div class=\"elementor-widget-container\">\n\t\t\t\t\t<h2 class=\"elementor-heading-title elementor-size-default\">\u00bfA qui\u00e9n va dirigido AdCreative.ai?<\/h2>\t\t\t\t<\/div>\n\t\t\t\t<\/div>\n\t\t\t\t<div class=\"elementor-element elementor-element-73cafb1 elementor-widget elementor-widget-text-editor\" data-id=\"73cafb1\" data-element_type=\"widget\" data-e-type=\"widget\" data-widget_type=\"text-editor.default\">\n\t\t\t\t<div class=\"elementor-widget-container\">\n\t\t\t\t\t\t\t\t\t<p>AdCreative.ai se dirige a <strong data-start=\"28\" data-end=\"112\">minoristas electr\u00f3nicos, empresas de nueva creaci\u00f3n, PYMES, agencias de marketing y expertos en publicidad digital<\/strong> que deseen optimizar sus campa\u00f1as publicitarias con elementos visuales atractivos y de alto rendimiento. Gracias a la IA, la plataforma puede generar r\u00e1pidamente anuncios atractivos para redes sociales, remarketing y publicidad de pago. Si quieres aumentar tus ventas, automatizar la creaci\u00f3n de elementos visuales o mejorar tus tasas de conversi\u00f3n, AdCreative.ai te ofrece una soluci\u00f3n r\u00e1pida, eficaz y basada en datos para maximizar el impacto de tus campa\u00f1as.  <\/p>\t\t\t\t\t\t\t\t<\/div>\n\t\t\t\t<\/div>\n\t\t\t\t<div class=\"elementor-element elementor-element-71f5844 elementor-widget elementor-widget-heading\" data-id=\"71f5844\" data-element_type=\"widget\" data-e-type=\"widget\" data-widget_type=\"heading.default\">\n\t\t\t\t<div class=\"elementor-widget-container\">\n\t\t\t\t\t<h2 class=\"elementor-heading-title elementor-size-default\">Conclusi\u00f3n<\/h2>\t\t\t\t<\/div>\n\t\t\t\t<\/div>\n\t\t\t\t<div class=\"elementor-element elementor-element-e98360c elementor-widget elementor-widget-text-editor\" data-id=\"e98360c\" data-element_type=\"widget\" data-e-type=\"widget\" data-widget_type=\"text-editor.default\">\n\t\t\t\t<div class=\"elementor-widget-container\">\n\t\t\t\t\t\t\t\t\t<p><strong><span>AdCreative.ai<\/span><\/strong><span>  es la soluci\u00f3n ideal para empresas y profesionales que buscan mejorar sus campa\u00f1as publicitarias con elementos visuales atractivos y optimizados. Con sus funciones de creaci\u00f3n r\u00e1pida, opciones de personalizaci\u00f3n y potentes integraciones, AdCreative.ai est\u00e1 transformando la forma de gestionar las campa\u00f1as publicitarias. Ya seas una PYME, una agencia o un profesional del marketing digital,    <\/span><strong><span>AdCreative.ai te ayuda a ahorrar tiempo, optimizar tu ROI<\/span><\/strong><span> y maximizar el impacto de tus anuncios visuales.<\/span><\/p>\t\t\t\t\t\t\t\t<\/div>\n\t\t\t\t<\/div>\n\t\t\t\t\t<\/div>\n\t\t\t\t<\/div>\n\t\t\t\t<\/div>\n\t\t","protected":false},"excerpt":{"rendered":"<p>AdCreative.ai es la soluci\u00f3n perfecta para empresas y profesionales que buscan impulsar sus campa\u00f1as publicitarias con im\u00e1genes impactantes, optimizadas para maximizar el compromiso y las conversiones.<\/p>\n<ul>\n<li>Publicidad automatizada<\/li>\n<li>Creaci\u00f3n visual<\/li>\n<li>Optimizar el ROI de la publicidad<\/li>\n<li>Visuales de alto rendimiento<\/li>\n<\/ul>\n","protected":false},"featured_media":31272,"comment_status":"open","ping_status":"closed","template":"","meta":{"_acf_changed":false,"_glsr_average":0,"_glsr_ranking":0,"_glsr_reviews":0},"product_brand":[],"product_cat":[4296,5262,4342,6271,4248],"product_tag":[],"class_list":{"0":"post-31271","1":"product","2":"type-product","3":"status-publish","4":"has-post-thumbnail","6":"product_cat-automatizacion-del-marketing","7":"product_cat-en-el-punto-de-mira","8":"product_cat-marketing-es","9":"product_cat-publicidad","10":"product_cat-software-de-ia","12":"first","13":"instock","14":"shipping-taxable","15":"product-type-external"},"acf":[],"_links":{"self":[{"href":"https:\/\/boostgrowb.com\/es\/wp-json\/wp\/v2\/product\/31271","targetHints":{"allow":["GET"]}}],"collection":[{"href":"https:\/\/boostgrowb.com\/es\/wp-json\/wp\/v2\/product"}],"about":[{"href":"https:\/\/boostgrowb.com\/es\/wp-json\/wp\/v2\/types\/product"}],"replies":[{"embeddable":true,"href":"https:\/\/boostgrowb.com\/es\/wp-json\/wp\/v2\/comments?post=31271"}],"version-history":[{"count":0,"href":"https:\/\/boostgrowb.com\/es\/wp-json\/wp\/v2\/product\/31271\/revisions"}],"wp:featuredmedia":[{"embeddable":true,"href":"https:\/\/boostgrowb.com\/es\/wp-json\/wp\/v2\/media\/31272"}],"wp:attachment":[{"href":"https:\/\/boostgrowb.com\/es\/wp-json\/wp\/v2\/media?parent=31271"}],"wp:term":[{"taxonomy":"product_brand","embeddable":true,"href":"https:\/\/boostgrowb.com\/es\/wp-json\/wp\/v2\/product_brand?post=31271"},{"taxonomy":"product_cat","embeddable":true,"href":"https:\/\/boostgrowb.com\/es\/wp-json\/wp\/v2\/product_cat?post=31271"},{"taxonomy":"product_tag","embeddable":true,"href":"https:\/\/boostgrowb.com\/es\/wp-json\/wp\/v2\/product_tag?post=31271"}],"curies":[{"name":"wp","href":"https:\/\/api.w.org\/{rel}","templated":true}]}}