{"id":31341,"date":"2024-06-30T20:49:39","date_gmt":"2024-06-30T20:49:39","guid":{"rendered":"https:\/\/boostgrowb.com\/software\/ecwid\/"},"modified":"2025-07-07T16:13:14","modified_gmt":"2025-07-07T16:13:14","slug":"ecwid","status":"publish","type":"product","link":"https:\/\/boostgrowb.com\/es\/software\/ecwid\/","title":{"rendered":"Ecwid"},"content":{"rendered":"\t\t<div data-elementor-type=\"product-post\" data-elementor-id=\"31341\" class=\"elementor elementor-31341 elementor-3760\" data-elementor-post-type=\"product\">\n\t\t\t\t<div class=\"elementor-element elementor-element-360d241 e-flex e-con-boxed wpr-particle-no wpr-jarallax-no wpr-parallax-no wpr-sticky-section-no e-con e-parent\" data-id=\"360d241\" data-element_type=\"container\" data-e-type=\"container\">\n\t\t\t\t\t<div class=\"e-con-inner\">\n\t\t\t\t<div class=\"elementor-element elementor-element-c5d85c0 elementor-widget elementor-widget-heading\" data-id=\"c5d85c0\" data-element_type=\"widget\" data-e-type=\"widget\" data-widget_type=\"heading.default\">\n\t\t\t\t<div class=\"elementor-widget-container\">\n\t\t\t\t\t<h2 class=\"elementor-heading-title elementor-size-default\">\u00bfQu\u00e9 es Ecwid?<\/h2>\t\t\t\t<\/div>\n\t\t\t\t<\/div>\n\t\t\t\t<div class=\"elementor-element elementor-element-04db67f elementor-widget elementor-widget-text-editor\" data-id=\"04db67f\" data-element_type=\"widget\" data-e-type=\"widget\" data-widget_type=\"text-editor.default\">\n\t\t\t\t<div class=\"elementor-widget-container\">\n\t\t\t\t\t\t\t\t\t<p class=\"\" data-start=\"0\" data-end=\"463\">Ecwid es una soluci\u00f3n \u00e1gil de comercio electr\u00f3nico que permite a empresarios, comerciantes y PYMES lanzar r\u00e1pidamente una tienda online, sin tener que reconstruir un sitio entero. \u00bfSu punto fuerte? Puedes integrar tu tienda directamente con tu sitio existente, tus redes sociales (Instagram, Facebook) o marketplaces como Amazon, en s\u00f3lo unos clics. Es la herramienta ideal para transformar cualquier sitio o canal digital en una aut\u00e9ntica palanca de ventas.   <\/p><p class=\"\" data-start=\"465\" data-end=\"856\">Dise\u00f1ado para adaptarse a las necesidades de los vendedores modernos, Ecwid ofrece una interfaz intuitiva y potentes funciones: gesti\u00f3n centralizada de existencias, diversas pasarelas de pago, configuraci\u00f3n de env\u00edos e impuestos, sincronizaci\u00f3n multicanal, etc. Todo est\u00e1 dise\u00f1ado para automatizar las tareas que consumen mucho tiempo y optimizar la experiencia de compra, tanto en ordenadores como en dispositivos m\u00f3viles. <\/p><p class=\"\" data-start=\"858\" data-end=\"1375\">Lo que diferencia a Ecwid es su extrema flexibilidad. Tanto si est\u00e1s en proceso de lanzar una microempresa como si est\u00e1s desarrollando un negocio internacional, la plataforma crece contigo. Su modelo freemium significa que puedes empezar gratis y ampliarla a medida que cambien tus necesidades. Gracias a sus herramientas SEO integradas, su compatibilidad con los CMS m\u00e1s populares (WordPress, Wix, Joomla&#8230;) y su tiempo de implementaci\u00f3n ultracorto, Ecwid se ha consolidado como una alternativa de alto rendimiento, r\u00e1pida y rentable para vender en Internet.   <\/p>\t\t\t\t\t\t\t\t<\/div>\n\t\t\t\t<\/div>\n\t\t\t\t<div class=\"elementor-element elementor-element-bcbdb95 elementor-widget elementor-widget-heading\" data-id=\"bcbdb95\" data-element_type=\"widget\" data-e-type=\"widget\" data-widget_type=\"heading.default\">\n\t\t\t\t<div class=\"elementor-widget-container\">\n\t\t\t\t\t<h2 class=\"elementor-heading-title elementor-size-default\">\u00bfCu\u00e1les son las principales caracter\u00edsticas de Ecwid?<\/h2>\t\t\t\t<\/div>\n\t\t\t\t<\/div>\n\t\t\t\t<div class=\"elementor-element elementor-element-e8b019f elementor-widget elementor-widget-text-editor\" data-id=\"e8b019f\" data-element_type=\"widget\" data-e-type=\"widget\" data-widget_type=\"text-editor.default\">\n\t\t\t\t<div class=\"elementor-widget-container\">\n\t\t\t\t\t\t\t\t\t<p>Ecwid ofrece una serie de herramientas y funciones para ayudarte a lanzar y gestionar tu tienda online de forma eficaz. Esto es lo que la hace \u00fanica: <\/p><p data-pm-slice=\"0 0 []\"><strong>La tienda puede integrarse en cualquier sitio web<\/strong> <strong>:<\/strong> \u00bfYa tienes un sitio web <strong>WordPress<\/strong>, <strong>Wix<\/strong> o <strong>Joomla<\/strong>? \u00a1No hay problema! Con Ecwid, puedes a\u00f1adir una tienda de comercio electr\u00f3nico en unos pocos clics sin tener que reconstruir tu sitio desde cero.  <\/p><p data-pm-slice=\"0 0 []\"><strong>Ventas omnicanal simplificadas:<\/strong> Ecwid te permite vender tus productos en <strong>varias plataformas simult\u00e1neamente<\/strong>: Facebook, Instagram, Amazon, Google Shopping o a trav\u00e9s de marketplaces como eBay. La gesti\u00f3n centralizada garantiza el control total de todas tus ventas. <\/p><p data-pm-slice=\"0 0 []\"><strong>Dise\u00f1o responsive para m\u00f3viles:<\/strong> ofrece una experiencia fluida y agradable en <strong>todos los dispositivos<\/strong>. Con Ecwid, tu tienda se adapta autom\u00e1ticamente a las pantallas de tus clientes, ya est\u00e9n en un smartphone, una tableta o un ordenador. <\/p><p data-pm-slice=\"0 0 []\"><strong>Herramientas de marketing y promociones integradas:<\/strong> crea campa\u00f1as de marketing en pocos minutos: boletines, c\u00f3digos promocionales, descuentos autom\u00e1ticos, ventas flash&#8230; Todo lo que necesitas para fidelizar a tus clientes y atraer a nuevos compradores est\u00e1 al alcance de tu mano.<\/p><p data-pm-slice=\"0 0 []\"><strong>Opciones de pago seguras:<\/strong> Acepta pagos a trav\u00e9s de soluciones populares como <strong>PayPal<\/strong>, <strong>Stripe<\/strong> o <strong>Apple Pay<\/strong>. Tambi\u00e9n puedes establecer pagos locales adaptados a tus clientes. <\/p>\t\t\t\t\t\t\t\t<\/div>\n\t\t\t\t<\/div>\n\t\t\t\t<div class=\"elementor-element elementor-element-5b00d6a elementor-widget elementor-widget-heading\" data-id=\"5b00d6a\" data-element_type=\"widget\" data-e-type=\"widget\" data-widget_type=\"heading.default\">\n\t\t\t\t<div class=\"elementor-widget-container\">\n\t\t\t\t\t<h2 class=\"elementor-heading-title elementor-size-default\">\u2705 \u00bfCu\u00e1les son las ventajas de utilizar Ecwid?<\/h2>\t\t\t\t<\/div>\n\t\t\t\t<\/div>\n\t\t\t\t<div class=\"elementor-element elementor-element-c018f88 elementor-widget elementor-widget-text-editor\" data-id=\"c018f88\" data-element_type=\"widget\" data-e-type=\"widget\" data-widget_type=\"text-editor.default\">\n\t\t\t\t<div class=\"elementor-widget-container\">\n\t\t\t\t\t\t\t\t\t<p>Ecwid ofrece una serie de ventajas que la diferencian de otras plataformas de comercio electr\u00f3nico. A continuaci\u00f3n te explicamos por qu\u00e9 puede ser tu mejor opci\u00f3n: <\/p><p data-pm-slice=\"0 0 []\"><b>Facilidad de uso:<\/b> Con su interfaz intuitiva, Ecwid est\u00e1 dise\u00f1ado para ser utilizado por todo el mundo, incluso por quienes no tienen experiencia en comercio electr\u00f3nico. \u00a1Pon en marcha tu tienda en s\u00f3lo unas horas! <\/p><p><b>Una versi\u00f3n gratuita para empezar: <\/b>Ecwid ofrece un plan gratuito que te permite vender hasta 10 productos. Perfecto para probar la plataforma antes de invertir en funciones avanzadas. <\/p><p><b>Flexibilidad multicanal:<\/b> vende donde est\u00e9n tus clientes: en tu sitio web, en tus redes sociales o en marketplaces. La gesti\u00f3n centralizada simplifica tus tareas cotidianas. <\/p><p><b>Dise\u00f1o escalable:<\/b> Tanto si empiezas con poco como si tienes miles de productos, Ecwid se adapta al crecimiento de tu empresa sin necesidad de una revisi\u00f3n completa.<\/p><p data-pm-slice=\"0 0 []\"><strong>Accesibilidad internacional:<\/strong> Con opciones para aceptar varias divisas y m\u00e9todos de pago, Ecwid te ayuda a llegar a una base de clientes internacional.<\/p>\t\t\t\t\t\t\t\t<\/div>\n\t\t\t\t<\/div>\n\t\t\t\t<div class=\"elementor-element elementor-element-4558c44 elementor-widget elementor-widget-heading\" data-id=\"4558c44\" data-element_type=\"widget\" data-e-type=\"widget\" data-widget_type=\"heading.default\">\n\t\t\t\t<div class=\"elementor-widget-container\">\n\t\t\t\t\t<h2 class=\"elementor-heading-title elementor-size-default\">\ud83e\uddd1\u200d\ud83d\udcbb \u00bfPara qui\u00e9n es Ecwid?<\/h2>\t\t\t\t<\/div>\n\t\t\t\t<\/div>\n\t\t\t\t<div class=\"elementor-element elementor-element-bf77468 elementor-widget elementor-widget-text-editor\" data-id=\"bf77468\" data-element_type=\"widget\" data-e-type=\"widget\" data-widget_type=\"text-editor.default\">\n\t\t\t\t<div class=\"elementor-widget-container\">\n\t\t\t\t\t\t\t\t\t<p data-pm-slice=\"0 0 []\"><strong>Aut\u00f3nomos y peque\u00f1as empresas:<\/strong> Si te est\u00e1s iniciando en el comercio electr\u00f3nico o diriges una peque\u00f1a empresa, Ecwid es la forma perfecta de crear una tienda profesional de forma r\u00e1pida y rentable.<\/p><p><strong>Minoristas f\u00edsicos:<\/strong> transforma tu tienda tradicional en una boutique online de alto rendimiento, sincronizando al mismo tiempo tus existencias f\u00edsicas y digitales.<\/p><p><strong>Creadores y artesanos:<\/strong> Si eres artista, artesano o dise\u00f1ador, Ecwid te permite vender tus creaciones directamente en tu sitio web, redes sociales o marketplaces.<\/p><p><strong>Empresas en crecimiento:<\/strong> Para las empresas que buscan ampliar su alcance, Ecwid ofrece funciones avanzadas como integraciones multicanal y campa\u00f1as de marketing automatizadas.<\/p>\t\t\t\t\t\t\t\t<\/div>\n\t\t\t\t<\/div>\n\t\t\t\t\t<\/div>\n\t\t\t\t<\/div>\n\t\t\t\t<\/div>\n\t\t","protected":false},"excerpt":{"rendered":"<p>Ecwid es una plataforma de comercio electr\u00f3nico que permite a las empresas crear r\u00e1pida y f\u00e1cilmente tiendas online e integrar funcionalidades de venta en sus sitios web existentes y otras plataformas online.<\/p>\n<ul>\n<li>Flexibilidad y personalizaci\u00f3n<\/li>\n<li>Gesti\u00f3n de pedidos<\/li>\n<li>Optimizaci\u00f3n SEO integrada<\/li>\n<li>Cuadro de mandos centralizado<\/li>\n<\/ul>\n","protected":false},"featured_media":31344,"comment_status":"open","ping_status":"closed","template":"","meta":{"_acf_changed":false,"_glsr_average":0,"_glsr_ranking":0,"_glsr_reviews":0},"product_brand":[],"product_cat":[4213],"product_tag":[],"class_list":{"0":"post-31341","1":"product","2":"type-product","3":"status-publish","4":"has-post-thumbnail","6":"product_cat-creacion-de-paginas-web","8":"first","9":"instock","10":"sale","11":"shipping-taxable","12":"product-type-external"},"acf":[],"_links":{"self":[{"href":"https:\/\/boostgrowb.com\/es\/wp-json\/wp\/v2\/product\/31341","targetHints":{"allow":["GET"]}}],"collection":[{"href":"https:\/\/boostgrowb.com\/es\/wp-json\/wp\/v2\/product"}],"about":[{"href":"https:\/\/boostgrowb.com\/es\/wp-json\/wp\/v2\/types\/product"}],"replies":[{"embeddable":true,"href":"https:\/\/boostgrowb.com\/es\/wp-json\/wp\/v2\/comments?post=31341"}],"version-history":[{"count":0,"href":"https:\/\/boostgrowb.com\/es\/wp-json\/wp\/v2\/product\/31341\/revisions"}],"wp:featuredmedia":[{"embeddable":true,"href":"https:\/\/boostgrowb.com\/es\/wp-json\/wp\/v2\/media\/31344"}],"wp:attachment":[{"href":"https:\/\/boostgrowb.com\/es\/wp-json\/wp\/v2\/media?parent=31341"}],"wp:term":[{"taxonomy":"product_brand","embeddable":true,"href":"https:\/\/boostgrowb.com\/es\/wp-json\/wp\/v2\/product_brand?post=31341"},{"taxonomy":"product_cat","embeddable":true,"href":"https:\/\/boostgrowb.com\/es\/wp-json\/wp\/v2\/product_cat?post=31341"},{"taxonomy":"product_tag","embeddable":true,"href":"https:\/\/boostgrowb.com\/es\/wp-json\/wp\/v2\/product_tag?post=31341"}],"curies":[{"name":"wp","href":"https:\/\/api.w.org\/{rel}","templated":true}]}}