{"id":31378,"date":"2024-06-11T12:55:36","date_gmt":"2024-06-11T12:55:36","guid":{"rendered":"https:\/\/boostgrowb.com\/software\/paginas-principales\/"},"modified":"2025-07-07T16:12:09","modified_gmt":"2025-07-07T16:12:09","slug":"paginas-principales","status":"publish","type":"product","link":"https:\/\/boostgrowb.com\/es\/software\/paginas-principales\/","title":{"rendered":"P\u00e1ginas principales"},"content":{"rendered":"\t\t<div data-elementor-type=\"product-post\" data-elementor-id=\"31378\" class=\"elementor elementor-31378 elementor-1629\" data-elementor-post-type=\"product\">\n\t\t\t\t<div class=\"elementor-element elementor-element-f07248d e-flex e-con-boxed wpr-particle-no wpr-jarallax-no wpr-parallax-no wpr-sticky-section-no e-con e-parent\" data-id=\"f07248d\" data-element_type=\"container\" data-e-type=\"container\">\n\t\t\t\t\t<div class=\"e-con-inner\">\n\t\t\t\t<div class=\"elementor-element elementor-element-43625f3 elementor-widget elementor-widget-heading\" data-id=\"43625f3\" data-element_type=\"widget\" data-e-type=\"widget\" data-widget_type=\"heading.default\">\n\t\t\t\t<div class=\"elementor-widget-container\">\n\t\t\t\t\t<h2 class=\"elementor-heading-title elementor-size-default\">\u00bfQu\u00e9 son las p\u00e1ginas piloto?<\/h2>\t\t\t\t<\/div>\n\t\t\t\t<\/div>\n\t\t\t\t<div class=\"elementor-element elementor-element-84c4ef5 elementor-widget elementor-widget-text-editor\" data-id=\"84c4ef5\" data-element_type=\"widget\" data-e-type=\"widget\" data-widget_type=\"text-editor.default\">\n\t\t\t\t<div class=\"elementor-widget-container\">\n\t\t\t\t\t\t\t\t\t<p class=\"\" data-start=\"207\" data-end=\"634\"><strong data-start=\"207\" data-end=\"422\">Leadpages es una plataforma todo en uno dedicada a la creaci\u00f3n de p\u00e1ginas de destino de alto rendimiento, dise\u00f1ada para emprendedores, profesionales del marketing y PYMES que quieren generar m\u00e1s clientes potenciales sin complejidad t\u00e9cnica.<\/strong>  Gracias a su interfaz intuitiva y a su sistema de arrastrar y soltar, puedes crear p\u00e1ginas de destino profesionales, aptas para m\u00f3viles y SEO en unos pocos clics, incluso sin tener conocimientos de dise\u00f1o o codificaci\u00f3n.<\/p><p class=\"\" data-start=\"636\" data-end=\"1124\"><strong data-start=\"636\" data-end=\"729\">Lo que diferencia a Leadpages es su biblioteca de plantillas optimizadas para la conversi\u00f3n<\/strong>, probadas y validadas para distintos fines: suscripci\u00f3n a boletines, descarga de imanes de clientes potenciales, inscripci\u00f3n a seminarios web o ventas directas. La herramienta tambi\u00e9n incorpora potentes funciones de marketing, como pruebas A\/B, conexi\u00f3n a tu CRM o herramienta de env\u00edo de correo electr\u00f3nico, y formularios integrados dise\u00f1ados para maximizar cada oportunidad de conversi\u00f3n. <\/p><p class=\"\" data-start=\"1126\" data-end=\"1531\"><strong data-start=\"1126\" data-end=\"1219\">Con Leadpages, cada p\u00e1gina se convierte en una palanca estrat\u00e9gica para tu crecimiento digital.<\/strong>  Tanto si est\u00e1s lanzando una campa\u00f1a publicitaria, desarrollando una estrategia de inbound marketing o buscando aumentar tu base de clientes potenciales cualificados, esta plataforma te ofrece todas las herramientas que necesitas para convertir tu tr\u00e1fico en resultados concretos. Sencillo, r\u00e1pido e incre\u00edblemente eficaz. <\/p>\t\t\t\t\t\t\t\t<\/div>\n\t\t\t\t<\/div>\n\t\t\t\t<div class=\"elementor-element elementor-element-00b9c44 elementor-widget elementor-widget-heading\" data-id=\"00b9c44\" data-element_type=\"widget\" data-e-type=\"widget\" data-widget_type=\"heading.default\">\n\t\t\t\t<div class=\"elementor-widget-container\">\n\t\t\t\t\t<h2 class=\"elementor-heading-title elementor-size-default\">El activo principal P\u00e1ginas principales<\/h2>\t\t\t\t<\/div>\n\t\t\t\t<\/div>\n\t\t\t\t<div class=\"elementor-element elementor-element-2b69678 elementor-widget elementor-widget-text-editor\" data-id=\"2b69678\" data-element_type=\"widget\" data-e-type=\"widget\" data-widget_type=\"text-editor.default\">\n\t\t\t\t<div class=\"elementor-widget-container\">\n\t\t\t\t\t\t\t\t\t<ul><li><b>Convierte a tus visitantes en clientes: <\/b>Leadpages no se limita a crear p\u00e1ginas atractivas: cada plantilla est\u00e1 dise\u00f1ada para convertir a tus visitantes en clientes. Ya sea para captar clientes potenciales, vender un producto o generar inscripciones a seminarios web, cada elemento est\u00e1 dise\u00f1ado para maximizar tus conversiones. <\/li><\/ul><div> <\/div><ul><li><b>Automatiza tus campa\u00f1as en un clic:<\/b> Leadpages se integra perfectamente con tus herramientas existentes, como CRMs, plataformas de emailing, herramientas de webinar y soluciones de an\u00e1lisis. Automatizar tus t\u00faneles de conversi\u00f3n es un juego de ni\u00f1os, y puedes gestionar todas tus campa\u00f1as desde una \u00fanica interfaz. <\/li><\/ul><div> <\/div><ul><li><b>Aumenta tu visibilidad en Internet:<\/b> optimiza tus p\u00e1ginas para los motores de b\u00fasqueda con metaetiquetas personalizables, herramientas de previsualizaci\u00f3n SEO y tiempos de carga r\u00e1pidos. Aseg\u00farate de que tus p\u00e1ginas est\u00e1n bien referenciadas y atraen al m\u00e1ximo n\u00famero de visitantes. <\/li><\/ul><div> <\/div><ul><li><b>Crea p\u00e1ginas profesionales<\/b> en unos pocos clics: Gracias a su editor ultraintuitivo de arrastrar y soltar, puedes crear p\u00e1ginas de destino profesionales sin conocimientos de codificaci\u00f3n, en unos pocos clics. Es un ahorro de tiempo inestimable, tanto si eres un empresario en solitario como un director de marketing en una PYME. <\/li><\/ul><div> <\/div><ul><li>Ventanas emergentes <strong>y<\/strong> alertas de <strong>registro:<\/strong> A\u00f1ade ventanas emergentes o banners de alerta para captar los correos electr\u00f3nicos de tus visitantes, promocionar ofertas especiales o reforzar tu llamada a la acci\u00f3n.<\/li><\/ul>\t\t\t\t\t\t\t\t<\/div>\n\t\t\t\t<\/div>\n\t\t\t\t\t<\/div>\n\t\t\t\t<\/div>\n\t\t\t\t<\/div>\n\t\t","protected":false},"excerpt":{"rendered":"<p>Lead pages es una plataforma especializada en la creaci\u00f3n de p\u00e1ginas de aterrizaje y pop-ups sin necesidad de profundos conocimientos t\u00e9cnicos.<\/p>\n<ul>\n<li>P\u00e1ginas de destino de alto rendimiento<\/li>\n<li>Llegar al p\u00fablico adecuado<\/li>\n<li>Integraci\u00f3n con herramientas de marketing<\/li>\n<li>Automatizaci\u00f3n del marketing<\/li>\n<\/ul>\n","protected":false},"featured_media":31382,"comment_status":"open","ping_status":"closed","template":"","meta":{"_acf_changed":false,"_glsr_average":0,"_glsr_ranking":0,"_glsr_reviews":0},"product_brand":[],"product_cat":[4296,6365],"product_tag":[],"class_list":{"0":"post-31378","1":"product","2":"type-product","3":"status-publish","4":"has-post-thumbnail","6":"product_cat-automatizacion-del-marketing","7":"product_cat-paginas-de-destino","9":"first","10":"instock","11":"shipping-taxable","12":"product-type-external"},"acf":[],"_links":{"self":[{"href":"https:\/\/boostgrowb.com\/es\/wp-json\/wp\/v2\/product\/31378","targetHints":{"allow":["GET"]}}],"collection":[{"href":"https:\/\/boostgrowb.com\/es\/wp-json\/wp\/v2\/product"}],"about":[{"href":"https:\/\/boostgrowb.com\/es\/wp-json\/wp\/v2\/types\/product"}],"replies":[{"embeddable":true,"href":"https:\/\/boostgrowb.com\/es\/wp-json\/wp\/v2\/comments?post=31378"}],"version-history":[{"count":0,"href":"https:\/\/boostgrowb.com\/es\/wp-json\/wp\/v2\/product\/31378\/revisions"}],"wp:featuredmedia":[{"embeddable":true,"href":"https:\/\/boostgrowb.com\/es\/wp-json\/wp\/v2\/media\/31382"}],"wp:attachment":[{"href":"https:\/\/boostgrowb.com\/es\/wp-json\/wp\/v2\/media?parent=31378"}],"wp:term":[{"taxonomy":"product_brand","embeddable":true,"href":"https:\/\/boostgrowb.com\/es\/wp-json\/wp\/v2\/product_brand?post=31378"},{"taxonomy":"product_cat","embeddable":true,"href":"https:\/\/boostgrowb.com\/es\/wp-json\/wp\/v2\/product_cat?post=31378"},{"taxonomy":"product_tag","embeddable":true,"href":"https:\/\/boostgrowb.com\/es\/wp-json\/wp\/v2\/product_tag?post=31378"}],"curies":[{"name":"wp","href":"https:\/\/api.w.org\/{rel}","templated":true}]}}