{"id":31384,"date":"2024-06-10T23:41:46","date_gmt":"2024-06-10T23:41:46","guid":{"rendered":"https:\/\/boostgrowb.com\/software\/pennylane\/"},"modified":"2026-02-15T14:03:37","modified_gmt":"2026-02-15T14:03:37","slug":"pennylane","status":"publish","type":"product","link":"https:\/\/boostgrowb.com\/es\/software\/pennylane\/","title":{"rendered":"Pennylane"},"content":{"rendered":"\t\t<div data-elementor-type=\"product-post\" data-elementor-id=\"31384\" class=\"elementor elementor-31384 elementor-1482\" data-elementor-post-type=\"product\">\n\t\t\t\t<div class=\"elementor-element elementor-element-9a0a196 e-flex e-con-boxed wpr-particle-no wpr-jarallax-no wpr-parallax-no wpr-sticky-section-no e-con e-parent\" data-id=\"9a0a196\" data-element_type=\"container\" data-e-type=\"container\">\n\t\t\t\t\t<div class=\"e-con-inner\">\n\t\t\t\t<div class=\"elementor-element elementor-element-c781c0f elementor-widget elementor-widget-heading\" data-id=\"c781c0f\" data-element_type=\"widget\" data-e-type=\"widget\" data-widget_type=\"heading.default\">\n\t\t\t\t<div class=\"elementor-widget-container\">\n\t\t\t\t\t<h2 class=\"elementor-heading-title elementor-size-default\">\u00bfQu\u00e9 es Pennylane?<\/h2>\t\t\t\t<\/div>\n\t\t\t\t<\/div>\n\t\t\t\t<div class=\"elementor-element elementor-element-f7b2a4d elementor-widget elementor-widget-text-editor\" data-id=\"f7b2a4d\" data-element_type=\"widget\" data-e-type=\"widget\" data-widget_type=\"text-editor.default\">\n\t\t\t\t<div class=\"elementor-widget-container\">\n\t\t\t\t\t\t\t\t\t<p class=\"\" data-start=\"0\" data-end=\"722\"><strong data-start=\"0\" data-end=\"147\">Pennylane es una soluci\u00f3n contable de nueva generaci\u00f3n dise\u00f1ada para ofrecer una gesti\u00f3n completa, fluida y automatizada de tus finanzas.<\/strong> Desde el asiento contable hasta la declaraci\u00f3n del IVA y la gesti\u00f3n de recibos, todo est\u00e1 centralizado en una <strong data-start=\"275\" data-end=\"317\">interfaz intuitiva y personalizable<\/strong>. Tanto si eres gerente de una PYME, aut\u00f3nomo o director financiero, puedes ver tus flujos contables en tiempo real, colaborar f\u00e1cilmente con tu contable y acceder a datos fiables sin necesidad de conocimientos t\u00e9cnicos. Cada usuario puede adaptar su cuadro de mandos a sus necesidades: seguimiento de pagos, indicadores clave, plazos fiscales&#8230; todo est\u00e1 dise\u00f1ado para ayudarte a gestionar tu empresa con eficacia.  <\/p><p class=\"\" data-start=\"724\" data-end=\"1335\"><strong data-start=\"724\" data-end=\"789\">Crear presupuestos y facturas es lo m\u00e1s f\u00e1cil posible<\/strong>, con plantillas personalizables y gesti\u00f3n automatizada de los recordatorios a los clientes. Puedes editar tus documentos en unos pocos clics, transformarlos en facturas en cuanto hayan sido validados, y seguir cada etapa: emisi\u00f3n, env\u00edo, cobro. <strong data-start=\"1022\" data-end=\"1044\">El seguimiento de las facturas<\/strong> es claro y din\u00e1mico: puedes ver los pagos en curso, los pagos vencidos y las previsiones de cobro para anticipar tu tesorer\u00eda. Pennylane tambi\u00e9n automatiza el registro de cada transacci\u00f3n en la contabilidad, garantizando una coherencia perfecta entre la facturaci\u00f3n y la contabilidad.   <\/p><p class=\"\" data-start=\"1337\" data-end=\"1913\"><strong data-start=\"1337\" data-end=\"1394\">La gesti\u00f3n de la tesorer\u00eda est\u00e1 en el coraz\u00f3n de la plataforma<\/strong>, con un cuadro de mandos inteligente que te ofrece una visi\u00f3n consolidada de tu saldo bancario, el flujo de caja futuro y los gastos recurrentes. Gracias a las integraciones bancarias y a la categorizaci\u00f3n autom\u00e1tica de gastos, Pennylane <strong data-start=\"1667\" data-end=\"1732\">te facilita la previsi\u00f3n, el an\u00e1lisis y la optimizaci\u00f3n de tu tesorer\u00eda<\/strong>. Este enfoque conectado, combinado con una ergonom\u00eda moderna, convierte a Pennylane en un aut\u00e9ntico copiloto financiero, que te permite tomar decisiones con conocimiento de causa y contribuir al crecimiento de tu empresa.  <\/p>\t\t\t\t\t\t\t\t<\/div>\n\t\t\t\t<\/div>\n\t\t\t\t<div class=\"elementor-element elementor-element-e7b87ce elementor-widget elementor-widget-heading\" data-id=\"e7b87ce\" data-element_type=\"widget\" data-e-type=\"widget\" data-widget_type=\"heading.default\">\n\t\t\t\t<div class=\"elementor-widget-container\">\n\t\t\t\t\t<h2 class=\"elementor-heading-title elementor-size-default\">Las 5 principales ventajas de Pennylane<\/h2>\t\t\t\t<\/div>\n\t\t\t\t<\/div>\n\t\t\t\t<div class=\"elementor-element elementor-element-50a47ba elementor-widget elementor-widget-text-editor\" data-id=\"50a47ba\" data-element_type=\"widget\" data-e-type=\"widget\" data-widget_type=\"text-editor.default\">\n\t\t\t\t<div class=\"elementor-widget-container\">\n\t\t\t\t\t\t\t\t\t<ul><li data-start=\"44\" data-end=\"293\"><strong style=\"letter-spacing: 0px;\" data-start=\"46\" data-end=\"90\">Gesti\u00f3n financiera 100% centralizada y automatizada: <\/strong><span style=\"letter-spacing: 0px;\">Pennylane centraliza tus operaciones bancarias, facturaci\u00f3n y documentos justificativos para <\/span><strong style=\"letter-spacing: 0px;\" data-start=\"267\" data-end=\"319\">generar autom\u00e1ticamente tus asientos contables<\/strong><span style=\"letter-spacing: 0px;\">. Se acabaron los malabarismos con hojas de c\u00e1lculo, plataformas y contables: todo est\u00e1 sincronizado, es fiable y est\u00e1 listo para declarar.<\/span><\/li><\/ul><div> <\/div><ul><li data-start=\"44\" data-end=\"293\"><strong data-start=\"297\" data-end=\"342\"><span style=\"letter-spacing: 0px;\">Crea presupuestos y facturas f\u00e1cilmente<\/span>:  <\/strong><span style=\"letter-spacing: 0px;\">Crea, personaliza y env\u00eda tus presupuestos y facturas en unos pocos clics. Controla su estado en tiempo real (enviadas, le\u00eddas, pagadas) y activa recordatorios autom\u00e1ticos para reducir los plazos de pago. <\/span><\/li><\/ul><div> <\/div><ul><li data-pm-slice=\"0 0 []\"><strong>Integraci\u00f3n perfecta con tus herramientas : <\/strong><span style=\"letter-spacing: 0px;\">Conecta Pennylane con <\/span><strong style=\"letter-spacing: 0px;\" data-start=\"1264\" data-end=\"1299\">Qonto, Stripe, Shopify, PayFit,<\/strong><span style=\"letter-spacing: 0px;\">  y muchos otros. Tus datos fluyen en tiempo real, tus procesos se desarrollan con fluidez y tu contabilidad est\u00e1 siempre al d\u00eda, sin introducci\u00f3n manual. <\/span><\/li><\/ul><div> <\/div><ul><li data-start=\"1077\" data-end=\"1336\"><strong data-start=\"1079\" data-end=\"1131\"><span style=\"letter-spacing: 0px;\">Un cuadro de mandos de tesorer\u00eda ultravisual <\/span>: <\/strong><span style=\"letter-spacing: 0px;\">Anticipa tus cobros, visualiza tus pr\u00f3ximos gastos y controla tu saldo bancario, todo ello en una interfaz clara y personalizable. <\/span><strong style=\"letter-spacing: 0px;\" data-start=\"1030\" data-end=\"1069\">interfaz clara y personalizable<\/strong><span style=\"letter-spacing: 0px;\">. Pennylane transforma tu gesti\u00f3n de efectivo en  <\/span><strong style=\"letter-spacing: 0px;\" data-start=\"1123\" data-end=\"1157\">herramienta de direcci\u00f3n estrat\u00e9gica.<\/strong><\/li><\/ul><div><b> <\/b><\/div><ul><li data-start=\"712\" data-end=\"924\"><strong data-start=\"714\" data-end=\"762\"><span style=\"letter-spacing: 0px;\">Interfaz intuitiva y personalizable<\/span>: <\/strong><span style=\"letter-spacing: 0px;\">A diferencia del software t\u00e9cnico y austero, Pennylane ofrece una moderna <\/span><strong style=\"letter-spacing: 0px;\" data-start=\"1618\" data-end=\"1682\">intuitiva y personalizable<\/strong><span style=\"letter-spacing: 0px;\">. T\u00fa mantienes el control, sin necesidad de conocimientos de contabilidad.<\/span><\/li><\/ul>\t\t\t\t\t\t\t\t<\/div>\n\t\t\t\t<\/div>\n\t\t\t\t<div class=\"elementor-element elementor-element-67c0b3f elementor-widget elementor-widget-heading\" data-id=\"67c0b3f\" data-element_type=\"widget\" data-e-type=\"widget\" data-widget_type=\"heading.default\">\n\t\t\t\t<div class=\"elementor-widget-container\">\n\t\t\t\t\t<h2 class=\"elementor-heading-title elementor-size-default\">\u00bfQui\u00e9n utiliza Pennylane?<\/h2>\t\t\t\t<\/div>\n\t\t\t\t<\/div>\n\t\t\t\t<div class=\"elementor-element elementor-element-0b84ddd elementor-widget elementor-widget-text-editor\" data-id=\"0b84ddd\" data-element_type=\"widget\" data-e-type=\"widget\" data-widget_type=\"text-editor.default\">\n\t\t\t\t<div class=\"elementor-widget-container\">\n\t\t\t\t\t\t\t\t\t<ul>\n<li data-start=\"31\" data-end=\"230\"><strong data-start=\"34\" data-end=\"72\">Directivos de PYMES y start-ups<\/strong>: Utilizan Pennylane para centralizar su gesti\u00f3n financiera, automatizar la facturaci\u00f3n y tener una visi\u00f3n clara de su tesorer\u00eda en tiempo real.<\/li><\/ul><div><br><\/div><ul>\n<li data-start=\"232\" data-end=\"416\"><strong data-start=\"235\" data-end=\"264\">Directores financieros<\/strong>: Gracias a herramientas de control precisas y a una integraci\u00f3n bancaria sin fisuras, pueden optimizar la gesti\u00f3n presupuestaria y la toma de decisiones estrat\u00e9gicas.<\/li><\/ul><div><br><\/div><ul>\n<li data-start=\"418\" data-end=\"586\"><strong data-start=\"421\" data-end=\"447\">Contables<\/strong>: Tienen acceso directo a los datos de los clientes, lo que evita los largos intercambios y facilita la contabilidad colaborativa.<\/li><\/ul><div><br><\/div><ul>\n<li data-start=\"588\" data-end=\"767\"><strong data-start=\"591\" data-end=\"628\">Empresarios y aut\u00f3nomos<\/strong>: Pennylane les permite gestionar sus finanzas de forma sencilla, sin necesidad de conocimientos contables, a la vez que ahorran tiempo gracias a la automatizaci\u00f3n.<\/li>\n<\/ul>\t\t\t\t\t\t\t\t<\/div>\n\t\t\t\t<\/div>\n\t\t\t\t\t<\/div>\n\t\t\t\t<\/div>\n\t\t\t\t<\/div>\n\t\t","protected":false},"excerpt":{"rendered":"<p>Una plataforma de gesti\u00f3n contable y financiera para VSE, PYMES, empresas inmobiliarias no comerciales, empresas de nueva creaci\u00f3n, aut\u00f3nomos y asociaciones, con multitud de integraciones y funciones para ayudarles a gestionar sus presupuestos y finanzas.<\/p>\n<ul>\n<li class=\"wp-block-heading\">Automatizaci\u00f3n contable<\/li>\n<li class=\"wp-block-heading\">Declaraci\u00f3n del IVA<\/li>\n<li class=\"wp-block-heading\">Declaraciones fiscales<\/li>\n<li>Gesti\u00f3n de tesorer\u00eda<\/li>\n<\/ul>\n","protected":false},"featured_media":31392,"comment_status":"open","ping_status":"closed","template":"","meta":{"_acf_changed":false,"_glsr_average":0,"_glsr_ranking":0,"_glsr_reviews":0},"product_brand":[],"product_cat":[4409],"product_tag":[],"class_list":{"0":"post-31384","1":"product","2":"type-product","3":"status-publish","4":"has-post-thumbnail","6":"product_cat-software-de-contabilidad","8":"first","9":"instock","10":"shipping-taxable","11":"product-type-external"},"acf":[],"_links":{"self":[{"href":"https:\/\/boostgrowb.com\/es\/wp-json\/wp\/v2\/product\/31384","targetHints":{"allow":["GET"]}}],"collection":[{"href":"https:\/\/boostgrowb.com\/es\/wp-json\/wp\/v2\/product"}],"about":[{"href":"https:\/\/boostgrowb.com\/es\/wp-json\/wp\/v2\/types\/product"}],"replies":[{"embeddable":true,"href":"https:\/\/boostgrowb.com\/es\/wp-json\/wp\/v2\/comments?post=31384"}],"version-history":[{"count":0,"href":"https:\/\/boostgrowb.com\/es\/wp-json\/wp\/v2\/product\/31384\/revisions"}],"wp:featuredmedia":[{"embeddable":true,"href":"https:\/\/boostgrowb.com\/es\/wp-json\/wp\/v2\/media\/31392"}],"wp:attachment":[{"href":"https:\/\/boostgrowb.com\/es\/wp-json\/wp\/v2\/media?parent=31384"}],"wp:term":[{"taxonomy":"product_brand","embeddable":true,"href":"https:\/\/boostgrowb.com\/es\/wp-json\/wp\/v2\/product_brand?post=31384"},{"taxonomy":"product_cat","embeddable":true,"href":"https:\/\/boostgrowb.com\/es\/wp-json\/wp\/v2\/product_cat?post=31384"},{"taxonomy":"product_tag","embeddable":true,"href":"https:\/\/boostgrowb.com\/es\/wp-json\/wp\/v2\/product_tag?post=31384"}],"curies":[{"name":"wp","href":"https:\/\/api.w.org\/{rel}","templated":true}]}}