{"id":31385,"date":"2024-10-18T10:49:49","date_gmt":"2024-10-18T10:49:49","guid":{"rendered":"https:\/\/boostgrowb.com\/software\/cegid\/"},"modified":"2025-07-07T16:14:59","modified_gmt":"2025-07-07T16:14:59","slug":"cegid","status":"publish","type":"product","link":"https:\/\/boostgrowb.com\/es\/software\/cegid\/","title":{"rendered":"Cegid"},"content":{"rendered":"\t\t<div data-elementor-type=\"product-post\" data-elementor-id=\"31385\" class=\"elementor elementor-31385 elementor-10673\" data-elementor-post-type=\"product\">\n\t\t\t\t<div class=\"elementor-element elementor-element-21b2bee e-flex e-con-boxed wpr-particle-no wpr-jarallax-no wpr-parallax-no wpr-sticky-section-no e-con e-parent\" data-id=\"21b2bee\" data-element_type=\"container\" data-e-type=\"container\">\n\t\t\t\t\t<div class=\"e-con-inner\">\n\t\t\t\t<div class=\"elementor-element elementor-element-017a736 elementor-widget elementor-widget-heading\" data-id=\"017a736\" data-element_type=\"widget\" data-e-type=\"widget\" data-widget_type=\"heading.default\">\n\t\t\t\t<div class=\"elementor-widget-container\">\n\t\t\t\t\t<h2 class=\"elementor-heading-title elementor-size-default\">\u00bfQu\u00e9 es el Cegid?<\/h2>\t\t\t\t<\/div>\n\t\t\t\t<\/div>\n\t\t\t\t\t<\/div>\n\t\t\t\t<\/div>\n\t\t<div class=\"elementor-element elementor-element-f127f20 e-flex e-con-boxed wpr-particle-no wpr-jarallax-no wpr-parallax-no wpr-sticky-section-no e-con e-parent\" data-id=\"f127f20\" data-element_type=\"container\" data-e-type=\"container\">\n\t\t\t\t\t<div class=\"e-con-inner\">\n\t\t\t\t<div class=\"elementor-element elementor-element-bc9cf0f elementor-widget elementor-widget-text-editor\" data-id=\"bc9cf0f\" data-element_type=\"widget\" data-e-type=\"widget\" data-widget_type=\"text-editor.default\">\n\t\t\t\t<div class=\"elementor-widget-container\">\n\t\t\t\t\t\t\t\t\t<p data-pm-slice=\"1 1 []\"><strong>Cegid<\/strong> es una empresa l\u00edder en software de gesti\u00f3n empresarial, que ofrece un conjunto completo de soluciones para la <strong>gesti\u00f3n financiera, la contabilidad, los recursos humanos y mucho m\u00e1s<\/strong>. Dise\u00f1ada para satisfacer las necesidades de las empresas actuales, la innovadora <strong>tecnolog\u00eda en la nube<\/strong> de Cegid la sit\u00faa como <strong>referente en la gesti\u00f3n empresarial<\/strong>. Con <strong>Cegid<\/strong>, las empresas pueden <strong>centralizar sus datos, automatizar sus procesos<\/strong> y maximizar la <strong>productividad<\/strong>, garantizando al mismo tiempo <strong>el cumplimiento de la normativa<\/strong>. Tanto si eres una <strong>PYME<\/strong>, una gran empresa o un censor <strong>jurado de cuentas<\/strong>, Cegid ofrece soluciones adaptadas a cada necesidad, facilitando tu crecimiento.   <\/p><p data-pm-slice=\"1 1 []\">Elegir <strong>Cegid<\/strong> es elegir un socio que pone <strong>la sencillez y la eficacia<\/strong> en el centro de tu gesti\u00f3n. Con una <strong>interfaz f\u00e1cil de usar<\/strong> y una <strong>amplia gama de funciones<\/strong>, Cegid <strong>te ahorra tiempo<\/strong> para que puedas concentrarte en lo que realmente importa: <strong>desarrollar tu negocio<\/strong>. Tanto si necesitas herramientas para la contabilidad, los recursos humanos o la gesti\u00f3n comercial, <strong>Cegid<\/strong> es modular y evoluciona con tus necesidades espec\u00edficas.  <\/p><p data-pm-slice=\"1 1 []\"><strong data-start=\"1148\" data-end=\"1259\">Adaptado a todos los sectores y tama\u00f1os de empresa, Cegid es un aut\u00e9ntico motor de crecimiento.<\/strong>  Su flexibilidad, sus m\u00faltiples integraciones y el apoyo de expertos hacen de este software una referencia imprescindible para las empresas que desean estructurar, automatizar y optimizar su gesti\u00f3n. Tanto si eres directivo, director financiero o responsable de RRHH, Cegid te da las claves para gestionar tu empresa con mayor agilidad y tranquilidad. <\/p>\t\t\t\t\t\t\t\t<\/div>\n\t\t\t\t<\/div>\n\t\t\t\t<div class=\"elementor-element elementor-element-6449bf2 elementor-widget elementor-widget-heading\" data-id=\"6449bf2\" data-element_type=\"widget\" data-e-type=\"widget\" data-widget_type=\"heading.default\">\n\t\t\t\t<div class=\"elementor-widget-container\">\n\t\t\t\t\t<h2 class=\"elementor-heading-title elementor-size-default\">\u00bfCu\u00e1les son las principales caracter\u00edsticas de Cegid?<\/h2>\t\t\t\t<\/div>\n\t\t\t\t<\/div>\n\t\t\t\t<div class=\"elementor-element elementor-element-c2799a6 elementor-widget elementor-widget-text-editor\" data-id=\"c2799a6\" data-element_type=\"widget\" data-e-type=\"widget\" data-widget_type=\"text-editor.default\">\n\t\t\t\t<div class=\"elementor-widget-container\">\n\t\t\t\t\t\t\t\t\t<ol start=\"1\" data-spread=\"true\" data-pm-slice=\"3 1 []\"><li><p><strong>Contabilidad y Gesti\u00f3n Financiera: Toma el control de tus finanzas<\/strong> Cegid hace que <strong>la gesti\u00f3n financiera<\/strong> sea un juego de ni\u00f1os. Generar balances, controlar tus cuentas de resultados y gestionar tu tesorer\u00eda nunca ha sido tan f\u00e1cil. Gracias a <strong>los cuadros de mando en tiempo real<\/strong>, tienes una <strong>visi\u00f3n completa y precisa de la situaci\u00f3n financiera<\/strong> de tu empresa, lo que facilita la <strong>toma de decisiones estrat\u00e9gicas con conocimiento de causa<\/strong>.  <\/p><\/li><li><p><strong>Gesti\u00f3n de Recursos Humanos: Libera el potencial de tus equipos<\/strong> La soluci\u00f3n <strong>de RR.HH. de Cegid<\/strong> te permite gestionar el ciclo de vida de tus empleados, desde la contrataci\u00f3n hasta la gesti\u00f3n de n\u00f3minas y competencias.<strong>La automatizaci\u00f3n de las n\u00f3minas<\/strong> garantiza <strong>el pleno cumplimiento de<\/strong> las obligaciones legales y simplifica los procesos administrativos, ayud\u00e1ndote a <strong>maximizar el potencial de tu equipo<\/strong>. <\/p><\/li><li><p><strong>Gesti\u00f3n de existencias y cadena de suministro: controla tus operaciones log\u00edsticas<\/strong> Con Cegid, puedes gestionar con precisi\u00f3n tus <strong>existencias<\/strong>, controlar rigurosamente el flujo de mercanc\u00edas y coordinar eficazmente tu <strong>cadena de suministro<\/strong>. Esto te ayuda a<strong>evitar la falta de existencias<\/strong> y a garantizar entregas r\u00e1pidas, maximizando la <strong>satisfacci\u00f3n de tus clientes<\/strong>. <\/p><\/li><li><p><strong>Gesti\u00f3n de ventas: aumenta tu<\/strong> rendimiento Cegid facilita la <strong>gesti\u00f3n de ventas<\/strong> y pedidos. Crea presupuestos, haz un seguimiento de tus clientes y gestiona tus pedidos y facturas desde una \u00fanica plataforma. Esta <strong>centralizaci\u00f3n<\/strong> te ayuda a <strong>impulsar tu rendimiento comercial<\/strong> y a mantenerte organizado, independientemente de la complejidad de tus operaciones.  <\/p><\/li><li><p><strong>Informes y an\u00e1lisis: convierte los datos en estrategias ganadoras<\/strong> Las herramientas <strong>avanzadas de informes y an\u00e1lisis<\/strong> de Cegid te permiten supervisar y analizar el rendimiento de tu negocio. <strong>Los cuadros de mando personalizables<\/strong> te ofrecen una <strong>visi\u00f3n precisa<\/strong>, ayud\u00e1ndote a identificar <strong>oportunidades de crecimiento<\/strong> y a <strong>tomar decisiones informadas<\/strong> para llevar tu negocio al siguiente nivel. <\/p><\/li><\/ol>\t\t\t\t\t\t\t\t<\/div>\n\t\t\t\t<\/div>\n\t\t\t\t<div class=\"elementor-element elementor-element-21aae2e elementor-widget elementor-widget-heading\" data-id=\"21aae2e\" data-element_type=\"widget\" data-e-type=\"widget\" data-widget_type=\"heading.default\">\n\t\t\t\t<div class=\"elementor-widget-container\">\n\t\t\t\t\t<h2 class=\"elementor-heading-title elementor-size-default\">\u00bfCu\u00e1les son las ventajas de utilizar Cegid?<\/h2>\t\t\t\t<\/div>\n\t\t\t\t<\/div>\n\t\t\t\t<div class=\"elementor-element elementor-element-a4d0fd8 elementor-widget elementor-widget-text-editor\" data-id=\"a4d0fd8\" data-element_type=\"widget\" data-e-type=\"widget\" data-widget_type=\"text-editor.default\">\n\t\t\t\t<div class=\"elementor-widget-container\">\n\t\t\t\t\t\t\t\t\t<ul data-spread=\"false\" data-pm-slice=\"3 1 []\"><li><p><strong>Ahorra tiempo con la automatizaci\u00f3n<\/strong>: Automatizar las tareas administrativas y repetitivas <strong>ahorra un tiempo precioso<\/strong>. Ya sea la contabilidad, las n\u00f3minas o la gesti\u00f3n de existencias, Cegid te ayuda a <strong>reducir las tareas que te quitan tiempo<\/strong> para que puedas concentrarte en lo esencial. <\/p><\/li><li><p><strong>Interfaz intuitiva y f\u00e1cil de usar<\/strong>: Incluso sin tener conocimientos t\u00e9cnicos particulares, puedes utilizar Cegid con eficacia gracias a su <strong>interfaz intuitiva<\/strong>, que hace que la gesti\u00f3n sea sencilla y agradable.<\/p><\/li><\/ul><ul data-spread=\"false\" data-pm-slice=\"3 3 []\"><li><p><strong>Cumplimiento garantizado<\/strong>: Cegid se actualiza constantemente para cumplir la normativa fiscal y de la Seguridad Social, lo que te da <strong>tranquilidad<\/strong> en cuanto al cumplimiento legal. Se acabaron las molestias administrativas y el riesgo de error. <\/p><\/li><li><p><strong>Accesibilidad y Movilidad Total<\/strong>: Con su tecnolog\u00eda <strong>en la nube<\/strong>, Cegid te ofrece la posibilidad de<strong>acceder a tus datos en tiempo real<\/strong>, desde cualquier lugar, fomentando la <strong>colaboraci\u00f3n<\/strong> y <strong>el aumento de la productividad<\/strong>, incluso cuando trabajas desde casa.<\/p><\/li><li><p><strong>Modularidad para tu crecimiento<\/strong>: Cegid es una soluci\u00f3n modular que crece con tu negocio. A\u00f1ade funcionalidades a medida que cambien tus necesidades, sin tener que cambiar nunca de software. <\/p><\/li><\/ul>\t\t\t\t\t\t\t\t<\/div>\n\t\t\t\t<\/div>\n\t\t\t\t<div class=\"elementor-element elementor-element-f0fb579 elementor-widget elementor-widget-heading\" data-id=\"f0fb579\" data-element_type=\"widget\" data-e-type=\"widget\" data-widget_type=\"heading.default\">\n\t\t\t\t<div class=\"elementor-widget-container\">\n\t\t\t\t\t<h3 class=\"elementor-heading-title elementor-size-default\">\u00bfCu\u00e1les son las ventajas de utilizar Cegid?<\/h3>\t\t\t\t<\/div>\n\t\t\t\t<\/div>\n\t\t\t\t<div class=\"elementor-element elementor-element-9704176 elementor-widget elementor-widget-text-editor\" data-id=\"9704176\" data-element_type=\"widget\" data-e-type=\"widget\" data-widget_type=\"text-editor.default\">\n\t\t\t\t<div class=\"elementor-widget-container\">\n\t\t\t\t\t\t\t\t\t<ul data-spread=\"false\" data-pm-slice=\"3 3 []\"><li><p><strong>Peque\u00f1as y medianas empresas (PYMES<\/strong> ): Para las PYMES, Cegid es ideal para <strong>automatizar las tareas administrativas<\/strong> y gestionar la contabilidad, los recursos humanos y las finanzas a la perfecci\u00f3n, adapt\u00e1ndose a las necesidades espec\u00edficas del crecimiento.<\/p><\/li><li><p><strong>Expertos<\/strong> contables: En Cegid, los expertos contables encuentran una soluci\u00f3n fiable para <strong>gestionar la contabilidad y las declaraciones fiscales<\/strong> de sus clientes. Gracias al acceso centralizado a los datos y a la automatizaci\u00f3n, los expertos contables pueden centrarse en el <strong>asesoramiento estrat\u00e9gico<\/strong>. <\/p><\/li><li><p><strong>Empresas con varias sedes<\/strong>: Para las empresas con varias sedes o sucursales, <strong>centralizar los datos<\/strong> a trav\u00e9s de Cegid es una gran ventaja. Permite una gesti\u00f3n coherente y simplificada de las actividades en distintos lugares, con <strong>visibilidad en tiempo real<\/strong>. <\/p><\/li><\/ul>\t\t\t\t\t\t\t\t<\/div>\n\t\t\t\t<\/div>\n\t\t\t\t\t<\/div>\n\t\t\t\t<\/div>\n\t\t\t\t<\/div>\n\t\t","protected":false},"excerpt":{"rendered":"<p>Software de contabilidad para PYMES y VSE - Gesti\u00f3n eficaz de tus datos financieros, actualizados y de f\u00e1cil acceso. Soluci\u00f3n Cegid SaaS: acceso f\u00e1cil, gesti\u00f3n fluida, \u00a1mejora de la productividad! <\/p>\n<ul>\n<li>Gesti\u00f3n completa de VSE\/SME<\/li>\n<li>Software todo en uno<\/li>\n<li>Gesti\u00f3n contable automatizada<\/li>\n<li>Gesti\u00f3n de RRHH<\/li>\n<\/ul>\n","protected":false},"featured_media":31386,"comment_status":"open","ping_status":"closed","template":"","meta":{"_acf_changed":false,"_glsr_average":0,"_glsr_ranking":0,"_glsr_reviews":0},"product_brand":[],"product_cat":[4409,5190],"product_tag":[],"class_list":{"0":"post-31385","1":"product","2":"type-product","3":"status-publish","4":"has-post-thumbnail","6":"product_cat-software-de-contabilidad","7":"product_cat-software-de-rrhh","9":"first","10":"instock","11":"shipping-taxable","12":"product-type-external"},"acf":[],"_links":{"self":[{"href":"https:\/\/boostgrowb.com\/es\/wp-json\/wp\/v2\/product\/31385","targetHints":{"allow":["GET"]}}],"collection":[{"href":"https:\/\/boostgrowb.com\/es\/wp-json\/wp\/v2\/product"}],"about":[{"href":"https:\/\/boostgrowb.com\/es\/wp-json\/wp\/v2\/types\/product"}],"replies":[{"embeddable":true,"href":"https:\/\/boostgrowb.com\/es\/wp-json\/wp\/v2\/comments?post=31385"}],"version-history":[{"count":0,"href":"https:\/\/boostgrowb.com\/es\/wp-json\/wp\/v2\/product\/31385\/revisions"}],"wp:featuredmedia":[{"embeddable":true,"href":"https:\/\/boostgrowb.com\/es\/wp-json\/wp\/v2\/media\/31386"}],"wp:attachment":[{"href":"https:\/\/boostgrowb.com\/es\/wp-json\/wp\/v2\/media?parent=31385"}],"wp:term":[{"taxonomy":"product_brand","embeddable":true,"href":"https:\/\/boostgrowb.com\/es\/wp-json\/wp\/v2\/product_brand?post=31385"},{"taxonomy":"product_cat","embeddable":true,"href":"https:\/\/boostgrowb.com\/es\/wp-json\/wp\/v2\/product_cat?post=31385"},{"taxonomy":"product_tag","embeddable":true,"href":"https:\/\/boostgrowb.com\/es\/wp-json\/wp\/v2\/product_tag?post=31385"}],"curies":[{"name":"wp","href":"https:\/\/api.w.org\/{rel}","templated":true}]}}