{"id":31398,"date":"2024-06-06T11:53:45","date_gmt":"2024-06-06T11:53:45","guid":{"rendered":"https:\/\/boostgrowb.com\/software\/webinar-jam\/"},"modified":"2025-07-07T16:11:33","modified_gmt":"2025-07-07T16:11:33","slug":"webinar-jam","status":"publish","type":"product","link":"https:\/\/boostgrowb.com\/es\/software\/webinar-jam\/","title":{"rendered":"Webinar JAM"},"content":{"rendered":"\t\t<div data-elementor-type=\"product-post\" data-elementor-id=\"31398\" class=\"elementor elementor-31398 elementor-1397\" data-elementor-post-type=\"product\">\n\t\t\t\t<div class=\"elementor-element elementor-element-81418b7 e-flex e-con-boxed wpr-particle-no wpr-jarallax-no wpr-parallax-no wpr-sticky-section-no e-con e-parent\" data-id=\"81418b7\" data-element_type=\"container\" data-e-type=\"container\">\n\t\t\t\t\t<div class=\"e-con-inner\">\n\t\t\t\t<div class=\"elementor-element elementor-element-2f6e780 elementor-widget elementor-widget-heading\" data-id=\"2f6e780\" data-element_type=\"widget\" data-e-type=\"widget\" data-widget_type=\"heading.default\">\n\t\t\t\t<div class=\"elementor-widget-container\">\n\t\t\t\t\t<h2 class=\"elementor-heading-title elementor-size-default\">\u00bfQu\u00e9 es Webinar JAM?<\/h2>\t\t\t\t<\/div>\n\t\t\t\t<\/div>\n\t\t\t\t\t<\/div>\n\t\t\t\t<\/div>\n\t\t<div class=\"elementor-element elementor-element-2ea4ecc e-flex e-con-boxed wpr-particle-no wpr-jarallax-no wpr-parallax-no wpr-sticky-section-no e-con e-parent\" data-id=\"2ea4ecc\" data-element_type=\"container\" data-e-type=\"container\">\n\t\t\t\t\t<div class=\"e-con-inner\">\n\t\t\t\t<div class=\"elementor-element elementor-element-c83ddd7 elementor-widget elementor-widget-text-editor\" data-id=\"c83ddd7\" data-element_type=\"widget\" data-e-type=\"widget\" data-widget_type=\"text-editor.default\">\n\t\t\t\t<div class=\"elementor-widget-container\">\n\t\t\t\t\t\t\t\t\t<p class=\"\" data-start=\"0\" data-end=\"625\"><strong data-start=\"0\" data-end=\"15\">Webinar JAM<\/strong> es una plataforma <strong data-start=\"35\" data-end=\"48\">potente<\/strong> e <strong data-start=\"52\" data-end=\"65\" data-is-only-node=\"\">intuitiva<\/strong> dise\u00f1ada para ofrecer <strong data-start=\"92\" data-end=\"118\">webinars interactivos<\/strong> de alta calidad destinados a <strong data-start=\"148\" data-end=\"174\">mejorar el compromiso<\/strong> y <strong data-start=\"178\" data-end=\"203\">aumentar la conversi\u00f3n<\/strong>. Tanto si eres una <strong data-start=\"224\" data-end=\"238\">empresa<\/strong>, <strong data-start=\"243\" data-end=\"259\">un emprendedor<\/strong> o <strong data-start=\"267\" data-end=\"280\">un formador<\/strong>, Webinar JAM te ofrece una soluci\u00f3n llave en mano para crear eventos online atractivos. Con funciones avanzadas como <strong data-start=\"425\" data-end=\"444\">la pantalla compartida<\/strong>, las <strong data-start=\"450\" data-end=\"472\">encuestas en directo<\/strong> y las <strong data-start=\"480\" data-end=\"514\">sesiones de preguntas y respuestas<\/strong>, puedes convertir tus webinars en aut\u00e9nticos momentos de interacci\u00f3n e intercambio con tu audiencia.  <\/p><p class=\"\" data-start=\"627\" data-end=\"1115\">Adem\u00e1s de sus funciones interactivas, Webinar JAM te permite <strong data-start=\"695\" data-end=\"713\">gestionar<\/strong> tus eventos online <strong data-start=\"717\" data-end=\"736\">de forma<\/strong> <strong data-start=\"695\" data-end=\"713\">fluida<\/strong> y <strong data-start=\"717\" data-end=\"736\">profesional<\/strong>. La herramienta te ofrece una <strong data-start=\"788\" data-end=\"812\">interfaz<\/strong> f\u00e1cil de usar, que permite incluso a los usuarios sin experiencia t\u00e9cnica crear, promocionar y gestionar sus seminarios web en unos pocos clics. Puedes personalizar tus eventos seg\u00fan tus necesidades y adaptar su contenido para maximizar el<strong data-start=\"1067\" data-end=\"1077\">impacto<\/strong> y la<strong data-start=\"1083\" data-end=\"1097\">participaci\u00f3n<\/strong> de tu audiencia.  <\/p><p class=\"\" data-start=\"1117\" data-end=\"1699\">Uno de los grandes puntos fuertes de Webinar JAM es su capacidad para mejorar tu <strong data-start=\"1197\" data-end=\"1219\">tasa de conversi\u00f3n<\/strong>. Gracias a sus <strong data-start=\"1233\" data-end=\"1253\">herramientas de an\u00e1lisis<\/strong> en tiempo real y a la posibilidad de interactuar directamente con tu audiencia durante la presentaci\u00f3n, puedes recopilar <strong data-start=\"1383\" data-end=\"1405\">datos valiosos<\/strong> y adaptar tu enfoque para maximizar<strong data-start=\"1449\" data-end=\"1463\">el compromiso<\/strong> y convertir m\u00e1s clientes potenciales en clientes. Webinar JAM es la herramienta ideal para transformar tus <strong data-start=\"1563\" data-end=\"1577\">webinars<\/strong> en eventos <strong data-start=\"1592\" data-end=\"1607\">de alto rendimiento<\/strong> que eleven tu <strong data-start=\"1630\" data-end=\"1643\">perfil<\/strong>, impulsen tus <strong data-start=\"1658\" data-end=\"1668\">ventas<\/strong> y fidelicen a tu audiencia.  <\/p>\t\t\t\t\t\t\t\t<\/div>\n\t\t\t\t<\/div>\n\t\t\t\t<div class=\"elementor-element elementor-element-655ca60 elementor-widget elementor-widget-heading\" data-id=\"655ca60\" data-element_type=\"widget\" data-e-type=\"widget\" data-widget_type=\"heading.default\">\n\t\t\t\t<div class=\"elementor-widget-container\">\n\t\t\t\t\t<h2 class=\"elementor-heading-title elementor-size-default\">Las 5 principales ventajas del Webinar JAM<\/h2>\t\t\t\t<\/div>\n\t\t\t\t<\/div>\n\t\t\t\t<div class=\"elementor-element elementor-element-c9239cb elementor-widget elementor-widget-text-editor\" data-id=\"c9239cb\" data-element_type=\"widget\" data-e-type=\"widget\" data-widget_type=\"text-editor.default\">\n\t\t\t\t<div class=\"elementor-widget-container\">\n\t\t\t\t\t\t\t\t\t<ul><li><p><strong>Retransmisiones en directo de alta calidad<\/strong>: Webinar JAM permite <strong>retransmisiones de alta definici\u00f3n<\/strong> pr\u00e1cticamente sin latencia, proporcionando una experiencia de usuario fluida y sin interrupciones. Puede albergar hasta <strong>5.000 participantes<\/strong> y <strong>6 oradores<\/strong> en directo, lo que lo convierte en una soluci\u00f3n ideal para grandes eventos. <\/p><\/li><li><p><strong>Repetici\u00f3n autom\u00e1tica con interacci\u00f3n<\/strong>: Las repeticiones ya no son s\u00f3lo v\u00eddeos. Con Webinar JAM, puedes ofrecer <strong>repeticiones interactivas<\/strong>, que permiten a los participantes interactuar como si estuvieran asistiendo a un evento en directo, manteni\u00e9ndolos comprometidos incluso despu\u00e9s de la emisi\u00f3n. <\/p><\/li><li><p><strong>Funciones de marketing integradas<\/strong>: Lo que diferencia a Webinar JAM son sus <strong>funciones de marketing integradas<\/strong>. Puedes programar recordatorios autom\u00e1ticos por correo electr\u00f3nico, ofrecer promociones en tiempo real o captar clientes potenciales directamente durante el seminario web, optimizando <strong>la conversi\u00f3n de los asistentes<\/strong>. <\/p><\/li><li><p><strong>Compartir pantalla y archivos sin problemas<\/strong>: Tanto si quieres compartir una presentaci\u00f3n, una demostraci\u00f3n en directo o archivos, Webinar JAM ofrece opciones de <strong>compartir pantalla<\/strong> al instante con una interfaz intuitiva, que facilita la interacci\u00f3n y la comprensi\u00f3n de tu contenido.<\/p><\/li><li><p><b><span style=\"background-color: transparent; text-align: var(--text-align); color: var( --e-global-color-text ); letter-spacing: 0px;\">Interfaz f\u00e1cil de usar <\/span>:<\/b> <span style=\"background-color: transparent; text-align: var(--text-align); color: var( --e-global-color-text ); letter-spacing: 0px;\">Con su interfaz <\/span><strong style=\"background-color: transparent; text-align: var(--text-align); color: var( --e-global-color-text ); letter-spacing: 0px;\" data-start=\"502\" data-end=\"516\">interfaz f\u00e1cil de usar<\/strong><span style=\"background-color: transparent; text-align: var(--text-align); color: var( --e-global-color-text ); letter-spacing: 0px;\"> y <\/span><strong style=\"background-color: transparent; text-align: var(--text-align); color: var( --e-global-color-text ); letter-spacing: 0px;\" data-start=\"520\" data-end=\"533\">interfaz intuitiva<\/strong><span style=\"background-color: transparent; text-align: var(--text-align); color: var( --e-global-color-text ); letter-spacing: 0px;\">Webinar JAM facilita la creaci\u00f3n, personalizaci\u00f3n y gesti\u00f3n de tus eventos online, incluso sin conocimientos t\u00e9cnicos. Tanto si eres principiante como experto, la plataforma te permite centrarte en el contenido y la interacci\u00f3n, sin perderte en complejas configuraciones, garantizando una experiencia de usuario \u00f3ptima. <\/span><\/p><\/li><\/ul>\t\t\t\t\t\t\t\t<\/div>\n\t\t\t\t<\/div>\n\t\t\t\t<div class=\"elementor-element elementor-element-22f27e2 elementor-widget elementor-widget-heading\" data-id=\"22f27e2\" data-element_type=\"widget\" data-e-type=\"widget\" data-widget_type=\"heading.default\">\n\t\t\t\t<div class=\"elementor-widget-container\">\n\t\t\t\t\t<h2 class=\"elementor-heading-title elementor-size-default\">\u00bfCu\u00e1les son las ventajas de utilizar Webinar JAM?<\/h2>\t\t\t\t<\/div>\n\t\t\t\t<\/div>\n\t\t\t\t<div class=\"elementor-element elementor-element-62c2bde elementor-widget elementor-widget-text-editor\" data-id=\"62c2bde\" data-element_type=\"widget\" data-e-type=\"widget\" data-widget_type=\"text-editor.default\">\n\t\t\t\t<div class=\"elementor-widget-container\">\n\t\t\t\t\t\t\t\t\t<ul><li><p><strong><span>Participaci\u00f3n optimizada de la audiencia<\/span><\/strong><span> : Webinar JAM ofrece herramientas interactivas como <\/span><strong><span>encuestas en directo<\/span><\/strong><span> preguntas y respuestas, y ofertas promocionales clicables para <\/span><strong><span>estimular la participaci\u00f3n<\/span><\/strong><span> y dinamizar tu presentaci\u00f3n.<\/span><\/p><\/li><li><p><strong><span>Automatizaci\u00f3n y ahorro de tiempo<\/span><\/strong><span> Puedes automatizar varias tareas con Webinar JAM, como enviar <\/span><strong><span>recordatorios autom\u00e1ticos por correo electr\u00f3nico<\/span><\/strong><span>  Incluso puedes repetir seminarios web grabados. Esto te permite   <\/span><strong><span>ahorra un tiempo precioso<\/span><\/strong><span> a la vez que maximizas la eficacia de tus eventos.<\/span><\/p><\/li><li><p><strong><span>Sencillez y accesibilidad<\/span><\/strong><span>  : Webinar JAM est\u00e1 dise\u00f1ado para ser f\u00e1cil de usar, tanto si eres un experto como un novato en la organizaci\u00f3n de webinars. La interfaz f\u00e1cil de usar te permite   <\/span><strong><span>lanza un webinar en pocos minutos<\/span><\/strong><span> sin conocimientos t\u00e9cnicos avanzados.<\/span><\/p><\/li><li><p><strong><span>Conversiones mejoradas<\/span><\/strong><span> Con funciones integradas como ofertas clicables en directo, CTA (llamadas a la acci\u00f3n) y opciones de pago en tiempo real, <\/span><strong><span>el Webinar JAM est\u00e1 dise\u00f1ado para aumentar tus conversiones<\/span><\/strong><span> durante tus eventos.<\/span><\/p><\/li><li><p><strong><span>Flexibilidad y escalabilidad<\/span><\/strong><span>  Tanto si organizas peque\u00f1os webinars como eventos a gran escala, Webinar JAM se adapta f\u00e1cilmente a tus necesidades. Puedes organizar hasta   <\/span><strong><span>5.000 participantes<\/span><\/strong><span> y personaliza totalmente tus eventos para alcanzar objetivos espec\u00edficos.<\/span><\/p><\/li><\/ul>\t\t\t\t\t\t\t\t<\/div>\n\t\t\t\t<\/div>\n\t\t\t\t\t<\/div>\n\t\t\t\t<\/div>\n\t\t<div class=\"elementor-element elementor-element-58af3d2 e-flex e-con-boxed wpr-particle-no wpr-jarallax-no wpr-parallax-no wpr-sticky-section-no e-con e-parent\" data-id=\"58af3d2\" data-element_type=\"container\" data-e-type=\"container\">\n\t\t\t\t\t<div class=\"e-con-inner\">\n\t\t\t\t<div class=\"elementor-element elementor-element-f04716c elementor-widget elementor-widget-heading\" data-id=\"f04716c\" data-element_type=\"widget\" data-e-type=\"widget\" data-widget_type=\"heading.default\">\n\t\t\t\t<div class=\"elementor-widget-container\">\n\t\t\t\t\t<h2 class=\"elementor-heading-title elementor-size-default\">\u00bfQui\u00e9n debe asistir al Webinar JAM?<\/h2>\t\t\t\t<\/div>\n\t\t\t\t<\/div>\n\t\t\t\t\t<\/div>\n\t\t\t\t<\/div>\n\t\t<div class=\"elementor-element elementor-element-2bcff78 e-flex e-con-boxed wpr-particle-no wpr-jarallax-no wpr-parallax-no wpr-sticky-section-no e-con e-parent\" data-id=\"2bcff78\" data-element_type=\"container\" data-e-type=\"container\">\n\t\t\t\t\t<div class=\"e-con-inner\">\n\t\t\t\t<div class=\"elementor-element elementor-element-c65261b elementor-widget elementor-widget-text-editor\" data-id=\"c65261b\" data-element_type=\"widget\" data-e-type=\"widget\" data-widget_type=\"text-editor.default\">\n\t\t\t\t<div class=\"elementor-widget-container\">\n\t\t\t\t\t\t\t\t\t<p class=\"\" data-start=\"35\" data-end=\"564\">Webinar JAM est\u00e1 dise\u00f1ado para todos los <strong data-start=\"71\" data-end=\"89\">profesionales<\/strong> que deseen organizar <strong data-start=\"115\" data-end=\"141\">webinars interactivos<\/strong> de alta calidad. Tanto si eres una <strong data-start=\"179\" data-end=\"193\">empresa<\/strong>, un <strong data-start=\"198\" data-end=\"225\">empresario individual<\/strong>, un <strong data-start=\"230\" data-end=\"243\">formador<\/strong> o un <strong data-start=\"250\" data-end=\"263\">profesional del marketing<\/strong>, esta plataforma satisface tus necesidades para crear y gestionar eventos en l\u00ednea. Es ideal para quienes buscan <strong data-start=\"402\" data-end=\"426\">aumentar la participaci\u00f3n<\/strong> de la audiencia, <strong data-start=\"445\" data-end=\"474\">mejorar la visibilidad<\/strong> y <strong data-start=\"478\" data-end=\"509\">maximizar las conversiones<\/strong>, ofreciendo al mismo tiempo una experiencia fluida e interactiva.  <\/p><p class=\"\" data-start=\"566\" data-end=\"1027\">Webinar JAM tambi\u00e9n est\u00e1 dirigido a <strong data-start=\"602\" data-end=\"616\">educadores<\/strong>, <strong data-start=\"618\" data-end=\"628\">entrenadores<\/strong> y <strong data-start=\"633\" data-end=\"648\">consultores<\/strong> que quieran crear cursos de formaci\u00f3n online cautivadores, as\u00ed como a <strong data-start=\"722\" data-end=\"743\">equipos de marketing<\/strong> que busquen utilizar los webinars como herramienta estrat\u00e9gica para <strong data-start=\"812\" data-end=\"835\">la generaci\u00f3n de contactos<\/strong> y el <strong data-start=\"842\" data-end=\"867\">lanzamiento de productos<\/strong>. En resumen, cualquier organizaci\u00f3n o profesional que desee <strong data-start=\"927\" data-end=\"966\">potenciar sus interacciones en l\u00ednea<\/strong> encontrar\u00e1 en Webinar JAM una soluci\u00f3n perfectamente adaptada. <\/p>\t\t\t\t\t\t\t\t<\/div>\n\t\t\t\t<\/div>\n\t\t\t\t\t<\/div>\n\t\t\t\t<\/div>\n\t\t<div class=\"elementor-element elementor-element-39706e6 e-flex e-con-boxed wpr-particle-no wpr-jarallax-no wpr-parallax-no wpr-sticky-section-no e-con e-parent\" data-id=\"39706e6\" data-element_type=\"container\" data-e-type=\"container\">\n\t\t\t\t\t<div class=\"e-con-inner\">\n\t\t\t\t<div class=\"elementor-element elementor-element-41de1fe elementor-widget elementor-widget-heading\" data-id=\"41de1fe\" data-element_type=\"widget\" data-e-type=\"widget\" data-widget_type=\"heading.default\">\n\t\t\t\t<div class=\"elementor-widget-container\">\n\t\t\t\t\t<h2 class=\"elementor-heading-title elementor-size-default\">Conclusi\u00f3n<\/h2>\t\t\t\t<\/div>\n\t\t\t\t<\/div>\n\t\t\t\t\t<\/div>\n\t\t\t\t<\/div>\n\t\t<div class=\"elementor-element elementor-element-488799b e-flex e-con-boxed wpr-particle-no wpr-jarallax-no wpr-parallax-no wpr-sticky-section-no e-con e-parent\" data-id=\"488799b\" data-element_type=\"container\" data-e-type=\"container\">\n\t\t\t\t\t<div class=\"e-con-inner\">\n\t\t\t\t<div class=\"elementor-element elementor-element-a6cedb4 elementor-widget elementor-widget-text-editor\" data-id=\"a6cedb4\" data-element_type=\"widget\" data-e-type=\"widget\" data-widget_type=\"text-editor.default\">\n\t\t\t\t<div class=\"elementor-widget-container\">\n\t\t\t\t\t\t\t\t\t<p><span>En conclusi\u00f3n, <\/span><strong><span>Webinar JAM<\/span><\/strong><span>  es mucho m\u00e1s que una plataforma de webinars. Es una soluci\u00f3n completa que te permite   <\/span><strong><span>crea eventos interactivos en l\u00ednea<\/span><\/strong><span> con <\/span><strong><span>automatizaci\u00f3n<\/span><\/strong><span> y potentes <\/span><strong><span>herramientas de marketing<\/span><\/strong><span>  . Tanto si eres un  <\/span><strong><span>empresa<\/span><\/strong><span> a <\/span><strong><span>consultor<\/span><\/strong><span> o un <\/span><strong><span>formador<\/span><\/strong><span>  Webinar JAM te ayuda a optimizar todos los aspectos de tu webinar, desde la preparaci\u00f3n hasta la conversi\u00f3n. Si quieres organizar   <\/span><strong><span>webinarios cautivadores<\/span><\/strong><span> , \u00e0 <\/span><strong><span>aumentar tus ventas<\/span><\/strong><span> o <\/span><strong><span>compartir tus conocimientos<\/span><\/strong><span> Webinar JAM es la herramienta que necesitas para alcanzar tus objetivos.<\/span><\/p>\t\t\t\t\t\t\t\t<\/div>\n\t\t\t\t<\/div>\n\t\t\t\t\t<\/div>\n\t\t\t\t<\/div>\n\t\t\t\t<\/div>\n\t\t","protected":false},"excerpt":{"rendered":"<p>Webinar Jam es una plataforma especializada en la organizaci\u00f3n y gesti\u00f3n de webinars online. Dise\u00f1ada para empresas y profesionales. <\/p>\n<ul>\n<li>Seminarios web<\/li>\n<li>Herramientas de presentaci\u00f3n<\/li>\n<li>Compromiso de los participantes<\/li>\n<li>Gesti\u00f3n de registros<\/li>\n<\/ul>\n","protected":false},"featured_media":30422,"comment_status":"open","ping_status":"closed","template":"","meta":{"_acf_changed":false,"_glsr_average":0,"_glsr_ranking":0,"_glsr_reviews":0},"product_brand":[],"product_cat":[4228],"product_tag":[],"class_list":{"0":"post-31398","1":"product","2":"type-product","3":"status-publish","4":"has-post-thumbnail","6":"product_cat-gestion-de-proyectos","8":"first","9":"instock","10":"shipping-taxable","11":"product-type-external"},"acf":[],"_links":{"self":[{"href":"https:\/\/boostgrowb.com\/es\/wp-json\/wp\/v2\/product\/31398","targetHints":{"allow":["GET"]}}],"collection":[{"href":"https:\/\/boostgrowb.com\/es\/wp-json\/wp\/v2\/product"}],"about":[{"href":"https:\/\/boostgrowb.com\/es\/wp-json\/wp\/v2\/types\/product"}],"replies":[{"embeddable":true,"href":"https:\/\/boostgrowb.com\/es\/wp-json\/wp\/v2\/comments?post=31398"}],"version-history":[{"count":0,"href":"https:\/\/boostgrowb.com\/es\/wp-json\/wp\/v2\/product\/31398\/revisions"}],"wp:featuredmedia":[{"embeddable":true,"href":"https:\/\/boostgrowb.com\/es\/wp-json\/wp\/v2\/media\/30422"}],"wp:attachment":[{"href":"https:\/\/boostgrowb.com\/es\/wp-json\/wp\/v2\/media?parent=31398"}],"wp:term":[{"taxonomy":"product_brand","embeddable":true,"href":"https:\/\/boostgrowb.com\/es\/wp-json\/wp\/v2\/product_brand?post=31398"},{"taxonomy":"product_cat","embeddable":true,"href":"https:\/\/boostgrowb.com\/es\/wp-json\/wp\/v2\/product_cat?post=31398"},{"taxonomy":"product_tag","embeddable":true,"href":"https:\/\/boostgrowb.com\/es\/wp-json\/wp\/v2\/product_tag?post=31398"}],"curies":[{"name":"wp","href":"https:\/\/api.w.org\/{rel}","templated":true}]}}