{"id":31399,"date":"2024-09-30T13:25:54","date_gmt":"2024-09-30T13:25:54","guid":{"rendered":"https:\/\/boostgrowb.com\/software\/jefe-de-equipo\/"},"modified":"2025-07-07T16:15:11","modified_gmt":"2025-07-07T16:15:11","slug":"jefe-de-equipo","status":"publish","type":"product","link":"https:\/\/boostgrowb.com\/es\/software\/jefe-de-equipo\/","title":{"rendered":"Jefe de equipo"},"content":{"rendered":"\t\t<div data-elementor-type=\"product-post\" data-elementor-id=\"31399\" class=\"elementor elementor-31399 elementor-9584\" data-elementor-post-type=\"product\">\n\t\t\t\t<div class=\"elementor-element elementor-element-af63a89 e-flex e-con-boxed wpr-particle-no wpr-jarallax-no wpr-parallax-no wpr-sticky-section-no e-con e-parent\" data-id=\"af63a89\" data-element_type=\"container\" data-e-type=\"container\">\n\t\t\t\t\t<div class=\"e-con-inner\">\n\t\t\t\t<div class=\"elementor-element elementor-element-d51f99d elementor-widget elementor-widget-heading\" data-id=\"d51f99d\" data-element_type=\"widget\" data-e-type=\"widget\" data-widget_type=\"heading.default\">\n\t\t\t\t<div class=\"elementor-widget-container\">\n\t\t\t\t\t<h2 class=\"elementor-heading-title elementor-size-default\">\u00bfQu\u00e9 es Teamleader?<\/h2>\t\t\t\t<\/div>\n\t\t\t\t<\/div>\n\t\t\t\t\t<\/div>\n\t\t\t\t<\/div>\n\t\t<div class=\"elementor-element elementor-element-a9d6102 e-flex e-con-boxed wpr-particle-no wpr-jarallax-no wpr-parallax-no wpr-sticky-section-no e-con e-parent\" data-id=\"a9d6102\" data-element_type=\"container\" data-e-type=\"container\">\n\t\t\t\t\t<div class=\"e-con-inner\">\n\t\t\t\t<div class=\"elementor-element elementor-element-7ad0271 elementor-widget elementor-widget-text-editor\" data-id=\"7ad0271\" data-element_type=\"widget\" data-e-type=\"widget\" data-widget_type=\"text-editor.default\">\n\t\t\t\t<div class=\"elementor-widget-container\">\n\t\t\t\t\t\t\t\t\t<p><strong>Teamleader<\/strong> es la herramienta perfecta para simplificar <strong>la gesti\u00f3n empresarial<\/strong> y aumentar la <strong>eficacia<\/strong>. Este completo paquete de software te permite gestionar tus <strong>proyectos<\/strong>, hacer un seguimiento de tus <strong>ventas<\/strong> y <strong>facturar a<\/strong> tus clientes desde una \u00fanica plataforma. Con funciones avanzadas <strong>de CRM<\/strong>, <strong>gesti\u00f3n de proyectos<\/strong> y <strong>facturaci\u00f3n automatizada<\/strong>, <strong>Teamleader<\/strong> ayuda a <strong>las PYMES<\/strong> a maximizar su <strong>productividad<\/strong> y a centrarse en lo que realmente importa: el crecimiento.  <\/p><p><strong>Teamleader<\/strong> destaca por ser una <strong>soluci\u00f3n todo en uno<\/strong> que te permite centralizar todos tus procesos de gesti\u00f3n en un solo lugar. Se acabaron los malabarismos entre distintas herramientas: <strong>Teamleader<\/strong> re\u00fane todas las funciones esenciales, ya sea <strong>el seguimiento de las ventas<\/strong>, la <strong>planificaci\u00f3n de proyectos<\/strong> o la gesti\u00f3n de <strong>la facturaci\u00f3n<\/strong>. Con una interfaz intuitiva y potentes herramientas, <strong>ahorrar\u00e1s tiempo<\/strong>, estar\u00e1s mejor <strong>organizado<\/strong> y ser\u00e1s m\u00e1s <strong>productivo<\/strong>.  <\/p>\t\t\t\t\t\t\t\t<\/div>\n\t\t\t\t<\/div>\n\t\t\t\t<div class=\"elementor-element elementor-element-ba7bc06 elementor-widget elementor-widget-heading\" data-id=\"ba7bc06\" data-element_type=\"widget\" data-e-type=\"widget\" data-widget_type=\"heading.default\">\n\t\t\t\t<div class=\"elementor-widget-container\">\n\t\t\t\t\t<h2 class=\"elementor-heading-title elementor-size-default\">Las 5 principales ventajas de Teamleader<\/h2>\t\t\t\t<\/div>\n\t\t\t\t<\/div>\n\t\t\t\t<div class=\"elementor-element elementor-element-28392ba elementor-widget elementor-widget-text-editor\" data-id=\"28392ba\" data-element_type=\"widget\" data-e-type=\"widget\" data-widget_type=\"text-editor.default\">\n\t\t\t\t<div class=\"elementor-widget-container\">\n\t\t\t\t\t\t\t\t\t<ul><li><p><strong>Un CRM intuitivo y potente<\/strong>: Teamleader ofrece una s\u00f3lida soluci\u00f3n CRM que te permite <strong>realizar un seguimiento de todas las interacciones con tus clientes<\/strong>, organizar tus contactos y <strong>gestionar los clientes potenciales<\/strong> para mejorar la gesti\u00f3n de ventas.<\/p><\/li><li><p><strong>Gesti\u00f3n de proyectos simplificada<\/strong>: Teamleader ofrece herramientas <strong>de gesti\u00f3n de proyectos<\/strong> para planificar, asignar tareas, controlar los plazos y colaborar en equipo para garantizar que cada proyecto avance a tiempo.<\/p><\/li><li><p><strong>Facturaci\u00f3n automatizada<\/strong>: Puedes <strong>crear, enviar y hacer un seguimiento de las facturas<\/strong> directamente desde la plataforma. Teamleader te ayuda a controlar tus finanzas automatizando el seguimiento de pagos y presupuestos. <\/p><\/li><li><p><strong>Herramientas de planificaci\u00f3n integradas<\/strong>: Planifica tus reuniones, controla los plazos y organiza los eventos de tu equipo directamente desde la interfaz de <strong>Teamleader<\/strong>, mejorando la coordinaci\u00f3n y la productividad.<\/p><\/li><li><p><strong>Integraciones <\/strong>: <strong>Teamleader<\/strong> se integra con aplicaciones populares como <strong>Google Workspace<\/strong>, <strong>Slack<\/strong>, <strong>Mailchimp<\/strong> y muchas otras. Estas <strong>potentes integraciones<\/strong> te permiten conectar tu ecosistema de herramientas, centralizar la informaci\u00f3n y simplificar los procesos, para una <strong>colaboraci\u00f3n fluida<\/strong> y sin interrupciones. <\/p><\/li><\/ul>\t\t\t\t\t\t\t\t<\/div>\n\t\t\t\t<\/div>\n\t\t\t\t<div class=\"elementor-element elementor-element-26a993f elementor-widget elementor-widget-heading\" data-id=\"26a993f\" data-element_type=\"widget\" data-e-type=\"widget\" data-widget_type=\"heading.default\">\n\t\t\t\t<div class=\"elementor-widget-container\">\n\t\t\t\t\t<h2 class=\"elementor-heading-title elementor-size-default\">\u00bfCu\u00e1les son las ventajas de utilizar Teamleader?<\/h2>\t\t\t\t<\/div>\n\t\t\t\t<\/div>\n\t\t\t\t<div class=\"elementor-element elementor-element-83ed682 elementor-widget elementor-widget-text-editor\" data-id=\"83ed682\" data-element_type=\"widget\" data-e-type=\"widget\" data-widget_type=\"text-editor.default\">\n\t\t\t\t<div class=\"elementor-widget-container\">\n\t\t\t\t\t\t\t\t\t<ul><li><p><strong><span>Ahorro de tiempo y centralizaci\u00f3n<\/span><\/strong><span> Teamleader te permite <\/span><strong><span>gestionar todos tus procesos empresariales<\/span><\/strong><span> desde una \u00fanica plataforma, reduciendo la necesidad de cambiar de una herramienta a otra y ayud\u00e1ndote a <\/span><strong><span>ahorrar tiempo<\/span><\/strong><span> .<\/span><\/p><\/li><li><p><strong><span>Mejorar las relaciones con los clientes<\/span><\/strong><span> Gracias a sus funciones CRM, Teamleader te ayuda a <\/span><strong><span>mejorar las relaciones con tus clientes<\/span><\/strong><span> centralizando toda la informaci\u00f3n y ofreciendo herramientas para personalizar las interacciones.<\/span><\/p><\/li><li><p><strong><span>Seguimiento de proyectos en tiempo real<\/span><\/strong><span> Con sus herramientas de gesti\u00f3n de proyectos, puedes seguir el progreso de cada tarea en tiempo real, asegur\u00e1ndote de que tus proyectos se mantienen <\/span><strong><span>por buen camino<\/span><\/strong><span> y que tus equipos sigan siendo productivos.<\/span><\/p><\/li><li><p><strong><span>Automatizar tareas administrativas<\/span><\/strong><span> Teamleader te permite <\/span><strong><span>automatizar tareas repetitivas<\/span><\/strong><span> como el env\u00edo de facturas o la gesti\u00f3n de pagos, reduciendo el riesgo de errores y liberando tiempo para tareas de mayor valor a\u00f1adido.<\/span><\/p><\/li><li><p><strong><span>Flexibilidad y personalizaci\u00f3n<\/span><\/strong><span>  : Teamleader se adapta a las necesidades de tu empresa, tanto si te dedicas a los servicios como a la consultor\u00eda o a cualquier otro sector. Puedes   <\/span><strong><span>personaliza la herramienta<\/span><\/strong><span> a tus procesos internos para que responda perfectamente a tus expectativas.<\/span><\/p><\/li><\/ul>\t\t\t\t\t\t\t\t<\/div>\n\t\t\t\t<\/div>\n\t\t\t\t\t<\/div>\n\t\t\t\t<\/div>\n\t\t<div class=\"elementor-element elementor-element-9dd72bd e-flex e-con-boxed wpr-particle-no wpr-jarallax-no wpr-parallax-no wpr-sticky-section-no e-con e-parent\" data-id=\"9dd72bd\" data-element_type=\"container\" data-e-type=\"container\">\n\t\t\t\t\t<div class=\"e-con-inner\">\n\t\t\t\t<div class=\"elementor-element elementor-element-70e494d elementor-widget elementor-widget-heading\" data-id=\"70e494d\" data-element_type=\"widget\" data-e-type=\"widget\" data-widget_type=\"heading.default\">\n\t\t\t\t<div class=\"elementor-widget-container\">\n\t\t\t\t\t<h2 class=\"elementor-heading-title elementor-size-default\">\u00bfPara qui\u00e9n es Teamleader?  <\/h2>\t\t\t\t<\/div>\n\t\t\t\t<\/div>\n\t\t\t\t\t<\/div>\n\t\t\t\t<\/div>\n\t\t<div class=\"elementor-element elementor-element-96e54b2 e-flex e-con-boxed wpr-particle-no wpr-jarallax-no wpr-parallax-no wpr-sticky-section-no e-con e-parent\" data-id=\"96e54b2\" data-element_type=\"container\" data-e-type=\"container\">\n\t\t\t\t\t<div class=\"e-con-inner\">\n\t\t\t\t<div class=\"elementor-element elementor-element-c059008 elementor-widget elementor-widget-text-editor\" data-id=\"c059008\" data-element_type=\"widget\" data-e-type=\"widget\" data-widget_type=\"text-editor.default\">\n\t\t\t\t<div class=\"elementor-widget-container\">\n\t\t\t\t\t\t\t\t\t<p><strong>Teamleader<\/strong> est\u00e1 dise\u00f1ado para <strong>PYMES<\/strong>, <strong>empresas de nueva creaci\u00f3n<\/strong> y equipos de proyecto que buscan simplificar la <strong>gesti\u00f3n diaria de<\/strong> su negocio. Con funciones integradas de <strong>gesti\u00f3n de contactos<\/strong>, <strong>planificaci\u00f3n de proyectos<\/strong> y <strong>facturaci\u00f3n<\/strong>, <strong>Teamleader<\/strong> permite a las empresas trabajar de forma m\u00e1s inteligente, maximizar <strong>la eficiencia<\/strong> y centrarse en el <strong>crecimiento<\/strong>. <\/p>\t\t\t\t\t\t\t\t<\/div>\n\t\t\t\t<\/div>\n\t\t\t\t\t<\/div>\n\t\t\t\t<\/div>\n\t\t\t\t<\/div>\n\t\t","protected":false},"excerpt":{"rendered":"<p><strong>Teamleader<\/strong> es un paquete de software de gesti\u00f3n todo en uno dise\u00f1ado para peque\u00f1as y medianas empresas. Combina herramientas de <strong>CRM<\/strong>, <strong>gesti\u00f3n de proyectos<\/strong> y <strong>facturaci\u00f3n<\/strong>, haciendo posible el seguimiento de clientes, la gesti\u00f3n de tareas y proyectos, y la automatizaci\u00f3n de la facturaci\u00f3n en una \u00fanica plataforma. <\/p>\n<ul>\n<li>Automatizaci\u00f3n de tareas<\/li>\n<li>Planificaci\u00f3n en equipo<\/li>\n<li>Seguimiento de ventas<\/li>\n<li>Gesti\u00f3n de proyectos<\/li>\n<\/ul>\n","protected":false},"featured_media":31400,"comment_status":"open","ping_status":"closed","template":"","meta":{"_acf_changed":false,"_glsr_average":0,"_glsr_ranking":0,"_glsr_reviews":0},"product_brand":[],"product_cat":[4228,4409],"product_tag":[],"class_list":{"0":"post-31399","1":"product","2":"type-product","3":"status-publish","4":"has-post-thumbnail","6":"product_cat-gestion-de-proyectos","7":"product_cat-software-de-contabilidad","9":"first","10":"instock","11":"shipping-taxable","12":"product-type-external"},"acf":[],"_links":{"self":[{"href":"https:\/\/boostgrowb.com\/es\/wp-json\/wp\/v2\/product\/31399","targetHints":{"allow":["GET"]}}],"collection":[{"href":"https:\/\/boostgrowb.com\/es\/wp-json\/wp\/v2\/product"}],"about":[{"href":"https:\/\/boostgrowb.com\/es\/wp-json\/wp\/v2\/types\/product"}],"replies":[{"embeddable":true,"href":"https:\/\/boostgrowb.com\/es\/wp-json\/wp\/v2\/comments?post=31399"}],"version-history":[{"count":0,"href":"https:\/\/boostgrowb.com\/es\/wp-json\/wp\/v2\/product\/31399\/revisions"}],"wp:featuredmedia":[{"embeddable":true,"href":"https:\/\/boostgrowb.com\/es\/wp-json\/wp\/v2\/media\/31400"}],"wp:attachment":[{"href":"https:\/\/boostgrowb.com\/es\/wp-json\/wp\/v2\/media?parent=31399"}],"wp:term":[{"taxonomy":"product_brand","embeddable":true,"href":"https:\/\/boostgrowb.com\/es\/wp-json\/wp\/v2\/product_brand?post=31399"},{"taxonomy":"product_cat","embeddable":true,"href":"https:\/\/boostgrowb.com\/es\/wp-json\/wp\/v2\/product_cat?post=31399"},{"taxonomy":"product_tag","embeddable":true,"href":"https:\/\/boostgrowb.com\/es\/wp-json\/wp\/v2\/product_tag?post=31399"}],"curies":[{"name":"wp","href":"https:\/\/api.w.org\/{rel}","templated":true}]}}